{"id":307937,"date":"2025-01-25T15:22:11","date_gmt":"2025-01-25T14:22:11","guid":{"rendered":"https:\/\/korneliarataj.com\/?post_type=product&#038;p=307937"},"modified":"2026-04-05T01:31:31","modified_gmt":"2026-04-04T23:31:31","slug":"wrap-gora-stroju-kapielowego-hibiscus-2025","status":"publish","type":"product","link":"https:\/\/korneliarataj.com\/de\/produkt\/wrap-gora-stroju-kapielowego-hibiscus-2025\/","title":{"rendered":"Wrap - Hibiskus-Badeanzugoberteil"},"content":{"rendered":"","protected":false},"excerpt":{"rendered":"<p style=\"text-align: left;\"><strong>OPTIONEN<\/strong><\/p>\n<p style=\"text-align: left;\"><a href=\"https:\/\/korneliarataj.com\/de\/produkt\/wrap-gora-stroju-kapielowego-sunset-2025\/\" target=\"_blank\" rel=\"noopener noreferrer\"><img decoding=\"async\" src=\"https:\/\/korneliarataj.com\/wp-content\/uploads\/2025\/01\/2025-WRAP-SUNSET-1.webp\" width=\"100px\" \/><\/a><a href=\"https:\/\/korneliarataj.com\/de\/produkt\/wrap-gora-stroju-kapielowego-aqua-2025\/\" target=\"_blank\" rel=\"noopener noreferrer\"><img decoding=\"async\" src=\"https:\/\/korneliarataj.com\/wp-content\/uploads\/2025\/01\/2025-WRAP-AQUA-1.webp\" width=\"100px\" \/><\/a><a href=\"https:\/\/korneliarataj.com\/de\/produkt\/wrap-gora-stroju-kapielowego-sunshine-2025\/\" target=\"_blank\" rel=\"noopener noreferrer\"><img decoding=\"async\" src=\"https:\/\/korneliarataj.com\/wp-content\/uploads\/2025\/01\/2025-WRAP-SUNSHINE-1.webp\" width=\"100px\" \/><\/a><a href=\"https:\/\/korneliarataj.com\/de\/produkt\/wrap-gora-stroju-kapielowego-wood-2025\/\" target=\"_blank\" rel=\"noopener noreferrer\"><img decoding=\"async\" src=\"https:\/\/korneliarataj.com\/wp-content\/uploads\/2025\/01\/2025-WRAP-WOOD-1.webp\" width=\"100px\" \/><\/a>\u00a0<a href=\"https:\/\/korneliarataj.com\/de\/produkt\/wrap-gora-stroju-kapielowego-coconut-2025\/\" target=\"_blank\" rel=\"noopener noreferrer\"><img decoding=\"async\" src=\"https:\/\/korneliarataj.com\/wp-content\/uploads\/2025\/01\/2025-WRAP-COCONUT-1.webp\" width=\"100px\" \/><\/a>\u00a0<a href=\"https:\/\/korneliarataj.com\/de\/produkt\/wrap-gora-stroju-kapielowego-black-2025\/\" target=\"_blank\" rel=\"noopener noreferrer\"><img decoding=\"async\" src=\"https:\/\/korneliarataj.com\/wp-content\/uploads\/2025\/01\/2025-WRAP-BLACK-1.webp\" width=\"100px\" \/><\/a><\/p>\n<p style=\"text-align: left;\"><u><strong>Wrap - Badeanzugoberteil<\/strong><\/u><\/p>\n<p style=\"text-align: left;\">Das Triangel-Bikinioberteil mit breiten B\u00e4ndern ist eine elegante und praktische Wahl, die sich sowohl f\u00fcr den Strand als auch f\u00fcr den Pool eignet. Das Modell wird am R\u00fccken und im Nacken gebunden, um eine perfekte Passform zu gew\u00e4hrleisten, die Komfort und Sicherheit garantiert. Das vielseitige Design macht es zu einem Must-have f\u00fcr jede Sommergarderobe.<\/p>\n<p style=\"text-align: left;\"><u>Das Bikinioberteil ist ideal f\u00fcr kleine, gro\u00dfe und extra gro\u00dfe Br\u00fcste.<\/u>. Dank der verstellbaren L\u00e4nge des Oberteils und des Umfangs unter der Brust k\u00f6nnen Sie es genau auf Ihre Bed\u00fcrfnisse nach Komfort, Halt und Selbstvertrauen abstimmen.<\/p>\n<p>&nbsp;<\/p>\n<p style=\"text-align: left;\"><strong>Hochwertige Materialien<\/strong><\/p>\n<p style=\"text-align: left;\">Der Badeanzug ist aus hochwertigem Lycra gefertigt <strong>econyl<\/strong><strong class=\"copyright\">\u24c7<\/strong>recycelte Materialien, die den h\u00f6chsten Qualit\u00e4tsstandards entsprechen, einschlie\u00dflich zertifizierter <strong>OEKO-TEX Standard 100<\/strong>. Das Material ist gekennzeichnet durch:<br \/>\n\u2013 <strong>Schutz vor UV-Strahlung<\/strong>,<br \/>\n\u2013 <strong>bi-direktionale Flexibilit\u00e4t<\/strong>das f\u00fcr Komfort sorgt,<br \/>\n\u2013 <strong>resistent gegen Chlor und Ausbleichen<\/strong>,<br \/>\n\u2013 <strong>Nachhaltigkeit<\/strong>selbst bei Kontakt mit \u00d6len und Sonnencremes,<br \/>\n\u2013 <strong>\u00f6kologischer Produktionsprozess<\/strong> - recycelte Faser<\/p>\n<p>&nbsp;<\/p>\n<p style=\"text-align: left;\"><strong>\u00c4sthetik und Komfort bis ins Detail<\/strong><\/p>\n<p style=\"text-align: left;\">Jedes Detail wurde im Hinblick auf Ihren Komfort entwickelt:<\/p>\n<p>\u2013 <strong>Die Badebekleidung wird in zwei Lagen gen\u00e4ht<\/strong>Sie bieten Komfort und eine angemessene Abdeckung.<br \/>\n\u2013 <strong>Versteckte N\u00e4hte<\/strong> bieten au\u00dfergew\u00f6hnlichen Tragekomfort.<br \/>\n\u2013 <strong>Hei\u00dfsiegelbares Etikett<\/strong> garantiert Genuss.<\/p>\n<p style=\"text-align: left;\">Das Wickeltop ist in drei zeitlosen Farben erh\u00e4ltlich - <strong>Schwarz, Wei\u00df, Braun und saisonale Farbt\u00f6ne<\/strong>. Sie k\u00f6nnen es mit jedem beliebigen Unterteil aus der Kollektion kombinieren und so einzigartige Strandlooks kreieren.<\/p>\n<p style=\"text-align: left;\">Das Badeanzug-Oberteil ist in 3 Gr\u00f6\u00dfen erh\u00e4ltlich. Das Model tr\u00e4gt Gr\u00f6\u00dfe XS\/S<\/p>\n<p>&nbsp;<\/p>\n<p style=\"text-align: left;\"><strong>Lokale Produktion - gen\u00e4ht in Polen<\/strong><\/p>\n<p style=\"text-align: left;\">Unsere Bademode wird in unserer Familienwerkstatt in Czernica mit viel Liebe zum Detail hergestellt. Die Produkte zeichnen sich durch ihre sorgf\u00e4ltige Verarbeitung, Langlebigkeit und \u00c4sthetik aus, die von unseren Kunden gesch\u00e4tzt werden.<\/p>\n<p style=\"text-align: left;\"><strong><u><\/p>\n<div class=\"kr-collapse is-noarrow\" data-rel=\"instrukcja\">\n    <button type=\"button\" class=\"kr-collapse__trigger\"\n      aria-expanded=\"false\"\n      aria-controls=\"kr-exp-1\"><br \/>\n      BINDEANWEISUNGEN<br \/>\n    <\/button><\/p>\n<div id=\"kr-exp-1\" class=\"kr-collapse__panel\" hidden>\n<div class=\"kr-collapse__content\"><\/u><\/strong><\/p>\n<p style=\"text-align: left;\"><strong>Wie bindet man ein dreieckiges Wickeloberteil?<\/strong><br \/>\nSie haben viele M\u00f6glichkeiten, dieses Modell an Ihre Figur anzupassen!<br \/>\nSehen Sie sich unsere Bindemethoden an <u>HIER (vor\u00fcbergehend nicht verf\u00fcgbar)<\/u> und sehen Sie sich das Video an, um herauszufinden, wie Sie Ihr Top Wrap am besten tragen.<\/p>\n<p style=\"text-align: left;\"><strong>Beispiele f\u00fcr Klebeverfahren:<\/strong><br \/>\n1. <strong>Vorderseite quer<\/strong>:<br \/>\n- Binden Sie eine d\u00fcnne Schnur unter der Brust am R\u00fccken fest.<br \/>\n- Ziehen Sie die breiten B\u00e4nder nach oben und kreuzen Sie sie vor dem Hals.<br \/>\n- Binden Sie breite B\u00e4nder im Nacken.<br \/>\n- Passen Sie die K\u00f6rbchen an, indem Sie sie auf der Schnur so verschieben, dass zwischen ihnen ein stofffreies Dreieck entsteht.<br \/>\n- Stellen Sie zum Schluss die Nackenb\u00e4nder so ein, dass sie ganz bequem sitzen.<br \/>\n2. <strong>Umgekehrtes Outfit<\/strong><br \/>\n- Drehen Sie den Deckel auf den Kopf.<br \/>\n- Machen Sie ein breites Band hinten auf dem R\u00fccken (wo bei der traditionellen Version ein Halsband ist).<br \/>\n- Stellen Sie die K\u00f6rbchen an der B\u00fcste ein, indem Sie die K\u00f6rbchen an der Schnur verschieben, um den richtigen Halt und Komfort zu gew\u00e4hrleisten.<br \/>\n- Binden Sie die Schn\u00fcre hinten im Nacken zusammen (bei der Standardversion unter der Brust).<br \/>\n- Passen Sie die Weite der K\u00f6rbchen an, um das Oberteil perfekt an Ihre Oberweite anzupassen.<br \/>\n3. <strong>Geradeaus<\/strong><br \/>\n- Binden Sie eine d\u00fcnne Schnur unter der Brust am R\u00fccken fest.<br \/>\n- Ziehen Sie die breiten B\u00e4nder nach oben und binden Sie sie im Nacken zusammen.<br \/>\n- Passen Sie die Weite der K\u00f6rbchen an, indem Sie sie auf der Kordel verschieben, um das Oberteil perfekt an die Form Ihrer Brust anzupassen.<br \/>\n- Binden Sie eine d\u00fcnne Schnur unter der Brust am R\u00fccken fest.<br \/>\n- Ziehen Sie die breiten B\u00e4nder nach oben und binden Sie sie im Nacken zusammen.<br \/>\n- Passen Sie die Weite der K\u00f6rbchen an, indem Sie sie auf der Kordel verschieben, um das Oberteil perfekt an die Form Ihrer Brust anzupassen.<\/div>\n<\/p><\/div>\n<\/p><\/div>\n<\/p>\n<p style=\"text-align: left;\"><strong><u><\/p>\n<div class=\"kr-collapse is-noarrow\" data-rel=\"kolor\">\n    <button type=\"button\" class=\"kr-collapse__trigger\"\n      aria-expanded=\"false\"\n      aria-controls=\"kr-exp-2\"><br \/>\n      FARBBESCHREIBUNG<br \/>\n    <\/button><\/p>\n<div id=\"kr-exp-2\" class=\"kr-collapse__panel\" hidden>\n<div class=\"kr-collapse__content\"><\/u><\/strong><\/p>\n<p style=\"text-align: left;\"><strong><a href=\"https:\/\/korneliarataj.com\/de\/kolor-hibiscus-stroje\/\" target=\"_blank\" rel=\"noopener noreferrer\"><u>Farbe HIBISCUS<\/u><\/a> - Intensiver und energiegeladener Farbton f\u00fcr den Sommer 2025<\/strong>.<br \/>\n<strong>Badeanzug in sattem Rosa<\/strong>inspiriert von exotischen Hibiskusbl\u00fcten, ist die perfekte Wahl f\u00fcr alle, die energiegeladene und feminine Farbt\u00f6ne lieben. Dieser auff\u00e4llige Farbton passt zu jedem Teint - von hellem Porzellan \u00fcber Oliv bis hin zu dunkleren T\u00f6nen.<br \/>\n\u2013 <strong>Heller, porzellanartiger Teint<\/strong>Verleiht Ausstrahlung und Energie und bricht k\u00fchle Hautt\u00f6ne auf.<br \/>\n\u2013 <strong>Olivenfarbener Teint<\/strong>: Akzentuiert warme Hautt\u00f6ne f\u00fcr ein harmonisches Aussehen.<br \/>\n\u2013 <strong>Dunklere Haut<\/strong>Erzeugt einen auff\u00e4lligen Kontrast, der die Hauttiefe verst\u00e4rkt und ihr mehr Definition verleiht.<br \/>\n<strong>Bademode in einem intensiven Rosa-Ton<\/strong> Sie sehen sowohl in Einteilern als auch in Bikinis perfekt aus. Ihre leuchtende Farbe bringt tropische Energie in jedes Styling.<br \/>\n<strong>Warum einen Badeanzug in intensivem Pink w\u00e4hlen?<\/strong><br \/>\nDies ist die richtige Wahl f\u00fcr alle, die mutige und trendige L\u00f6sungen sch\u00e4tzen. Die Farbe ist ein Blickfang und wertet einen Sommerlook perfekt auf.<\/div>\n<\/p><\/div>\n<\/p><\/div>\n<\/p>\n<p style=\"text-align: left;\"><strong><u><\/p>\n<div class=\"kr-collapse is-noarrow\" data-rel=\"wymiary\">\n    <button type=\"button\" class=\"kr-collapse__trigger\"\n      aria-expanded=\"false\"\n      aria-controls=\"kr-exp-3\"><br \/>\n      MODELLABMESSUNGEN<br \/>\n    <\/button><\/p>\n<div id=\"kr-exp-3\" class=\"kr-collapse__panel\" hidden>\n<div class=\"kr-collapse__content\"><\/u><\/strong><\/p>\n<p style=\"text-align: left;\">Brustumfang: 85cm<br \/>\nUmfang unter der B\u00fcste: 75cm<br \/>\nBecher: B<br \/>\nUmfang der Taille: 66cm<br \/>\nH\u00fcftumfang: 88cm<br \/>\nH\u00f6he: 160cm<\/div>\n<\/p><\/div>\n<\/p><\/div>\n<\/p>\n<p style=\"text-align: left;\"><strong><u><\/p>\n<div class=\"kr-collapse is-noarrow\" data-rel=\"sklad\">\n    <button type=\"button\" class=\"kr-collapse__trigger\"\n      aria-expanded=\"false\"\n      aria-controls=\"kr-exp-4\"><br \/>\n      ZUSAMMENSETZUNG UND PFLEGEHINWEISE<br \/>\n    <\/button><\/p>\n<div id=\"kr-exp-4\" class=\"kr-collapse__panel\" hidden>\n<div class=\"kr-collapse__content\"><\/u><\/strong><\/p>\n<p style=\"text-align: left;\">78% recyceltes Polyamid<br \/>\n22% Elastan<br \/>\nSchonwaschgang bei 30\u00b0c mit \u00e4hnlichen Farben<br \/>\nHandw\u00e4sche, mit \u00e4hnlichen Farben<br \/>\nEisen bei max. 110\u00b0c<br \/>\nnicht bleichen<br \/>\nnicht im Trockner trocknen<\/p>\n<\/div><\/div>\n<\/p><\/div>","protected":false},"featured_media":312813,"template":"","meta":[],"product_brand":[500],"product_cat":[198],"product_tag":[511],"class_list":{"0":"post-307937","1":"product","2":"type-product","3":"status-publish","4":"has-post-thumbnail","6":"product_brand-korneliarataj","7":"product_cat-archiwum","8":"product_tag-hibiscus","9":"flv-has-gallery","11":"first","12":"outofstock","13":"taxable","14":"shipping-taxable","15":"product-type-variable"},"yoast_head":"<!-- This site is optimized with the Yoast SEO plugin v27.3 - https:\/\/yoast.com\/product\/yoast-seo-wordpress\/ -->\n<title>Wrap - g\u00f3ra stroju k\u0105pielowego Hibiscus - KORNELIARATAJ<\/title>\n<meta name=\"description\" content=\"Kornelia Rataj. Minimalist Women&#039;s Collection, Basic, Swimwear. HANDMADE IN POLAND WITH LOVE.\" \/>\n<meta name=\"robots\" content=\"index, follow, max-snippet:-1, max-image-preview:large, max-video-preview:-1\" \/>\n<link rel=\"canonical\" href=\"https:\/\/korneliarataj.com\/de\/produkt\/wrap-gora-stroju-kapielowego-hibiscus-2025\/\" \/>\n<meta property=\"og:locale\" content=\"de_DE\" \/>\n<meta property=\"og:type\" content=\"article\" \/>\n<meta property=\"og:title\" content=\"Wrap - g\u00f3ra stroju k\u0105pielowego Hibiscus - KORNELIARATAJ\" \/>\n<meta property=\"og:description\" content=\"Kornelia Rataj. Minimalist Women&#039;s Collection, Basic, Swimwear. HANDMADE IN POLAND WITH LOVE.\" \/>\n<meta property=\"og:url\" content=\"https:\/\/korneliarataj.com\/de\/produkt\/wrap-gora-stroju-kapielowego-hibiscus-2025\/\" \/>\n<meta property=\"og:site_name\" content=\"KORNELIARATAJ\" \/>\n<meta property=\"article:publisher\" content=\"http:\/\/www.facebook.com\/korneliaratajshop\" \/>\n<meta property=\"article:modified_time\" content=\"2026-04-04T23:31:31+00:00\" \/>\n<meta property=\"og:image\" content=\"https:\/\/korneliarataj.com\/wp-content\/uploads\/2025\/02\/LB-2025-WRAP-HIBISCUS-1-scaled.webp\" \/>\n\t<meta property=\"og:image:width\" content=\"1365\" \/>\n\t<meta property=\"og:image:height\" content=\"2048\" \/>\n\t<meta property=\"og:image:type\" content=\"image\/webp\" \/>\n<meta name=\"twitter:card\" content=\"summary_large_image\" \/>\n<meta name=\"twitter:label1\" content=\"Gesch\u00e4tzte Lesezeit\" \/>\n\t<meta name=\"twitter:data1\" content=\"1\u00a0Minute\" \/>\n<script type=\"application\/ld+json\" class=\"yoast-schema-graph\">{\"@context\":\"https:\\\/\\\/schema.org\",\"@graph\":[{\"@type\":\"WebPage\",\"@id\":\"https:\\\/\\\/korneliarataj.com\\\/produkt\\\/wrap-gora-stroju-kapielowego-hibiscus-2025\\\/\",\"url\":\"https:\\\/\\\/korneliarataj.com\\\/produkt\\\/wrap-gora-stroju-kapielowego-hibiscus-2025\\\/\",\"name\":\"Wrap - g\u00f3ra stroju k\u0105pielowego Hibiscus - KORNELIARATAJ\",\"isPartOf\":{\"@id\":\"https:\\\/\\\/korneliarataj.com\\\/#website\"},\"primaryImageOfPage\":{\"@id\":\"https:\\\/\\\/korneliarataj.com\\\/produkt\\\/wrap-gora-stroju-kapielowego-hibiscus-2025\\\/#primaryimage\"},\"image\":{\"@id\":\"https:\\\/\\\/korneliarataj.com\\\/produkt\\\/wrap-gora-stroju-kapielowego-hibiscus-2025\\\/#primaryimage\"},\"thumbnailUrl\":\"https:\\\/\\\/korneliarataj.com\\\/wp-content\\\/uploads\\\/2025\\\/02\\\/LB-2025-WRAP-HIBISCUS-1-scaled.webp\",\"datePublished\":\"2025-01-25T14:22:11+00:00\",\"dateModified\":\"2026-04-04T23:31:31+00:00\",\"description\":\"Kornelia Rataj. Minimalist Women's Collection, Basic, Swimwear. HANDMADE IN POLAND WITH LOVE.\",\"breadcrumb\":{\"@id\":\"https:\\\/\\\/korneliarataj.com\\\/produkt\\\/wrap-gora-stroju-kapielowego-hibiscus-2025\\\/#breadcrumb\"},\"inLanguage\":\"de\",\"potentialAction\":[{\"@type\":\"ReadAction\",\"target\":[\"https:\\\/\\\/korneliarataj.com\\\/produkt\\\/wrap-gora-stroju-kapielowego-hibiscus-2025\\\/\"]}]},{\"@type\":\"ImageObject\",\"inLanguage\":\"de\",\"@id\":\"https:\\\/\\\/korneliarataj.com\\\/produkt\\\/wrap-gora-stroju-kapielowego-hibiscus-2025\\\/#primaryimage\",\"url\":\"https:\\\/\\\/korneliarataj.com\\\/wp-content\\\/uploads\\\/2025\\\/02\\\/LB-2025-WRAP-HIBISCUS-1-scaled.webp\",\"contentUrl\":\"https:\\\/\\\/korneliarataj.com\\\/wp-content\\\/uploads\\\/2025\\\/02\\\/LB-2025-WRAP-HIBISCUS-1-scaled.webp\",\"width\":1365,\"height\":2048,\"caption\":\"WRAP HIBISCUS\"},{\"@type\":\"BreadcrumbList\",\"@id\":\"https:\\\/\\\/korneliarataj.com\\\/produkt\\\/wrap-gora-stroju-kapielowego-hibiscus-2025\\\/#breadcrumb\",\"itemListElement\":[{\"@type\":\"ListItem\",\"position\":1,\"name\":\"HOME\",\"item\":\"https:\\\/\\\/korneliarataj.com\\\/\"},{\"@type\":\"ListItem\",\"position\":2,\"name\":\"Products\",\"item\":\"https:\\\/\\\/korneliarataj.com\\\/en\\\/shop\\\/\"},{\"@type\":\"ListItem\",\"position\":3,\"name\":\"Wrap &#8211; g\u00f3ra stroju k\u0105pielowego Hibiscus\"}]},{\"@type\":\"WebSite\",\"@id\":\"https:\\\/\\\/korneliarataj.com\\\/#website\",\"url\":\"https:\\\/\\\/korneliarataj.com\\\/\",\"name\":\"Stroje K\u0105pielowe i Odzie\u017c Lniana Sklep Kornelia Rataj\",\"description\":\"swimwear stroje k\u0105pielowe ubrania len lniane\",\"publisher\":{\"@id\":\"https:\\\/\\\/korneliarataj.com\\\/#organization\"},\"potentialAction\":[{\"@type\":\"SearchAction\",\"target\":{\"@type\":\"EntryPoint\",\"urlTemplate\":\"https:\\\/\\\/korneliarataj.com\\\/?s={search_term_string}\"},\"query-input\":{\"@type\":\"PropertyValueSpecification\",\"valueRequired\":true,\"valueName\":\"search_term_string\"}}],\"inLanguage\":\"de\"},{\"@type\":\"Organization\",\"@id\":\"https:\\\/\\\/korneliarataj.com\\\/#organization\",\"name\":\"KORNELIARATAJ\",\"url\":\"https:\\\/\\\/korneliarataj.com\\\/\",\"logo\":{\"@type\":\"ImageObject\",\"inLanguage\":\"de\",\"@id\":\"https:\\\/\\\/korneliarataj.com\\\/#\\\/schema\\\/logo\\\/image\\\/\",\"url\":\"https:\\\/\\\/korneliarataj.com\\\/wp-content\\\/uploads\\\/2020\\\/07\\\/LOGO-KR.svg\",\"contentUrl\":\"https:\\\/\\\/korneliarataj.com\\\/wp-content\\\/uploads\\\/2020\\\/07\\\/LOGO-KR.svg\",\"width\":1024,\"height\":1024,\"caption\":\"KORNELIARATAJ\"},\"image\":{\"@id\":\"https:\\\/\\\/korneliarataj.com\\\/#\\\/schema\\\/logo\\\/image\\\/\"},\"sameAs\":[\"http:\\\/\\\/www.facebook.com\\\/korneliaratajshop\",\"http:\\\/\\\/www.instagram.com\\\/korneliarataj\"]}]}<\/script>\n<!-- \/ Yoast SEO plugin. -->","yoast_head_json":{"title":"Wrap - g\u00f3ra stroju k\u0105pielowego Hibiscus - KORNELIARATAJ","description":"Kornelia Rataj. Minimalistische Damenkollektion, Basic, Bademode. HANDGEMACHT IN POLEN MIT LIEBE.","robots":{"index":"index","follow":"follow","max-snippet":"max-snippet:-1","max-image-preview":"max-image-preview:large","max-video-preview":"max-video-preview:-1"},"canonical":"https:\/\/korneliarataj.com\/de\/produkt\/wrap-gora-stroju-kapielowego-hibiscus-2025\/","og_locale":"de_DE","og_type":"article","og_title":"Wrap - g\u00f3ra stroju k\u0105pielowego Hibiscus - KORNELIARATAJ","og_description":"Kornelia Rataj. Minimalist Women's Collection, Basic, Swimwear. HANDMADE IN POLAND WITH LOVE.","og_url":"https:\/\/korneliarataj.com\/de\/produkt\/wrap-gora-stroju-kapielowego-hibiscus-2025\/","og_site_name":"KORNELIARATAJ","article_publisher":"http:\/\/www.facebook.com\/korneliaratajshop","article_modified_time":"2026-04-04T23:31:31+00:00","og_image":[{"width":1365,"height":2048,"url":"https:\/\/korneliarataj.com\/wp-content\/uploads\/2025\/02\/LB-2025-WRAP-HIBISCUS-1-scaled.webp","type":"image\/webp"}],"twitter_card":"summary_large_image","twitter_misc":{"Gesch\u00e4tzte Lesezeit":"1\u00a0Minute"},"schema":{"@context":"https:\/\/schema.org","@graph":[{"@type":"WebPage","@id":"https:\/\/korneliarataj.com\/produkt\/wrap-gora-stroju-kapielowego-hibiscus-2025\/","url":"https:\/\/korneliarataj.com\/produkt\/wrap-gora-stroju-kapielowego-hibiscus-2025\/","name":"Wrap - g\u00f3ra stroju k\u0105pielowego Hibiscus - KORNELIARATAJ","isPartOf":{"@id":"https:\/\/korneliarataj.com\/#website"},"primaryImageOfPage":{"@id":"https:\/\/korneliarataj.com\/produkt\/wrap-gora-stroju-kapielowego-hibiscus-2025\/#primaryimage"},"image":{"@id":"https:\/\/korneliarataj.com\/produkt\/wrap-gora-stroju-kapielowego-hibiscus-2025\/#primaryimage"},"thumbnailUrl":"https:\/\/korneliarataj.com\/wp-content\/uploads\/2025\/02\/LB-2025-WRAP-HIBISCUS-1-scaled.webp","datePublished":"2025-01-25T14:22:11+00:00","dateModified":"2026-04-04T23:31:31+00:00","description":"Kornelia Rataj. Minimalistische Damenkollektion, Basic, Bademode. HANDGEMACHT IN POLEN MIT LIEBE.","breadcrumb":{"@id":"https:\/\/korneliarataj.com\/produkt\/wrap-gora-stroju-kapielowego-hibiscus-2025\/#breadcrumb"},"inLanguage":"de","potentialAction":[{"@type":"ReadAction","target":["https:\/\/korneliarataj.com\/produkt\/wrap-gora-stroju-kapielowego-hibiscus-2025\/"]}]},{"@type":"ImageObject","inLanguage":"de","@id":"https:\/\/korneliarataj.com\/produkt\/wrap-gora-stroju-kapielowego-hibiscus-2025\/#primaryimage","url":"https:\/\/korneliarataj.com\/wp-content\/uploads\/2025\/02\/LB-2025-WRAP-HIBISCUS-1-scaled.webp","contentUrl":"https:\/\/korneliarataj.com\/wp-content\/uploads\/2025\/02\/LB-2025-WRAP-HIBISCUS-1-scaled.webp","width":1365,"height":2048,"caption":"WRAP HIBISCUS"},{"@type":"BreadcrumbList","@id":"https:\/\/korneliarataj.com\/produkt\/wrap-gora-stroju-kapielowego-hibiscus-2025\/#breadcrumb","itemListElement":[{"@type":"ListItem","position":1,"name":"HOME","item":"https:\/\/korneliarataj.com\/"},{"@type":"ListItem","position":2,"name":"Products","item":"https:\/\/korneliarataj.com\/en\/shop\/"},{"@type":"ListItem","position":3,"name":"Wrap &#8211; g\u00f3ra stroju k\u0105pielowego Hibiscus"}]},{"@type":"WebSite","@id":"https:\/\/korneliarataj.com\/#website","url":"https:\/\/korneliarataj.com\/","name":"Bademode und Leinenbekleidung Shop Kornelia Rataj","description":"badebekleidung badebekleidung leinen leinenbekleidung","publisher":{"@id":"https:\/\/korneliarataj.com\/#organization"},"potentialAction":[{"@type":"SearchAction","target":{"@type":"EntryPoint","urlTemplate":"https:\/\/korneliarataj.com\/?s={search_term_string}"},"query-input":{"@type":"PropertyValueSpecification","valueRequired":true,"valueName":"search_term_string"}}],"inLanguage":"de"},{"@type":"Organization","@id":"https:\/\/korneliarataj.com\/#organization","name":"KORNELIARATAJ","url":"https:\/\/korneliarataj.com\/","logo":{"@type":"ImageObject","inLanguage":"de","@id":"https:\/\/korneliarataj.com\/#\/schema\/logo\/image\/","url":"https:\/\/korneliarataj.com\/wp-content\/uploads\/2020\/07\/LOGO-KR.svg","contentUrl":"https:\/\/korneliarataj.com\/wp-content\/uploads\/2020\/07\/LOGO-KR.svg","width":1024,"height":1024,"caption":"KORNELIARATAJ"},"image":{"@id":"https:\/\/korneliarataj.com\/#\/schema\/logo\/image\/"},"sameAs":["http:\/\/www.facebook.com\/korneliaratajshop","http:\/\/www.instagram.com\/korneliarataj"]}]}},"_links":{"self":[{"href":"https:\/\/korneliarataj.com\/de\/wp-json\/wp\/v2\/product\/307937","targetHints":{"allow":["GET"]}}],"collection":[{"href":"https:\/\/korneliarataj.com\/de\/wp-json\/wp\/v2\/product"}],"about":[{"href":"https:\/\/korneliarataj.com\/de\/wp-json\/wp\/v2\/types\/product"}],"wp:featuredmedia":[{"embeddable":true,"href":"https:\/\/korneliarataj.com\/de\/wp-json\/wp\/v2\/media\/312813"}],"wp:attachment":[{"href":"https:\/\/korneliarataj.com\/de\/wp-json\/wp\/v2\/media?parent=307937"}],"wp:term":[{"taxonomy":"product_brand","embeddable":true,"href":"https:\/\/korneliarataj.com\/de\/wp-json\/wp\/v2\/product_brand?post=307937"},{"taxonomy":"product_cat","embeddable":true,"href":"https:\/\/korneliarataj.com\/de\/wp-json\/wp\/v2\/product_cat?post=307937"},{"taxonomy":"product_tag","embeddable":true,"href":"https:\/\/korneliarataj.com\/de\/wp-json\/wp\/v2\/product_tag?post=307937"}],"curies":[{"name":"wp","href":"https:\/\/api.w.org\/{rel}","templated":true}]}}