{"id":307853,"date":"2025-01-25T14:29:02","date_gmt":"2025-01-25T13:29:02","guid":{"rendered":"https:\/\/korneliarataj.com\/?post_type=product&#038;p=307853"},"modified":"2026-04-11T22:18:59","modified_gmt":"2026-04-11T20:18:59","slug":"bikini-gora-stroju-kapielowego-wood-2025","status":"publish","type":"product","link":"https:\/\/korneliarataj.com\/de\/produkt\/bikini-gora-stroju-kapielowego-wood-2025\/","title":{"rendered":"Bikinioberteil Holz"},"content":{"rendered":"","protected":false},"excerpt":{"rendered":"<p style=\"text-align: left;\"><strong>OPTIONEN<\/strong><\/p>\n<p style=\"text-align: left;\"><a href=\"https:\/\/korneliarataj.com\/de\/produkt\/bikini-gora-stroju-kapielowego-sky-blue-2026\/\" target=\"_blank\" rel=\"noopener noreferrer\"><img decoding=\"async\" src=\"https:\/\/korneliarataj.com\/wp-content\/uploads\/2026\/01\/2026-SKY-BLUE-BIKINI-GORA-1.webp\" width=\"90px\" \/><\/a><a href=\"https:\/\/korneliarataj.com\/de\/produkt\/bikini-gora-stroju-kapielowego-peachy-rose-2026\/\" target=\"_blank\" rel=\"noopener noreferrer\"><img decoding=\"async\" src=\"https:\/\/korneliarataj.com\/wp-content\/uploads\/2026\/01\/2026-PEACHY-ROSE-BIKINI-GORA-1.webp\" width=\"90px\" \/><\/a><a href=\"https:\/\/korneliarataj.com\/de\/produkt\/bikini-gora-stroju-kapielowego-burgundy-2026\/\" target=\"_blank\" rel=\"noopener noreferrer\"><img decoding=\"async\" src=\"https:\/\/korneliarataj.com\/wp-content\/uploads\/2026\/01\/2026-BURGUNDY-BIKINI-GORA-1.webp\" width=\"90px\" \/><\/a><a href=\"https:\/\/korneliarataj.com\/de\/produkt\/bikini-gora-stroju-kapielowego-black-2025\/\" target=\"_blank\" rel=\"noopener noreferrer\"><img decoding=\"async\" src=\"https:\/\/korneliarataj.com\/wp-content\/uploads\/2026\/01\/2026-BLACK-BIKINI-GORA-1.webp\" width=\"90px\" \/><\/a><a href=\"https:\/\/korneliarataj.com\/de\/produkt\/bikini-gora-stroju-kapielowego-coconut-2025\/\" target=\"_blank\" rel=\"noopener noreferrer\"><img decoding=\"async\" src=\"https:\/\/korneliarataj.com\/wp-content\/uploads\/2026\/01\/2026-COCONUT-BIKINI-GORA-1.webp\" width=\"90px\" \/><\/a><a href=\"https:\/\/korneliarataj.com\/de\/produkt\/bikini-gora-stroju-kapielowego-sunset-2025\/\" target=\"_blank\" rel=\"noopener noreferrer\"><img decoding=\"async\" src=\"https:\/\/korneliarataj.com\/wp-content\/uploads\/2026\/01\/2026-SUNSET-BIKINI-GORA-1.webp\" width=\"90px\" \/><\/a><a href=\"https:\/\/korneliarataj.com\/de\/produkt\/bikini-gora-stroju-kapielowego-sunshine-2025\/\" target=\"_blank\" rel=\"noopener noreferrer\"><img decoding=\"async\" src=\"https:\/\/korneliarataj.com\/wp-content\/uploads\/2026\/01\/2026-SUNSHINE-BIKINI-GORA-1.webp\" width=\"90px\" \/><\/a><\/p>\n<p style=\"text-align: left;\"><strong><u><\/p>\n<div class=\"kr-collapse is-noarrow\" data-rel=\"opis\">\n    <button type=\"button\" class=\"kr-collapse__trigger\"\n      aria-expanded=\"false\"\n      aria-controls=\"kr-exp-1\"><br \/>\n      OPIS PRODUKTU<br \/>\n    <\/button><\/p>\n<div id=\"kr-exp-1\" class=\"kr-collapse__panel\" hidden>\n<div class=\"kr-collapse__content\"><\/u><\/strong><\/p>\n<p style=\"text-align: left;\"><u><strong>Bikinioberteil<\/strong><\/u><\/p>\n<p style=\"text-align: left;\">Dieses klassische Triangel-Bikini-Oberteil ist ein Must-Have f\u00fcr die Garderobe, perfekt f\u00fcr Strand und Pool. Das Modell wird am R\u00fccken und im Nacken mit d\u00fcnnen Schn\u00fcren gebunden, um eine perfekte Passform und Komfort zu gew\u00e4hrleisten. Das vielseitige Design unterstreicht den femininen Stil, und die Verstellbarkeit macht es f\u00fcr jede Figur geeignet.<\/p>\n<p style=\"text-align: left;\"><u>Das Bikinioberteil ist ideal f\u00fcr kleine, mittlere und gro\u00dfe Br\u00fcste<\/u>. Dank der verstellbaren L\u00e4nge des Oberteils und des Umfangs unter der Brust k\u00f6nnen Sie es genau auf Ihre Bed\u00fcrfnisse nach Komfort, Halt und Selbstvertrauen abstimmen.<\/p>\n<p>&nbsp;<\/p>\n<p style=\"text-align: left;\"><strong>Hochwertige Materialien<\/strong><\/p>\n<p style=\"text-align: left;\">Der Badeanzug ist aus hochwertigem Lycra gefertigt <strong>econyl<\/strong><strong class=\"copyright\">\u24c7<\/strong>recycelte Materialien, die den h\u00f6chsten Qualit\u00e4tsstandards entsprechen, einschlie\u00dflich zertifizierter <strong>OEKO-TEX Standard 100<\/strong>. Das Material ist gekennzeichnet durch:<br \/>\n\u2013 <strong>Schutz vor UV-Strahlung<\/strong>,<br \/>\n\u2013 <strong>bi-direktionale Flexibilit\u00e4t<\/strong>das f\u00fcr Komfort sorgt,<br \/>\n\u2013 <strong>resistent gegen Chlor und Ausbleichen<\/strong>,<br \/>\n\u2013 <strong>Nachhaltigkeit<\/strong>selbst bei Kontakt mit \u00d6len und Sonnencremes,<br \/>\n\u2013 <strong>\u00f6kologischer Produktionsprozess<\/strong> - recycelte Faser<\/p>\n<p>&nbsp;<\/p>\n<p style=\"text-align: left;\"><strong>\u00c4sthetik und Komfort bis ins Detail<\/strong><\/p>\n<p style=\"text-align: left;\">Jedes Detail wurde im Hinblick auf Ihren Komfort entwickelt:<\/p>\n<p>\u2013 <strong>Die Badebekleidung wird in zwei Lagen gen\u00e4ht<\/strong>Sie bieten Komfort und eine angemessene Abdeckung.<br \/>\n\u2013 <strong>Versteckte N\u00e4hte<\/strong> bieten au\u00dfergew\u00f6hnlichen Tragekomfort.<br \/>\n\u2013 <strong>Hei\u00dfsiegelbares Etikett<\/strong> garantiert Genuss.<\/p>\n<p>&nbsp;<\/p>\n<p style=\"text-align: left;\"><strong>Lokale Produktion - gen\u00e4ht in Polen<\/strong><\/p>\n<p style=\"text-align: left;\">Unsere Bademode wird in unserer Familienwerkstatt in Czernica mit viel Liebe zum Detail hergestellt. Die Produkte zeichnen sich durch ihre sorgf\u00e4ltige Verarbeitung, Langlebigkeit und \u00c4sthetik aus, die von unseren Kunden gesch\u00e4tzt werden.<\/p>\n<\/div><\/div>\n<\/p><\/div>\n<p style=\"text-align: left;\"><strong><u><\/p>\n<div class=\"kr-collapse is-noarrow\" data-rel=\"instrukcja\">\n    <button type=\"button\" class=\"kr-collapse__trigger\"\n      aria-expanded=\"false\"\n      aria-controls=\"kr-exp-2\"><br \/>\n      BINDEANWEISUNGEN<br \/>\n    <\/button><\/p>\n<div id=\"kr-exp-2\" class=\"kr-collapse__panel\" hidden>\n<div class=\"kr-collapse__content\"><\/u><\/strong><\/p>\n<p style=\"text-align: left;\"><strong>Jak wi\u0105za\u0107 tr\u00f3jk\u0105tn\u0105 g\u00f3r\u0119 Bikini?<\/strong><br \/>\nSie haben viele M\u00f6glichkeiten, dieses Modell an Ihre Figur anzupassen!<\/p>\n<p style=\"text-align: left;\"><strong>Beispiele f\u00fcr Klebeverfahren:<\/strong><br \/>\n1. <strong>Klassische Bindung<\/strong> - Binden Sie die Kordeln im Nacken und unter der Brust im R\u00fccken zusammen und passen Sie die L\u00e4nge nach Belieben an.<br \/>\n2. <strong>Umgekehrtes Outfit<\/strong> - Tragen Sie den BH auf dem Kopf und binden Sie die B\u00e4nder unter der Brust im Nacken zusammen. Passen Sie den Abstand der K\u00f6rbchen an Ihre Figur an.<br \/>\n3. <strong>Umgekehrtes Kleid mit gekreuzten Schn\u00fcren<\/strong> - Kreuzen Sie die Schn\u00fcre vorne am Halsausschnitt und binden Sie sie dann um den Hals und den R\u00fccken.<\/div>\n<\/p><\/div>\n<\/p><\/div>\n<\/p>\n<p style=\"text-align: left;\"><strong><u><\/p>\n<div class=\"kr-collapse is-noarrow\" data-rel=\"wymiary\">\n    <button type=\"button\" class=\"kr-collapse__trigger\"\n      aria-expanded=\"false\"\n      aria-controls=\"kr-exp-3\"><br \/>\n      MODELLABMESSUNGEN<br \/>\n    <\/button><\/p>\n<div id=\"kr-exp-3\" class=\"kr-collapse__panel\" hidden>\n<div class=\"kr-collapse__content\"><\/u><\/strong><\/p>\n<p style=\"text-align: left;\">Modelka ma na sobie rozmiar XS\/S<br \/>\nObw\u00f3d w biu\u015bcie: 84 cm<br \/>\nUmfang unter der B\u00fcste: 72 cm<br \/>\nMiseczka: A<br \/>\nObw\u00f3d w talii: 64 cm<br \/>\nObw\u00f3d w biodrach: 92 cm<br \/>\nWzrost: 170 cm<\/p>\n<\/div><\/div>\n<\/p><\/div>\n<p style=\"text-align: left;\"><strong><u><\/p>\n<div class=\"kr-collapse is-noarrow\" data-rel=\"kolor\">\n    <button type=\"button\" class=\"kr-collapse__trigger\"\n      aria-expanded=\"false\"\n      aria-controls=\"kr-exp-4\"><br \/>\n      FARBBESCHREIBUNG<br \/>\n    <\/button><\/p>\n<div id=\"kr-exp-4\" class=\"kr-collapse__panel\" hidden>\n<div class=\"kr-collapse__content\"><\/u><\/strong><\/p>\n<p style=\"text-align: left;\"><strong><a href=\"https:\/\/korneliarataj.com\/de\/kolor-wood-lniane\/\" target=\"_blank\" rel=\"noopener noreferrer\"><u>Farbe HOLZ<\/u><\/a> - Die tiefe Eleganz der Erde<\/strong>.<br \/>\n<strong>Dunkelbrauner Badeanzug<\/strong>inspiriert von den Farben der Natur, ist eine zeitlose Wahl f\u00fcr Liebhaber von Eleganz und Harmonie. Dieser tiefbraune Farbton unterstreicht perfekt jeden Sch\u00f6nheitstyp - von heller Porzellanhaut \u00fcber olivfarbene Haut bis hin zu dunklerem Teint.<br \/>\n\u2013 <strong>Heller, porzellanartiger Teint<\/strong>Erzeugt einen subtilen Kontrast und verleiht der Haut einen tieferen Ton.<br \/>\n\u2013 <strong>Olivenfarbener Teint<\/strong>: Betont die warmen Hautt\u00f6ne und verleiht ihnen Harmonie und Klasse.<br \/>\n\u2013 <strong>Dunklere Haut<\/strong>Er harmoniert perfekt mit der Tiefe der Haut und verleiht ihr Eleganz und Definition.<br \/>\n<strong>Bademode in einem tiefbraunen Farbton<\/strong> passen sowohl zu Einteilern als auch zu Bikinis und verleihen jedem Look klassische Raffinesse.<br \/>\n<strong>Warum sollte man einen tiefbraunen Badeanzug w\u00e4hlen?<\/strong><br \/>\nEs ist die perfekte Wahl f\u00fcr Liebhaber von nat\u00fcrlichen und zeitlosen Farben, die perfekt zu den Sommertrends passen.<\/div>\n<\/p><\/div>\n<\/p><\/div>\n<\/p>\n<p style=\"text-align: left;\"><strong><u><\/p>\n<div class=\"kr-collapse is-noarrow\" data-rel=\"sklad\">\n    <button type=\"button\" class=\"kr-collapse__trigger\"\n      aria-expanded=\"false\"\n      aria-controls=\"kr-exp-5\"><br \/>\n      ZUSAMMENSETZUNG UND PFLEGEHINWEISE<br \/>\n    <\/button><\/p>\n<div id=\"kr-exp-5\" class=\"kr-collapse__panel\" hidden>\n<div class=\"kr-collapse__content\"><\/u><\/strong><\/p>\n<p style=\"text-align: left;\">78% recyceltes Polyamid<br \/>\n22% Elastan<br \/>\nSchonwaschgang bei 30\u00b0c mit \u00e4hnlichen Farben<br \/>\nHandw\u00e4sche, mit \u00e4hnlichen Farben<br \/>\nEisen bei max. 110\u00b0c<br \/>\nnicht bleichen<br \/>\nnicht im Trockner trocknen<\/p>\n<\/div><\/div>\n<\/p><\/div>","protected":false},"featured_media":388364,"template":"","meta":[],"product_brand":[500],"product_cat":[584,587,550,588,585,548,592,537,525,572,538,576,561,549,590,539,593,652,544,547,580,545,573,516,651,574],"product_tag":[420],"class_list":{"0":"post-307853","1":"product","2":"type-product","3":"status-publish","4":"has-post-thumbnail","6":"product_brand-korneliarataj","7":"product_cat-bikini-stroje","8":"product_cat-ciazowe-stroje","9":"product_cat-do-karmienia-gory","10":"product_cat-do-karmienia-stroje","11":"product_cat-do-opalania-stroje","12":"product_cat-duzy-biust-gory","13":"product_cat-duzy-biust-stroje","14":"product_cat-dwuczesciowe-swimwear","15":"product_cat-gora-swimwear","16":"product_cat-kategorie-swimwear","17":"product_cat-klasyczne-gory","18":"product_cat-klasyczne-proste-minimalistyczne-stroje","19":"product_cat-kolory-swimwear","20":"product_cat-maly-biust-gory","21":"product_cat-maly-biust-stroje","22":"product_cat-nieusztywniane-gory","23":"product_cat-ochrona-uv-stroje","24":"product_cat-swimwear-2026","25":"product_cat-trojkaty-gory","26":"product_cat-trzy-w-jednym-gory","27":"product_cat-trzy-w-jednym-stroje","28":"product_cat-wiazane-gory","29":"product_cat-wiazane-stroje","30":"product_cat-wood-swimwear","31":"product_cat-worek-free","32":"product_cat-z-wycieciami-wyciete-stroje","33":"product_tag-wood","34":"flv-has-gallery","36":"first","37":"instock","38":"taxable","39":"shipping-taxable","40":"purchasable","41":"product-type-variable","42":"has-default-attributes"},"yoast_head":"<!-- This site is optimized with the Yoast SEO plugin v27.3 - https:\/\/yoast.com\/product\/yoast-seo-wordpress\/ -->\n<title>Bikini - g\u00f3ra stroju k\u0105pielowego Wood - KORNELIARATAJ<\/title>\n<meta name=\"description\" content=\"Kornelia Rataj. Minimalist Women&#039;s Collection, Basic, Swimwear. HANDMADE IN POLAND WITH LOVE.\" \/>\n<meta name=\"robots\" content=\"index, follow, max-snippet:-1, max-image-preview:large, max-video-preview:-1\" \/>\n<link rel=\"canonical\" href=\"https:\/\/korneliarataj.com\/de\/produkt\/bikini-gora-stroju-kapielowego-wood-2025\/\" \/>\n<meta property=\"og:locale\" content=\"de_DE\" \/>\n<meta property=\"og:type\" content=\"article\" \/>\n<meta property=\"og:title\" content=\"Bikini - g\u00f3ra stroju k\u0105pielowego Wood - KORNELIARATAJ\" \/>\n<meta property=\"og:description\" content=\"Kornelia Rataj. Minimalist Women&#039;s Collection, Basic, Swimwear. HANDMADE IN POLAND WITH LOVE.\" \/>\n<meta property=\"og:url\" content=\"https:\/\/korneliarataj.com\/de\/produkt\/bikini-gora-stroju-kapielowego-wood-2025\/\" \/>\n<meta property=\"og:site_name\" content=\"KORNELIARATAJ\" \/>\n<meta property=\"article:publisher\" content=\"http:\/\/www.facebook.com\/korneliaratajshop\" \/>\n<meta property=\"article:modified_time\" content=\"2026-04-11T20:18:59+00:00\" \/>\n<meta property=\"og:image\" content=\"https:\/\/korneliarataj.com\/wp-content\/uploads\/2026\/01\/2026-WOOD-BIKINI-GORA-1-scaled.webp\" \/>\n\t<meta property=\"og:image:width\" content=\"1707\" \/>\n\t<meta property=\"og:image:height\" content=\"2560\" \/>\n\t<meta property=\"og:image:type\" content=\"image\/webp\" \/>\n<meta name=\"twitter:card\" content=\"summary_large_image\" \/>\n<meta name=\"twitter:label1\" content=\"Gesch\u00e4tzte Lesezeit\" \/>\n\t<meta name=\"twitter:data1\" content=\"1\u00a0Minute\" \/>\n<script type=\"application\/ld+json\" class=\"yoast-schema-graph\">{\"@context\":\"https:\\\/\\\/schema.org\",\"@graph\":[{\"@type\":\"WebPage\",\"@id\":\"https:\\\/\\\/korneliarataj.com\\\/produkt\\\/bikini-gora-stroju-kapielowego-wood-2025\\\/\",\"url\":\"https:\\\/\\\/korneliarataj.com\\\/produkt\\\/bikini-gora-stroju-kapielowego-wood-2025\\\/\",\"name\":\"Bikini - g\u00f3ra stroju k\u0105pielowego Wood - KORNELIARATAJ\",\"isPartOf\":{\"@id\":\"https:\\\/\\\/korneliarataj.com\\\/#website\"},\"primaryImageOfPage\":{\"@id\":\"https:\\\/\\\/korneliarataj.com\\\/produkt\\\/bikini-gora-stroju-kapielowego-wood-2025\\\/#primaryimage\"},\"image\":{\"@id\":\"https:\\\/\\\/korneliarataj.com\\\/produkt\\\/bikini-gora-stroju-kapielowego-wood-2025\\\/#primaryimage\"},\"thumbnailUrl\":\"https:\\\/\\\/korneliarataj.com\\\/wp-content\\\/uploads\\\/2026\\\/01\\\/2026-WOOD-BIKINI-GORA-1-scaled.webp\",\"datePublished\":\"2025-01-25T13:29:02+00:00\",\"dateModified\":\"2026-04-11T20:18:59+00:00\",\"description\":\"Kornelia Rataj. Minimalist Women's Collection, Basic, Swimwear. HANDMADE IN POLAND WITH LOVE.\",\"breadcrumb\":{\"@id\":\"https:\\\/\\\/korneliarataj.com\\\/produkt\\\/bikini-gora-stroju-kapielowego-wood-2025\\\/#breadcrumb\"},\"inLanguage\":\"de\",\"potentialAction\":[{\"@type\":\"ReadAction\",\"target\":[\"https:\\\/\\\/korneliarataj.com\\\/produkt\\\/bikini-gora-stroju-kapielowego-wood-2025\\\/\"]}]},{\"@type\":\"ImageObject\",\"inLanguage\":\"de\",\"@id\":\"https:\\\/\\\/korneliarataj.com\\\/produkt\\\/bikini-gora-stroju-kapielowego-wood-2025\\\/#primaryimage\",\"url\":\"https:\\\/\\\/korneliarataj.com\\\/wp-content\\\/uploads\\\/2026\\\/01\\\/2026-WOOD-BIKINI-GORA-1-scaled.webp\",\"contentUrl\":\"https:\\\/\\\/korneliarataj.com\\\/wp-content\\\/uploads\\\/2026\\\/01\\\/2026-WOOD-BIKINI-GORA-1-scaled.webp\",\"width\":1707,\"height\":2560,\"caption\":\"Bikini - gora stroju kapielowego Wood\"},{\"@type\":\"BreadcrumbList\",\"@id\":\"https:\\\/\\\/korneliarataj.com\\\/produkt\\\/bikini-gora-stroju-kapielowego-wood-2025\\\/#breadcrumb\",\"itemListElement\":[{\"@type\":\"ListItem\",\"position\":1,\"name\":\"HOME\",\"item\":\"https:\\\/\\\/korneliarataj.com\\\/\"},{\"@type\":\"ListItem\",\"position\":2,\"name\":\"Products\",\"item\":\"https:\\\/\\\/korneliarataj.com\\\/en\\\/shop\\\/\"},{\"@type\":\"ListItem\",\"position\":3,\"name\":\"Bikini &#8211; g\u00f3ra stroju k\u0105pielowego Wood\"}]},{\"@type\":\"WebSite\",\"@id\":\"https:\\\/\\\/korneliarataj.com\\\/#website\",\"url\":\"https:\\\/\\\/korneliarataj.com\\\/\",\"name\":\"Stroje K\u0105pielowe i Odzie\u017c Lniana Sklep Kornelia Rataj\",\"description\":\"swimwear stroje k\u0105pielowe ubrania len lniane\",\"publisher\":{\"@id\":\"https:\\\/\\\/korneliarataj.com\\\/#organization\"},\"potentialAction\":[{\"@type\":\"SearchAction\",\"target\":{\"@type\":\"EntryPoint\",\"urlTemplate\":\"https:\\\/\\\/korneliarataj.com\\\/?s={search_term_string}\"},\"query-input\":{\"@type\":\"PropertyValueSpecification\",\"valueRequired\":true,\"valueName\":\"search_term_string\"}}],\"inLanguage\":\"de\"},{\"@type\":\"Organization\",\"@id\":\"https:\\\/\\\/korneliarataj.com\\\/#organization\",\"name\":\"KORNELIARATAJ\",\"url\":\"https:\\\/\\\/korneliarataj.com\\\/\",\"logo\":{\"@type\":\"ImageObject\",\"inLanguage\":\"de\",\"@id\":\"https:\\\/\\\/korneliarataj.com\\\/#\\\/schema\\\/logo\\\/image\\\/\",\"url\":\"https:\\\/\\\/korneliarataj.com\\\/wp-content\\\/uploads\\\/2020\\\/07\\\/LOGO-KR.svg\",\"contentUrl\":\"https:\\\/\\\/korneliarataj.com\\\/wp-content\\\/uploads\\\/2020\\\/07\\\/LOGO-KR.svg\",\"width\":1024,\"height\":1024,\"caption\":\"KORNELIARATAJ\"},\"image\":{\"@id\":\"https:\\\/\\\/korneliarataj.com\\\/#\\\/schema\\\/logo\\\/image\\\/\"},\"sameAs\":[\"http:\\\/\\\/www.facebook.com\\\/korneliaratajshop\",\"http:\\\/\\\/www.instagram.com\\\/korneliarataj\"]}]}<\/script>\n<!-- \/ Yoast SEO plugin. -->","yoast_head_json":{"title":"Bikinioberteil - Holz-Badeanzugoberteil - KORNELIARATAJ","description":"Kornelia Rataj. Minimalistische Damenkollektion, Basic, Bademode. HANDGEMACHT IN POLEN MIT LIEBE.","robots":{"index":"index","follow":"follow","max-snippet":"max-snippet:-1","max-image-preview":"max-image-preview:large","max-video-preview":"max-video-preview:-1"},"canonical":"https:\/\/korneliarataj.com\/de\/produkt\/bikini-gora-stroju-kapielowego-wood-2025\/","og_locale":"de_DE","og_type":"article","og_title":"Bikini - g\u00f3ra stroju k\u0105pielowego Wood - KORNELIARATAJ","og_description":"Kornelia Rataj. Minimalist Women's Collection, Basic, Swimwear. HANDMADE IN POLAND WITH LOVE.","og_url":"https:\/\/korneliarataj.com\/de\/produkt\/bikini-gora-stroju-kapielowego-wood-2025\/","og_site_name":"KORNELIARATAJ","article_publisher":"http:\/\/www.facebook.com\/korneliaratajshop","article_modified_time":"2026-04-11T20:18:59+00:00","og_image":[{"width":1707,"height":2560,"url":"https:\/\/korneliarataj.com\/wp-content\/uploads\/2026\/01\/2026-WOOD-BIKINI-GORA-1-scaled.webp","type":"image\/webp"}],"twitter_card":"summary_large_image","twitter_misc":{"Gesch\u00e4tzte Lesezeit":"1\u00a0Minute"},"schema":{"@context":"https:\/\/schema.org","@graph":[{"@type":"WebPage","@id":"https:\/\/korneliarataj.com\/produkt\/bikini-gora-stroju-kapielowego-wood-2025\/","url":"https:\/\/korneliarataj.com\/produkt\/bikini-gora-stroju-kapielowego-wood-2025\/","name":"Bikinioberteil - Holz-Badeanzugoberteil - KORNELIARATAJ","isPartOf":{"@id":"https:\/\/korneliarataj.com\/#website"},"primaryImageOfPage":{"@id":"https:\/\/korneliarataj.com\/produkt\/bikini-gora-stroju-kapielowego-wood-2025\/#primaryimage"},"image":{"@id":"https:\/\/korneliarataj.com\/produkt\/bikini-gora-stroju-kapielowego-wood-2025\/#primaryimage"},"thumbnailUrl":"https:\/\/korneliarataj.com\/wp-content\/uploads\/2026\/01\/2026-WOOD-BIKINI-GORA-1-scaled.webp","datePublished":"2025-01-25T13:29:02+00:00","dateModified":"2026-04-11T20:18:59+00:00","description":"Kornelia Rataj. Minimalistische Damenkollektion, Basic, Bademode. HANDGEMACHT IN POLEN MIT LIEBE.","breadcrumb":{"@id":"https:\/\/korneliarataj.com\/produkt\/bikini-gora-stroju-kapielowego-wood-2025\/#breadcrumb"},"inLanguage":"de","potentialAction":[{"@type":"ReadAction","target":["https:\/\/korneliarataj.com\/produkt\/bikini-gora-stroju-kapielowego-wood-2025\/"]}]},{"@type":"ImageObject","inLanguage":"de","@id":"https:\/\/korneliarataj.com\/produkt\/bikini-gora-stroju-kapielowego-wood-2025\/#primaryimage","url":"https:\/\/korneliarataj.com\/wp-content\/uploads\/2026\/01\/2026-WOOD-BIKINI-GORA-1-scaled.webp","contentUrl":"https:\/\/korneliarataj.com\/wp-content\/uploads\/2026\/01\/2026-WOOD-BIKINI-GORA-1-scaled.webp","width":1707,"height":2560,"caption":"Bikini - gora stroju kapielowego Wood"},{"@type":"BreadcrumbList","@id":"https:\/\/korneliarataj.com\/produkt\/bikini-gora-stroju-kapielowego-wood-2025\/#breadcrumb","itemListElement":[{"@type":"ListItem","position":1,"name":"HOME","item":"https:\/\/korneliarataj.com\/"},{"@type":"ListItem","position":2,"name":"Products","item":"https:\/\/korneliarataj.com\/en\/shop\/"},{"@type":"ListItem","position":3,"name":"Bikini &#8211; g\u00f3ra stroju k\u0105pielowego Wood"}]},{"@type":"WebSite","@id":"https:\/\/korneliarataj.com\/#website","url":"https:\/\/korneliarataj.com\/","name":"Bademode und Leinenbekleidung Shop Kornelia Rataj","description":"badebekleidung badebekleidung leinen leinenbekleidung","publisher":{"@id":"https:\/\/korneliarataj.com\/#organization"},"potentialAction":[{"@type":"SearchAction","target":{"@type":"EntryPoint","urlTemplate":"https:\/\/korneliarataj.com\/?s={search_term_string}"},"query-input":{"@type":"PropertyValueSpecification","valueRequired":true,"valueName":"search_term_string"}}],"inLanguage":"de"},{"@type":"Organization","@id":"https:\/\/korneliarataj.com\/#organization","name":"KORNELIARATAJ","url":"https:\/\/korneliarataj.com\/","logo":{"@type":"ImageObject","inLanguage":"de","@id":"https:\/\/korneliarataj.com\/#\/schema\/logo\/image\/","url":"https:\/\/korneliarataj.com\/wp-content\/uploads\/2020\/07\/LOGO-KR.svg","contentUrl":"https:\/\/korneliarataj.com\/wp-content\/uploads\/2020\/07\/LOGO-KR.svg","width":1024,"height":1024,"caption":"KORNELIARATAJ"},"image":{"@id":"https:\/\/korneliarataj.com\/#\/schema\/logo\/image\/"},"sameAs":["http:\/\/www.facebook.com\/korneliaratajshop","http:\/\/www.instagram.com\/korneliarataj"]}]}},"_links":{"self":[{"href":"https:\/\/korneliarataj.com\/de\/wp-json\/wp\/v2\/product\/307853","targetHints":{"allow":["GET"]}}],"collection":[{"href":"https:\/\/korneliarataj.com\/de\/wp-json\/wp\/v2\/product"}],"about":[{"href":"https:\/\/korneliarataj.com\/de\/wp-json\/wp\/v2\/types\/product"}],"wp:featuredmedia":[{"embeddable":true,"href":"https:\/\/korneliarataj.com\/de\/wp-json\/wp\/v2\/media\/388364"}],"wp:attachment":[{"href":"https:\/\/korneliarataj.com\/de\/wp-json\/wp\/v2\/media?parent=307853"}],"wp:term":[{"taxonomy":"product_brand","embeddable":true,"href":"https:\/\/korneliarataj.com\/de\/wp-json\/wp\/v2\/product_brand?post=307853"},{"taxonomy":"product_cat","embeddable":true,"href":"https:\/\/korneliarataj.com\/de\/wp-json\/wp\/v2\/product_cat?post=307853"},{"taxonomy":"product_tag","embeddable":true,"href":"https:\/\/korneliarataj.com\/de\/wp-json\/wp\/v2\/product_tag?post=307853"}],"curies":[{"name":"wp","href":"https:\/\/api.w.org\/{rel}","templated":true}]}}