{"id":281880,"date":"2024-10-03T00:09:47","date_gmt":"2024-10-02T22:09:47","guid":{"rendered":"https:\/\/korneliarataj.com\/?post_type=product&#038;p=281880"},"modified":"2026-03-23T00:05:33","modified_gmt":"2026-03-22T23:05:33","slug":"bluza-z-haftem-tcoye-light-sand","status":"publish","type":"product","link":"https:\/\/korneliarataj.com\/de\/produkt\/bluza-z-haftem-tcoye-light-sand\/","title":{"rendered":"Sweatshirt mit \"TAKE CARE OF YOUR ENERGY\"-Stickerei Light Sand"},"content":{"rendered":"","protected":false},"excerpt":{"rendered":"<p style=\"text-align: left;\"><u><strong>Sweatshirt mit \"TAKE CARE OF YOUR ENERGY\"-Stickerei Light Sand<\/strong><\/u><\/p>\n<p style=\"text-align: left;\">Damen-Sweatshirt in normaler Passform mit Stickerei in nat\u00fcrlichem Beige - Hellsand. Das Sweatshirt ist aus Bio-Baumwolle mit gots-Zertifizierung. Ein leichtes, weiches und griffiges Sweatshirt f\u00fcr die ganze Saison. W\u00e4hlen Sie aus 4 Vorschl\u00e4gen die Stickerei aus, die Ihnen am besten gef\u00e4llt, oder entscheiden Sie sich f\u00fcr ein schlichtes Sweatshirt ohne Stickerei.<\/p>\n<p style=\"text-align: left;\"><a href=\"https:\/\/korneliarataj.com\/de\/produkt\/sweatshirt-1\/\" target=\"_blank\" rel=\"noopener noreferrer\"><strong>Sweatshirt mit Stickerei \u201cmental on the beach\u201d - heller Sand<\/strong><\/a><br \/>\n<a href=\"https:\/\/korneliarataj.com\/de\/produkt\/sweatshirt-2\/\" target=\"_blank\" rel=\"noopener noreferrer\"><strong>Sweatshirt mit Stickerei \u201cWie ist das Wetter in dir?\u201d. - heller Sand<\/strong><\/a><br \/>\n<a href=\"https:\/\/korneliarataj.com\/de\/produkt\/sweatshirt-3\/\" target=\"_blank\" rel=\"noopener noreferrer\"><strong>Sweatshirt mit Stickerei \u201ctake care of your energy\u201d - heller Sand<\/strong><\/a><br \/>\n<a href=\"https:\/\/korneliarataj.com\/de\/produkt\/sweatshirt-4\/\" target=\"_blank\" rel=\"noopener noreferrer\"><strong>Sweatshirt mit Stickerei \u201cSeele voller Sonnenschein\u201d - heller Sand<\/strong><\/a><br \/>\n<a href=\"https:\/\/korneliarataj.com\/de\/produkt\/sweatshirt-5\/\" target=\"_blank\" rel=\"noopener noreferrer\"><strong>Sweatshirt - heller Sand<\/strong><\/a><\/p>\n<p style=\"text-align: left;\">Sie k\u00f6nnen das Sweatshirt als Set tragen mit <a href=\"https:\/\/korneliarataj.com\/de\/produkt\/joggery\/\" target=\"_blank\" rel=\"noopener noreferrer\"><strong>Jogginghose<\/strong><\/a> Oder kombinieren Sie es mit Ihrer Lieblingsjeans. Das Sweatshirt in einem nat\u00fcrlichen Farbton von Hellbeige ist ideal f\u00fcr jede Jahreszeit und kann die Basis f\u00fcr viele interessante Styles sein.<\/p>\n<p style=\"text-align: left;\">Es ist aus Bio-Baumwolle mit Elastan hergestellt. Die Bio-Baumwolle ist weich und angenehm auf der Haut. Sie bietet ein hohes Ma\u00df an Komfort. Das Produkt ist einlagig mit einem 225 g\/m2 schweren Gewirk gen\u00e4ht.<\/p>\n<p style=\"text-align: left;\">Unsere Produkte bestechen durch sorgf\u00e4ltige Verarbeitung, Langlebigkeit und eine \u00c4sthetik, die Ihr Herz erobern wird. Das Produkt wird vollst\u00e4ndig in Polen hergestellt, in unserer Familienwerkstatt in Czernica. Die Stickerei auf dem Sweatshirt wird ebenfalls in unserer Werkstatt angefertigt.<\/p>\n<p style=\"text-align: left;\">Das Sweatshirt ist in 3 Gr\u00f6\u00dfen erh\u00e4ltlich.<br \/>\nDas Modell, das das Produkt zeigt, tr\u00e4gt Gr\u00f6\u00dfe xs\/s.<\/p>\n<p style=\"text-align: left;\"><u>Modellabmessungen:<\/u><br \/>\nBrustumfang: 85cm<br \/>\nUmfang unter der B\u00fcste: 70cm<br \/>\nTaillenumfang: 68cm<br \/>\nH\u00fcftumfang: 96cm<br \/>\nH\u00f6he: 172cm<br \/>\nTasse: b<\/p>\n<p style=\"text-align: left;\"><u>Zusammensetzung und Pflegehinweise:<\/u><br \/>\n95% Gots aus Bio-Baumwolle<br \/>\n5% Elastin<br \/>\nGOTS- und OEKO-TEX-zertifiziert<br \/>\nGewicht des Gestricks 225g\/m2<br \/>\nSchonwaschgang bei 30\u00b0c<br \/>\nHandw\u00e4sche<br \/>\nB\u00fcgeleisen bei einer H\u00f6chsttemperatur von 110\u00b0c<br \/>\nnicht bleichen<br \/>\nnicht im Trockner trocknen<br \/>\nnicht chemisch reinigen<\/p>\n<p style=\"text-align: left;\">Das Produkt wurde in Czernica hergestellt<\/p>\n<p style=\"text-align: left;\"><strong>GOTS-Zertifizierung<\/strong> (Global Organic Textile Standard) garantiert, dass das Material nach den h\u00f6chsten Umwelt- und Sozialstandards hergestellt wurde.<\/p>\n<p style=\"text-align: left;\"><strong>OEKO-TEX-Zertifikat<\/strong> Der Standard 100 ist eine Garantie f\u00fcr sichere Textilprodukte, die frei von gesundheits- und umweltsch\u00e4dlichen Chemikalien sind.<\/p>\n<p style=\"text-align: left;\">Es ist eine nat\u00fcrliche Eigenschaft von Strickwaren, beim Waschen zu schrumpfen oder sich zu dehnen (um +\/- 5%), aber nach dem B\u00fcgeln nimmt der Stoff wieder seine urspr\u00fcngliche Gr\u00f6\u00dfe an.<\/p>","protected":false},"featured_media":304289,"template":"","meta":[],"product_brand":[],"product_cat":[521,489],"product_tag":[],"class_list":{"0":"post-281880","1":"product","2":"type-product","3":"status-publish","4":"has-post-thumbnail","6":"product_cat-bluzy-dresowe","7":"product_cat-sale-wear","8":"flv-has-gallery","10":"first","11":"instock","12":"sale","13":"taxable","14":"shipping-taxable","15":"purchasable","16":"product-type-variable","17":"has-default-attributes"},"yoast_head":"<!-- This site is optimized with the Yoast SEO plugin v27.3 - https:\/\/yoast.com\/product\/yoast-seo-wordpress\/ -->\n<title>Bluza z haftem \u201cTAKE CARE OF YOUR ENERGY\u201d Light Sand - KORNELIARATAJ<\/title>\n<meta name=\"description\" content=\"Kornelia Rataj. Minimalist Women&#039;s Collection, Basic, Swimwear. HANDMADE IN POLAND WITH LOVE.\" \/>\n<meta name=\"robots\" content=\"index, follow, max-snippet:-1, max-image-preview:large, max-video-preview:-1\" \/>\n<link rel=\"canonical\" href=\"https:\/\/korneliarataj.com\/de\/produkt\/bluza-z-haftem-tcoye-light-sand\/\" \/>\n<meta property=\"og:locale\" content=\"de_DE\" \/>\n<meta property=\"og:type\" content=\"article\" \/>\n<meta property=\"og:title\" content=\"Bluza z haftem \u201cTAKE CARE OF YOUR ENERGY\u201d Light Sand - KORNELIARATAJ\" \/>\n<meta property=\"og:description\" content=\"Kornelia Rataj. Minimalist Women&#039;s Collection, Basic, Swimwear. HANDMADE IN POLAND WITH LOVE.\" \/>\n<meta property=\"og:url\" content=\"https:\/\/korneliarataj.com\/de\/produkt\/bluza-z-haftem-tcoye-light-sand\/\" \/>\n<meta property=\"og:site_name\" content=\"KORNELIARATAJ\" \/>\n<meta property=\"article:publisher\" content=\"http:\/\/www.facebook.com\/korneliaratajshop\" \/>\n<meta property=\"article:modified_time\" content=\"2026-03-22T23:05:33+00:00\" \/>\n<meta property=\"og:image\" content=\"https:\/\/korneliarataj.com\/wp-content\/uploads\/2025\/01\/SWEATSHIRT-TCOYE-1-scaled.jpg\" \/>\n\t<meta property=\"og:image:width\" content=\"1365\" \/>\n\t<meta property=\"og:image:height\" content=\"2048\" \/>\n\t<meta property=\"og:image:type\" content=\"image\/jpeg\" \/>\n<meta name=\"twitter:card\" content=\"summary_large_image\" \/>\n<meta name=\"twitter:label1\" content=\"Gesch\u00e4tzte Lesezeit\" \/>\n\t<meta name=\"twitter:data1\" content=\"1\u00a0Minute\" \/>\n<script type=\"application\/ld+json\" class=\"yoast-schema-graph\">{\"@context\":\"https:\\\/\\\/schema.org\",\"@graph\":[{\"@type\":\"WebPage\",\"@id\":\"https:\\\/\\\/korneliarataj.com\\\/produkt\\\/bluza-z-haftem-tcoye-light-sand\\\/\",\"url\":\"https:\\\/\\\/korneliarataj.com\\\/produkt\\\/bluza-z-haftem-tcoye-light-sand\\\/\",\"name\":\"Bluza z haftem \u201cTAKE CARE OF YOUR ENERGY\u201d Light Sand - KORNELIARATAJ\",\"isPartOf\":{\"@id\":\"https:\\\/\\\/korneliarataj.com\\\/#website\"},\"primaryImageOfPage\":{\"@id\":\"https:\\\/\\\/korneliarataj.com\\\/produkt\\\/bluza-z-haftem-tcoye-light-sand\\\/#primaryimage\"},\"image\":{\"@id\":\"https:\\\/\\\/korneliarataj.com\\\/produkt\\\/bluza-z-haftem-tcoye-light-sand\\\/#primaryimage\"},\"thumbnailUrl\":\"https:\\\/\\\/korneliarataj.com\\\/wp-content\\\/uploads\\\/2025\\\/01\\\/SWEATSHIRT-TCOYE-1-scaled.jpg\",\"datePublished\":\"2024-10-02T22:09:47+00:00\",\"dateModified\":\"2026-03-22T23:05:33+00:00\",\"description\":\"Kornelia Rataj. Minimalist Women's Collection, Basic, Swimwear. HANDMADE IN POLAND WITH LOVE.\",\"breadcrumb\":{\"@id\":\"https:\\\/\\\/korneliarataj.com\\\/produkt\\\/bluza-z-haftem-tcoye-light-sand\\\/#breadcrumb\"},\"inLanguage\":\"de\",\"potentialAction\":[{\"@type\":\"ReadAction\",\"target\":[\"https:\\\/\\\/korneliarataj.com\\\/produkt\\\/bluza-z-haftem-tcoye-light-sand\\\/\"]}]},{\"@type\":\"ImageObject\",\"inLanguage\":\"de\",\"@id\":\"https:\\\/\\\/korneliarataj.com\\\/produkt\\\/bluza-z-haftem-tcoye-light-sand\\\/#primaryimage\",\"url\":\"https:\\\/\\\/korneliarataj.com\\\/wp-content\\\/uploads\\\/2025\\\/01\\\/SWEATSHIRT-TCOYE-1-scaled.jpg\",\"contentUrl\":\"https:\\\/\\\/korneliarataj.com\\\/wp-content\\\/uploads\\\/2025\\\/01\\\/SWEATSHIRT-TCOYE-1-scaled.jpg\",\"width\":1365,\"height\":2048},{\"@type\":\"BreadcrumbList\",\"@id\":\"https:\\\/\\\/korneliarataj.com\\\/produkt\\\/bluza-z-haftem-tcoye-light-sand\\\/#breadcrumb\",\"itemListElement\":[{\"@type\":\"ListItem\",\"position\":1,\"name\":\"HOME\",\"item\":\"https:\\\/\\\/korneliarataj.com\\\/\"},{\"@type\":\"ListItem\",\"position\":2,\"name\":\"Products\",\"item\":\"https:\\\/\\\/korneliarataj.com\\\/en\\\/shop\\\/\"},{\"@type\":\"ListItem\",\"position\":3,\"name\":\"Bluza z haftem \u201cTAKE CARE OF YOUR ENERGY\u201d Light Sand\"}]},{\"@type\":\"WebSite\",\"@id\":\"https:\\\/\\\/korneliarataj.com\\\/#website\",\"url\":\"https:\\\/\\\/korneliarataj.com\\\/\",\"name\":\"Stroje K\u0105pielowe i Odzie\u017c Lniana Sklep Kornelia Rataj\",\"description\":\"swimwear stroje k\u0105pielowe ubrania len lniane\",\"publisher\":{\"@id\":\"https:\\\/\\\/korneliarataj.com\\\/#organization\"},\"potentialAction\":[{\"@type\":\"SearchAction\",\"target\":{\"@type\":\"EntryPoint\",\"urlTemplate\":\"https:\\\/\\\/korneliarataj.com\\\/?s={search_term_string}\"},\"query-input\":{\"@type\":\"PropertyValueSpecification\",\"valueRequired\":true,\"valueName\":\"search_term_string\"}}],\"inLanguage\":\"de\"},{\"@type\":\"Organization\",\"@id\":\"https:\\\/\\\/korneliarataj.com\\\/#organization\",\"name\":\"KORNELIARATAJ\",\"url\":\"https:\\\/\\\/korneliarataj.com\\\/\",\"logo\":{\"@type\":\"ImageObject\",\"inLanguage\":\"de\",\"@id\":\"https:\\\/\\\/korneliarataj.com\\\/#\\\/schema\\\/logo\\\/image\\\/\",\"url\":\"https:\\\/\\\/korneliarataj.com\\\/wp-content\\\/uploads\\\/2020\\\/07\\\/LOGO-KR.svg\",\"contentUrl\":\"https:\\\/\\\/korneliarataj.com\\\/wp-content\\\/uploads\\\/2020\\\/07\\\/LOGO-KR.svg\",\"width\":1024,\"height\":1024,\"caption\":\"KORNELIARATAJ\"},\"image\":{\"@id\":\"https:\\\/\\\/korneliarataj.com\\\/#\\\/schema\\\/logo\\\/image\\\/\"},\"sameAs\":[\"http:\\\/\\\/www.facebook.com\\\/korneliaratajshop\",\"http:\\\/\\\/www.instagram.com\\\/korneliarataj\"]}]}<\/script>\n<!-- \/ Yoast SEO plugin. -->","yoast_head_json":{"title":"TAKE CARE OF YOUR ENERGY\u201c Sweatshirt mit Stickerei Hellsand - KORNELIARATAJ","description":"Kornelia Rataj. Minimalistische Damenkollektion, Basic, Bademode. HANDGEMACHT IN POLEN MIT LIEBE.","robots":{"index":"index","follow":"follow","max-snippet":"max-snippet:-1","max-image-preview":"max-image-preview:large","max-video-preview":"max-video-preview:-1"},"canonical":"https:\/\/korneliarataj.com\/de\/produkt\/bluza-z-haftem-tcoye-light-sand\/","og_locale":"de_DE","og_type":"article","og_title":"Bluza z haftem \u201cTAKE CARE OF YOUR ENERGY\u201d Light Sand - KORNELIARATAJ","og_description":"Kornelia Rataj. Minimalist Women's Collection, Basic, Swimwear. HANDMADE IN POLAND WITH LOVE.","og_url":"https:\/\/korneliarataj.com\/de\/produkt\/bluza-z-haftem-tcoye-light-sand\/","og_site_name":"KORNELIARATAJ","article_publisher":"http:\/\/www.facebook.com\/korneliaratajshop","article_modified_time":"2026-03-22T23:05:33+00:00","og_image":[{"width":1365,"height":2048,"url":"https:\/\/korneliarataj.com\/wp-content\/uploads\/2025\/01\/SWEATSHIRT-TCOYE-1-scaled.jpg","type":"image\/jpeg"}],"twitter_card":"summary_large_image","twitter_misc":{"Gesch\u00e4tzte Lesezeit":"1\u00a0Minute"},"schema":{"@context":"https:\/\/schema.org","@graph":[{"@type":"WebPage","@id":"https:\/\/korneliarataj.com\/produkt\/bluza-z-haftem-tcoye-light-sand\/","url":"https:\/\/korneliarataj.com\/produkt\/bluza-z-haftem-tcoye-light-sand\/","name":"TAKE CARE OF YOUR ENERGY\u201c Sweatshirt mit Stickerei Hellsand - KORNELIARATAJ","isPartOf":{"@id":"https:\/\/korneliarataj.com\/#website"},"primaryImageOfPage":{"@id":"https:\/\/korneliarataj.com\/produkt\/bluza-z-haftem-tcoye-light-sand\/#primaryimage"},"image":{"@id":"https:\/\/korneliarataj.com\/produkt\/bluza-z-haftem-tcoye-light-sand\/#primaryimage"},"thumbnailUrl":"https:\/\/korneliarataj.com\/wp-content\/uploads\/2025\/01\/SWEATSHIRT-TCOYE-1-scaled.jpg","datePublished":"2024-10-02T22:09:47+00:00","dateModified":"2026-03-22T23:05:33+00:00","description":"Kornelia Rataj. Minimalistische Damenkollektion, Basic, Bademode. HANDGEMACHT IN POLEN MIT LIEBE.","breadcrumb":{"@id":"https:\/\/korneliarataj.com\/produkt\/bluza-z-haftem-tcoye-light-sand\/#breadcrumb"},"inLanguage":"de","potentialAction":[{"@type":"ReadAction","target":["https:\/\/korneliarataj.com\/produkt\/bluza-z-haftem-tcoye-light-sand\/"]}]},{"@type":"ImageObject","inLanguage":"de","@id":"https:\/\/korneliarataj.com\/produkt\/bluza-z-haftem-tcoye-light-sand\/#primaryimage","url":"https:\/\/korneliarataj.com\/wp-content\/uploads\/2025\/01\/SWEATSHIRT-TCOYE-1-scaled.jpg","contentUrl":"https:\/\/korneliarataj.com\/wp-content\/uploads\/2025\/01\/SWEATSHIRT-TCOYE-1-scaled.jpg","width":1365,"height":2048},{"@type":"BreadcrumbList","@id":"https:\/\/korneliarataj.com\/produkt\/bluza-z-haftem-tcoye-light-sand\/#breadcrumb","itemListElement":[{"@type":"ListItem","position":1,"name":"HOME","item":"https:\/\/korneliarataj.com\/"},{"@type":"ListItem","position":2,"name":"Products","item":"https:\/\/korneliarataj.com\/en\/shop\/"},{"@type":"ListItem","position":3,"name":"Bluza z haftem \u201cTAKE CARE OF YOUR ENERGY\u201d Light Sand"}]},{"@type":"WebSite","@id":"https:\/\/korneliarataj.com\/#website","url":"https:\/\/korneliarataj.com\/","name":"Bademode und Leinenbekleidung Shop Kornelia Rataj","description":"badebekleidung badebekleidung leinen leinenbekleidung","publisher":{"@id":"https:\/\/korneliarataj.com\/#organization"},"potentialAction":[{"@type":"SearchAction","target":{"@type":"EntryPoint","urlTemplate":"https:\/\/korneliarataj.com\/?s={search_term_string}"},"query-input":{"@type":"PropertyValueSpecification","valueRequired":true,"valueName":"search_term_string"}}],"inLanguage":"de"},{"@type":"Organization","@id":"https:\/\/korneliarataj.com\/#organization","name":"KORNELIARATAJ","url":"https:\/\/korneliarataj.com\/","logo":{"@type":"ImageObject","inLanguage":"de","@id":"https:\/\/korneliarataj.com\/#\/schema\/logo\/image\/","url":"https:\/\/korneliarataj.com\/wp-content\/uploads\/2020\/07\/LOGO-KR.svg","contentUrl":"https:\/\/korneliarataj.com\/wp-content\/uploads\/2020\/07\/LOGO-KR.svg","width":1024,"height":1024,"caption":"KORNELIARATAJ"},"image":{"@id":"https:\/\/korneliarataj.com\/#\/schema\/logo\/image\/"},"sameAs":["http:\/\/www.facebook.com\/korneliaratajshop","http:\/\/www.instagram.com\/korneliarataj"]}]}},"_links":{"self":[{"href":"https:\/\/korneliarataj.com\/de\/wp-json\/wp\/v2\/product\/281880","targetHints":{"allow":["GET"]}}],"collection":[{"href":"https:\/\/korneliarataj.com\/de\/wp-json\/wp\/v2\/product"}],"about":[{"href":"https:\/\/korneliarataj.com\/de\/wp-json\/wp\/v2\/types\/product"}],"wp:featuredmedia":[{"embeddable":true,"href":"https:\/\/korneliarataj.com\/de\/wp-json\/wp\/v2\/media\/304289"}],"wp:attachment":[{"href":"https:\/\/korneliarataj.com\/de\/wp-json\/wp\/v2\/media?parent=281880"}],"wp:term":[{"taxonomy":"product_brand","embeddable":true,"href":"https:\/\/korneliarataj.com\/de\/wp-json\/wp\/v2\/product_brand?post=281880"},{"taxonomy":"product_cat","embeddable":true,"href":"https:\/\/korneliarataj.com\/de\/wp-json\/wp\/v2\/product_cat?post=281880"},{"taxonomy":"product_tag","embeddable":true,"href":"https:\/\/korneliarataj.com\/de\/wp-json\/wp\/v2\/product_tag?post=281880"}],"curies":[{"name":"wp","href":"https:\/\/api.w.org\/{rel}","templated":true}]}}