{"id":228579,"date":"2024-06-18T14:53:30","date_gmt":"2024-06-18T12:53:30","guid":{"rendered":"https:\/\/korneliarataj.com\/?post_type=product&#038;p=228579"},"modified":"2025-04-25T16:27:15","modified_gmt":"2025-04-25T14:27:15","slug":"t-shirt-z-haftem-motb","status":"publish","type":"product","link":"https:\/\/korneliarataj.com\/de\/produkt\/t-shirt-z-haftem-motb\/","title":{"rendered":"T-Shirt mit Stickerei \u201cMENTALLY ON THE BEACH\u201d"},"content":{"rendered":"","protected":false},"excerpt":{"rendered":"<p style=\"text-align: left;\"><u><strong>T-Shirt mit Stickerei \u201cMENTALLY ON THE BEACH\u201d<\/strong><\/u><\/p>\n<p style=\"text-align: left;\">T-Shirt mit Stickerei in einem nat\u00fcrlichen Beigeton. T-Shirt aus gots-zertifizierter Bio-Baumwolle gestrickt. Leicht, weich und angenehm auf der Haut, ist dieses T-Shirt ein Muss f\u00fcr den Sommer. W\u00e4hlen Sie aus 9 Vorschl\u00e4gen die Stickerei aus, die Ihnen am besten gef\u00e4llt:<\/p>\n<p style=\"text-align: left;\"><a href=\"https:\/\/korneliarataj.com\/de\/produkt\/t-shirt-1\/\" target=\"_blank\" rel=\"noopener noreferrer\"><strong>1. T-Shirt mit der Stickerei \"mental on the beach\".<\/strong><\/a><br \/>\n<a href=\"https:\/\/korneliarataj.com\/de\/produkt\/t-shirt-2\/\" target=\"_blank\" rel=\"noopener noreferrer\"><strong>2. T-Shirt mit der Aufschrift \"Wie ist das Wetter bei Ihnen?\"<\/strong><\/a><br \/>\n<a href=\"https:\/\/korneliarataj.com\/de\/produkt\/t-shirt-3\/\" target=\"_blank\" rel=\"noopener noreferrer\"><strong>3. T-Shirt mit der Stickerei \"Take care of your energy\".<\/strong><\/a><br \/>\n<a href=\"https:\/\/korneliarataj.com\/de\/produkt\/t-shirt-4\/\" target=\"_blank\" rel=\"noopener noreferrer\"><strong>4. T-Shirt mit der Aufschrift \"Girls just wanna have sun\".<\/strong><\/a><br \/>\n<a href=\"https:\/\/korneliarataj.com\/de\/produkt\/t-shirt-5\/\" target=\"_blank\" rel=\"noopener noreferrer\"><strong>5. T-Shirt mit \"Sonne bitte\"-Stickerei<\/strong><\/a><br \/>\n<a href=\"https:\/\/korneliarataj.com\/de\/produkt\/t-shirt-6\/\" target=\"_blank\" rel=\"noopener noreferrer\"><strong>6. T-Shirt mit \"Seele voller Sonnenschein\"-Stickerei<\/strong><\/a><br \/>\n<a href=\"https:\/\/korneliarataj.com\/de\/produkt\/t-shirt-7\/\" target=\"_blank\" rel=\"noopener noreferrer\"><strong>7. T-Shirt mit der Stickerei \"that summer feeling\".<\/strong><\/a><br \/>\n<a href=\"https:\/\/korneliarataj.com\/de\/produkt\/t-shirt-8\/\" target=\"_blank\" rel=\"noopener noreferrer\"><strong>8. T-Shirt mit Stickerei \"that bali vibe\"<\/strong><\/a><br \/>\n<a href=\"https:\/\/korneliarataj.com\/de\/produkt\/t-shirt-9\/\" target=\"_blank\" rel=\"noopener noreferrer\"><strong>9. T-Shirt mit \"Zart wie eine Orchidee\"-Stickerei<\/strong><\/a><\/p>\n<p style=\"text-align: left;\">Sie k\u00f6nnen das T-Shirt ohne Unterteil tragen - es ist die perfekte Urlaubsvariante f\u00fcr den Strand. Kombinieren Sie es mit jeder Art von Shorts, Hosen oder R\u00f6cken. Tragen Sie das T-Shirt auf dem Weg zum und vom Strand, die Praktikabilit\u00e4t und der Komfort machen es m\u00f6glich, Ihren gesamten Urlaub in diesem T-Shirt zu verbringen. Tragen Sie es mit Jeans, mit Leinenprodukten aus der Kollektion <a href=\"https:\/\/korneliarataj.com\/de\/linen\/\" target=\"_blank\" rel=\"noopener noreferrer\"><strong>Leinen<\/strong><\/a>Tragen Sie dazu eine Jeansjacke oder unsere. <a href=\"https:\/\/korneliarataj.com\/de\/produkt\/kr-summer-jacket\/\" target=\"_blank\" rel=\"noopener noreferrer\"><strong>kr Sommerjacke Nr. 1<\/strong><\/a><\/p>\n<p style=\"text-align: left;\">Das T-Shirt in einem nat\u00fcrlichen Farbton von Hellbeige ist ideal f\u00fcr den Sommer und kann die Basis f\u00fcr viele interessante Looks sein. Es ist aus Bio-Baumwolle mit Elastan hergestellt. Die Baumwolle ist d\u00fcnn, luftig und angenehm auf der Haut. Sie bietet einen hohen Tragekomfort, besonders im Sommer. Das Produkt ist einlagig gen\u00e4ht und hat ein Strickgewicht von 200 g\/m2.<\/p>\n<p style=\"text-align: left;\">Unsere Produkte bestechen durch sorgf\u00e4ltige Verarbeitung, Langlebigkeit und eine \u00c4sthetik, die Ihr Herz erobern wird. Das Produkt wird vollst\u00e4ndig in Polen hergestellt, in unserer Familienwerkstatt in Czernica. Auch die Stickerei auf dem T-Shirt wird in unserer Werkstatt angefertigt.<\/p>\n<p style=\"text-align: left;\">Das T-Shirt ist in 3 Gr\u00f6\u00dfen erh\u00e4ltlich.<br \/>\nDas Modell, das das Produkt zeigt, tr\u00e4gt Gr\u00f6\u00dfe xs\/s.<\/p>\n<p style=\"text-align: left;\"><u>Modellabmessungen:<\/u><br \/>\nBrustumfang: 89cm<br \/>\nUmfang unter der B\u00fcste: 70cm<br \/>\nTaillenumfang: 65cm<br \/>\nH\u00fcftumfang: 91cm<br \/>\nH\u00f6he: 165cm<br \/>\nTasse: c<\/p>\n<p style=\"text-align: left;\"><u>Zusammensetzung und Pflegehinweise:<\/u><br \/>\n95% Gots aus Bio-Baumwolle<br \/>\n5% Elastin<br \/>\nGrammatur des Gestricks 200g\/m2<br \/>\nSchonwaschgang bei 30\u00b0c<br \/>\nHandw\u00e4sche<br \/>\nB\u00fcgeleisen bei einer H\u00f6chsttemperatur von 110\u00b0c<br \/>\nnicht bleichen<br \/>\nnicht im Trockner trocknen<br \/>\nnicht chemisch reinigen<\/p>\n<p style=\"text-align: left;\">Das Produkt wurde in Czernica hergestellt<\/p>","protected":false},"featured_media":228589,"template":"","meta":[],"product_brand":[],"product_cat":[198],"product_tag":[],"class_list":{"0":"post-228579","1":"product","2":"type-product","3":"status-publish","4":"has-post-thumbnail","6":"product_cat-archiwum","7":"flv-has-gallery","9":"first","10":"outofstock","11":"taxable","12":"shipping-taxable","13":"product-type-variable"},"yoast_head":"<!-- This site is optimized with the Yoast SEO plugin v27.3 - https:\/\/yoast.com\/product\/yoast-seo-wordpress\/ -->\n<title>T-shirt z haftem &quot;MENTALLY ON THE BEACH&quot; - KORNELIARATAJ<\/title>\n<meta name=\"description\" content=\"Kornelia Rataj. Minimalist Women&#039;s Collection, Basic, Swimwear. HANDMADE IN POLAND WITH LOVE.\" \/>\n<meta name=\"robots\" content=\"index, follow, max-snippet:-1, max-image-preview:large, max-video-preview:-1\" \/>\n<link rel=\"canonical\" href=\"https:\/\/korneliarataj.com\/de\/produkt\/t-shirt-z-haftem-motb\/\" \/>\n<meta property=\"og:locale\" content=\"de_DE\" \/>\n<meta property=\"og:type\" content=\"article\" \/>\n<meta property=\"og:title\" content=\"T-shirt z haftem &quot;MENTALLY ON THE BEACH&quot; - KORNELIARATAJ\" \/>\n<meta property=\"og:description\" content=\"Kornelia Rataj. Minimalist Women&#039;s Collection, Basic, Swimwear. HANDMADE IN POLAND WITH LOVE.\" \/>\n<meta property=\"og:url\" content=\"https:\/\/korneliarataj.com\/de\/produkt\/t-shirt-z-haftem-motb\/\" \/>\n<meta property=\"og:site_name\" content=\"KORNELIARATAJ\" \/>\n<meta property=\"article:publisher\" content=\"http:\/\/www.facebook.com\/korneliaratajshop\" \/>\n<meta property=\"article:modified_time\" content=\"2025-04-25T14:27:15+00:00\" \/>\n<meta property=\"og:image\" content=\"https:\/\/korneliarataj.com\/wp-content\/uploads\/2024\/06\/T-SHIRT-1-1-scaled.jpg\" \/>\n\t<meta property=\"og:image:width\" content=\"1366\" \/>\n\t<meta property=\"og:image:height\" content=\"2048\" \/>\n\t<meta property=\"og:image:type\" content=\"image\/jpeg\" \/>\n<meta name=\"twitter:card\" content=\"summary_large_image\" \/>\n<meta name=\"twitter:label1\" content=\"Gesch\u00e4tzte Lesezeit\" \/>\n\t<meta name=\"twitter:data1\" content=\"1\u00a0Minute\" \/>\n<script type=\"application\/ld+json\" class=\"yoast-schema-graph\">{\"@context\":\"https:\\\/\\\/schema.org\",\"@graph\":[{\"@type\":\"WebPage\",\"@id\":\"https:\\\/\\\/korneliarataj.com\\\/produkt\\\/t-shirt-z-haftem-motb\\\/\",\"url\":\"https:\\\/\\\/korneliarataj.com\\\/produkt\\\/t-shirt-z-haftem-motb\\\/\",\"name\":\"T-shirt z haftem \\\"MENTALLY ON THE BEACH\\\" - KORNELIARATAJ\",\"isPartOf\":{\"@id\":\"https:\\\/\\\/korneliarataj.com\\\/#website\"},\"primaryImageOfPage\":{\"@id\":\"https:\\\/\\\/korneliarataj.com\\\/produkt\\\/t-shirt-z-haftem-motb\\\/#primaryimage\"},\"image\":{\"@id\":\"https:\\\/\\\/korneliarataj.com\\\/produkt\\\/t-shirt-z-haftem-motb\\\/#primaryimage\"},\"thumbnailUrl\":\"https:\\\/\\\/korneliarataj.com\\\/wp-content\\\/uploads\\\/2024\\\/06\\\/T-SHIRT-1-1-scaled.jpg\",\"datePublished\":\"2024-06-18T12:53:30+00:00\",\"dateModified\":\"2025-04-25T14:27:15+00:00\",\"description\":\"Kornelia Rataj. Minimalist Women's Collection, Basic, Swimwear. HANDMADE IN POLAND WITH LOVE.\",\"breadcrumb\":{\"@id\":\"https:\\\/\\\/korneliarataj.com\\\/produkt\\\/t-shirt-z-haftem-motb\\\/#breadcrumb\"},\"inLanguage\":\"de\",\"potentialAction\":[{\"@type\":\"ReadAction\",\"target\":[\"https:\\\/\\\/korneliarataj.com\\\/produkt\\\/t-shirt-z-haftem-motb\\\/\"]}]},{\"@type\":\"ImageObject\",\"inLanguage\":\"de\",\"@id\":\"https:\\\/\\\/korneliarataj.com\\\/produkt\\\/t-shirt-z-haftem-motb\\\/#primaryimage\",\"url\":\"https:\\\/\\\/korneliarataj.com\\\/wp-content\\\/uploads\\\/2024\\\/06\\\/T-SHIRT-1-1-scaled.jpg\",\"contentUrl\":\"https:\\\/\\\/korneliarataj.com\\\/wp-content\\\/uploads\\\/2024\\\/06\\\/T-SHIRT-1-1-scaled.jpg\",\"width\":1366,\"height\":2048},{\"@type\":\"BreadcrumbList\",\"@id\":\"https:\\\/\\\/korneliarataj.com\\\/produkt\\\/t-shirt-z-haftem-motb\\\/#breadcrumb\",\"itemListElement\":[{\"@type\":\"ListItem\",\"position\":1,\"name\":\"HOME\",\"item\":\"https:\\\/\\\/korneliarataj.com\\\/\"},{\"@type\":\"ListItem\",\"position\":2,\"name\":\"Products\",\"item\":\"https:\\\/\\\/korneliarataj.com\\\/en\\\/shop\\\/\"},{\"@type\":\"ListItem\",\"position\":3,\"name\":\"T-shirt z haftem &#8222;MENTALLY ON THE BEACH&#8221;\"}]},{\"@type\":\"WebSite\",\"@id\":\"https:\\\/\\\/korneliarataj.com\\\/#website\",\"url\":\"https:\\\/\\\/korneliarataj.com\\\/\",\"name\":\"Stroje K\u0105pielowe i Odzie\u017c Lniana Sklep Kornelia Rataj\",\"description\":\"swimwear stroje k\u0105pielowe ubrania len lniane\",\"publisher\":{\"@id\":\"https:\\\/\\\/korneliarataj.com\\\/#organization\"},\"potentialAction\":[{\"@type\":\"SearchAction\",\"target\":{\"@type\":\"EntryPoint\",\"urlTemplate\":\"https:\\\/\\\/korneliarataj.com\\\/?s={search_term_string}\"},\"query-input\":{\"@type\":\"PropertyValueSpecification\",\"valueRequired\":true,\"valueName\":\"search_term_string\"}}],\"inLanguage\":\"de\"},{\"@type\":\"Organization\",\"@id\":\"https:\\\/\\\/korneliarataj.com\\\/#organization\",\"name\":\"KORNELIARATAJ\",\"url\":\"https:\\\/\\\/korneliarataj.com\\\/\",\"logo\":{\"@type\":\"ImageObject\",\"inLanguage\":\"de\",\"@id\":\"https:\\\/\\\/korneliarataj.com\\\/#\\\/schema\\\/logo\\\/image\\\/\",\"url\":\"https:\\\/\\\/korneliarataj.com\\\/wp-content\\\/uploads\\\/2020\\\/07\\\/LOGO-KR.svg\",\"contentUrl\":\"https:\\\/\\\/korneliarataj.com\\\/wp-content\\\/uploads\\\/2020\\\/07\\\/LOGO-KR.svg\",\"width\":1024,\"height\":1024,\"caption\":\"KORNELIARATAJ\"},\"image\":{\"@id\":\"https:\\\/\\\/korneliarataj.com\\\/#\\\/schema\\\/logo\\\/image\\\/\"},\"sameAs\":[\"http:\\\/\\\/www.facebook.com\\\/korneliaratajshop\",\"http:\\\/\\\/www.instagram.com\\\/korneliarataj\"]}]}<\/script>\n<!-- \/ Yoast SEO plugin. -->","yoast_head_json":{"title":"T-shirt z haftem \"MENTALLY ON THE BEACH\" - KORNELIARATAJ","description":"Kornelia Rataj. Minimalistische Damenkollektion, Basic, Bademode. HANDGEMACHT IN POLEN MIT LIEBE.","robots":{"index":"index","follow":"follow","max-snippet":"max-snippet:-1","max-image-preview":"max-image-preview:large","max-video-preview":"max-video-preview:-1"},"canonical":"https:\/\/korneliarataj.com\/de\/produkt\/t-shirt-z-haftem-motb\/","og_locale":"de_DE","og_type":"article","og_title":"T-shirt z haftem \"MENTALLY ON THE BEACH\" - KORNELIARATAJ","og_description":"Kornelia Rataj. Minimalist Women's Collection, Basic, Swimwear. HANDMADE IN POLAND WITH LOVE.","og_url":"https:\/\/korneliarataj.com\/de\/produkt\/t-shirt-z-haftem-motb\/","og_site_name":"KORNELIARATAJ","article_publisher":"http:\/\/www.facebook.com\/korneliaratajshop","article_modified_time":"2025-04-25T14:27:15+00:00","og_image":[{"width":1366,"height":2048,"url":"https:\/\/korneliarataj.com\/wp-content\/uploads\/2024\/06\/T-SHIRT-1-1-scaled.jpg","type":"image\/jpeg"}],"twitter_card":"summary_large_image","twitter_misc":{"Gesch\u00e4tzte Lesezeit":"1\u00a0Minute"},"schema":{"@context":"https:\/\/schema.org","@graph":[{"@type":"WebPage","@id":"https:\/\/korneliarataj.com\/produkt\/t-shirt-z-haftem-motb\/","url":"https:\/\/korneliarataj.com\/produkt\/t-shirt-z-haftem-motb\/","name":"T-shirt z haftem \"MENTALLY ON THE BEACH\" - KORNELIARATAJ","isPartOf":{"@id":"https:\/\/korneliarataj.com\/#website"},"primaryImageOfPage":{"@id":"https:\/\/korneliarataj.com\/produkt\/t-shirt-z-haftem-motb\/#primaryimage"},"image":{"@id":"https:\/\/korneliarataj.com\/produkt\/t-shirt-z-haftem-motb\/#primaryimage"},"thumbnailUrl":"https:\/\/korneliarataj.com\/wp-content\/uploads\/2024\/06\/T-SHIRT-1-1-scaled.jpg","datePublished":"2024-06-18T12:53:30+00:00","dateModified":"2025-04-25T14:27:15+00:00","description":"Kornelia Rataj. Minimalistische Damenkollektion, Basic, Bademode. HANDGEMACHT IN POLEN MIT LIEBE.","breadcrumb":{"@id":"https:\/\/korneliarataj.com\/produkt\/t-shirt-z-haftem-motb\/#breadcrumb"},"inLanguage":"de","potentialAction":[{"@type":"ReadAction","target":["https:\/\/korneliarataj.com\/produkt\/t-shirt-z-haftem-motb\/"]}]},{"@type":"ImageObject","inLanguage":"de","@id":"https:\/\/korneliarataj.com\/produkt\/t-shirt-z-haftem-motb\/#primaryimage","url":"https:\/\/korneliarataj.com\/wp-content\/uploads\/2024\/06\/T-SHIRT-1-1-scaled.jpg","contentUrl":"https:\/\/korneliarataj.com\/wp-content\/uploads\/2024\/06\/T-SHIRT-1-1-scaled.jpg","width":1366,"height":2048},{"@type":"BreadcrumbList","@id":"https:\/\/korneliarataj.com\/produkt\/t-shirt-z-haftem-motb\/#breadcrumb","itemListElement":[{"@type":"ListItem","position":1,"name":"HOME","item":"https:\/\/korneliarataj.com\/"},{"@type":"ListItem","position":2,"name":"Products","item":"https:\/\/korneliarataj.com\/en\/shop\/"},{"@type":"ListItem","position":3,"name":"T-shirt z haftem &#8222;MENTALLY ON THE BEACH&#8221;"}]},{"@type":"WebSite","@id":"https:\/\/korneliarataj.com\/#website","url":"https:\/\/korneliarataj.com\/","name":"Bademode und Leinenbekleidung Shop Kornelia Rataj","description":"badebekleidung badebekleidung leinen leinenbekleidung","publisher":{"@id":"https:\/\/korneliarataj.com\/#organization"},"potentialAction":[{"@type":"SearchAction","target":{"@type":"EntryPoint","urlTemplate":"https:\/\/korneliarataj.com\/?s={search_term_string}"},"query-input":{"@type":"PropertyValueSpecification","valueRequired":true,"valueName":"search_term_string"}}],"inLanguage":"de"},{"@type":"Organization","@id":"https:\/\/korneliarataj.com\/#organization","name":"KORNELIARATAJ","url":"https:\/\/korneliarataj.com\/","logo":{"@type":"ImageObject","inLanguage":"de","@id":"https:\/\/korneliarataj.com\/#\/schema\/logo\/image\/","url":"https:\/\/korneliarataj.com\/wp-content\/uploads\/2020\/07\/LOGO-KR.svg","contentUrl":"https:\/\/korneliarataj.com\/wp-content\/uploads\/2020\/07\/LOGO-KR.svg","width":1024,"height":1024,"caption":"KORNELIARATAJ"},"image":{"@id":"https:\/\/korneliarataj.com\/#\/schema\/logo\/image\/"},"sameAs":["http:\/\/www.facebook.com\/korneliaratajshop","http:\/\/www.instagram.com\/korneliarataj"]}]}},"_links":{"self":[{"href":"https:\/\/korneliarataj.com\/de\/wp-json\/wp\/v2\/product\/228579","targetHints":{"allow":["GET"]}}],"collection":[{"href":"https:\/\/korneliarataj.com\/de\/wp-json\/wp\/v2\/product"}],"about":[{"href":"https:\/\/korneliarataj.com\/de\/wp-json\/wp\/v2\/types\/product"}],"wp:featuredmedia":[{"embeddable":true,"href":"https:\/\/korneliarataj.com\/de\/wp-json\/wp\/v2\/media\/228589"}],"wp:attachment":[{"href":"https:\/\/korneliarataj.com\/de\/wp-json\/wp\/v2\/media?parent=228579"}],"wp:term":[{"taxonomy":"product_brand","embeddable":true,"href":"https:\/\/korneliarataj.com\/de\/wp-json\/wp\/v2\/product_brand?post=228579"},{"taxonomy":"product_cat","embeddable":true,"href":"https:\/\/korneliarataj.com\/de\/wp-json\/wp\/v2\/product_cat?post=228579"},{"taxonomy":"product_tag","embeddable":true,"href":"https:\/\/korneliarataj.com\/de\/wp-json\/wp\/v2\/product_tag?post=228579"}],"curies":[{"name":"wp","href":"https:\/\/api.w.org\/{rel}","templated":true}]}}