{"id":227608,"date":"2024-06-16T20:20:21","date_gmt":"2024-06-16T18:20:21","guid":{"rendered":"https:\/\/korneliarataj.com\/?post_type=product&#038;p=227608"},"modified":"2026-03-22T23:39:01","modified_gmt":"2026-03-22T22:39:01","slug":"sukienka-na-jedno-ramie-maxi-rozowa","status":"publish","type":"product","link":"https:\/\/korneliarataj.com\/de\/produkt\/sukienka-na-jedno-ramie-maxi-rozowa\/","title":{"rendered":"Maxikleid mit einer Schulter Rosa"},"content":{"rendered":"","protected":false},"excerpt":{"rendered":"<p style=\"text-align: left;\"><u><strong>Sukienka na jedno rami\u0119 maxi<\/strong><\/u><\/p>\n<p style=\"text-align: left;\">Sukienka na jedno rami\u0119, bez r\u0119kaw\u00f3w, o\u00a0d\u0142ugo\u015bci do\u00a0kostek. Sukienka mo\u017ce by\u0107 wi\u0105zana dowolnie na prawym lub lewym ramieniu, wi\u0105zanie\u00a0jest jednocze\u015bnie regulacj\u0105 d\u0142ugo\u015bci sukienki.<\/p>\n<p style=\"text-align: left;\">Sukienka jest r\u00f3wnie\u017c dost\u0119pna w kr\u00f3tszej wersji do kolan &#8211; <strong>summer dress<\/strong><\/p>\n<p style=\"text-align: left;\">Das Kleid in einem rosa Farbton hat eine lockere Passform, das perfekte Sommerkleid. Es ist aus einer Mischung aus Leinen und Viskose gefertigt. Der Stoff ist leicht und luftig und bietet hohen Tragekomfort, besonders im Sommer. Das Produkt ist einlagig gen\u00e4ht und hat ein Stoffgewicht von 195 g\/m2.<\/p>\n<p style=\"text-align: left;\">Das rosa Kleid ist eine Wahl f\u00fcr viele Gelegenheiten. Je nachdem, welche Accessoires Sie w\u00e4hlen, k\u00f6nnen Sie es sowohl leger als auch zu besonderen Anl\u00e4ssen - Hochzeit, Party - tragen. Es passt sehr gut zu einer Jeans- und Lederjacke sowie zu einem Blazer. Das rosafarbene Kleid kann mit Schuhen im sportlichen oder eleganten Stil kombiniert werden.<strong> Sommerjacke Nr. 1<\/strong> ist die perfekte Erg\u00e4nzung f\u00fcr Ihr Styling. Das Kleid ist in zwei L\u00e4ngen erh\u00e4ltlich - kn\u00f6chellang und k\u00fcrzer als knielang.<\/p>\n<p style=\"text-align: left;\">Unsere Produkte bestechen durch sorgf\u00e4ltige Verarbeitung, Langlebigkeit und eine \u00c4sthetik, die Ihr Herz erobern wird. Das Produkt wird vollst\u00e4ndig in Polen hergestellt, in unserer Familienwerkstatt in Czernica.<\/p>\n<p style=\"text-align: left;\">Der Stoff entspricht dem \u00d6ko-Tex-Standard 100, was bedeutet, dass er getestet wurde und keine f\u00fcr Mensch und Umwelt sch\u00e4dlichen Stoffe enth\u00e4lt.<\/p>\n<p style=\"text-align: left;\">Das Kleid ist in 3 Gr\u00f6\u00dfen erh\u00e4ltlich.<br \/>\nDas Modell, das das Produkt zeigt, tr\u00e4gt Gr\u00f6\u00dfe xs\/s.<\/p>\n<p style=\"text-align: left;\">Die Farbe der Kleider kann je nach der verwendeten Materialcharge leicht variieren.<\/p>\n<p style=\"text-align: left;\"><u>Modellabmessungen:<\/u><br \/>\nBrustumfang: 89cm<br \/>\nUmfang unter der B\u00fcste: 70cm<br \/>\nTaillenumfang: 65cm<br \/>\nH\u00fcftumfang: 91cm<br \/>\nH\u00f6he: 165cm<br \/>\nTasse: c<\/p>\n<p style=\"text-align: left;\"><u>Zusammensetzung und Pflegehinweise:<\/u><br \/>\n55% Flachs<br \/>\n45% Viskose<br \/>\nGewebegewicht 195g\/m2<br \/>\nSchonwaschgang bei 30\u00b0c<br \/>\nwir empfehlen Handw\u00e4sche, mit \u00e4hnlichen Farben<br \/>\nEisen bei max. 150\u00b0c<br \/>\nnicht bleichen<br \/>\nnicht im Trockner trocknen<\/p>\n<p style=\"text-align: left;\">Das Produkt wurde in Czernica hergestellt<\/p>","protected":false},"featured_media":227604,"template":"","meta":[],"product_brand":[],"product_cat":[639,621,619,628,488,489,618],"product_tag":[],"class_list":{"0":"post-227608","1":"product","2":"type-product","3":"status-publish","4":"has-post-thumbnail","6":"product_cat-kategorie-lniane","7":"product_cat-kolory-lniane","8":"product_cat-odziez-elegancka-lniana","9":"product_cat-rozowe-kolor-lniane","10":"product_cat-sale-linen","11":"product_cat-sale-wear","12":"product_cat-sukienki-lniane","13":"flv-has-gallery","15":"first","16":"instock","17":"sale","18":"taxable","19":"shipping-taxable","20":"purchasable","21":"product-type-variable","22":"has-default-attributes"},"yoast_head":"<!-- This site is optimized with the Yoast SEO plugin v27.3 - https:\/\/yoast.com\/product\/yoast-seo-wordpress\/ -->\n<title>Sukienka na jedno rami\u0119 maxi R\u00f3\u017cowa - KORNELIARATAJ<\/title>\n<meta name=\"description\" content=\"Kornelia Rataj. Minimalist Women&#039;s Collection, Basic, Swimwear. HANDMADE IN POLAND WITH LOVE.\" \/>\n<meta name=\"robots\" content=\"index, follow, max-snippet:-1, max-image-preview:large, max-video-preview:-1\" \/>\n<link rel=\"canonical\" href=\"https:\/\/korneliarataj.com\/de\/produkt\/sukienka-na-jedno-ramie-maxi-rozowa\/\" \/>\n<meta property=\"og:locale\" content=\"de_DE\" \/>\n<meta property=\"og:type\" content=\"article\" \/>\n<meta property=\"og:title\" content=\"Sukienka na jedno rami\u0119 maxi R\u00f3\u017cowa - KORNELIARATAJ\" \/>\n<meta property=\"og:description\" content=\"Kornelia Rataj. Minimalist Women&#039;s Collection, Basic, Swimwear. HANDMADE IN POLAND WITH LOVE.\" \/>\n<meta property=\"og:url\" content=\"https:\/\/korneliarataj.com\/de\/produkt\/sukienka-na-jedno-ramie-maxi-rozowa\/\" \/>\n<meta property=\"og:site_name\" content=\"KORNELIARATAJ\" \/>\n<meta property=\"article:publisher\" content=\"http:\/\/www.facebook.com\/korneliaratajshop\" \/>\n<meta property=\"article:modified_time\" content=\"2026-03-22T22:39:01+00:00\" \/>\n<meta property=\"og:image\" content=\"https:\/\/korneliarataj.com\/wp-content\/uploads\/2024\/06\/SUMMER-MAXI-DRESS-1-scaled.jpg\" \/>\n\t<meta property=\"og:image:width\" content=\"1366\" \/>\n\t<meta property=\"og:image:height\" content=\"2048\" \/>\n\t<meta property=\"og:image:type\" content=\"image\/jpeg\" \/>\n<meta name=\"twitter:card\" content=\"summary_large_image\" \/>\n<meta name=\"twitter:label1\" content=\"Gesch\u00e4tzte Lesezeit\" \/>\n\t<meta name=\"twitter:data1\" content=\"1\u00a0Minute\" \/>\n<script type=\"application\/ld+json\" class=\"yoast-schema-graph\">{\"@context\":\"https:\\\/\\\/schema.org\",\"@graph\":[{\"@type\":\"WebPage\",\"@id\":\"https:\\\/\\\/korneliarataj.com\\\/produkt\\\/sukienka-na-jedno-ramie-maxi-rozowa\\\/\",\"url\":\"https:\\\/\\\/korneliarataj.com\\\/produkt\\\/sukienka-na-jedno-ramie-maxi-rozowa\\\/\",\"name\":\"Sukienka na jedno rami\u0119 maxi R\u00f3\u017cowa - KORNELIARATAJ\",\"isPartOf\":{\"@id\":\"https:\\\/\\\/korneliarataj.com\\\/#website\"},\"primaryImageOfPage\":{\"@id\":\"https:\\\/\\\/korneliarataj.com\\\/produkt\\\/sukienka-na-jedno-ramie-maxi-rozowa\\\/#primaryimage\"},\"image\":{\"@id\":\"https:\\\/\\\/korneliarataj.com\\\/produkt\\\/sukienka-na-jedno-ramie-maxi-rozowa\\\/#primaryimage\"},\"thumbnailUrl\":\"https:\\\/\\\/korneliarataj.com\\\/wp-content\\\/uploads\\\/2024\\\/06\\\/SUMMER-MAXI-DRESS-1-scaled.jpg\",\"datePublished\":\"2024-06-16T18:20:21+00:00\",\"dateModified\":\"2026-03-22T22:39:01+00:00\",\"description\":\"Kornelia Rataj. Minimalist Women's Collection, Basic, Swimwear. HANDMADE IN POLAND WITH LOVE.\",\"breadcrumb\":{\"@id\":\"https:\\\/\\\/korneliarataj.com\\\/produkt\\\/sukienka-na-jedno-ramie-maxi-rozowa\\\/#breadcrumb\"},\"inLanguage\":\"de\",\"potentialAction\":[{\"@type\":\"ReadAction\",\"target\":[\"https:\\\/\\\/korneliarataj.com\\\/produkt\\\/sukienka-na-jedno-ramie-maxi-rozowa\\\/\"]}]},{\"@type\":\"ImageObject\",\"inLanguage\":\"de\",\"@id\":\"https:\\\/\\\/korneliarataj.com\\\/produkt\\\/sukienka-na-jedno-ramie-maxi-rozowa\\\/#primaryimage\",\"url\":\"https:\\\/\\\/korneliarataj.com\\\/wp-content\\\/uploads\\\/2024\\\/06\\\/SUMMER-MAXI-DRESS-1-scaled.jpg\",\"contentUrl\":\"https:\\\/\\\/korneliarataj.com\\\/wp-content\\\/uploads\\\/2024\\\/06\\\/SUMMER-MAXI-DRESS-1-scaled.jpg\",\"width\":1366,\"height\":2048},{\"@type\":\"BreadcrumbList\",\"@id\":\"https:\\\/\\\/korneliarataj.com\\\/produkt\\\/sukienka-na-jedno-ramie-maxi-rozowa\\\/#breadcrumb\",\"itemListElement\":[{\"@type\":\"ListItem\",\"position\":1,\"name\":\"HOME\",\"item\":\"https:\\\/\\\/korneliarataj.com\\\/\"},{\"@type\":\"ListItem\",\"position\":2,\"name\":\"Products\",\"item\":\"https:\\\/\\\/korneliarataj.com\\\/en\\\/shop\\\/\"},{\"@type\":\"ListItem\",\"position\":3,\"name\":\"Sukienka na jedno rami\u0119 maxi R\u00f3\u017cowa\"}]},{\"@type\":\"WebSite\",\"@id\":\"https:\\\/\\\/korneliarataj.com\\\/#website\",\"url\":\"https:\\\/\\\/korneliarataj.com\\\/\",\"name\":\"Stroje K\u0105pielowe i Odzie\u017c Lniana Sklep Kornelia Rataj\",\"description\":\"swimwear stroje k\u0105pielowe ubrania len lniane\",\"publisher\":{\"@id\":\"https:\\\/\\\/korneliarataj.com\\\/#organization\"},\"potentialAction\":[{\"@type\":\"SearchAction\",\"target\":{\"@type\":\"EntryPoint\",\"urlTemplate\":\"https:\\\/\\\/korneliarataj.com\\\/?s={search_term_string}\"},\"query-input\":{\"@type\":\"PropertyValueSpecification\",\"valueRequired\":true,\"valueName\":\"search_term_string\"}}],\"inLanguage\":\"de\"},{\"@type\":\"Organization\",\"@id\":\"https:\\\/\\\/korneliarataj.com\\\/#organization\",\"name\":\"KORNELIARATAJ\",\"url\":\"https:\\\/\\\/korneliarataj.com\\\/\",\"logo\":{\"@type\":\"ImageObject\",\"inLanguage\":\"de\",\"@id\":\"https:\\\/\\\/korneliarataj.com\\\/#\\\/schema\\\/logo\\\/image\\\/\",\"url\":\"https:\\\/\\\/korneliarataj.com\\\/wp-content\\\/uploads\\\/2020\\\/07\\\/LOGO-KR.svg\",\"contentUrl\":\"https:\\\/\\\/korneliarataj.com\\\/wp-content\\\/uploads\\\/2020\\\/07\\\/LOGO-KR.svg\",\"width\":1024,\"height\":1024,\"caption\":\"KORNELIARATAJ\"},\"image\":{\"@id\":\"https:\\\/\\\/korneliarataj.com\\\/#\\\/schema\\\/logo\\\/image\\\/\"},\"sameAs\":[\"http:\\\/\\\/www.facebook.com\\\/korneliaratajshop\",\"http:\\\/\\\/www.instagram.com\\\/korneliarataj\"]}]}<\/script>\n<!-- \/ Yoast SEO plugin. -->","yoast_head_json":{"title":"Sukienka na jedno rami\u0119 maxi R\u00f3\u017cowa - KORNELIARATAJ","description":"Kornelia Rataj. Minimalistische Damenkollektion, Basic, Bademode. HANDGEMACHT IN POLEN MIT LIEBE.","robots":{"index":"index","follow":"follow","max-snippet":"max-snippet:-1","max-image-preview":"max-image-preview:large","max-video-preview":"max-video-preview:-1"},"canonical":"https:\/\/korneliarataj.com\/de\/produkt\/sukienka-na-jedno-ramie-maxi-rozowa\/","og_locale":"de_DE","og_type":"article","og_title":"Sukienka na jedno rami\u0119 maxi R\u00f3\u017cowa - KORNELIARATAJ","og_description":"Kornelia Rataj. Minimalist Women's Collection, Basic, Swimwear. HANDMADE IN POLAND WITH LOVE.","og_url":"https:\/\/korneliarataj.com\/de\/produkt\/sukienka-na-jedno-ramie-maxi-rozowa\/","og_site_name":"KORNELIARATAJ","article_publisher":"http:\/\/www.facebook.com\/korneliaratajshop","article_modified_time":"2026-03-22T22:39:01+00:00","og_image":[{"width":1366,"height":2048,"url":"https:\/\/korneliarataj.com\/wp-content\/uploads\/2024\/06\/SUMMER-MAXI-DRESS-1-scaled.jpg","type":"image\/jpeg"}],"twitter_card":"summary_large_image","twitter_misc":{"Gesch\u00e4tzte Lesezeit":"1\u00a0Minute"},"schema":{"@context":"https:\/\/schema.org","@graph":[{"@type":"WebPage","@id":"https:\/\/korneliarataj.com\/produkt\/sukienka-na-jedno-ramie-maxi-rozowa\/","url":"https:\/\/korneliarataj.com\/produkt\/sukienka-na-jedno-ramie-maxi-rozowa\/","name":"Sukienka na jedno rami\u0119 maxi R\u00f3\u017cowa - KORNELIARATAJ","isPartOf":{"@id":"https:\/\/korneliarataj.com\/#website"},"primaryImageOfPage":{"@id":"https:\/\/korneliarataj.com\/produkt\/sukienka-na-jedno-ramie-maxi-rozowa\/#primaryimage"},"image":{"@id":"https:\/\/korneliarataj.com\/produkt\/sukienka-na-jedno-ramie-maxi-rozowa\/#primaryimage"},"thumbnailUrl":"https:\/\/korneliarataj.com\/wp-content\/uploads\/2024\/06\/SUMMER-MAXI-DRESS-1-scaled.jpg","datePublished":"2024-06-16T18:20:21+00:00","dateModified":"2026-03-22T22:39:01+00:00","description":"Kornelia Rataj. Minimalistische Damenkollektion, Basic, Bademode. HANDGEMACHT IN POLEN MIT LIEBE.","breadcrumb":{"@id":"https:\/\/korneliarataj.com\/produkt\/sukienka-na-jedno-ramie-maxi-rozowa\/#breadcrumb"},"inLanguage":"de","potentialAction":[{"@type":"ReadAction","target":["https:\/\/korneliarataj.com\/produkt\/sukienka-na-jedno-ramie-maxi-rozowa\/"]}]},{"@type":"ImageObject","inLanguage":"de","@id":"https:\/\/korneliarataj.com\/produkt\/sukienka-na-jedno-ramie-maxi-rozowa\/#primaryimage","url":"https:\/\/korneliarataj.com\/wp-content\/uploads\/2024\/06\/SUMMER-MAXI-DRESS-1-scaled.jpg","contentUrl":"https:\/\/korneliarataj.com\/wp-content\/uploads\/2024\/06\/SUMMER-MAXI-DRESS-1-scaled.jpg","width":1366,"height":2048},{"@type":"BreadcrumbList","@id":"https:\/\/korneliarataj.com\/produkt\/sukienka-na-jedno-ramie-maxi-rozowa\/#breadcrumb","itemListElement":[{"@type":"ListItem","position":1,"name":"HOME","item":"https:\/\/korneliarataj.com\/"},{"@type":"ListItem","position":2,"name":"Products","item":"https:\/\/korneliarataj.com\/en\/shop\/"},{"@type":"ListItem","position":3,"name":"Sukienka na jedno rami\u0119 maxi R\u00f3\u017cowa"}]},{"@type":"WebSite","@id":"https:\/\/korneliarataj.com\/#website","url":"https:\/\/korneliarataj.com\/","name":"Bademode und Leinenbekleidung Shop Kornelia Rataj","description":"badebekleidung badebekleidung leinen leinenbekleidung","publisher":{"@id":"https:\/\/korneliarataj.com\/#organization"},"potentialAction":[{"@type":"SearchAction","target":{"@type":"EntryPoint","urlTemplate":"https:\/\/korneliarataj.com\/?s={search_term_string}"},"query-input":{"@type":"PropertyValueSpecification","valueRequired":true,"valueName":"search_term_string"}}],"inLanguage":"de"},{"@type":"Organization","@id":"https:\/\/korneliarataj.com\/#organization","name":"KORNELIARATAJ","url":"https:\/\/korneliarataj.com\/","logo":{"@type":"ImageObject","inLanguage":"de","@id":"https:\/\/korneliarataj.com\/#\/schema\/logo\/image\/","url":"https:\/\/korneliarataj.com\/wp-content\/uploads\/2020\/07\/LOGO-KR.svg","contentUrl":"https:\/\/korneliarataj.com\/wp-content\/uploads\/2020\/07\/LOGO-KR.svg","width":1024,"height":1024,"caption":"KORNELIARATAJ"},"image":{"@id":"https:\/\/korneliarataj.com\/#\/schema\/logo\/image\/"},"sameAs":["http:\/\/www.facebook.com\/korneliaratajshop","http:\/\/www.instagram.com\/korneliarataj"]}]}},"_links":{"self":[{"href":"https:\/\/korneliarataj.com\/de\/wp-json\/wp\/v2\/product\/227608","targetHints":{"allow":["GET"]}}],"collection":[{"href":"https:\/\/korneliarataj.com\/de\/wp-json\/wp\/v2\/product"}],"about":[{"href":"https:\/\/korneliarataj.com\/de\/wp-json\/wp\/v2\/types\/product"}],"wp:featuredmedia":[{"embeddable":true,"href":"https:\/\/korneliarataj.com\/de\/wp-json\/wp\/v2\/media\/227604"}],"wp:attachment":[{"href":"https:\/\/korneliarataj.com\/de\/wp-json\/wp\/v2\/media?parent=227608"}],"wp:term":[{"taxonomy":"product_brand","embeddable":true,"href":"https:\/\/korneliarataj.com\/de\/wp-json\/wp\/v2\/product_brand?post=227608"},{"taxonomy":"product_cat","embeddable":true,"href":"https:\/\/korneliarataj.com\/de\/wp-json\/wp\/v2\/product_cat?post=227608"},{"taxonomy":"product_tag","embeddable":true,"href":"https:\/\/korneliarataj.com\/de\/wp-json\/wp\/v2\/product_tag?post=227608"}],"curies":[{"name":"wp","href":"https:\/\/api.w.org\/{rel}","templated":true}]}}