{"id":226830,"date":"2024-06-11T09:19:05","date_gmt":"2024-06-11T07:19:05","guid":{"rendered":"https:\/\/korneliarataj.com\/?post_type=product&#038;p=226830"},"modified":"2026-03-23T12:57:41","modified_gmt":"2026-03-23T11:57:41","slug":"bawelniana-kurtka-koszulowa-z-haftem-kremowa","status":"publish","type":"product","link":"https:\/\/korneliarataj.com\/de\/produkt\/bawelniana-kurtka-koszulowa-z-haftem-kremowa\/","title":{"rendered":"Hemdjacke aus Baumwolle mit Stickerei Creme"},"content":{"rendered":"","protected":false},"excerpt":{"rendered":"<p style=\"text-align: left;\"><u><strong>Hemdjacke aus Baumwolle mit Stickerei<\/strong><\/u><\/p>\n<p style=\"text-align: left;\">Hemdjacke aus Baumwolle mit Stickerei in der Farbe Creme. Hergestellt aus 100% Baumwolle 350g\/m2 in einem nat\u00fcrlichen Farbton von hellbeige. Die Sommerjacke im Oversize-Schnitt f\u00fcr Damen hat einen klassischen Kragen, zwei Taschen auf Brusth\u00f6he, lange \u00c4rmel mit Manschetten und eine abgesenkte Schulterlinie. Geschlossen wird die Jacke mit KORNELIARATAJ-Logo-Kn\u00f6pfen aus Messing. Die beigefarbene Sommerjacke ist die perfekte Erg\u00e4nzung zu schlichten Stylings - l\u00e4ssig und elegant. Diese bestickte Baumwolljacke ist die perfekte Erg\u00e4nzung zu Produkten aus der Kollektion von <a href=\"https:\/\/korneliarataj.com\/de\/linen\/\" target=\"_blank\" rel=\"noopener noreferrer\"><strong>Leinen<\/strong><\/a> und <a href=\"https:\/\/korneliarataj.com\/de\/wear\/\" target=\"_blank\" rel=\"noopener noreferrer\"><strong>tragen<\/strong><\/a>. Die einzigartige, weiche Baumwolljacke mit Stickerei ist eine zeitlose Option f\u00fcr die perfekte Sommerjacke.<\/p>\n<p style=\"text-align: left;\">Unsere Produkte bestechen durch sorgf\u00e4ltige Verarbeitung, Langlebigkeit und eine \u00c4sthetik, die Ihr Herz erobern wird. Das Produkt wird vollst\u00e4ndig in Polen hergestellt, gen\u00e4ht in einer lokalen N\u00e4herei in Niederschlesien.<\/p>\n<p style=\"text-align: left;\">Die Jacke ist in 3 Gr\u00f6\u00dfen erh\u00e4ltlich.<br \/>\nDas Modell, das das Produkt zeigt, tr\u00e4gt Gr\u00f6\u00dfe xs\/s.<\/p>\n<p style=\"text-align: left;\"><u>Modellabmessungen:<\/u><br \/>\nBrustumfang: 89cm<br \/>\nUmfang unter der B\u00fcste: 70cm<br \/>\nTaillenumfang: 65cm<br \/>\nH\u00fcftumfang: 91cm<br \/>\nH\u00f6he: 165cm<br \/>\nTasse: c<\/p>\n<p style=\"text-align: left;\"><u>Zusammensetzung und Pflegehinweise:<\/u><br \/>\n100% Baumwolle<br \/>\nGewicht der Baumwolle 350g\/m2<br \/>\nWeichw\u00e4sche bei 30\u00b0C<br \/>\nH\u00e4ndewaschen<br \/>\nEisen bei max. 150\u00b0C<br \/>\nNicht bleichen<br \/>\nNicht im Trockner trocknen<\/p>\n<p style=\"text-align: left;\">Das Produkt wurde in Polen hergestellt<\/p>","protected":false},"featured_media":226831,"template":"","meta":[],"product_brand":[],"product_cat":[612,489],"product_tag":[],"class_list":{"0":"post-226830","1":"product","2":"type-product","3":"status-publish","4":"has-post-thumbnail","6":"product_cat-kurtki","7":"product_cat-sale-wear","8":"flv-has-gallery","10":"first","11":"instock","12":"sale","13":"taxable","14":"shipping-taxable","15":"purchasable","16":"product-type-variable","17":"has-default-attributes"},"yoast_head":"<!-- This site is optimized with the Yoast SEO plugin v27.3 - https:\/\/yoast.com\/product\/yoast-seo-wordpress\/ -->\n<title>Bawe\u0142niana kurtka koszulowa z haftem Kremowa - KORNELIARATAJ<\/title>\n<meta name=\"description\" content=\"Kornelia Rataj. Minimalist Women&#039;s Collection, Basic, Swimwear. HANDMADE IN POLAND WITH LOVE.\" \/>\n<meta name=\"robots\" content=\"index, follow, max-snippet:-1, max-image-preview:large, max-video-preview:-1\" \/>\n<link rel=\"canonical\" href=\"https:\/\/korneliarataj.com\/de\/produkt\/bawelniana-kurtka-koszulowa-z-haftem-kremowa\/\" \/>\n<meta property=\"og:locale\" content=\"de_DE\" \/>\n<meta property=\"og:type\" content=\"article\" \/>\n<meta property=\"og:title\" content=\"Bawe\u0142niana kurtka koszulowa z haftem Kremowa - KORNELIARATAJ\" \/>\n<meta property=\"og:description\" content=\"Kornelia Rataj. Minimalist Women&#039;s Collection, Basic, Swimwear. HANDMADE IN POLAND WITH LOVE.\" \/>\n<meta property=\"og:url\" content=\"https:\/\/korneliarataj.com\/de\/produkt\/bawelniana-kurtka-koszulowa-z-haftem-kremowa\/\" \/>\n<meta property=\"og:site_name\" content=\"KORNELIARATAJ\" \/>\n<meta property=\"article:publisher\" content=\"http:\/\/www.facebook.com\/korneliaratajshop\" \/>\n<meta property=\"article:modified_time\" content=\"2026-03-23T11:57:41+00:00\" \/>\n<meta property=\"og:image\" content=\"https:\/\/korneliarataj.com\/wp-content\/uploads\/2024\/06\/KR-SUMMER-JACKET-1-scaled.jpg\" \/>\n\t<meta property=\"og:image:width\" content=\"1366\" \/>\n\t<meta property=\"og:image:height\" content=\"2048\" \/>\n\t<meta property=\"og:image:type\" content=\"image\/jpeg\" \/>\n<meta name=\"twitter:card\" content=\"summary_large_image\" \/>\n<meta name=\"twitter:label1\" content=\"Gesch\u00e4tzte Lesezeit\" \/>\n\t<meta name=\"twitter:data1\" content=\"1\u00a0Minute\" \/>\n<script type=\"application\/ld+json\" class=\"yoast-schema-graph\">{\"@context\":\"https:\\\/\\\/schema.org\",\"@graph\":[{\"@type\":\"WebPage\",\"@id\":\"https:\\\/\\\/korneliarataj.com\\\/produkt\\\/bawelniana-kurtka-koszulowa-z-haftem-kremowa\\\/\",\"url\":\"https:\\\/\\\/korneliarataj.com\\\/produkt\\\/bawelniana-kurtka-koszulowa-z-haftem-kremowa\\\/\",\"name\":\"Bawe\u0142niana kurtka koszulowa z haftem Kremowa - KORNELIARATAJ\",\"isPartOf\":{\"@id\":\"https:\\\/\\\/korneliarataj.com\\\/#website\"},\"primaryImageOfPage\":{\"@id\":\"https:\\\/\\\/korneliarataj.com\\\/produkt\\\/bawelniana-kurtka-koszulowa-z-haftem-kremowa\\\/#primaryimage\"},\"image\":{\"@id\":\"https:\\\/\\\/korneliarataj.com\\\/produkt\\\/bawelniana-kurtka-koszulowa-z-haftem-kremowa\\\/#primaryimage\"},\"thumbnailUrl\":\"https:\\\/\\\/korneliarataj.com\\\/wp-content\\\/uploads\\\/2024\\\/06\\\/KR-SUMMER-JACKET-1-scaled.jpg\",\"datePublished\":\"2024-06-11T07:19:05+00:00\",\"dateModified\":\"2026-03-23T11:57:41+00:00\",\"description\":\"Kornelia Rataj. Minimalist Women's Collection, Basic, Swimwear. HANDMADE IN POLAND WITH LOVE.\",\"breadcrumb\":{\"@id\":\"https:\\\/\\\/korneliarataj.com\\\/produkt\\\/bawelniana-kurtka-koszulowa-z-haftem-kremowa\\\/#breadcrumb\"},\"inLanguage\":\"de\",\"potentialAction\":[{\"@type\":\"ReadAction\",\"target\":[\"https:\\\/\\\/korneliarataj.com\\\/produkt\\\/bawelniana-kurtka-koszulowa-z-haftem-kremowa\\\/\"]}]},{\"@type\":\"ImageObject\",\"inLanguage\":\"de\",\"@id\":\"https:\\\/\\\/korneliarataj.com\\\/produkt\\\/bawelniana-kurtka-koszulowa-z-haftem-kremowa\\\/#primaryimage\",\"url\":\"https:\\\/\\\/korneliarataj.com\\\/wp-content\\\/uploads\\\/2024\\\/06\\\/KR-SUMMER-JACKET-1-scaled.jpg\",\"contentUrl\":\"https:\\\/\\\/korneliarataj.com\\\/wp-content\\\/uploads\\\/2024\\\/06\\\/KR-SUMMER-JACKET-1-scaled.jpg\",\"width\":1366,\"height\":2048},{\"@type\":\"BreadcrumbList\",\"@id\":\"https:\\\/\\\/korneliarataj.com\\\/produkt\\\/bawelniana-kurtka-koszulowa-z-haftem-kremowa\\\/#breadcrumb\",\"itemListElement\":[{\"@type\":\"ListItem\",\"position\":1,\"name\":\"HOME\",\"item\":\"https:\\\/\\\/korneliarataj.com\\\/\"},{\"@type\":\"ListItem\",\"position\":2,\"name\":\"Products\",\"item\":\"https:\\\/\\\/korneliarataj.com\\\/en\\\/shop\\\/\"},{\"@type\":\"ListItem\",\"position\":3,\"name\":\"Bawe\u0142niana kurtka koszulowa z haftem Kremowa\"}]},{\"@type\":\"WebSite\",\"@id\":\"https:\\\/\\\/korneliarataj.com\\\/#website\",\"url\":\"https:\\\/\\\/korneliarataj.com\\\/\",\"name\":\"Stroje K\u0105pielowe i Odzie\u017c Lniana Sklep Kornelia Rataj\",\"description\":\"swimwear stroje k\u0105pielowe ubrania len lniane\",\"publisher\":{\"@id\":\"https:\\\/\\\/korneliarataj.com\\\/#organization\"},\"potentialAction\":[{\"@type\":\"SearchAction\",\"target\":{\"@type\":\"EntryPoint\",\"urlTemplate\":\"https:\\\/\\\/korneliarataj.com\\\/?s={search_term_string}\"},\"query-input\":{\"@type\":\"PropertyValueSpecification\",\"valueRequired\":true,\"valueName\":\"search_term_string\"}}],\"inLanguage\":\"de\"},{\"@type\":\"Organization\",\"@id\":\"https:\\\/\\\/korneliarataj.com\\\/#organization\",\"name\":\"KORNELIARATAJ\",\"url\":\"https:\\\/\\\/korneliarataj.com\\\/\",\"logo\":{\"@type\":\"ImageObject\",\"inLanguage\":\"de\",\"@id\":\"https:\\\/\\\/korneliarataj.com\\\/#\\\/schema\\\/logo\\\/image\\\/\",\"url\":\"https:\\\/\\\/korneliarataj.com\\\/wp-content\\\/uploads\\\/2020\\\/07\\\/LOGO-KR.svg\",\"contentUrl\":\"https:\\\/\\\/korneliarataj.com\\\/wp-content\\\/uploads\\\/2020\\\/07\\\/LOGO-KR.svg\",\"width\":1024,\"height\":1024,\"caption\":\"KORNELIARATAJ\"},\"image\":{\"@id\":\"https:\\\/\\\/korneliarataj.com\\\/#\\\/schema\\\/logo\\\/image\\\/\"},\"sameAs\":[\"http:\\\/\\\/www.facebook.com\\\/korneliaratajshop\",\"http:\\\/\\\/www.instagram.com\\\/korneliarataj\"]}]}<\/script>\n<!-- \/ Yoast SEO plugin. -->","yoast_head_json":{"title":"Hemdjacke aus Baumwolle mit Stickerei Creme - KORNELIARATAJ","description":"Kornelia Rataj. Minimalistische Damenkollektion, Basic, Bademode. HANDGEMACHT IN POLEN MIT LIEBE.","robots":{"index":"index","follow":"follow","max-snippet":"max-snippet:-1","max-image-preview":"max-image-preview:large","max-video-preview":"max-video-preview:-1"},"canonical":"https:\/\/korneliarataj.com\/de\/produkt\/bawelniana-kurtka-koszulowa-z-haftem-kremowa\/","og_locale":"de_DE","og_type":"article","og_title":"Bawe\u0142niana kurtka koszulowa z haftem Kremowa - KORNELIARATAJ","og_description":"Kornelia Rataj. Minimalist Women's Collection, Basic, Swimwear. HANDMADE IN POLAND WITH LOVE.","og_url":"https:\/\/korneliarataj.com\/de\/produkt\/bawelniana-kurtka-koszulowa-z-haftem-kremowa\/","og_site_name":"KORNELIARATAJ","article_publisher":"http:\/\/www.facebook.com\/korneliaratajshop","article_modified_time":"2026-03-23T11:57:41+00:00","og_image":[{"width":1366,"height":2048,"url":"https:\/\/korneliarataj.com\/wp-content\/uploads\/2024\/06\/KR-SUMMER-JACKET-1-scaled.jpg","type":"image\/jpeg"}],"twitter_card":"summary_large_image","twitter_misc":{"Gesch\u00e4tzte Lesezeit":"1\u00a0Minute"},"schema":{"@context":"https:\/\/schema.org","@graph":[{"@type":"WebPage","@id":"https:\/\/korneliarataj.com\/produkt\/bawelniana-kurtka-koszulowa-z-haftem-kremowa\/","url":"https:\/\/korneliarataj.com\/produkt\/bawelniana-kurtka-koszulowa-z-haftem-kremowa\/","name":"Hemdjacke aus Baumwolle mit Stickerei Creme - KORNELIARATAJ","isPartOf":{"@id":"https:\/\/korneliarataj.com\/#website"},"primaryImageOfPage":{"@id":"https:\/\/korneliarataj.com\/produkt\/bawelniana-kurtka-koszulowa-z-haftem-kremowa\/#primaryimage"},"image":{"@id":"https:\/\/korneliarataj.com\/produkt\/bawelniana-kurtka-koszulowa-z-haftem-kremowa\/#primaryimage"},"thumbnailUrl":"https:\/\/korneliarataj.com\/wp-content\/uploads\/2024\/06\/KR-SUMMER-JACKET-1-scaled.jpg","datePublished":"2024-06-11T07:19:05+00:00","dateModified":"2026-03-23T11:57:41+00:00","description":"Kornelia Rataj. Minimalistische Damenkollektion, Basic, Bademode. HANDGEMACHT IN POLEN MIT LIEBE.","breadcrumb":{"@id":"https:\/\/korneliarataj.com\/produkt\/bawelniana-kurtka-koszulowa-z-haftem-kremowa\/#breadcrumb"},"inLanguage":"de","potentialAction":[{"@type":"ReadAction","target":["https:\/\/korneliarataj.com\/produkt\/bawelniana-kurtka-koszulowa-z-haftem-kremowa\/"]}]},{"@type":"ImageObject","inLanguage":"de","@id":"https:\/\/korneliarataj.com\/produkt\/bawelniana-kurtka-koszulowa-z-haftem-kremowa\/#primaryimage","url":"https:\/\/korneliarataj.com\/wp-content\/uploads\/2024\/06\/KR-SUMMER-JACKET-1-scaled.jpg","contentUrl":"https:\/\/korneliarataj.com\/wp-content\/uploads\/2024\/06\/KR-SUMMER-JACKET-1-scaled.jpg","width":1366,"height":2048},{"@type":"BreadcrumbList","@id":"https:\/\/korneliarataj.com\/produkt\/bawelniana-kurtka-koszulowa-z-haftem-kremowa\/#breadcrumb","itemListElement":[{"@type":"ListItem","position":1,"name":"HOME","item":"https:\/\/korneliarataj.com\/"},{"@type":"ListItem","position":2,"name":"Products","item":"https:\/\/korneliarataj.com\/en\/shop\/"},{"@type":"ListItem","position":3,"name":"Bawe\u0142niana kurtka koszulowa z haftem Kremowa"}]},{"@type":"WebSite","@id":"https:\/\/korneliarataj.com\/#website","url":"https:\/\/korneliarataj.com\/","name":"Bademode und Leinenbekleidung Shop Kornelia Rataj","description":"badebekleidung badebekleidung leinen leinenbekleidung","publisher":{"@id":"https:\/\/korneliarataj.com\/#organization"},"potentialAction":[{"@type":"SearchAction","target":{"@type":"EntryPoint","urlTemplate":"https:\/\/korneliarataj.com\/?s={search_term_string}"},"query-input":{"@type":"PropertyValueSpecification","valueRequired":true,"valueName":"search_term_string"}}],"inLanguage":"de"},{"@type":"Organization","@id":"https:\/\/korneliarataj.com\/#organization","name":"KORNELIARATAJ","url":"https:\/\/korneliarataj.com\/","logo":{"@type":"ImageObject","inLanguage":"de","@id":"https:\/\/korneliarataj.com\/#\/schema\/logo\/image\/","url":"https:\/\/korneliarataj.com\/wp-content\/uploads\/2020\/07\/LOGO-KR.svg","contentUrl":"https:\/\/korneliarataj.com\/wp-content\/uploads\/2020\/07\/LOGO-KR.svg","width":1024,"height":1024,"caption":"KORNELIARATAJ"},"image":{"@id":"https:\/\/korneliarataj.com\/#\/schema\/logo\/image\/"},"sameAs":["http:\/\/www.facebook.com\/korneliaratajshop","http:\/\/www.instagram.com\/korneliarataj"]}]}},"_links":{"self":[{"href":"https:\/\/korneliarataj.com\/de\/wp-json\/wp\/v2\/product\/226830","targetHints":{"allow":["GET"]}}],"collection":[{"href":"https:\/\/korneliarataj.com\/de\/wp-json\/wp\/v2\/product"}],"about":[{"href":"https:\/\/korneliarataj.com\/de\/wp-json\/wp\/v2\/types\/product"}],"wp:featuredmedia":[{"embeddable":true,"href":"https:\/\/korneliarataj.com\/de\/wp-json\/wp\/v2\/media\/226831"}],"wp:attachment":[{"href":"https:\/\/korneliarataj.com\/de\/wp-json\/wp\/v2\/media?parent=226830"}],"wp:term":[{"taxonomy":"product_brand","embeddable":true,"href":"https:\/\/korneliarataj.com\/de\/wp-json\/wp\/v2\/product_brand?post=226830"},{"taxonomy":"product_cat","embeddable":true,"href":"https:\/\/korneliarataj.com\/de\/wp-json\/wp\/v2\/product_cat?post=226830"},{"taxonomy":"product_tag","embeddable":true,"href":"https:\/\/korneliarataj.com\/de\/wp-json\/wp\/v2\/product_tag?post=226830"}],"curies":[{"name":"wp","href":"https:\/\/api.w.org\/{rel}","templated":true}]}}