{"id":200057,"date":"2024-04-10T17:49:17","date_gmt":"2024-04-10T15:49:17","guid":{"rendered":"https:\/\/korneliarataj.com\/?post_type=product&#038;p=200057"},"modified":"2026-04-10T12:08:58","modified_gmt":"2026-04-10T10:08:58","slug":"lniana-sukienka-mini-z-dekoltem-na-krzyz-guava","status":"publish","type":"product","link":"https:\/\/korneliarataj.com\/de\/produkt\/lniana-sukienka-mini-z-dekoltem-na-krzyz-guava\/","title":{"rendered":"Minikleid aus Guave-Leinen mit \u00fcberkreuztem Ausschnitt"},"content":{"rendered":"","protected":false},"excerpt":{"rendered":"<p style=\"text-align: left;\"><strong>OPTIONEN<\/strong><\/p>\n<p style=\"text-align: left;\"><a href=\"https:\/\/korneliarataj.com\/de\/produkt\/lniana-sukienka-mini-z-dekoltem-na-krzyz-coconut\/\" target=\"_blank\" rel=\"noopener noreferrer\"><img decoding=\"async\" src=\"https:\/\/korneliarataj.com\/wp-content\/uploads\/2024\/04\/LINEN2024-SPECIAL-DRESS-COCONUT-1-200x300.jpg\" width=\"100px\"\/><\/a><a href=\"https:\/\/korneliarataj.com\/de\/produkt\/lniana-sukienka-mini-z-dekoltem-na-krzyz-natural\/\" target=\"_blank\" rel=\"noopener noreferrer\"><img decoding=\"async\" src=\"https:\/\/korneliarataj.com\/wp-content\/uploads\/2024\/04\/LINEN2024-SPECIAL-DRESS-NATURAL-1-200x300.jpg\" width=\"100px\"\/><\/a><a href=\"https:\/\/korneliarataj.com\/de\/produkt\/lniana-sukienka-mini-z-dekoltem-na-krzyz-wood\/\" target=\"_blank\" rel=\"noopener noreferrer\"><img decoding=\"async\" src=\"https:\/\/korneliarataj.com\/wp-content\/uploads\/2024\/04\/LINEN2024-SPECIAL-DRESS-WOOD-1-200x300.jpg\" width=\"100px\"\/><\/a><a href=\"https:\/\/korneliarataj.com\/de\/produkt\/lniana-sukienka-mini-z-dekoltem-na-krzyz-black\/\" target=\"_blank\" rel=\"noopener noreferrer\"><img decoding=\"async\" src=\"https:\/\/korneliarataj.com\/wp-content\/uploads\/2024\/04\/LINEN2024-SPECIAL-DRESS-BLACK-1-200x300.jpg\" width=\"100px\"\/><\/a><\/p>\n<p style=\"text-align: left;\"><u><strong>Minikleid aus Leinen mit \u00fcberkreuztem Ausschnitt<\/strong><\/u><\/p>\n<p style=\"text-align: left;\">kurzes Kleid in tailliertem Schnitt mit tiefem Ausschnitt am R\u00fccken. Das Kleid wird hinten am Hals und am R\u00fccken gebunden. Mit den B\u00e4ndern k\u00f6nnen Sie die Tiefe des Ausschnitts und die L\u00e4nge des Kleides einstellen. Zus\u00e4tzliche B\u00e4nder an den Seiten erm\u00f6glichen die Anpassung des Kleides an Ihren Taillenumfang und sind ebenfalls ein interessantes Detail. Das Kleid hat vorne einen kreisf\u00f6rmigen Ausschnitt, der oben gebunden wird.<\/p>\n<p style=\"text-align: left;\">2in1 Kleid - hat zwei Bindungsm\u00f6glichkeiten:<br \/>\nkann gerade nach vorne gebunden werden<br \/>\noder vorne gekreuzt. Ein Kleid mit einem gekreuzten Ausschnitt vorne ist der Trend der Saison.<\/p>\n<p style=\"text-align: left;\">das kleid hat einen taillierten schnitt, ideal f\u00fcr den sommer und den urlaub. es ist in 100% aus hochwertigem leinen gefertigt. der leinenstoff ist extrem leicht, weich und luftig und bietet hohen komfort, besonders im sommer.<br \/>\ndas Produkt ist im Brustbereich zweilagig gen\u00e4ht.<\/p>\n<p style=\"text-align: left;\">Je nachdem, welche Accessoires Sie w\u00e4hlen, k\u00f6nnen Sie es sowohl im Alltag als auch zu besonderen Anl\u00e4ssen, Hochzeiten und Partys tragen. Es passt sehr gut zu einer Jeans- oder Lederjacke oder einem Blazer. <strong>Leinen-Haargummi<\/strong> ist die perfekte Erg\u00e4nzung f\u00fcr Ihr Styling.<br \/>\nDas Kleid ist in 5 modischen und zeitlosen Farben erh\u00e4ltlich.<\/p>\n<p style=\"text-align: left;\">Unsere Produkte bestechen durch ihre sorgf\u00e4ltige Verarbeitung, Langlebigkeit und \u00c4sthetik, die Ihr Herz erobern wird. Leinenprodukte-Kollektion <strong>Leinen<\/strong> wurde vollst\u00e4ndig in Polen hergestellt, in unserer Familienwerkstatt in Czernica.<\/p>\n<p style=\"text-align: left;\">Der Flachs, aus dem die Produkte hergestellt werden, stammt von einem lokalen polnischen Erzeuger.<\/p>\n<p style=\"text-align: left;\">Das Kleid ist in 3 Gr\u00f6\u00dfen erh\u00e4ltlich.<br \/>\n<strong>das Modell, das das Produkt zeigt, tr\u00e4gt Gr\u00f6\u00dfe xs\/s.<\/strong><\/p>\n<p style=\"text-align: left;\">Das Produkt wurde in Czernica entwickelt.<br \/>\nDas Material stammt aus Polen<\/p>\n<p style=\"text-align: left;\"><strong><u><\/p>\n<div class=\"kr-collapse is-noarrow\" data-rel=\"kolor\">\n    <button type=\"button\" class=\"kr-collapse__trigger\"\n      aria-expanded=\"false\"\n      aria-controls=\"kr-exp-1\"><br \/>\n      FARBBESCHREIBUNG<br \/>\n    <\/button><\/p>\n<div id=\"kr-exp-1\" class=\"kr-collapse__panel\" hidden>\n<div class=\"kr-collapse__content\"><\/u><\/strong><\/p>\n<p style=\"text-align: left;\"><strong>GUAVA<\/strong> - Bestseller, einzigartiger Farbton in Rosa und Rot - erinnert an die Farbe im Inneren einer reifen Guavenfrucht. Das rosa Leinen verleiht Energie und ist ideal f\u00fcr Sommertage voller Lebensfreude. Die Farbe Guave - Pink\/Rot\/Ziegelrot\/Himbeere ist f\u00fcr jeden Teint und alle Sch\u00f6nheitstypen zu empfehlen.<\/div>\n<\/p><\/div>\n<\/p><\/div>\n<\/p>\n<p style=\"text-align: left;\"><strong><u><\/p>\n<div class=\"kr-collapse is-noarrow\" data-rel=\"wymiary\">\n    <button type=\"button\" class=\"kr-collapse__trigger\"\n      aria-expanded=\"false\"\n      aria-controls=\"kr-exp-2\"><br \/>\n      MODELLABMESSUNGEN<br \/>\n    <\/button><\/p>\n<div id=\"kr-exp-2\" class=\"kr-collapse__panel\" hidden>\n<div class=\"kr-collapse__content\"><\/u><\/strong><\/p>\n<p style=\"text-align: left;\">Brustumfang: 89cm<br \/>\nUmfang unter der B\u00fcste: 70cm<br \/>\nTaillenumfang: 65cm<br \/>\nH\u00fcftumfang: 91cm<br \/>\nH\u00f6he: 165cm<br \/>\nTasse: c<\/div>\n<\/p><\/div>\n<\/p><\/div>\n<\/p>\n<p style=\"text-align: left;\"><strong><u><\/p>\n<div class=\"kr-collapse is-noarrow\" data-rel=\"sklad\">\n    <button type=\"button\" class=\"kr-collapse__trigger\"\n      aria-expanded=\"false\"\n      aria-controls=\"kr-exp-3\"><br \/>\n      ZUSAMMENSETZUNG UND PFLEGEHINWEISE<br \/>\n    <\/button><\/p>\n<div id=\"kr-exp-3\" class=\"kr-collapse__panel\" hidden>\n<div class=\"kr-collapse__content\"><\/u><\/strong><\/p>\n<p style=\"text-align: left;\">100% Flachs<br \/>\nLeinengewicht 140g\/m2<br \/>\nSchonwaschgang bei 30\u00b0c<br \/>\nHandw\u00e4sche<br \/>\nEisen bei max. 150\u00b0c<\/div>\n<\/p><\/div>\n<\/p><\/div><\/p>","protected":false},"featured_media":199966,"template":"","meta":[],"product_brand":[],"product_cat":[626,639,621,619,488,618],"product_tag":[320],"class_list":{"0":"post-200057","1":"product","2":"type-product","3":"status-publish","4":"has-post-thumbnail","6":"product_cat-guava-lniane","7":"product_cat-kategorie-lniane","8":"product_cat-kolory-lniane","9":"product_cat-odziez-elegancka-lniana","10":"product_cat-sale-linen","11":"product_cat-sukienki-lniane","12":"product_tag-guava","13":"flv-has-gallery","15":"first","16":"instock","17":"sale","18":"taxable","19":"shipping-taxable","20":"purchasable","21":"product-type-variable","22":"has-default-attributes"},"yoast_head":"<!-- This site is optimized with the Yoast SEO plugin v27.3 - https:\/\/yoast.com\/product\/yoast-seo-wordpress\/ -->\n<title>Lniana sukienka mini z dekoltem na krzy\u017c Guava - KORNELIARATAJ<\/title>\n<meta name=\"description\" content=\"Kornelia Rataj. Minimalist Women&#039;s Collection, Basic, Swimwear. HANDMADE IN POLAND WITH LOVE.\" \/>\n<meta name=\"robots\" content=\"index, follow, max-snippet:-1, max-image-preview:large, max-video-preview:-1\" \/>\n<link rel=\"canonical\" href=\"https:\/\/korneliarataj.com\/de\/produkt\/lniana-sukienka-mini-z-dekoltem-na-krzyz-guava\/\" \/>\n<meta property=\"og:locale\" content=\"de_DE\" \/>\n<meta property=\"og:type\" content=\"article\" \/>\n<meta property=\"og:title\" content=\"Lniana sukienka mini z dekoltem na krzy\u017c Guava - KORNELIARATAJ\" \/>\n<meta property=\"og:description\" content=\"Kornelia Rataj. Minimalist Women&#039;s Collection, Basic, Swimwear. HANDMADE IN POLAND WITH LOVE.\" \/>\n<meta property=\"og:url\" content=\"https:\/\/korneliarataj.com\/de\/produkt\/lniana-sukienka-mini-z-dekoltem-na-krzyz-guava\/\" \/>\n<meta property=\"og:site_name\" content=\"KORNELIARATAJ\" \/>\n<meta property=\"article:publisher\" content=\"http:\/\/www.facebook.com\/korneliaratajshop\" \/>\n<meta property=\"article:modified_time\" content=\"2026-04-10T10:08:58+00:00\" \/>\n<meta property=\"og:image\" content=\"https:\/\/korneliarataj.com\/wp-content\/uploads\/2024\/04\/LB-LINEN2024-SPECIAL-DRESS-GUAVA-1-scaled.jpg\" \/>\n\t<meta property=\"og:image:width\" content=\"1366\" \/>\n\t<meta property=\"og:image:height\" content=\"2048\" \/>\n\t<meta property=\"og:image:type\" content=\"image\/jpeg\" \/>\n<meta name=\"twitter:card\" content=\"summary_large_image\" \/>\n<meta name=\"twitter:label1\" content=\"Gesch\u00e4tzte Lesezeit\" \/>\n\t<meta name=\"twitter:data1\" content=\"1\u00a0Minute\" \/>\n<script type=\"application\/ld+json\" class=\"yoast-schema-graph\">{\"@context\":\"https:\\\/\\\/schema.org\",\"@graph\":[{\"@type\":\"WebPage\",\"@id\":\"https:\\\/\\\/korneliarataj.com\\\/produkt\\\/lniana-sukienka-mini-z-dekoltem-na-krzyz-guava\\\/\",\"url\":\"https:\\\/\\\/korneliarataj.com\\\/produkt\\\/lniana-sukienka-mini-z-dekoltem-na-krzyz-guava\\\/\",\"name\":\"Lniana sukienka mini z dekoltem na krzy\u017c Guava - KORNELIARATAJ\",\"isPartOf\":{\"@id\":\"https:\\\/\\\/korneliarataj.com\\\/#website\"},\"primaryImageOfPage\":{\"@id\":\"https:\\\/\\\/korneliarataj.com\\\/produkt\\\/lniana-sukienka-mini-z-dekoltem-na-krzyz-guava\\\/#primaryimage\"},\"image\":{\"@id\":\"https:\\\/\\\/korneliarataj.com\\\/produkt\\\/lniana-sukienka-mini-z-dekoltem-na-krzyz-guava\\\/#primaryimage\"},\"thumbnailUrl\":\"https:\\\/\\\/korneliarataj.com\\\/wp-content\\\/uploads\\\/2024\\\/04\\\/LB-LINEN2024-SPECIAL-DRESS-GUAVA-1-scaled.jpg\",\"datePublished\":\"2024-04-10T15:49:17+00:00\",\"dateModified\":\"2026-04-10T10:08:58+00:00\",\"description\":\"Kornelia Rataj. Minimalist Women's Collection, Basic, Swimwear. HANDMADE IN POLAND WITH LOVE.\",\"breadcrumb\":{\"@id\":\"https:\\\/\\\/korneliarataj.com\\\/produkt\\\/lniana-sukienka-mini-z-dekoltem-na-krzyz-guava\\\/#breadcrumb\"},\"inLanguage\":\"de\",\"potentialAction\":[{\"@type\":\"ReadAction\",\"target\":[\"https:\\\/\\\/korneliarataj.com\\\/produkt\\\/lniana-sukienka-mini-z-dekoltem-na-krzyz-guava\\\/\"]}]},{\"@type\":\"ImageObject\",\"inLanguage\":\"de\",\"@id\":\"https:\\\/\\\/korneliarataj.com\\\/produkt\\\/lniana-sukienka-mini-z-dekoltem-na-krzyz-guava\\\/#primaryimage\",\"url\":\"https:\\\/\\\/korneliarataj.com\\\/wp-content\\\/uploads\\\/2024\\\/04\\\/LB-LINEN2024-SPECIAL-DRESS-GUAVA-1-scaled.jpg\",\"contentUrl\":\"https:\\\/\\\/korneliarataj.com\\\/wp-content\\\/uploads\\\/2024\\\/04\\\/LB-LINEN2024-SPECIAL-DRESS-GUAVA-1-scaled.jpg\",\"width\":1366,\"height\":2048},{\"@type\":\"BreadcrumbList\",\"@id\":\"https:\\\/\\\/korneliarataj.com\\\/produkt\\\/lniana-sukienka-mini-z-dekoltem-na-krzyz-guava\\\/#breadcrumb\",\"itemListElement\":[{\"@type\":\"ListItem\",\"position\":1,\"name\":\"HOME\",\"item\":\"https:\\\/\\\/korneliarataj.com\\\/\"},{\"@type\":\"ListItem\",\"position\":2,\"name\":\"Products\",\"item\":\"https:\\\/\\\/korneliarataj.com\\\/en\\\/shop\\\/\"},{\"@type\":\"ListItem\",\"position\":3,\"name\":\"Lniana sukienka mini z dekoltem na krzy\u017c Guava\"}]},{\"@type\":\"WebSite\",\"@id\":\"https:\\\/\\\/korneliarataj.com\\\/#website\",\"url\":\"https:\\\/\\\/korneliarataj.com\\\/\",\"name\":\"Stroje K\u0105pielowe i Odzie\u017c Lniana Sklep Kornelia Rataj\",\"description\":\"swimwear stroje k\u0105pielowe ubrania len lniane\",\"publisher\":{\"@id\":\"https:\\\/\\\/korneliarataj.com\\\/#organization\"},\"potentialAction\":[{\"@type\":\"SearchAction\",\"target\":{\"@type\":\"EntryPoint\",\"urlTemplate\":\"https:\\\/\\\/korneliarataj.com\\\/?s={search_term_string}\"},\"query-input\":{\"@type\":\"PropertyValueSpecification\",\"valueRequired\":true,\"valueName\":\"search_term_string\"}}],\"inLanguage\":\"de\"},{\"@type\":\"Organization\",\"@id\":\"https:\\\/\\\/korneliarataj.com\\\/#organization\",\"name\":\"KORNELIARATAJ\",\"url\":\"https:\\\/\\\/korneliarataj.com\\\/\",\"logo\":{\"@type\":\"ImageObject\",\"inLanguage\":\"de\",\"@id\":\"https:\\\/\\\/korneliarataj.com\\\/#\\\/schema\\\/logo\\\/image\\\/\",\"url\":\"https:\\\/\\\/korneliarataj.com\\\/wp-content\\\/uploads\\\/2020\\\/07\\\/LOGO-KR.svg\",\"contentUrl\":\"https:\\\/\\\/korneliarataj.com\\\/wp-content\\\/uploads\\\/2020\\\/07\\\/LOGO-KR.svg\",\"width\":1024,\"height\":1024,\"caption\":\"KORNELIARATAJ\"},\"image\":{\"@id\":\"https:\\\/\\\/korneliarataj.com\\\/#\\\/schema\\\/logo\\\/image\\\/\"},\"sameAs\":[\"http:\\\/\\\/www.facebook.com\\\/korneliaratajshop\",\"http:\\\/\\\/www.instagram.com\\\/korneliarataj\"]}]}<\/script>\n<!-- \/ Yoast SEO plugin. -->","yoast_head_json":{"title":"Minikleid aus Guave-Leinen mit \u00fcberkreuztem Ausschnitt - KORNELIARATAJ","description":"Kornelia Rataj. Minimalistische Damenkollektion, Basic, Bademode. HANDGEMACHT IN POLEN MIT LIEBE.","robots":{"index":"index","follow":"follow","max-snippet":"max-snippet:-1","max-image-preview":"max-image-preview:large","max-video-preview":"max-video-preview:-1"},"canonical":"https:\/\/korneliarataj.com\/de\/produkt\/lniana-sukienka-mini-z-dekoltem-na-krzyz-guava\/","og_locale":"de_DE","og_type":"article","og_title":"Lniana sukienka mini z dekoltem na krzy\u017c Guava - KORNELIARATAJ","og_description":"Kornelia Rataj. Minimalist Women's Collection, Basic, Swimwear. HANDMADE IN POLAND WITH LOVE.","og_url":"https:\/\/korneliarataj.com\/de\/produkt\/lniana-sukienka-mini-z-dekoltem-na-krzyz-guava\/","og_site_name":"KORNELIARATAJ","article_publisher":"http:\/\/www.facebook.com\/korneliaratajshop","article_modified_time":"2026-04-10T10:08:58+00:00","og_image":[{"width":1366,"height":2048,"url":"https:\/\/korneliarataj.com\/wp-content\/uploads\/2024\/04\/LB-LINEN2024-SPECIAL-DRESS-GUAVA-1-scaled.jpg","type":"image\/jpeg"}],"twitter_card":"summary_large_image","twitter_misc":{"Gesch\u00e4tzte Lesezeit":"1\u00a0Minute"},"schema":{"@context":"https:\/\/schema.org","@graph":[{"@type":"WebPage","@id":"https:\/\/korneliarataj.com\/produkt\/lniana-sukienka-mini-z-dekoltem-na-krzyz-guava\/","url":"https:\/\/korneliarataj.com\/produkt\/lniana-sukienka-mini-z-dekoltem-na-krzyz-guava\/","name":"Minikleid aus Guave-Leinen mit \u00fcberkreuztem Ausschnitt - KORNELIARATAJ","isPartOf":{"@id":"https:\/\/korneliarataj.com\/#website"},"primaryImageOfPage":{"@id":"https:\/\/korneliarataj.com\/produkt\/lniana-sukienka-mini-z-dekoltem-na-krzyz-guava\/#primaryimage"},"image":{"@id":"https:\/\/korneliarataj.com\/produkt\/lniana-sukienka-mini-z-dekoltem-na-krzyz-guava\/#primaryimage"},"thumbnailUrl":"https:\/\/korneliarataj.com\/wp-content\/uploads\/2024\/04\/LB-LINEN2024-SPECIAL-DRESS-GUAVA-1-scaled.jpg","datePublished":"2024-04-10T15:49:17+00:00","dateModified":"2026-04-10T10:08:58+00:00","description":"Kornelia Rataj. Minimalistische Damenkollektion, Basic, Bademode. HANDGEMACHT IN POLEN MIT LIEBE.","breadcrumb":{"@id":"https:\/\/korneliarataj.com\/produkt\/lniana-sukienka-mini-z-dekoltem-na-krzyz-guava\/#breadcrumb"},"inLanguage":"de","potentialAction":[{"@type":"ReadAction","target":["https:\/\/korneliarataj.com\/produkt\/lniana-sukienka-mini-z-dekoltem-na-krzyz-guava\/"]}]},{"@type":"ImageObject","inLanguage":"de","@id":"https:\/\/korneliarataj.com\/produkt\/lniana-sukienka-mini-z-dekoltem-na-krzyz-guava\/#primaryimage","url":"https:\/\/korneliarataj.com\/wp-content\/uploads\/2024\/04\/LB-LINEN2024-SPECIAL-DRESS-GUAVA-1-scaled.jpg","contentUrl":"https:\/\/korneliarataj.com\/wp-content\/uploads\/2024\/04\/LB-LINEN2024-SPECIAL-DRESS-GUAVA-1-scaled.jpg","width":1366,"height":2048},{"@type":"BreadcrumbList","@id":"https:\/\/korneliarataj.com\/produkt\/lniana-sukienka-mini-z-dekoltem-na-krzyz-guava\/#breadcrumb","itemListElement":[{"@type":"ListItem","position":1,"name":"HOME","item":"https:\/\/korneliarataj.com\/"},{"@type":"ListItem","position":2,"name":"Products","item":"https:\/\/korneliarataj.com\/en\/shop\/"},{"@type":"ListItem","position":3,"name":"Lniana sukienka mini z dekoltem na krzy\u017c Guava"}]},{"@type":"WebSite","@id":"https:\/\/korneliarataj.com\/#website","url":"https:\/\/korneliarataj.com\/","name":"Bademode und Leinenbekleidung Shop Kornelia Rataj","description":"badebekleidung badebekleidung leinen leinenbekleidung","publisher":{"@id":"https:\/\/korneliarataj.com\/#organization"},"potentialAction":[{"@type":"SearchAction","target":{"@type":"EntryPoint","urlTemplate":"https:\/\/korneliarataj.com\/?s={search_term_string}"},"query-input":{"@type":"PropertyValueSpecification","valueRequired":true,"valueName":"search_term_string"}}],"inLanguage":"de"},{"@type":"Organization","@id":"https:\/\/korneliarataj.com\/#organization","name":"KORNELIARATAJ","url":"https:\/\/korneliarataj.com\/","logo":{"@type":"ImageObject","inLanguage":"de","@id":"https:\/\/korneliarataj.com\/#\/schema\/logo\/image\/","url":"https:\/\/korneliarataj.com\/wp-content\/uploads\/2020\/07\/LOGO-KR.svg","contentUrl":"https:\/\/korneliarataj.com\/wp-content\/uploads\/2020\/07\/LOGO-KR.svg","width":1024,"height":1024,"caption":"KORNELIARATAJ"},"image":{"@id":"https:\/\/korneliarataj.com\/#\/schema\/logo\/image\/"},"sameAs":["http:\/\/www.facebook.com\/korneliaratajshop","http:\/\/www.instagram.com\/korneliarataj"]}]}},"_links":{"self":[{"href":"https:\/\/korneliarataj.com\/de\/wp-json\/wp\/v2\/product\/200057","targetHints":{"allow":["GET"]}}],"collection":[{"href":"https:\/\/korneliarataj.com\/de\/wp-json\/wp\/v2\/product"}],"about":[{"href":"https:\/\/korneliarataj.com\/de\/wp-json\/wp\/v2\/types\/product"}],"wp:featuredmedia":[{"embeddable":true,"href":"https:\/\/korneliarataj.com\/de\/wp-json\/wp\/v2\/media\/199966"}],"wp:attachment":[{"href":"https:\/\/korneliarataj.com\/de\/wp-json\/wp\/v2\/media?parent=200057"}],"wp:term":[{"taxonomy":"product_brand","embeddable":true,"href":"https:\/\/korneliarataj.com\/de\/wp-json\/wp\/v2\/product_brand?post=200057"},{"taxonomy":"product_cat","embeddable":true,"href":"https:\/\/korneliarataj.com\/de\/wp-json\/wp\/v2\/product_cat?post=200057"},{"taxonomy":"product_tag","embeddable":true,"href":"https:\/\/korneliarataj.com\/de\/wp-json\/wp\/v2\/product_tag?post=200057"}],"curies":[{"name":"wp","href":"https:\/\/api.w.org\/{rel}","templated":true}]}}