{"id":199308,"date":"2024-04-10T13:16:24","date_gmt":"2024-04-10T11:16:24","guid":{"rendered":"https:\/\/korneliarataj.com\/?post_type=product&#038;p=199308"},"modified":"2025-06-10T11:45:28","modified_gmt":"2025-06-10T09:45:28","slug":"lniane-krotkie-spodenki-natural","status":"publish","type":"product","link":"https:\/\/korneliarataj.com\/de\/produkt\/lniane-krotkie-spodenki-natural\/","title":{"rendered":"Lniane kr\u00f3tkie spodenki Natural"},"content":{"rendered":"","protected":false},"excerpt":{"rendered":"<p style=\"text-align: left;\"><strong>OPTIONEN<\/strong><\/p>\n<p style=\"text-align: left;\"><a href=\"https:\/\/korneliarataj.com\/de\/produkt\/lniane-krotkie-spodenki-coconut\/\" target=\"_blank\" rel=\"noopener noreferrer\"><img decoding=\"async\" src=\"https:\/\/korneliarataj.com\/wp-content\/uploads\/2024\/04\/LINEN2024-SHORTS-COCONUT-1-200x300.jpg\" width=\"100px\" \/><\/a><a href=\"https:\/\/korneliarataj.com\/de\/produkt\/lniane-krotkie-spodenki-wood\/\" target=\"_blank\" rel=\"noopener noreferrer\"><img decoding=\"async\" src=\"https:\/\/korneliarataj.com\/wp-content\/uploads\/2024\/04\/LINEN2024-SHORTS-WOOD-1-200x300.jpg\" width=\"100px\" \/><\/a><a href=\"https:\/\/korneliarataj.com\/de\/produkt\/lniane-krotkie-spodenki-black\/\" target=\"_blank\" rel=\"noopener noreferrer\"><img decoding=\"async\" src=\"https:\/\/korneliarataj.com\/wp-content\/uploads\/2024\/04\/LINEN2024-SHORTS-BLACK-1-200x300.jpg\" width=\"100px\" \/><\/a><a href=\"https:\/\/korneliarataj.com\/de\/produkt\/lniane-krotkie-spodenki-guava\/\" target=\"_blank\" rel=\"noopener noreferrer\"><img decoding=\"async\" src=\"https:\/\/korneliarataj.com\/wp-content\/uploads\/2024\/04\/LINEN2024-SHORTS-GUAVA-1-200x300.jpg\" width=\"100px\" \/><\/a><\/p>\n<p style=\"text-align: left;\"><u><strong>LINEN SHORTS<\/strong><\/u><\/p>\n<p style=\"text-align: left;\">lniane kr\u00f3tkie spodenki dla kobiet z\u00a0wszytymi kieszeniami. spodenki posiadaj\u0105 w\u00a0pasie gum\u0119 oraz wi\u0105zanie, kt\u00f3re pozwala na\u00a0ich swobodn\u0105 regulacj\u0119.<\/p>\n<p style=\"text-align: left;\">spodenki wykonane s\u0105\u00a0w\u00a0100% z\u00a0najwy\u017cszej jako\u015bci lnu. tkanina lniana jest niezwykle lekka, zmi\u0119kczona i\u00a0przewiewna, zapewnia wysoki komfort u\u017cytkowania, zw\u0142aszcza latem.<br \/>\ndas Erzeugnis wird in einer einzigen Lage gen\u00e4ht.<\/p>\n<p style=\"text-align: left;\">damskie kr\u00f3tkie szorty z\u00a0lnu idealnie komponuj\u0105 si\u0119 z\u00a0pozosta\u0142ymi produktami z\u00a0kolekcji <strong>Leinen<\/strong>. Sie k\u00f6nnen einen trendigen Leinen-Look kreieren mit\u00a0<strong>eine einfache Leinenbluse<\/strong> oder <strong>bluzk\u0105 wi\u0105zan\u0105 po\u00a0bokach<\/strong>, oder <strong>kurzes Leinenoberteil<\/strong>die mehrere Bindungsm\u00f6glichkeiten bietet. <strong>Leinen-Haargummi<\/strong> ist die perfekte Erg\u00e4nzung f\u00fcr Ihr Styling.<br \/>\nlniane szorty dost\u0119pne s\u0105\u00a0w\u00a05\u00a0modnych i\u00a0ponadczasowych kolorach.<\/p>\n<p style=\"text-align: left;\">Unsere Produkte bestechen durch ihre sorgf\u00e4ltige Verarbeitung, ihre Langlebigkeit und ihre \u00c4sthetik, die Ihr Herz erobern wird. Leinenprodukt-Kollektion <strong>Leinen<\/strong> wurde vollst\u00e4ndig in Polen hergestellt, in unserer Familienwerkstatt in Czernica.<\/p>\n<p style=\"text-align: left;\">Das Gewebe erf\u00fcllt die Anforderungen des \u00d6ko-Tex-Standards 100. Der Flachs, aus dem die Produkte hergestellt werden, stammt von einem lokalen polnischen Hersteller.<\/p>\n<p style=\"text-align: left;\">spodenki dost\u0119pne s\u0105\u00a0w\u00a05\u00a0rozmiarach.<br \/>\n<strong>das Modell, das das Produkt zeigt, tr\u00e4gt Gr\u00f6\u00dfe xs.<\/strong><\/p>\n<p style=\"text-align: left;\">Das Produkt wurde in Czernica entwickelt.<br \/>\nDas Material stammt aus Polen<\/p>\n<p style=\"text-align: left;\"><strong><u><\/p>\n<div class=\"kr-collapse is-noarrow\" data-rel=\"kolor\">\n    <button type=\"button\" class=\"kr-collapse__trigger\"\n      aria-expanded=\"false\"\n      aria-controls=\"kr-exp-1\"><br \/>\n      FARBBESCHREIBUNG<br \/>\n    <\/button><\/p>\n<div id=\"kr-exp-1\" class=\"kr-collapse__panel\" hidden>\n<div class=\"kr-collapse__content\"><\/u><\/strong><\/p>\n<p style=\"text-align: left;\"><strong>NATURAL<\/strong> - Der weiche, warme grau-beige Farbton ist die Farbe der Ruhe und der klassischen Schlichtheit. Naturleinen ist ideal f\u00fcr alle, die harmonische Erdt\u00f6ne lieben. Die Farbe Naturleinen wird f\u00fcr jeden Teint empfohlen, insbesondere f\u00fcr leicht gebr\u00e4unte und gebr\u00e4unte Haut.<\/div>\n<\/p><\/div>\n<\/p><\/div>\n<\/p>\n<p style=\"text-align: left;\"><strong><u><\/p>\n<div class=\"kr-collapse is-noarrow\" data-rel=\"wymiary\">\n    <button type=\"button\" class=\"kr-collapse__trigger\"\n      aria-expanded=\"false\"\n      aria-controls=\"kr-exp-2\"><br \/>\n      MODELLABMESSUNGEN<br \/>\n    <\/button><\/p>\n<div id=\"kr-exp-2\" class=\"kr-collapse__panel\" hidden>\n<div class=\"kr-collapse__content\"><\/u><\/strong><\/p>\n<p style=\"text-align: left;\">Brustumfang: 89cm<br \/>\nUmfang unter der B\u00fcste: 70cm<br \/>\nTaillenumfang: 65cm<br \/>\nH\u00fcftumfang: 91cm<br \/>\nH\u00f6he: 165cm<br \/>\nTasse: c<\/div>\n<\/p><\/div>\n<\/p><\/div>\n<\/p>\n<p style=\"text-align: left;\"><strong><u><\/p>\n<div class=\"kr-collapse is-noarrow\" data-rel=\"sklad\">\n    <button type=\"button\" class=\"kr-collapse__trigger\"\n      aria-expanded=\"false\"\n      aria-controls=\"kr-exp-3\"><br \/>\n      ZUSAMMENSETZUNG UND PFLEGEHINWEISE<br \/>\n    <\/button><\/p>\n<div id=\"kr-exp-3\" class=\"kr-collapse__panel\" hidden>\n<div class=\"kr-collapse__content\"><\/u><\/strong><\/p>\n<p style=\"text-align: left;\">100% Flachs<br \/>\nLeinengewicht 140g\/m2<br \/>\nSchonwaschgang bei 30\u00b0c<br \/>\nHandw\u00e4sche<br \/>\nEisen bei max. 150\u00b0c<\/div>\n<\/p><\/div>\n<\/p><\/div><\/p>","protected":false},"featured_media":199266,"template":"","meta":[],"product_brand":[],"product_cat":[198],"product_tag":[423],"class_list":{"0":"post-199308","1":"product","2":"type-product","3":"status-publish","4":"has-post-thumbnail","6":"product_cat-archiwum","7":"product_tag-natural","8":"flv-has-gallery","10":"first","11":"outofstock","12":"taxable","13":"shipping-taxable","14":"product-type-variable"},"yoast_head":"<!-- This site is optimized with the Yoast SEO plugin v27.3 - https:\/\/yoast.com\/product\/yoast-seo-wordpress\/ -->\n<title>Lniane kr\u00f3tkie spodenki Natural - KORNELIARATAJ<\/title>\n<meta name=\"description\" content=\"Kornelia Rataj. Minimalist Women&#039;s Collection, Basic, Swimwear. HANDMADE IN POLAND WITH LOVE.\" \/>\n<meta name=\"robots\" content=\"index, follow, max-snippet:-1, max-image-preview:large, max-video-preview:-1\" \/>\n<link rel=\"canonical\" href=\"https:\/\/korneliarataj.com\/de\/produkt\/lniane-krotkie-spodenki-natural\/\" \/>\n<meta property=\"og:locale\" content=\"de_DE\" \/>\n<meta property=\"og:type\" content=\"article\" \/>\n<meta property=\"og:title\" content=\"Lniane kr\u00f3tkie spodenki Natural - KORNELIARATAJ\" \/>\n<meta property=\"og:description\" content=\"Kornelia Rataj. Minimalist Women&#039;s Collection, Basic, Swimwear. HANDMADE IN POLAND WITH LOVE.\" \/>\n<meta property=\"og:url\" content=\"https:\/\/korneliarataj.com\/de\/produkt\/lniane-krotkie-spodenki-natural\/\" \/>\n<meta property=\"og:site_name\" content=\"KORNELIARATAJ\" \/>\n<meta property=\"article:publisher\" content=\"http:\/\/www.facebook.com\/korneliaratajshop\" \/>\n<meta property=\"article:modified_time\" content=\"2025-06-10T09:45:28+00:00\" \/>\n<meta property=\"og:image\" content=\"https:\/\/korneliarataj.com\/wp-content\/uploads\/2024\/04\/LB-LINEN2024-SHORTS-NATURAL-1-scaled.jpg\" \/>\n\t<meta property=\"og:image:width\" content=\"1366\" \/>\n\t<meta property=\"og:image:height\" content=\"2048\" \/>\n\t<meta property=\"og:image:type\" content=\"image\/jpeg\" \/>\n<meta name=\"twitter:card\" content=\"summary_large_image\" \/>\n<meta name=\"twitter:label1\" content=\"Gesch\u00e4tzte Lesezeit\" \/>\n\t<meta name=\"twitter:data1\" content=\"1\u00a0Minute\" \/>\n<script type=\"application\/ld+json\" class=\"yoast-schema-graph\">{\"@context\":\"https:\\\/\\\/schema.org\",\"@graph\":[{\"@type\":\"WebPage\",\"@id\":\"https:\\\/\\\/korneliarataj.com\\\/produkt\\\/lniane-krotkie-spodenki-natural\\\/\",\"url\":\"https:\\\/\\\/korneliarataj.com\\\/produkt\\\/lniane-krotkie-spodenki-natural\\\/\",\"name\":\"Lniane kr\u00f3tkie spodenki Natural - KORNELIARATAJ\",\"isPartOf\":{\"@id\":\"https:\\\/\\\/korneliarataj.com\\\/#website\"},\"primaryImageOfPage\":{\"@id\":\"https:\\\/\\\/korneliarataj.com\\\/produkt\\\/lniane-krotkie-spodenki-natural\\\/#primaryimage\"},\"image\":{\"@id\":\"https:\\\/\\\/korneliarataj.com\\\/produkt\\\/lniane-krotkie-spodenki-natural\\\/#primaryimage\"},\"thumbnailUrl\":\"https:\\\/\\\/korneliarataj.com\\\/wp-content\\\/uploads\\\/2024\\\/04\\\/LB-LINEN2024-SHORTS-NATURAL-1-scaled.jpg\",\"datePublished\":\"2024-04-10T11:16:24+00:00\",\"dateModified\":\"2025-06-10T09:45:28+00:00\",\"description\":\"Kornelia Rataj. Minimalist Women's Collection, Basic, Swimwear. HANDMADE IN POLAND WITH LOVE.\",\"breadcrumb\":{\"@id\":\"https:\\\/\\\/korneliarataj.com\\\/produkt\\\/lniane-krotkie-spodenki-natural\\\/#breadcrumb\"},\"inLanguage\":\"de\",\"potentialAction\":[{\"@type\":\"ReadAction\",\"target\":[\"https:\\\/\\\/korneliarataj.com\\\/produkt\\\/lniane-krotkie-spodenki-natural\\\/\"]}]},{\"@type\":\"ImageObject\",\"inLanguage\":\"de\",\"@id\":\"https:\\\/\\\/korneliarataj.com\\\/produkt\\\/lniane-krotkie-spodenki-natural\\\/#primaryimage\",\"url\":\"https:\\\/\\\/korneliarataj.com\\\/wp-content\\\/uploads\\\/2024\\\/04\\\/LB-LINEN2024-SHORTS-NATURAL-1-scaled.jpg\",\"contentUrl\":\"https:\\\/\\\/korneliarataj.com\\\/wp-content\\\/uploads\\\/2024\\\/04\\\/LB-LINEN2024-SHORTS-NATURAL-1-scaled.jpg\",\"width\":1366,\"height\":2048},{\"@type\":\"BreadcrumbList\",\"@id\":\"https:\\\/\\\/korneliarataj.com\\\/produkt\\\/lniane-krotkie-spodenki-natural\\\/#breadcrumb\",\"itemListElement\":[{\"@type\":\"ListItem\",\"position\":1,\"name\":\"HOME\",\"item\":\"https:\\\/\\\/korneliarataj.com\\\/\"},{\"@type\":\"ListItem\",\"position\":2,\"name\":\"Products\",\"item\":\"https:\\\/\\\/korneliarataj.com\\\/en\\\/shop\\\/\"},{\"@type\":\"ListItem\",\"position\":3,\"name\":\"Lniane kr\u00f3tkie spodenki Natural\"}]},{\"@type\":\"WebSite\",\"@id\":\"https:\\\/\\\/korneliarataj.com\\\/#website\",\"url\":\"https:\\\/\\\/korneliarataj.com\\\/\",\"name\":\"Stroje K\u0105pielowe i Odzie\u017c Lniana Sklep Kornelia Rataj\",\"description\":\"swimwear stroje k\u0105pielowe ubrania len lniane\",\"publisher\":{\"@id\":\"https:\\\/\\\/korneliarataj.com\\\/#organization\"},\"potentialAction\":[{\"@type\":\"SearchAction\",\"target\":{\"@type\":\"EntryPoint\",\"urlTemplate\":\"https:\\\/\\\/korneliarataj.com\\\/?s={search_term_string}\"},\"query-input\":{\"@type\":\"PropertyValueSpecification\",\"valueRequired\":true,\"valueName\":\"search_term_string\"}}],\"inLanguage\":\"de\"},{\"@type\":\"Organization\",\"@id\":\"https:\\\/\\\/korneliarataj.com\\\/#organization\",\"name\":\"KORNELIARATAJ\",\"url\":\"https:\\\/\\\/korneliarataj.com\\\/\",\"logo\":{\"@type\":\"ImageObject\",\"inLanguage\":\"de\",\"@id\":\"https:\\\/\\\/korneliarataj.com\\\/#\\\/schema\\\/logo\\\/image\\\/\",\"url\":\"https:\\\/\\\/korneliarataj.com\\\/wp-content\\\/uploads\\\/2020\\\/07\\\/LOGO-KR.svg\",\"contentUrl\":\"https:\\\/\\\/korneliarataj.com\\\/wp-content\\\/uploads\\\/2020\\\/07\\\/LOGO-KR.svg\",\"width\":1024,\"height\":1024,\"caption\":\"KORNELIARATAJ\"},\"image\":{\"@id\":\"https:\\\/\\\/korneliarataj.com\\\/#\\\/schema\\\/logo\\\/image\\\/\"},\"sameAs\":[\"http:\\\/\\\/www.facebook.com\\\/korneliaratajshop\",\"http:\\\/\\\/www.instagram.com\\\/korneliarataj\"]}]}<\/script>\n<!-- \/ Yoast SEO plugin. -->","yoast_head_json":{"title":"Lniane kr\u00f3tkie spodenki Natural - KORNELIARATAJ","description":"Kornelia Rataj. Minimalistische Damenkollektion, Basic, Bademode. HANDGEMACHT IN POLEN MIT LIEBE.","robots":{"index":"index","follow":"follow","max-snippet":"max-snippet:-1","max-image-preview":"max-image-preview:large","max-video-preview":"max-video-preview:-1"},"canonical":"https:\/\/korneliarataj.com\/de\/produkt\/lniane-krotkie-spodenki-natural\/","og_locale":"de_DE","og_type":"article","og_title":"Lniane kr\u00f3tkie spodenki Natural - KORNELIARATAJ","og_description":"Kornelia Rataj. Minimalist Women's Collection, Basic, Swimwear. HANDMADE IN POLAND WITH LOVE.","og_url":"https:\/\/korneliarataj.com\/de\/produkt\/lniane-krotkie-spodenki-natural\/","og_site_name":"KORNELIARATAJ","article_publisher":"http:\/\/www.facebook.com\/korneliaratajshop","article_modified_time":"2025-06-10T09:45:28+00:00","og_image":[{"width":1366,"height":2048,"url":"https:\/\/korneliarataj.com\/wp-content\/uploads\/2024\/04\/LB-LINEN2024-SHORTS-NATURAL-1-scaled.jpg","type":"image\/jpeg"}],"twitter_card":"summary_large_image","twitter_misc":{"Gesch\u00e4tzte Lesezeit":"1\u00a0Minute"},"schema":{"@context":"https:\/\/schema.org","@graph":[{"@type":"WebPage","@id":"https:\/\/korneliarataj.com\/produkt\/lniane-krotkie-spodenki-natural\/","url":"https:\/\/korneliarataj.com\/produkt\/lniane-krotkie-spodenki-natural\/","name":"Lniane kr\u00f3tkie spodenki Natural - KORNELIARATAJ","isPartOf":{"@id":"https:\/\/korneliarataj.com\/#website"},"primaryImageOfPage":{"@id":"https:\/\/korneliarataj.com\/produkt\/lniane-krotkie-spodenki-natural\/#primaryimage"},"image":{"@id":"https:\/\/korneliarataj.com\/produkt\/lniane-krotkie-spodenki-natural\/#primaryimage"},"thumbnailUrl":"https:\/\/korneliarataj.com\/wp-content\/uploads\/2024\/04\/LB-LINEN2024-SHORTS-NATURAL-1-scaled.jpg","datePublished":"2024-04-10T11:16:24+00:00","dateModified":"2025-06-10T09:45:28+00:00","description":"Kornelia Rataj. Minimalistische Damenkollektion, Basic, Bademode. HANDGEMACHT IN POLEN MIT LIEBE.","breadcrumb":{"@id":"https:\/\/korneliarataj.com\/produkt\/lniane-krotkie-spodenki-natural\/#breadcrumb"},"inLanguage":"de","potentialAction":[{"@type":"ReadAction","target":["https:\/\/korneliarataj.com\/produkt\/lniane-krotkie-spodenki-natural\/"]}]},{"@type":"ImageObject","inLanguage":"de","@id":"https:\/\/korneliarataj.com\/produkt\/lniane-krotkie-spodenki-natural\/#primaryimage","url":"https:\/\/korneliarataj.com\/wp-content\/uploads\/2024\/04\/LB-LINEN2024-SHORTS-NATURAL-1-scaled.jpg","contentUrl":"https:\/\/korneliarataj.com\/wp-content\/uploads\/2024\/04\/LB-LINEN2024-SHORTS-NATURAL-1-scaled.jpg","width":1366,"height":2048},{"@type":"BreadcrumbList","@id":"https:\/\/korneliarataj.com\/produkt\/lniane-krotkie-spodenki-natural\/#breadcrumb","itemListElement":[{"@type":"ListItem","position":1,"name":"HOME","item":"https:\/\/korneliarataj.com\/"},{"@type":"ListItem","position":2,"name":"Products","item":"https:\/\/korneliarataj.com\/en\/shop\/"},{"@type":"ListItem","position":3,"name":"Lniane kr\u00f3tkie spodenki Natural"}]},{"@type":"WebSite","@id":"https:\/\/korneliarataj.com\/#website","url":"https:\/\/korneliarataj.com\/","name":"Bademode und Leinenbekleidung Shop Kornelia Rataj","description":"badebekleidung badebekleidung leinen leinenbekleidung","publisher":{"@id":"https:\/\/korneliarataj.com\/#organization"},"potentialAction":[{"@type":"SearchAction","target":{"@type":"EntryPoint","urlTemplate":"https:\/\/korneliarataj.com\/?s={search_term_string}"},"query-input":{"@type":"PropertyValueSpecification","valueRequired":true,"valueName":"search_term_string"}}],"inLanguage":"de"},{"@type":"Organization","@id":"https:\/\/korneliarataj.com\/#organization","name":"KORNELIARATAJ","url":"https:\/\/korneliarataj.com\/","logo":{"@type":"ImageObject","inLanguage":"de","@id":"https:\/\/korneliarataj.com\/#\/schema\/logo\/image\/","url":"https:\/\/korneliarataj.com\/wp-content\/uploads\/2020\/07\/LOGO-KR.svg","contentUrl":"https:\/\/korneliarataj.com\/wp-content\/uploads\/2020\/07\/LOGO-KR.svg","width":1024,"height":1024,"caption":"KORNELIARATAJ"},"image":{"@id":"https:\/\/korneliarataj.com\/#\/schema\/logo\/image\/"},"sameAs":["http:\/\/www.facebook.com\/korneliaratajshop","http:\/\/www.instagram.com\/korneliarataj"]}]}},"_links":{"self":[{"href":"https:\/\/korneliarataj.com\/de\/wp-json\/wp\/v2\/product\/199308","targetHints":{"allow":["GET"]}}],"collection":[{"href":"https:\/\/korneliarataj.com\/de\/wp-json\/wp\/v2\/product"}],"about":[{"href":"https:\/\/korneliarataj.com\/de\/wp-json\/wp\/v2\/types\/product"}],"wp:featuredmedia":[{"embeddable":true,"href":"https:\/\/korneliarataj.com\/de\/wp-json\/wp\/v2\/media\/199266"}],"wp:attachment":[{"href":"https:\/\/korneliarataj.com\/de\/wp-json\/wp\/v2\/media?parent=199308"}],"wp:term":[{"taxonomy":"product_brand","embeddable":true,"href":"https:\/\/korneliarataj.com\/de\/wp-json\/wp\/v2\/product_brand?post=199308"},{"taxonomy":"product_cat","embeddable":true,"href":"https:\/\/korneliarataj.com\/de\/wp-json\/wp\/v2\/product_cat?post=199308"},{"taxonomy":"product_tag","embeddable":true,"href":"https:\/\/korneliarataj.com\/de\/wp-json\/wp\/v2\/product_tag?post=199308"}],"curies":[{"name":"wp","href":"https:\/\/api.w.org\/{rel}","templated":true}]}}