{"id":190094,"date":"2024-01-19T15:44:08","date_gmt":"2024-01-19T14:44:08","guid":{"rendered":"https:\/\/korneliarataj.com\/?post_type=product&#038;p=190094"},"modified":"2026-01-12T17:03:08","modified_gmt":"2026-01-12T16:03:08","slug":"classy-dol-stroju-kapielowego-orchid","status":"publish","type":"product","link":"https:\/\/korneliarataj.com\/de\/produkt\/classy-dol-stroju-kapielowego-orchid\/","title":{"rendered":"Classy - Orchidee Badeanzug unten"},"content":{"rendered":"","protected":false},"excerpt":{"rendered":"<p style=\"text-align: left;\"><strong>OPTIONEN<\/strong><\/p>\n<p style=\"text-align: left;\"><a href=\"https:\/\/korneliarataj.com\/de\/produkt\/classy-dol-stroju-kapielowego-bali\/\" target=\"_blank\" rel=\"noopener noreferrer\"><img decoding=\"async\" width=\"100px\" src=\"https:\/\/korneliarataj.com\/wp-content\/uploads\/2024\/02\/SWIMWEAR2024-CLASSY-BOTTOM-BALI-1-199x300.jpg\"\/><\/a><a href=\"https:\/\/korneliarataj.com\/de\/produkt\/classy-dol-stroju-kapielowego-guava\/\" target=\"_blank\" rel=\"noopener noreferrer\"><img decoding=\"async\" width=\"100px\" src=\"https:\/\/korneliarataj.com\/wp-content\/uploads\/2024\/01\/SWIMWEAR2024-CLASSY-BOTTOM-GUAVA-1-200x300.jpg\"\/><\/a><a href=\"https:\/\/korneliarataj.com\/de\/produkt\/classy-dol-stroju-kapielowego-natural\/\" target=\"_blank\" rel=\"noopener noreferrer\"><img decoding=\"async\" width=\"100px\" src=\"https:\/\/korneliarataj.com\/wp-content\/uploads\/2024\/01\/SWIMWEAR2024-CLASSY-BOTTOM-NATURAL-1-200x300.jpg\"\/><\/a><\/p>\n<p style=\"text-align: left;\"><u>BADEANZUGUNTERTEIL <strong>CLASSY BOTTOM<\/strong><\/u><\/p>\n<p style=\"text-align: left;\">Ein klassisches Bikini-Unterteil mit niedriger Taille, das das Ges\u00e4\u00df sanft entbl\u00f6\u00dft. Das Bikini-Unterteil ist ideal zum Sonnenbaden und f\u00fcr den Aufenthalt am Strand. Die bequeme Form, die niedrige Leibh\u00f6he und die bequemen Ausschnitte machen diesen Bikini f\u00fcr jede Figur geeignet.<\/p>\n<p style=\"text-align: left;\">Zwei Schichten und das entsprechende Gewicht des Materials sorgen f\u00fcr Komfort.<\/p>\n<p style=\"text-align: left;\">Sie k\u00f6nnen den CLASSY BOTTOM-Boden mit jedem der folgenden Produkte kombinieren <a href=\"https:\/\/korneliarataj.com\/de\/swimwear\/?product_cat=swimwear-top\" target=\"_blank\" rel=\"noopener noreferrer\"><strong>top<\/strong><\/a> aus der Bademodenkollektion <a href=\"https:\/\/korneliarataj.com\/de\/swimwear\/\" target=\"_blank\" rel=\"noopener noreferrer\"><strong>Bademode<\/strong><\/a>.<\/p>\n<p style=\"text-align: left;\">Die Bademode ist in 5 modischen und zeitlosen Standardfarben und 2 limitierten Saisonfarben erh\u00e4ltlich.<\/p>\n<p style=\"text-align: left;\">Das Kost\u00fcm hat verdeckte N\u00e4hte und ist in zwei Lagen aus hochwertigem Material gen\u00e4ht, recyceltem Lycra - Econyl<sup class=\"econyl\">\u24c7<\/sup> \u00d6ko-Tex Standard 100 zertifiziert.<br \/>\nDer Hersteller des Materials f\u00fchrt seine zahlreichen Vorteile an:<br \/>\n- sch\u00fctzt vor UV-Strahlung<br \/>\n- biflexibel<br \/>\n- ultra-chlorbest\u00e4ndig<br \/>\n- resistent gegen Pilling - Flaumigkeit<br \/>\n- weist eine hohe Best\u00e4ndigkeit gegen Sonnencremes und \u00d6le auf<br \/>\n- recycelte Faser<br \/>\n- zertifiziert nach \u00d6ko-Tex Standard 100<\/p>\n<p style=\"text-align: left;\">Das Innenetikett ist nicht aufgen\u00e4ht, sondern wird durch Hitze auf den Stoff gepresst, um den Tragekomfort zu erh\u00f6hen.<\/p>\n<p style=\"text-align: left;\">Die von uns hergestellten Produkte bestechen durch ihre sorgf\u00e4ltige Verarbeitung, Langlebigkeit und \u00c4sthetik. Die Bademodenkollektion wird vollst\u00e4ndig in unserer Familienwerkstatt in Czernica hergestellt.<\/p>\n<p style=\"text-align: left;\">Pr\u00fcfen Sie auch die verf\u00fcgbaren <a href=\"https:\/\/korneliarataj.com\/de\/akcesoria\/\" target=\"_blank\" rel=\"noopener noreferrer\"><strong>Zubeh\u00f6r<\/strong><\/a> passend zur Bademodenkollektion.<\/p>\n<p style=\"text-align: left;\">Das Kost\u00fcm ist in 5 Gr\u00f6\u00dfen erh\u00e4ltlich.<br \/>\nDas Modell, das das Produkt zeigt, tr\u00e4gt Gr\u00f6\u00dfe xs.<\/p>\n<p style=\"text-align: left;\">Das Produkt wurde in Polen hergestellt.<\/p>\n<p style=\"text-align: left;\"><strong><u><\/p>\n<div class=\"kr-collapse is-noarrow\" data-rel=\"kolor\">\n    <button type=\"button\" class=\"kr-collapse__trigger\"\n      aria-expanded=\"false\"\n      aria-controls=\"kr-exp-1\"><br \/>\n      FARBBESCHREIBUNG<br \/>\n    <\/button><\/p>\n<div id=\"kr-exp-1\" class=\"kr-collapse__panel\" hidden>\n<div class=\"kr-collapse__content\"><\/u><\/strong><\/p>\n<p style=\"text-align: left;\"><strong>ORCHIDEE<\/strong> - Der limitierte Violett-Ton ist eine der beiden Saisonfarben 2024 und wurde in Anlehnung an die leuchtende, vibrierende Farbe der Orchidee kreiert, der Blume, die die Flora der Insel Bali ziert. Lila Bademode ist perfekt f\u00fcr alle, die fr\u00f6hliche, intensive Farben lieben. Die Produkte in der Farbe Orchidee sind limitiert und nur in begrenzten Mengen erh\u00e4ltlich. Die Farbe Orchidee - Lila \/ Fuchsia \/ Violett ist f\u00fcr alle Hauttypen und alle Sch\u00f6nheitstypen geeignet.<\/div>\n<\/p><\/div>\n<\/p><\/div>\n<\/p>\n<p style=\"text-align: left;\"><strong><u><\/p>\n<div class=\"kr-collapse is-noarrow\" data-rel=\"wymiary\">\n    <button type=\"button\" class=\"kr-collapse__trigger\"\n      aria-expanded=\"false\"\n      aria-controls=\"kr-exp-2\"><br \/>\n      MODELLABMESSUNGEN<br \/>\n    <\/button><\/p>\n<div id=\"kr-exp-2\" class=\"kr-collapse__panel\" hidden>\n<div class=\"kr-collapse__content\"><\/u><\/strong><\/p>\n<p style=\"text-align: left;\">Brustumfang: 89cm<br \/>\nUmfang unter der B\u00fcste: 70cm<br \/>\nTaillenumfang: 65cm<br \/>\nH\u00fcftumfang: 91cm<br \/>\nH\u00f6he: 165cm<br \/>\nTasse: c<\/div>\n<\/p><\/div>\n<\/p><\/div>\n<\/p>\n<p style=\"text-align: left;\"><strong><u><\/p>\n<div class=\"kr-collapse is-noarrow\" data-rel=\"sklad\">\n    <button type=\"button\" class=\"kr-collapse__trigger\"\n      aria-expanded=\"false\"\n      aria-controls=\"kr-exp-3\"><br \/>\n      ZUSAMMENSETZUNG UND PFLEGEHINWEISE<br \/>\n    <\/button><\/p>\n<div id=\"kr-exp-3\" class=\"kr-collapse__panel\" hidden>\n<div class=\"kr-collapse__content\"><\/u><\/strong><\/p>\n<p style=\"text-align: left;\">78% recyceltes Polyamid<br \/>\n22% Elastan<br \/>\nSchonwaschgang bei 30\u00b0c mit \u00e4hnlichen Farben<br \/>\nHandw\u00e4sche, mit \u00e4hnlichen Farben<br \/>\nEisen bei max. 110\u00b0c<br \/>\nnicht bleichen<br \/>\nnicht im Trockner trocknen<\/div>\n<\/p><\/div>\n<\/p><\/div><\/p>","protected":false},"featured_media":190664,"template":"","meta":[],"product_brand":[],"product_cat":[198],"product_tag":[465],"class_list":{"0":"post-190094","1":"product","2":"type-product","3":"status-publish","4":"has-post-thumbnail","6":"product_cat-archiwum","7":"product_tag-orchid","8":"flv-has-gallery","10":"first","11":"outofstock","12":"taxable","13":"shipping-taxable","14":"product-type-variable"},"yoast_head":"<!-- This site is optimized with the Yoast SEO plugin v27.3 - https:\/\/yoast.com\/product\/yoast-seo-wordpress\/ -->\n<title>Classy - d\u00f3\u0142 stroju k\u0105pielowego Orchid - KORNELIARATAJ<\/title>\n<meta name=\"description\" content=\"Kornelia Rataj. Minimalist Women&#039;s Collection, Basic, Swimwear. HANDMADE IN POLAND WITH LOVE.\" \/>\n<meta name=\"robots\" content=\"index, follow, max-snippet:-1, max-image-preview:large, max-video-preview:-1\" \/>\n<link rel=\"canonical\" href=\"https:\/\/korneliarataj.com\/de\/produkt\/classy-dol-stroju-kapielowego-orchid\/\" \/>\n<meta property=\"og:locale\" content=\"de_DE\" \/>\n<meta property=\"og:type\" content=\"article\" \/>\n<meta property=\"og:title\" content=\"Classy - d\u00f3\u0142 stroju k\u0105pielowego Orchid - KORNELIARATAJ\" \/>\n<meta property=\"og:description\" content=\"Kornelia Rataj. Minimalist Women&#039;s Collection, Basic, Swimwear. HANDMADE IN POLAND WITH LOVE.\" \/>\n<meta property=\"og:url\" content=\"https:\/\/korneliarataj.com\/de\/produkt\/classy-dol-stroju-kapielowego-orchid\/\" \/>\n<meta property=\"og:site_name\" content=\"KORNELIARATAJ\" \/>\n<meta property=\"article:publisher\" content=\"http:\/\/www.facebook.com\/korneliaratajshop\" \/>\n<meta property=\"article:modified_time\" content=\"2026-01-12T16:03:08+00:00\" \/>\n<meta property=\"og:image\" content=\"https:\/\/korneliarataj.com\/wp-content\/uploads\/2024\/01\/LB-SWIMWEAR2024-CLASSY-BOTTOM-ORCHID-1-scaled.jpg\" \/>\n\t<meta property=\"og:image:width\" content=\"1365\" \/>\n\t<meta property=\"og:image:height\" content=\"2048\" \/>\n\t<meta property=\"og:image:type\" content=\"image\/jpeg\" \/>\n<meta name=\"twitter:card\" content=\"summary_large_image\" \/>\n<meta name=\"twitter:label1\" content=\"Gesch\u00e4tzte Lesezeit\" \/>\n\t<meta name=\"twitter:data1\" content=\"1\u00a0Minute\" \/>\n<script type=\"application\/ld+json\" class=\"yoast-schema-graph\">{\"@context\":\"https:\\\/\\\/schema.org\",\"@graph\":[{\"@type\":\"WebPage\",\"@id\":\"https:\\\/\\\/korneliarataj.com\\\/produkt\\\/classy-dol-stroju-kapielowego-orchid\\\/\",\"url\":\"https:\\\/\\\/korneliarataj.com\\\/produkt\\\/classy-dol-stroju-kapielowego-orchid\\\/\",\"name\":\"Classy - d\u00f3\u0142 stroju k\u0105pielowego Orchid - KORNELIARATAJ\",\"isPartOf\":{\"@id\":\"https:\\\/\\\/korneliarataj.com\\\/#website\"},\"primaryImageOfPage\":{\"@id\":\"https:\\\/\\\/korneliarataj.com\\\/produkt\\\/classy-dol-stroju-kapielowego-orchid\\\/#primaryimage\"},\"image\":{\"@id\":\"https:\\\/\\\/korneliarataj.com\\\/produkt\\\/classy-dol-stroju-kapielowego-orchid\\\/#primaryimage\"},\"thumbnailUrl\":\"https:\\\/\\\/korneliarataj.com\\\/wp-content\\\/uploads\\\/2024\\\/01\\\/LB-SWIMWEAR2024-CLASSY-BOTTOM-ORCHID-1-scaled.jpg\",\"datePublished\":\"2024-01-19T14:44:08+00:00\",\"dateModified\":\"2026-01-12T16:03:08+00:00\",\"description\":\"Kornelia Rataj. Minimalist Women's Collection, Basic, Swimwear. HANDMADE IN POLAND WITH LOVE.\",\"breadcrumb\":{\"@id\":\"https:\\\/\\\/korneliarataj.com\\\/produkt\\\/classy-dol-stroju-kapielowego-orchid\\\/#breadcrumb\"},\"inLanguage\":\"de\",\"potentialAction\":[{\"@type\":\"ReadAction\",\"target\":[\"https:\\\/\\\/korneliarataj.com\\\/produkt\\\/classy-dol-stroju-kapielowego-orchid\\\/\"]}]},{\"@type\":\"ImageObject\",\"inLanguage\":\"de\",\"@id\":\"https:\\\/\\\/korneliarataj.com\\\/produkt\\\/classy-dol-stroju-kapielowego-orchid\\\/#primaryimage\",\"url\":\"https:\\\/\\\/korneliarataj.com\\\/wp-content\\\/uploads\\\/2024\\\/01\\\/LB-SWIMWEAR2024-CLASSY-BOTTOM-ORCHID-1-scaled.jpg\",\"contentUrl\":\"https:\\\/\\\/korneliarataj.com\\\/wp-content\\\/uploads\\\/2024\\\/01\\\/LB-SWIMWEAR2024-CLASSY-BOTTOM-ORCHID-1-scaled.jpg\",\"width\":1365,\"height\":2048},{\"@type\":\"BreadcrumbList\",\"@id\":\"https:\\\/\\\/korneliarataj.com\\\/produkt\\\/classy-dol-stroju-kapielowego-orchid\\\/#breadcrumb\",\"itemListElement\":[{\"@type\":\"ListItem\",\"position\":1,\"name\":\"HOME\",\"item\":\"https:\\\/\\\/korneliarataj.com\\\/\"},{\"@type\":\"ListItem\",\"position\":2,\"name\":\"Products\",\"item\":\"https:\\\/\\\/korneliarataj.com\\\/en\\\/shop\\\/\"},{\"@type\":\"ListItem\",\"position\":3,\"name\":\"Classy &#8211; d\u00f3\u0142 stroju k\u0105pielowego Orchid\"}]},{\"@type\":\"WebSite\",\"@id\":\"https:\\\/\\\/korneliarataj.com\\\/#website\",\"url\":\"https:\\\/\\\/korneliarataj.com\\\/\",\"name\":\"Stroje K\u0105pielowe i Odzie\u017c Lniana Sklep Kornelia Rataj\",\"description\":\"swimwear stroje k\u0105pielowe ubrania len lniane\",\"publisher\":{\"@id\":\"https:\\\/\\\/korneliarataj.com\\\/#organization\"},\"potentialAction\":[{\"@type\":\"SearchAction\",\"target\":{\"@type\":\"EntryPoint\",\"urlTemplate\":\"https:\\\/\\\/korneliarataj.com\\\/?s={search_term_string}\"},\"query-input\":{\"@type\":\"PropertyValueSpecification\",\"valueRequired\":true,\"valueName\":\"search_term_string\"}}],\"inLanguage\":\"de\"},{\"@type\":\"Organization\",\"@id\":\"https:\\\/\\\/korneliarataj.com\\\/#organization\",\"name\":\"KORNELIARATAJ\",\"url\":\"https:\\\/\\\/korneliarataj.com\\\/\",\"logo\":{\"@type\":\"ImageObject\",\"inLanguage\":\"de\",\"@id\":\"https:\\\/\\\/korneliarataj.com\\\/#\\\/schema\\\/logo\\\/image\\\/\",\"url\":\"https:\\\/\\\/korneliarataj.com\\\/wp-content\\\/uploads\\\/2020\\\/07\\\/LOGO-KR.svg\",\"contentUrl\":\"https:\\\/\\\/korneliarataj.com\\\/wp-content\\\/uploads\\\/2020\\\/07\\\/LOGO-KR.svg\",\"width\":1024,\"height\":1024,\"caption\":\"KORNELIARATAJ\"},\"image\":{\"@id\":\"https:\\\/\\\/korneliarataj.com\\\/#\\\/schema\\\/logo\\\/image\\\/\"},\"sameAs\":[\"http:\\\/\\\/www.facebook.com\\\/korneliaratajshop\",\"http:\\\/\\\/www.instagram.com\\\/korneliarataj\"]}]}<\/script>\n<!-- \/ Yoast SEO plugin. -->","yoast_head_json":{"title":"Classy - Orchidee Badeanzug unten - KORNELIARATAJ","description":"Kornelia Rataj. Minimalistische Damenkollektion, Basic, Bademode. HANDGEMACHT IN POLEN MIT LIEBE.","robots":{"index":"index","follow":"follow","max-snippet":"max-snippet:-1","max-image-preview":"max-image-preview:large","max-video-preview":"max-video-preview:-1"},"canonical":"https:\/\/korneliarataj.com\/de\/produkt\/classy-dol-stroju-kapielowego-orchid\/","og_locale":"de_DE","og_type":"article","og_title":"Classy - d\u00f3\u0142 stroju k\u0105pielowego Orchid - KORNELIARATAJ","og_description":"Kornelia Rataj. Minimalist Women's Collection, Basic, Swimwear. HANDMADE IN POLAND WITH LOVE.","og_url":"https:\/\/korneliarataj.com\/de\/produkt\/classy-dol-stroju-kapielowego-orchid\/","og_site_name":"KORNELIARATAJ","article_publisher":"http:\/\/www.facebook.com\/korneliaratajshop","article_modified_time":"2026-01-12T16:03:08+00:00","og_image":[{"width":1365,"height":2048,"url":"https:\/\/korneliarataj.com\/wp-content\/uploads\/2024\/01\/LB-SWIMWEAR2024-CLASSY-BOTTOM-ORCHID-1-scaled.jpg","type":"image\/jpeg"}],"twitter_card":"summary_large_image","twitter_misc":{"Gesch\u00e4tzte Lesezeit":"1\u00a0Minute"},"schema":{"@context":"https:\/\/schema.org","@graph":[{"@type":"WebPage","@id":"https:\/\/korneliarataj.com\/produkt\/classy-dol-stroju-kapielowego-orchid\/","url":"https:\/\/korneliarataj.com\/produkt\/classy-dol-stroju-kapielowego-orchid\/","name":"Classy - Orchidee Badeanzug unten - KORNELIARATAJ","isPartOf":{"@id":"https:\/\/korneliarataj.com\/#website"},"primaryImageOfPage":{"@id":"https:\/\/korneliarataj.com\/produkt\/classy-dol-stroju-kapielowego-orchid\/#primaryimage"},"image":{"@id":"https:\/\/korneliarataj.com\/produkt\/classy-dol-stroju-kapielowego-orchid\/#primaryimage"},"thumbnailUrl":"https:\/\/korneliarataj.com\/wp-content\/uploads\/2024\/01\/LB-SWIMWEAR2024-CLASSY-BOTTOM-ORCHID-1-scaled.jpg","datePublished":"2024-01-19T14:44:08+00:00","dateModified":"2026-01-12T16:03:08+00:00","description":"Kornelia Rataj. Minimalistische Damenkollektion, Basic, Bademode. HANDGEMACHT IN POLEN MIT LIEBE.","breadcrumb":{"@id":"https:\/\/korneliarataj.com\/produkt\/classy-dol-stroju-kapielowego-orchid\/#breadcrumb"},"inLanguage":"de","potentialAction":[{"@type":"ReadAction","target":["https:\/\/korneliarataj.com\/produkt\/classy-dol-stroju-kapielowego-orchid\/"]}]},{"@type":"ImageObject","inLanguage":"de","@id":"https:\/\/korneliarataj.com\/produkt\/classy-dol-stroju-kapielowego-orchid\/#primaryimage","url":"https:\/\/korneliarataj.com\/wp-content\/uploads\/2024\/01\/LB-SWIMWEAR2024-CLASSY-BOTTOM-ORCHID-1-scaled.jpg","contentUrl":"https:\/\/korneliarataj.com\/wp-content\/uploads\/2024\/01\/LB-SWIMWEAR2024-CLASSY-BOTTOM-ORCHID-1-scaled.jpg","width":1365,"height":2048},{"@type":"BreadcrumbList","@id":"https:\/\/korneliarataj.com\/produkt\/classy-dol-stroju-kapielowego-orchid\/#breadcrumb","itemListElement":[{"@type":"ListItem","position":1,"name":"HOME","item":"https:\/\/korneliarataj.com\/"},{"@type":"ListItem","position":2,"name":"Products","item":"https:\/\/korneliarataj.com\/en\/shop\/"},{"@type":"ListItem","position":3,"name":"Classy &#8211; d\u00f3\u0142 stroju k\u0105pielowego Orchid"}]},{"@type":"WebSite","@id":"https:\/\/korneliarataj.com\/#website","url":"https:\/\/korneliarataj.com\/","name":"Bademode und Leinenbekleidung Shop Kornelia Rataj","description":"badebekleidung badebekleidung leinen leinenbekleidung","publisher":{"@id":"https:\/\/korneliarataj.com\/#organization"},"potentialAction":[{"@type":"SearchAction","target":{"@type":"EntryPoint","urlTemplate":"https:\/\/korneliarataj.com\/?s={search_term_string}"},"query-input":{"@type":"PropertyValueSpecification","valueRequired":true,"valueName":"search_term_string"}}],"inLanguage":"de"},{"@type":"Organization","@id":"https:\/\/korneliarataj.com\/#organization","name":"KORNELIARATAJ","url":"https:\/\/korneliarataj.com\/","logo":{"@type":"ImageObject","inLanguage":"de","@id":"https:\/\/korneliarataj.com\/#\/schema\/logo\/image\/","url":"https:\/\/korneliarataj.com\/wp-content\/uploads\/2020\/07\/LOGO-KR.svg","contentUrl":"https:\/\/korneliarataj.com\/wp-content\/uploads\/2020\/07\/LOGO-KR.svg","width":1024,"height":1024,"caption":"KORNELIARATAJ"},"image":{"@id":"https:\/\/korneliarataj.com\/#\/schema\/logo\/image\/"},"sameAs":["http:\/\/www.facebook.com\/korneliaratajshop","http:\/\/www.instagram.com\/korneliarataj"]}]}},"_links":{"self":[{"href":"https:\/\/korneliarataj.com\/de\/wp-json\/wp\/v2\/product\/190094","targetHints":{"allow":["GET"]}}],"collection":[{"href":"https:\/\/korneliarataj.com\/de\/wp-json\/wp\/v2\/product"}],"about":[{"href":"https:\/\/korneliarataj.com\/de\/wp-json\/wp\/v2\/types\/product"}],"wp:featuredmedia":[{"embeddable":true,"href":"https:\/\/korneliarataj.com\/de\/wp-json\/wp\/v2\/media\/190664"}],"wp:attachment":[{"href":"https:\/\/korneliarataj.com\/de\/wp-json\/wp\/v2\/media?parent=190094"}],"wp:term":[{"taxonomy":"product_brand","embeddable":true,"href":"https:\/\/korneliarataj.com\/de\/wp-json\/wp\/v2\/product_brand?post=190094"},{"taxonomy":"product_cat","embeddable":true,"href":"https:\/\/korneliarataj.com\/de\/wp-json\/wp\/v2\/product_cat?post=190094"},{"taxonomy":"product_tag","embeddable":true,"href":"https:\/\/korneliarataj.com\/de\/wp-json\/wp\/v2\/product_tag?post=190094"}],"curies":[{"name":"wp","href":"https:\/\/api.w.org\/{rel}","templated":true}]}}