{"id":155123,"date":"2023-04-01T00:01:28","date_gmt":"2023-03-31T22:01:28","guid":{"rendered":"https:\/\/korneliarataj.com\/?post_type=product&#038;p=155123"},"modified":"2026-04-11T20:53:19","modified_gmt":"2026-04-11T18:53:19","slug":"the-classy-one-stroj-kapielowy-jednoczesciowy-wet-sand","status":"publish","type":"product","link":"https:\/\/korneliarataj.com\/de\/produkt\/the-classy-one-stroj-kapielowy-jednoczesciowy-wet-sand\/","title":{"rendered":"The Classy One - Wet Sand einteiliger Badeanzug"},"content":{"rendered":"","protected":false},"excerpt":{"rendered":"<p style=\"text-align: left;\"><strong>OPTIONEN<\/strong><\/p>\n<p style=\"text-align: left;\"><a href=\"https:\/\/korneliarataj.com\/de\/produkt\/the-classy-one-stroj-kapielowy-jednoczesciowy-ocean\/\" target=\"_blank\" rel=\"noopener noreferrer\"><img decoding=\"async\" width=\"100px\" src=\"https:\/\/korneliarataj.com\/wp-content\/uploads\/2023\/03\/SWIMWEAR2023-THE-CLASSY-ONE-OCEAN-1-200x300.jpg\"\/><\/a><a href=\"https:\/\/korneliarataj.com\/de\/produkt\/the-classy-one-stroj-kapielowy-jednoczesciowy-wood\/\" target=\"_blank\" rel=\"noopener noreferrer\"><img decoding=\"async\" width=\"100px\" src=\"https:\/\/korneliarataj.com\/wp-content\/uploads\/2022\/01\/SWIMWEAR2022-THE-CLASSY-ONE-WOOD-1-200x300.jpg\"\/><\/a><a href=\"https:\/\/korneliarataj.com\/de\/produkt\/the-classy-one-stroj-kapielowy-jednoczesciowy-natural\/\" target=\"_blank\" rel=\"noopener noreferrer\"><img decoding=\"async\" width=\"100px\" src=\"https:\/\/korneliarataj.com\/wp-content\/uploads\/2022\/01\/SWIMWEAR2022-THE-CLASSY-ONE-NATURAL-1-200x300.jpg\"\/><\/a><a href=\"https:\/\/korneliarataj.com\/de\/produkt\/the-classy-one-stroj-kapielowy-jednoczesciowy-coconut\/\" target=\"_blank\" rel=\"noopener noreferrer\"><img decoding=\"async\" width=\"100px\" src=\"https:\/\/korneliarataj.com\/wp-content\/uploads\/2022\/01\/SWIMWEAR2022-THE-CLASSY-ONE-COCONUT-1-200x300.jpg\"\/><\/a><a href=\"https:\/\/korneliarataj.com\/de\/produkt\/the-classy-one-stroj-kapielowy-jednoczesciowy-black\/\" target=\"_blank\" rel=\"noopener noreferrer\"><img decoding=\"async\" width=\"100px\" src=\"https:\/\/korneliarataj.com\/wp-content\/uploads\/2022\/01\/SWIMWEAR2022-THE-CLASSY-ONE-BLACK-1-200x300.jpg\"\/><\/a><\/p>\n<p style=\"text-align: left;\"><strong>The Classy One - einteiliger Badeanzug<\/strong><\/p>\n<p style=\"text-align: left;\">KLASSISCHER B\u00dcGEL-BADEANZUG, RICHTIG GESCHNITTEN, VERL\u00c4NGERT DIE BEINE, L\u00c4SST DIE SILHOUETTE WEIBLICHER WIRKEN, MACHT SCHLANKER<\/p>\n<p style=\"text-align: left;\">VERSTELLBARE SCHULTERGURTE F\u00dcR EINE PERFEKTE PASSFORM<\/p>\n<p style=\"text-align: left;\">DAS PRODUKT IST F\u00dcR FRAUEN MIT GROSSEN UND KLEINEN BR\u00dcSTEN GEEIGNET<\/p>\n<p style=\"text-align: left;\">RAFFT, FORMT UND BETONT DIE B\u00dcSTE.<\/p>\n<p style=\"text-align: left;\">DURCH DIE EINGEN\u00c4HTEN B\u00dcGEL, <u>HANDWASCHMITTEL<\/u><\/p>\n<p style=\"text-align: left;\">BADEBEKLEIDUNG AUS ZWEI LAGEN HOCHWERTIGEM, RECYCELTEM ITALIENISCHEM LYCRA GEN\u00c4HT<\/p>\n<p style=\"text-align: left;\">VOLLST\u00c4NDIG IN POLEN HERGESTELLT<\/p>\n<p style=\"text-align: left;\">EINE HOHE VERARBEITUNGSQUALIT\u00c4T AUFWEISEN<\/p>\n<p>&nbsp;<\/p>\n<p style=\"text-align: left;\"><u><strong>ZUSAMMENSETZUNG UND PFLEGEHINWEISE:<\/strong><\/u><\/p>\n<p style=\"text-align: left;\">78% RECYCELTES POLYAMID<\/p>\n<p style=\"text-align: left;\">22% ELASTAN<\/p>\n<p style=\"text-align: left; color: red;\">NUR HANDWASCHE<\/p>\n<p style=\"text-align: left; color: red;\">WEGEN DER EINGEN\u00c4HTEN WALKNOCHEN NICHT IN DER MASCHINE WASCHBAR ODER TROCKNERGEEIGNET<\/p>\n<p style=\"text-align: left; color: red;\">MECHANISCHE REINIGUNG KANN DAS PRODUKT ODER DAS GER\u00c4T BESCH\u00c4DIGEN<\/p>\n<p style=\"text-align: left; color: red;\">VON HAND WASCHEN, LAUWARMES WASSER UND MILDE REINIGUNGSMITTEL VERWENDEN<\/p>\n<p>&nbsp;<\/p>","protected":false},"featured_media":155114,"template":"","meta":[],"product_brand":[],"product_cat":[594,468,600],"product_tag":[441],"class_list":{"0":"post-155123","1":"product","2":"type-product","3":"status-publish","4":"has-post-thumbnail","6":"product_cat-kolory-stare-swimwear","7":"product_cat-sale-swimwear-2023","8":"product_cat-wet-sand-swimwear","9":"product_tag-wet-sand","10":"flv-has-gallery","12":"first","13":"instock","14":"sale","15":"taxable","16":"shipping-taxable","17":"purchasable","18":"product-type-variable","19":"has-default-attributes"},"yoast_head":"<!-- This site is optimized with the Yoast SEO plugin v27.3 - https:\/\/yoast.com\/product\/yoast-seo-wordpress\/ -->\n<title>The Classy One - str\u00f3j k\u0105pielowy jednocz\u0119\u015bciowy Wet Sand - KORNELIARATAJ<\/title>\n<meta name=\"description\" content=\"Kornelia Rataj. Minimalist Women&#039;s Collection, Basic, Swimwear. HANDMADE IN POLAND WITH LOVE.\" \/>\n<meta name=\"robots\" content=\"index, follow, max-snippet:-1, max-image-preview:large, max-video-preview:-1\" \/>\n<link rel=\"canonical\" href=\"https:\/\/korneliarataj.com\/de\/produkt\/the-classy-one-stroj-kapielowy-jednoczesciowy-wet-sand\/\" \/>\n<meta property=\"og:locale\" content=\"de_DE\" \/>\n<meta property=\"og:type\" content=\"article\" \/>\n<meta property=\"og:title\" content=\"The Classy One - str\u00f3j k\u0105pielowy jednocz\u0119\u015bciowy Wet Sand - KORNELIARATAJ\" \/>\n<meta property=\"og:description\" content=\"Kornelia Rataj. Minimalist Women&#039;s Collection, Basic, Swimwear. HANDMADE IN POLAND WITH LOVE.\" \/>\n<meta property=\"og:url\" content=\"https:\/\/korneliarataj.com\/de\/produkt\/the-classy-one-stroj-kapielowy-jednoczesciowy-wet-sand\/\" \/>\n<meta property=\"og:site_name\" content=\"KORNELIARATAJ\" \/>\n<meta property=\"article:publisher\" content=\"http:\/\/www.facebook.com\/korneliaratajshop\" \/>\n<meta property=\"article:modified_time\" content=\"2026-04-11T18:53:19+00:00\" \/>\n<meta property=\"og:image\" content=\"https:\/\/korneliarataj.com\/wp-content\/uploads\/2023\/03\/SWIMWEAR2023-THE-CLASSY-ONE-WET-SAND-1-scaled.jpg\" \/>\n\t<meta property=\"og:image:width\" content=\"1365\" \/>\n\t<meta property=\"og:image:height\" content=\"2048\" \/>\n\t<meta property=\"og:image:type\" content=\"image\/jpeg\" \/>\n<meta name=\"twitter:card\" content=\"summary_large_image\" \/>\n<meta name=\"twitter:label1\" content=\"Gesch\u00e4tzte Lesezeit\" \/>\n\t<meta name=\"twitter:data1\" content=\"1\u00a0Minute\" \/>\n<script type=\"application\/ld+json\" class=\"yoast-schema-graph\">{\"@context\":\"https:\\\/\\\/schema.org\",\"@graph\":[{\"@type\":\"WebPage\",\"@id\":\"https:\\\/\\\/korneliarataj.com\\\/produkt\\\/the-classy-one-stroj-kapielowy-jednoczesciowy-wet-sand\\\/\",\"url\":\"https:\\\/\\\/korneliarataj.com\\\/produkt\\\/the-classy-one-stroj-kapielowy-jednoczesciowy-wet-sand\\\/\",\"name\":\"The Classy One - str\u00f3j k\u0105pielowy jednocz\u0119\u015bciowy Wet Sand - KORNELIARATAJ\",\"isPartOf\":{\"@id\":\"https:\\\/\\\/korneliarataj.com\\\/#website\"},\"primaryImageOfPage\":{\"@id\":\"https:\\\/\\\/korneliarataj.com\\\/produkt\\\/the-classy-one-stroj-kapielowy-jednoczesciowy-wet-sand\\\/#primaryimage\"},\"image\":{\"@id\":\"https:\\\/\\\/korneliarataj.com\\\/produkt\\\/the-classy-one-stroj-kapielowy-jednoczesciowy-wet-sand\\\/#primaryimage\"},\"thumbnailUrl\":\"https:\\\/\\\/korneliarataj.com\\\/wp-content\\\/uploads\\\/2023\\\/03\\\/SWIMWEAR2023-THE-CLASSY-ONE-WET-SAND-1-scaled.jpg\",\"datePublished\":\"2023-03-31T22:01:28+00:00\",\"dateModified\":\"2026-04-11T18:53:19+00:00\",\"description\":\"Kornelia Rataj. Minimalist Women's Collection, Basic, Swimwear. HANDMADE IN POLAND WITH LOVE.\",\"breadcrumb\":{\"@id\":\"https:\\\/\\\/korneliarataj.com\\\/produkt\\\/the-classy-one-stroj-kapielowy-jednoczesciowy-wet-sand\\\/#breadcrumb\"},\"inLanguage\":\"de\",\"potentialAction\":[{\"@type\":\"ReadAction\",\"target\":[\"https:\\\/\\\/korneliarataj.com\\\/produkt\\\/the-classy-one-stroj-kapielowy-jednoczesciowy-wet-sand\\\/\"]}]},{\"@type\":\"ImageObject\",\"inLanguage\":\"de\",\"@id\":\"https:\\\/\\\/korneliarataj.com\\\/produkt\\\/the-classy-one-stroj-kapielowy-jednoczesciowy-wet-sand\\\/#primaryimage\",\"url\":\"https:\\\/\\\/korneliarataj.com\\\/wp-content\\\/uploads\\\/2023\\\/03\\\/SWIMWEAR2023-THE-CLASSY-ONE-WET-SAND-1-scaled.jpg\",\"contentUrl\":\"https:\\\/\\\/korneliarataj.com\\\/wp-content\\\/uploads\\\/2023\\\/03\\\/SWIMWEAR2023-THE-CLASSY-ONE-WET-SAND-1-scaled.jpg\",\"width\":1365,\"height\":2048},{\"@type\":\"BreadcrumbList\",\"@id\":\"https:\\\/\\\/korneliarataj.com\\\/produkt\\\/the-classy-one-stroj-kapielowy-jednoczesciowy-wet-sand\\\/#breadcrumb\",\"itemListElement\":[{\"@type\":\"ListItem\",\"position\":1,\"name\":\"HOME\",\"item\":\"https:\\\/\\\/korneliarataj.com\\\/\"},{\"@type\":\"ListItem\",\"position\":2,\"name\":\"Products\",\"item\":\"https:\\\/\\\/korneliarataj.com\\\/en\\\/shop\\\/\"},{\"@type\":\"ListItem\",\"position\":3,\"name\":\"The Classy One &#8211; str\u00f3j k\u0105pielowy jednocz\u0119\u015bciowy Wet Sand\"}]},{\"@type\":\"WebSite\",\"@id\":\"https:\\\/\\\/korneliarataj.com\\\/#website\",\"url\":\"https:\\\/\\\/korneliarataj.com\\\/\",\"name\":\"Stroje K\u0105pielowe i Odzie\u017c Lniana Sklep Kornelia Rataj\",\"description\":\"swimwear stroje k\u0105pielowe ubrania len lniane\",\"publisher\":{\"@id\":\"https:\\\/\\\/korneliarataj.com\\\/#organization\"},\"potentialAction\":[{\"@type\":\"SearchAction\",\"target\":{\"@type\":\"EntryPoint\",\"urlTemplate\":\"https:\\\/\\\/korneliarataj.com\\\/?s={search_term_string}\"},\"query-input\":{\"@type\":\"PropertyValueSpecification\",\"valueRequired\":true,\"valueName\":\"search_term_string\"}}],\"inLanguage\":\"de\"},{\"@type\":\"Organization\",\"@id\":\"https:\\\/\\\/korneliarataj.com\\\/#organization\",\"name\":\"KORNELIARATAJ\",\"url\":\"https:\\\/\\\/korneliarataj.com\\\/\",\"logo\":{\"@type\":\"ImageObject\",\"inLanguage\":\"de\",\"@id\":\"https:\\\/\\\/korneliarataj.com\\\/#\\\/schema\\\/logo\\\/image\\\/\",\"url\":\"https:\\\/\\\/korneliarataj.com\\\/wp-content\\\/uploads\\\/2020\\\/07\\\/LOGO-KR.svg\",\"contentUrl\":\"https:\\\/\\\/korneliarataj.com\\\/wp-content\\\/uploads\\\/2020\\\/07\\\/LOGO-KR.svg\",\"width\":1024,\"height\":1024,\"caption\":\"KORNELIARATAJ\"},\"image\":{\"@id\":\"https:\\\/\\\/korneliarataj.com\\\/#\\\/schema\\\/logo\\\/image\\\/\"},\"sameAs\":[\"http:\\\/\\\/www.facebook.com\\\/korneliaratajshop\",\"http:\\\/\\\/www.instagram.com\\\/korneliarataj\"]}]}<\/script>\n<!-- \/ Yoast SEO plugin. -->","yoast_head_json":{"title":"The Classy One - Wet Sand einteiliger Badeanzug - KORNELIARATAJ","description":"Kornelia Rataj. Minimalistische Damenkollektion, Basic, Bademode. HANDGEMACHT IN POLEN MIT LIEBE.","robots":{"index":"index","follow":"follow","max-snippet":"max-snippet:-1","max-image-preview":"max-image-preview:large","max-video-preview":"max-video-preview:-1"},"canonical":"https:\/\/korneliarataj.com\/de\/produkt\/the-classy-one-stroj-kapielowy-jednoczesciowy-wet-sand\/","og_locale":"de_DE","og_type":"article","og_title":"The Classy One - str\u00f3j k\u0105pielowy jednocz\u0119\u015bciowy Wet Sand - KORNELIARATAJ","og_description":"Kornelia Rataj. Minimalist Women's Collection, Basic, Swimwear. HANDMADE IN POLAND WITH LOVE.","og_url":"https:\/\/korneliarataj.com\/de\/produkt\/the-classy-one-stroj-kapielowy-jednoczesciowy-wet-sand\/","og_site_name":"KORNELIARATAJ","article_publisher":"http:\/\/www.facebook.com\/korneliaratajshop","article_modified_time":"2026-04-11T18:53:19+00:00","og_image":[{"width":1365,"height":2048,"url":"https:\/\/korneliarataj.com\/wp-content\/uploads\/2023\/03\/SWIMWEAR2023-THE-CLASSY-ONE-WET-SAND-1-scaled.jpg","type":"image\/jpeg"}],"twitter_card":"summary_large_image","twitter_misc":{"Gesch\u00e4tzte Lesezeit":"1\u00a0Minute"},"schema":{"@context":"https:\/\/schema.org","@graph":[{"@type":"WebPage","@id":"https:\/\/korneliarataj.com\/produkt\/the-classy-one-stroj-kapielowy-jednoczesciowy-wet-sand\/","url":"https:\/\/korneliarataj.com\/produkt\/the-classy-one-stroj-kapielowy-jednoczesciowy-wet-sand\/","name":"The Classy One - Wet Sand einteiliger Badeanzug - KORNELIARATAJ","isPartOf":{"@id":"https:\/\/korneliarataj.com\/#website"},"primaryImageOfPage":{"@id":"https:\/\/korneliarataj.com\/produkt\/the-classy-one-stroj-kapielowy-jednoczesciowy-wet-sand\/#primaryimage"},"image":{"@id":"https:\/\/korneliarataj.com\/produkt\/the-classy-one-stroj-kapielowy-jednoczesciowy-wet-sand\/#primaryimage"},"thumbnailUrl":"https:\/\/korneliarataj.com\/wp-content\/uploads\/2023\/03\/SWIMWEAR2023-THE-CLASSY-ONE-WET-SAND-1-scaled.jpg","datePublished":"2023-03-31T22:01:28+00:00","dateModified":"2026-04-11T18:53:19+00:00","description":"Kornelia Rataj. Minimalistische Damenkollektion, Basic, Bademode. HANDGEMACHT IN POLEN MIT LIEBE.","breadcrumb":{"@id":"https:\/\/korneliarataj.com\/produkt\/the-classy-one-stroj-kapielowy-jednoczesciowy-wet-sand\/#breadcrumb"},"inLanguage":"de","potentialAction":[{"@type":"ReadAction","target":["https:\/\/korneliarataj.com\/produkt\/the-classy-one-stroj-kapielowy-jednoczesciowy-wet-sand\/"]}]},{"@type":"ImageObject","inLanguage":"de","@id":"https:\/\/korneliarataj.com\/produkt\/the-classy-one-stroj-kapielowy-jednoczesciowy-wet-sand\/#primaryimage","url":"https:\/\/korneliarataj.com\/wp-content\/uploads\/2023\/03\/SWIMWEAR2023-THE-CLASSY-ONE-WET-SAND-1-scaled.jpg","contentUrl":"https:\/\/korneliarataj.com\/wp-content\/uploads\/2023\/03\/SWIMWEAR2023-THE-CLASSY-ONE-WET-SAND-1-scaled.jpg","width":1365,"height":2048},{"@type":"BreadcrumbList","@id":"https:\/\/korneliarataj.com\/produkt\/the-classy-one-stroj-kapielowy-jednoczesciowy-wet-sand\/#breadcrumb","itemListElement":[{"@type":"ListItem","position":1,"name":"HOME","item":"https:\/\/korneliarataj.com\/"},{"@type":"ListItem","position":2,"name":"Products","item":"https:\/\/korneliarataj.com\/en\/shop\/"},{"@type":"ListItem","position":3,"name":"The Classy One &#8211; str\u00f3j k\u0105pielowy jednocz\u0119\u015bciowy Wet Sand"}]},{"@type":"WebSite","@id":"https:\/\/korneliarataj.com\/#website","url":"https:\/\/korneliarataj.com\/","name":"Bademode und Leinenbekleidung Shop Kornelia Rataj","description":"badebekleidung badebekleidung leinen leinenbekleidung","publisher":{"@id":"https:\/\/korneliarataj.com\/#organization"},"potentialAction":[{"@type":"SearchAction","target":{"@type":"EntryPoint","urlTemplate":"https:\/\/korneliarataj.com\/?s={search_term_string}"},"query-input":{"@type":"PropertyValueSpecification","valueRequired":true,"valueName":"search_term_string"}}],"inLanguage":"de"},{"@type":"Organization","@id":"https:\/\/korneliarataj.com\/#organization","name":"KORNELIARATAJ","url":"https:\/\/korneliarataj.com\/","logo":{"@type":"ImageObject","inLanguage":"de","@id":"https:\/\/korneliarataj.com\/#\/schema\/logo\/image\/","url":"https:\/\/korneliarataj.com\/wp-content\/uploads\/2020\/07\/LOGO-KR.svg","contentUrl":"https:\/\/korneliarataj.com\/wp-content\/uploads\/2020\/07\/LOGO-KR.svg","width":1024,"height":1024,"caption":"KORNELIARATAJ"},"image":{"@id":"https:\/\/korneliarataj.com\/#\/schema\/logo\/image\/"},"sameAs":["http:\/\/www.facebook.com\/korneliaratajshop","http:\/\/www.instagram.com\/korneliarataj"]}]}},"_links":{"self":[{"href":"https:\/\/korneliarataj.com\/de\/wp-json\/wp\/v2\/product\/155123","targetHints":{"allow":["GET"]}}],"collection":[{"href":"https:\/\/korneliarataj.com\/de\/wp-json\/wp\/v2\/product"}],"about":[{"href":"https:\/\/korneliarataj.com\/de\/wp-json\/wp\/v2\/types\/product"}],"wp:featuredmedia":[{"embeddable":true,"href":"https:\/\/korneliarataj.com\/de\/wp-json\/wp\/v2\/media\/155114"}],"wp:attachment":[{"href":"https:\/\/korneliarataj.com\/de\/wp-json\/wp\/v2\/media?parent=155123"}],"wp:term":[{"taxonomy":"product_brand","embeddable":true,"href":"https:\/\/korneliarataj.com\/de\/wp-json\/wp\/v2\/product_brand?post=155123"},{"taxonomy":"product_cat","embeddable":true,"href":"https:\/\/korneliarataj.com\/de\/wp-json\/wp\/v2\/product_cat?post=155123"},{"taxonomy":"product_tag","embeddable":true,"href":"https:\/\/korneliarataj.com\/de\/wp-json\/wp\/v2\/product_tag?post=155123"}],"curies":[{"name":"wp","href":"https:\/\/api.w.org\/{rel}","templated":true}]}}