{"id":154920,"date":"2023-04-01T00:01:01","date_gmt":"2023-03-31T22:01:01","guid":{"rendered":"https:\/\/korneliarataj.com\/?post_type=product&#038;p=154920"},"modified":"2026-04-05T01:32:54","modified_gmt":"2026-04-04T23:32:54","slug":"the-one-stroj-kapielowy-jednoczesciowy-guava","status":"publish","type":"product","link":"https:\/\/korneliarataj.com\/de\/produkt\/the-one-stroj-kapielowy-jednoczesciowy-guava\/","title":{"rendered":"The One - Einteiliger Badeanzug in Guave"},"content":{"rendered":"","protected":false},"excerpt":{"rendered":"<p style=\"text-align: left;\"><strong>OPTIONEN<\/strong><\/p>\n<p style=\"text-align: left;\"><a href=\"https:\/\/korneliarataj.com\/de\/produkt\/the-one-stroj-kapielowy-jednoczesciowy-bali\/\" target=\"_blank\" rel=\"noopener noreferrer\"><img decoding=\"async\" src=\"https:\/\/korneliarataj.com\/wp-content\/uploads\/2024\/01\/SWIMWEAR2024-THE-ONE-BALI-1-200x300.jpg\" width=\"100px\" \/><\/a><a href=\"https:\/\/korneliarataj.com\/de\/produkt\/the-one-stroj-kapielowy-jednoczesciowy-orchid\/\" target=\"_blank\" rel=\"noopener noreferrer\"><img decoding=\"async\" src=\"https:\/\/korneliarataj.com\/wp-content\/uploads\/2024\/01\/SWIMWEAR2024-THE-ONE-ORCHID-1-200x300.jpg\" width=\"100px\" \/><\/a><a href=\"https:\/\/korneliarataj.com\/de\/produkt\/the-one-stroj-kapielowy-jednoczesciowy-natural\/\" target=\"_blank\" rel=\"noopener noreferrer\"><img decoding=\"async\" src=\"https:\/\/korneliarataj.com\/wp-content\/uploads\/2025\/10\/SWIMWEAR2024-THE-ONE-NATURAL-1.webp\" width=\"100px\" \/><\/a><\/p>\n<p style=\"text-align: left;\"><u>EINTEILIGER BADEANZUG <strong>DIE EINS<\/strong><\/u><\/p>\n<p style=\"text-align: left;\">Ein einteiliger Badeanzug in minimalistischem, zeitlosem Design mit zartem Ausschnitt auf der Vorderseite und tiefem Cut-out auf der R\u00fcckseite. Die Tr\u00e4ger sind mit goldenen Verstellern in der L\u00e4nge verstellbar, so dass sich der Badeanzug bequem an Ihren K\u00f6rper anpasst. Die Form des Badeanzugs streckt die Beine und l\u00e4sst die Silhouette weiblicher und schlanker wirken.<\/p>\n<p style=\"text-align: left;\">Das Kost\u00fcm wird empfohlen f\u00fcr <strong>klein<\/strong> i <strong>gro\u00df<\/strong> Die B\u00fcste, die M\u00f6glichkeit der Anpassung der L\u00e4nge der Riemen erm\u00f6glicht eine perfekte Passform. Zwei Schichten und das entsprechende Gewicht des Gewebes sorgen f\u00fcr Komfort.<\/p>\n<p style=\"text-align: left;\">Die goldenen Zierregler mit dem Schriftzug \"KR\" weisen eine hohe Best\u00e4ndigkeit gegen Verf\u00e4rbungen auf.<\/p>\n<p style=\"text-align: left;\">Die Bademode ist in 5 modischen und zeitlosen Standardfarben und 2 limitierten Saisonfarben erh\u00e4ltlich.<\/p>\n<p style=\"text-align: left;\">Das Kost\u00fcm hat verdeckte N\u00e4hte und ist in zwei Lagen aus hochwertigem Material gen\u00e4ht, recyceltem Lycra - Econyl<sup class=\"econyl\">\u24c7<\/sup> \u00d6ko-Tex Standard 100 zertifiziert.<br \/>\nDer Hersteller des Materials f\u00fchrt seine zahlreichen Vorteile an:<br \/>\n- sch\u00fctzt vor UV-Strahlung<br \/>\n- biflexibel<br \/>\n- ultra-chlorbest\u00e4ndig<br \/>\n- resistent gegen Pilling - Flaumigkeit<br \/>\n- weist eine hohe Best\u00e4ndigkeit gegen Sonnencremes und \u00d6le auf<br \/>\n- recycelte Faser<br \/>\n- zertifiziert nach \u00d6ko-Tex Standard 100<\/p>\n<p style=\"text-align: left;\">Das Innenetikett ist nicht aufgen\u00e4ht, sondern wird durch Hitze auf den Stoff gepresst, um den Tragekomfort zu erh\u00f6hen.<\/p>\n<p style=\"text-align: left;\">Die von uns hergestellten Produkte bestechen durch ihre sorgf\u00e4ltige Verarbeitung, Langlebigkeit und \u00c4sthetik. Die Bademodenkollektion wird vollst\u00e4ndig in unserer Familienwerkstatt in Czernica hergestellt.<\/p>\n<p style=\"text-align: left;\">Pr\u00fcfen Sie auch die verf\u00fcgbaren <a href=\"https:\/\/korneliarataj.com\/de\/akcesoria\/\" target=\"_blank\" rel=\"noopener noreferrer\"><strong>Zubeh\u00f6r<\/strong><\/a> passend zur Bademodenkollektion.<\/p>\n<p style=\"text-align: left;\">Das Kost\u00fcm ist in 5 Gr\u00f6\u00dfen erh\u00e4ltlich.<br \/>\nDas Modell, das das Produkt zeigt, tr\u00e4gt Gr\u00f6\u00dfe xs.<\/p>\n<p style=\"text-align: left;\">Das Produkt wurde in Polen hergestellt.<\/p>\n<p style=\"text-align: left;\"><strong>DIE EINS<\/strong> ist wirklich der erste Badeanzug, der mir in den Sinn kam, als ich im Urlaub anders aussehen wollte als gewohnt, um mich einzigartig feminin und modisch zu f\u00fchlen - auch am Strand. Seine minimalistische, zeitlose Form, die der weiblichen Silhouette schmeichelt, hat mein Herz erobert. Es gibt nichts Inspirierenderes f\u00fcr mich, als dass es auch Ihres erobert \ud83d\udc98.<\/p>\n<p style=\"text-align: left;\"><img decoding=\"async\" src=\"https:\/\/korneliarataj.com\/wp-content\/uploads\/2020\/09\/SIGNATURE-1024x189.png\" width=\"300\" height=\"75\" \/><\/p>\n<p style=\"text-align: left;\"><strong><u><\/p>\n<div class=\"kr-collapse is-noarrow\" data-rel=\"kolor\">\n    <button type=\"button\" class=\"kr-collapse__trigger\"\n      aria-expanded=\"false\"\n      aria-controls=\"kr-exp-1\"><br \/>\n      FARBBESCHREIBUNG<br \/>\n    <\/button><\/p>\n<div id=\"kr-exp-1\" class=\"kr-collapse__panel\" hidden>\n<div class=\"kr-collapse__content\"><\/u><\/strong><\/p>\n<p style=\"text-align: left;\"><strong>GUAVA<\/strong> - Bestseller, ein einzigartiger Farbton aus Pink und Rot - der an die Farbe des Inneren einer reifen Guave erinnert. Der rosa Badeanzug verleiht Energie und ist ideal f\u00fcr Sommertage voller Freude. Die Farbe Guave - Pink\/Rot\/Ziegelrot\/Himbeere ist f\u00fcr jeden Teint und alle Sch\u00f6nheitstypen zu empfehlen.<\/div>\n<\/p><\/div>\n<\/p><\/div>\n<\/p>\n<p style=\"text-align: left;\"><strong><u><\/p>\n<div class=\"kr-collapse is-noarrow\" data-rel=\"wymiary\">\n    <button type=\"button\" class=\"kr-collapse__trigger\"\n      aria-expanded=\"false\"\n      aria-controls=\"kr-exp-2\"><br \/>\n      MODELLABMESSUNGEN<br \/>\n    <\/button><\/p>\n<div id=\"kr-exp-2\" class=\"kr-collapse__panel\" hidden>\n<div class=\"kr-collapse__content\"><\/u><\/strong><\/p>\n<p style=\"text-align: left;\">Brustumfang: 89cm<br \/>\nUmfang unter der B\u00fcste: 70cm<br \/>\nTaillenumfang: 65cm<br \/>\nH\u00fcftumfang: 91cm<br \/>\nH\u00f6he: 165cm<br \/>\nTasse: c<\/div>\n<\/p><\/div>\n<\/p><\/div>\n<\/p>\n<p style=\"text-align: left;\"><strong><u><\/p>\n<div class=\"kr-collapse is-noarrow\" data-rel=\"sklad\">\n    <button type=\"button\" class=\"kr-collapse__trigger\"\n      aria-expanded=\"false\"\n      aria-controls=\"kr-exp-3\"><br \/>\n      ZUSAMMENSETZUNG UND PFLEGEHINWEISE<br \/>\n    <\/button><\/p>\n<div id=\"kr-exp-3\" class=\"kr-collapse__panel\" hidden>\n<div class=\"kr-collapse__content\"><\/u><\/strong><\/p>\n<p style=\"text-align: left;\">78% recyceltes Polyamid<br \/>\n22% Elastan<br \/>\nSchonwaschgang bei 30\u00b0c mit \u00e4hnlichen Farben<br \/>\nHandw\u00e4sche, mit \u00e4hnlichen Farben<br \/>\nEisen bei max. 110\u00b0c<br \/>\nnicht bleichen<br \/>\nnicht im Trockner trocknen<\/div>\n<\/p><\/div>\n<\/p><\/div><\/p>","protected":false},"featured_media":191468,"template":"","meta":[],"product_brand":[],"product_cat":[198],"product_tag":[320],"class_list":{"0":"post-154920","1":"product","2":"type-product","3":"status-publish","4":"has-post-thumbnail","6":"product_cat-archiwum","7":"product_tag-guava","8":"flv-has-gallery","10":"first","11":"outofstock","12":"taxable","13":"shipping-taxable","14":"product-type-variable"},"yoast_head":"<!-- This site is optimized with the Yoast SEO plugin v27.3 - https:\/\/yoast.com\/product\/yoast-seo-wordpress\/ -->\n<title>The One - str\u00f3j k\u0105pielowy jednocz\u0119\u015bciowy Guava - KORNELIARATAJ<\/title>\n<meta name=\"description\" content=\"Kornelia Rataj. Minimalist Women&#039;s Collection, Basic, Swimwear. HANDMADE IN POLAND WITH LOVE.\" \/>\n<meta name=\"robots\" content=\"index, follow, max-snippet:-1, max-image-preview:large, max-video-preview:-1\" \/>\n<link rel=\"canonical\" href=\"https:\/\/korneliarataj.com\/de\/produkt\/the-one-stroj-kapielowy-jednoczesciowy-guava\/\" \/>\n<meta property=\"og:locale\" content=\"de_DE\" \/>\n<meta property=\"og:type\" content=\"article\" \/>\n<meta property=\"og:title\" content=\"The One - str\u00f3j k\u0105pielowy jednocz\u0119\u015bciowy Guava - KORNELIARATAJ\" \/>\n<meta property=\"og:description\" content=\"Kornelia Rataj. Minimalist Women&#039;s Collection, Basic, Swimwear. HANDMADE IN POLAND WITH LOVE.\" \/>\n<meta property=\"og:url\" content=\"https:\/\/korneliarataj.com\/de\/produkt\/the-one-stroj-kapielowy-jednoczesciowy-guava\/\" \/>\n<meta property=\"og:site_name\" content=\"KORNELIARATAJ\" \/>\n<meta property=\"article:publisher\" content=\"http:\/\/www.facebook.com\/korneliaratajshop\" \/>\n<meta property=\"article:modified_time\" content=\"2026-04-04T23:32:54+00:00\" \/>\n<meta property=\"og:image\" content=\"https:\/\/korneliarataj.com\/wp-content\/uploads\/2024\/01\/LB-SWIMWEAR2024-THE-ONE-GUAVA-1-scaled.jpg\" \/>\n\t<meta property=\"og:image:width\" content=\"1347\" \/>\n\t<meta property=\"og:image:height\" content=\"2048\" \/>\n\t<meta property=\"og:image:type\" content=\"image\/jpeg\" \/>\n<meta name=\"twitter:card\" content=\"summary_large_image\" \/>\n<meta name=\"twitter:label1\" content=\"Gesch\u00e4tzte Lesezeit\" \/>\n\t<meta name=\"twitter:data1\" content=\"1\u00a0Minute\" \/>\n<script type=\"application\/ld+json\" class=\"yoast-schema-graph\">{\"@context\":\"https:\\\/\\\/schema.org\",\"@graph\":[{\"@type\":\"WebPage\",\"@id\":\"https:\\\/\\\/korneliarataj.com\\\/produkt\\\/the-one-stroj-kapielowy-jednoczesciowy-guava\\\/\",\"url\":\"https:\\\/\\\/korneliarataj.com\\\/produkt\\\/the-one-stroj-kapielowy-jednoczesciowy-guava\\\/\",\"name\":\"The One - str\u00f3j k\u0105pielowy jednocz\u0119\u015bciowy Guava - KORNELIARATAJ\",\"isPartOf\":{\"@id\":\"https:\\\/\\\/korneliarataj.com\\\/#website\"},\"primaryImageOfPage\":{\"@id\":\"https:\\\/\\\/korneliarataj.com\\\/produkt\\\/the-one-stroj-kapielowy-jednoczesciowy-guava\\\/#primaryimage\"},\"image\":{\"@id\":\"https:\\\/\\\/korneliarataj.com\\\/produkt\\\/the-one-stroj-kapielowy-jednoczesciowy-guava\\\/#primaryimage\"},\"thumbnailUrl\":\"https:\\\/\\\/korneliarataj.com\\\/wp-content\\\/uploads\\\/2024\\\/01\\\/LB-SWIMWEAR2024-THE-ONE-GUAVA-1-scaled.jpg\",\"datePublished\":\"2023-03-31T22:01:01+00:00\",\"dateModified\":\"2026-04-04T23:32:54+00:00\",\"description\":\"Kornelia Rataj. Minimalist Women's Collection, Basic, Swimwear. HANDMADE IN POLAND WITH LOVE.\",\"breadcrumb\":{\"@id\":\"https:\\\/\\\/korneliarataj.com\\\/produkt\\\/the-one-stroj-kapielowy-jednoczesciowy-guava\\\/#breadcrumb\"},\"inLanguage\":\"de\",\"potentialAction\":[{\"@type\":\"ReadAction\",\"target\":[\"https:\\\/\\\/korneliarataj.com\\\/produkt\\\/the-one-stroj-kapielowy-jednoczesciowy-guava\\\/\"]}]},{\"@type\":\"ImageObject\",\"inLanguage\":\"de\",\"@id\":\"https:\\\/\\\/korneliarataj.com\\\/produkt\\\/the-one-stroj-kapielowy-jednoczesciowy-guava\\\/#primaryimage\",\"url\":\"https:\\\/\\\/korneliarataj.com\\\/wp-content\\\/uploads\\\/2024\\\/01\\\/LB-SWIMWEAR2024-THE-ONE-GUAVA-1-scaled.jpg\",\"contentUrl\":\"https:\\\/\\\/korneliarataj.com\\\/wp-content\\\/uploads\\\/2024\\\/01\\\/LB-SWIMWEAR2024-THE-ONE-GUAVA-1-scaled.jpg\",\"width\":1347,\"height\":2048},{\"@type\":\"BreadcrumbList\",\"@id\":\"https:\\\/\\\/korneliarataj.com\\\/produkt\\\/the-one-stroj-kapielowy-jednoczesciowy-guava\\\/#breadcrumb\",\"itemListElement\":[{\"@type\":\"ListItem\",\"position\":1,\"name\":\"HOME\",\"item\":\"https:\\\/\\\/korneliarataj.com\\\/\"},{\"@type\":\"ListItem\",\"position\":2,\"name\":\"Products\",\"item\":\"https:\\\/\\\/korneliarataj.com\\\/en\\\/shop\\\/\"},{\"@type\":\"ListItem\",\"position\":3,\"name\":\"The One &#8211; str\u00f3j k\u0105pielowy jednocz\u0119\u015bciowy Guava\"}]},{\"@type\":\"WebSite\",\"@id\":\"https:\\\/\\\/korneliarataj.com\\\/#website\",\"url\":\"https:\\\/\\\/korneliarataj.com\\\/\",\"name\":\"Stroje K\u0105pielowe i Odzie\u017c Lniana Sklep Kornelia Rataj\",\"description\":\"swimwear stroje k\u0105pielowe ubrania len lniane\",\"publisher\":{\"@id\":\"https:\\\/\\\/korneliarataj.com\\\/#organization\"},\"potentialAction\":[{\"@type\":\"SearchAction\",\"target\":{\"@type\":\"EntryPoint\",\"urlTemplate\":\"https:\\\/\\\/korneliarataj.com\\\/?s={search_term_string}\"},\"query-input\":{\"@type\":\"PropertyValueSpecification\",\"valueRequired\":true,\"valueName\":\"search_term_string\"}}],\"inLanguage\":\"de\"},{\"@type\":\"Organization\",\"@id\":\"https:\\\/\\\/korneliarataj.com\\\/#organization\",\"name\":\"KORNELIARATAJ\",\"url\":\"https:\\\/\\\/korneliarataj.com\\\/\",\"logo\":{\"@type\":\"ImageObject\",\"inLanguage\":\"de\",\"@id\":\"https:\\\/\\\/korneliarataj.com\\\/#\\\/schema\\\/logo\\\/image\\\/\",\"url\":\"https:\\\/\\\/korneliarataj.com\\\/wp-content\\\/uploads\\\/2020\\\/07\\\/LOGO-KR.svg\",\"contentUrl\":\"https:\\\/\\\/korneliarataj.com\\\/wp-content\\\/uploads\\\/2020\\\/07\\\/LOGO-KR.svg\",\"width\":1024,\"height\":1024,\"caption\":\"KORNELIARATAJ\"},\"image\":{\"@id\":\"https:\\\/\\\/korneliarataj.com\\\/#\\\/schema\\\/logo\\\/image\\\/\"},\"sameAs\":[\"http:\\\/\\\/www.facebook.com\\\/korneliaratajshop\",\"http:\\\/\\\/www.instagram.com\\\/korneliarataj\"]}]}<\/script>\n<!-- \/ Yoast SEO plugin. -->","yoast_head_json":{"title":"The One - Einteiliger Badeanzug in Guave - KORNELIARATAJ","description":"Kornelia Rataj. Minimalistische Damenkollektion, Basic, Bademode. HANDGEMACHT IN POLEN MIT LIEBE.","robots":{"index":"index","follow":"follow","max-snippet":"max-snippet:-1","max-image-preview":"max-image-preview:large","max-video-preview":"max-video-preview:-1"},"canonical":"https:\/\/korneliarataj.com\/de\/produkt\/the-one-stroj-kapielowy-jednoczesciowy-guava\/","og_locale":"de_DE","og_type":"article","og_title":"The One - str\u00f3j k\u0105pielowy jednocz\u0119\u015bciowy Guava - KORNELIARATAJ","og_description":"Kornelia Rataj. Minimalist Women's Collection, Basic, Swimwear. HANDMADE IN POLAND WITH LOVE.","og_url":"https:\/\/korneliarataj.com\/de\/produkt\/the-one-stroj-kapielowy-jednoczesciowy-guava\/","og_site_name":"KORNELIARATAJ","article_publisher":"http:\/\/www.facebook.com\/korneliaratajshop","article_modified_time":"2026-04-04T23:32:54+00:00","og_image":[{"width":1347,"height":2048,"url":"https:\/\/korneliarataj.com\/wp-content\/uploads\/2024\/01\/LB-SWIMWEAR2024-THE-ONE-GUAVA-1-scaled.jpg","type":"image\/jpeg"}],"twitter_card":"summary_large_image","twitter_misc":{"Gesch\u00e4tzte Lesezeit":"1\u00a0Minute"},"schema":{"@context":"https:\/\/schema.org","@graph":[{"@type":"WebPage","@id":"https:\/\/korneliarataj.com\/produkt\/the-one-stroj-kapielowy-jednoczesciowy-guava\/","url":"https:\/\/korneliarataj.com\/produkt\/the-one-stroj-kapielowy-jednoczesciowy-guava\/","name":"The One - Einteiliger Badeanzug in Guave - KORNELIARATAJ","isPartOf":{"@id":"https:\/\/korneliarataj.com\/#website"},"primaryImageOfPage":{"@id":"https:\/\/korneliarataj.com\/produkt\/the-one-stroj-kapielowy-jednoczesciowy-guava\/#primaryimage"},"image":{"@id":"https:\/\/korneliarataj.com\/produkt\/the-one-stroj-kapielowy-jednoczesciowy-guava\/#primaryimage"},"thumbnailUrl":"https:\/\/korneliarataj.com\/wp-content\/uploads\/2024\/01\/LB-SWIMWEAR2024-THE-ONE-GUAVA-1-scaled.jpg","datePublished":"2023-03-31T22:01:01+00:00","dateModified":"2026-04-04T23:32:54+00:00","description":"Kornelia Rataj. Minimalistische Damenkollektion, Basic, Bademode. HANDGEMACHT IN POLEN MIT LIEBE.","breadcrumb":{"@id":"https:\/\/korneliarataj.com\/produkt\/the-one-stroj-kapielowy-jednoczesciowy-guava\/#breadcrumb"},"inLanguage":"de","potentialAction":[{"@type":"ReadAction","target":["https:\/\/korneliarataj.com\/produkt\/the-one-stroj-kapielowy-jednoczesciowy-guava\/"]}]},{"@type":"ImageObject","inLanguage":"de","@id":"https:\/\/korneliarataj.com\/produkt\/the-one-stroj-kapielowy-jednoczesciowy-guava\/#primaryimage","url":"https:\/\/korneliarataj.com\/wp-content\/uploads\/2024\/01\/LB-SWIMWEAR2024-THE-ONE-GUAVA-1-scaled.jpg","contentUrl":"https:\/\/korneliarataj.com\/wp-content\/uploads\/2024\/01\/LB-SWIMWEAR2024-THE-ONE-GUAVA-1-scaled.jpg","width":1347,"height":2048},{"@type":"BreadcrumbList","@id":"https:\/\/korneliarataj.com\/produkt\/the-one-stroj-kapielowy-jednoczesciowy-guava\/#breadcrumb","itemListElement":[{"@type":"ListItem","position":1,"name":"HOME","item":"https:\/\/korneliarataj.com\/"},{"@type":"ListItem","position":2,"name":"Products","item":"https:\/\/korneliarataj.com\/en\/shop\/"},{"@type":"ListItem","position":3,"name":"The One &#8211; str\u00f3j k\u0105pielowy jednocz\u0119\u015bciowy Guava"}]},{"@type":"WebSite","@id":"https:\/\/korneliarataj.com\/#website","url":"https:\/\/korneliarataj.com\/","name":"Bademode und Leinenbekleidung Shop Kornelia Rataj","description":"badebekleidung badebekleidung leinen leinenbekleidung","publisher":{"@id":"https:\/\/korneliarataj.com\/#organization"},"potentialAction":[{"@type":"SearchAction","target":{"@type":"EntryPoint","urlTemplate":"https:\/\/korneliarataj.com\/?s={search_term_string}"},"query-input":{"@type":"PropertyValueSpecification","valueRequired":true,"valueName":"search_term_string"}}],"inLanguage":"de"},{"@type":"Organization","@id":"https:\/\/korneliarataj.com\/#organization","name":"KORNELIARATAJ","url":"https:\/\/korneliarataj.com\/","logo":{"@type":"ImageObject","inLanguage":"de","@id":"https:\/\/korneliarataj.com\/#\/schema\/logo\/image\/","url":"https:\/\/korneliarataj.com\/wp-content\/uploads\/2020\/07\/LOGO-KR.svg","contentUrl":"https:\/\/korneliarataj.com\/wp-content\/uploads\/2020\/07\/LOGO-KR.svg","width":1024,"height":1024,"caption":"KORNELIARATAJ"},"image":{"@id":"https:\/\/korneliarataj.com\/#\/schema\/logo\/image\/"},"sameAs":["http:\/\/www.facebook.com\/korneliaratajshop","http:\/\/www.instagram.com\/korneliarataj"]}]}},"_links":{"self":[{"href":"https:\/\/korneliarataj.com\/de\/wp-json\/wp\/v2\/product\/154920","targetHints":{"allow":["GET"]}}],"collection":[{"href":"https:\/\/korneliarataj.com\/de\/wp-json\/wp\/v2\/product"}],"about":[{"href":"https:\/\/korneliarataj.com\/de\/wp-json\/wp\/v2\/types\/product"}],"wp:featuredmedia":[{"embeddable":true,"href":"https:\/\/korneliarataj.com\/de\/wp-json\/wp\/v2\/media\/191468"}],"wp:attachment":[{"href":"https:\/\/korneliarataj.com\/de\/wp-json\/wp\/v2\/media?parent=154920"}],"wp:term":[{"taxonomy":"product_brand","embeddable":true,"href":"https:\/\/korneliarataj.com\/de\/wp-json\/wp\/v2\/product_brand?post=154920"},{"taxonomy":"product_cat","embeddable":true,"href":"https:\/\/korneliarataj.com\/de\/wp-json\/wp\/v2\/product_cat?post=154920"},{"taxonomy":"product_tag","embeddable":true,"href":"https:\/\/korneliarataj.com\/de\/wp-json\/wp\/v2\/product_tag?post=154920"}],"curies":[{"name":"wp","href":"https:\/\/api.w.org\/{rel}","templated":true}]}}