{"id":355075,"date":"2025-09-30T11:49:26","date_gmt":"2025-09-30T09:49:26","guid":{"rendered":"https:\/\/korneliarataj.com\/?page_id=355075"},"modified":"2026-02-15T01:31:44","modified_gmt":"2026-02-15T00:31:44","slug":"stroje-kapielowe-na-duzy-brzuch","status":"publish","type":"page","link":"https:\/\/korneliarataj.com\/de\/stroje-kapielowe-na-duzy-brzuch\/","title":{"rendered":"Bademode f\u00fcr gro\u00dfe B\u00e4uche"},"content":{"rendered":"<p>\nEntdecken Sie das Angebot an Bademode f\u00fcr gro\u00dfe B\u00e4uche im Shop KORNELIA RATAJ. Mit unseren stilvollen und funktionalen Modellen k\u00f6nnen Sie jeden Moment am Strand oder im Schwimmbad genie\u00dfen. Besuchen Sie unseren Shop und finden Sie das passende Outfit, um sich in jeder Situation sicher und wohl zu f\u00fchlen. Mit uns wird der Sommer noch sch\u00f6ner!\n<\/p>\n<div class=\"horizontal-scroll\">\n  <a href=\"https:\/\/korneliarataj.com\/de\/opaski-gory-stroju-kapielowego\/\">Krawatten<\/a><br \/>\n  <a href=\"https:\/\/korneliarataj.com\/de\/trojkaty-gory-stroju-kapielowego\/\">Dreiecke<\/a><br \/>\n  <a href=\"https:\/\/korneliarataj.com\/de\/wiazane-gory-stroju-kapielowego\/\">Gebunden<\/a><br \/>\n  <a href=\"https:\/\/korneliarataj.com\/de\/zabudowane-gory-stroju-kapielowego\/\">Eingeschlossen<\/a><br \/>\n  <a href=\"https:\/\/korneliarataj.com\/de\/trzy-w-jednym-gory-stroju-kapielowego\/\">Drei in einem<\/a><br \/>\n  <a href=\"https:\/\/korneliarataj.com\/de\/duzy-biust-gory-stroju-kapielowego\/\">Gro\u00dfe Br\u00fcste<\/a><br \/>\n  <a href=\"https:\/\/korneliarataj.com\/de\/ochrona-uv-stroje\/\">UV-Schutz<\/a>\n<\/div>\n<div class=\"toc-wrapper\">\n<div class=\"toc-header\">Inhalts\u00fcbersicht<br \/>\n<span class=\"arrow\">\u25b6<\/span><\/div>\n<ul class=\"toc-content\">\n<li><a href=\"#1\">Outfits f\u00fcr jede Figur<\/a><\/li>\n<li><a href=\"#2\">\u00dcbersicht \u00fcber das Angebot des Shops KORNELIA RATAJ<\/a><\/li>\n<li><a href=\"#3\">Wie w\u00e4hlt man den besten Badeanzug f\u00fcr das Schwimmbad und den Strand aus?<\/a><\/li>\n<li><a href=\"#4\">Modische Accessoires f\u00fcr Badeanz\u00fcge \u2013 Stil und Funktionalit\u00e4t in einem<\/a><\/li>\n<li><a href=\"#5\">Welcher Schnitt eines Badeanzugs kaschiert einen dicken Bauch am besten?<\/a><\/li>\n<li><a href=\"#6\">Welche Badeanz\u00fcge machen den Bauch schlanker und betonen die Taille?<\/a><\/li>\n<li><a href=\"#7\">Was sollte man bei der Auswahl eines Badeanzugs f\u00fcr einen gr\u00f6\u00dferen Bauch beachten?<\/a><\/li>\n<li><a href=\"#8\">Wie w\u00e4hlt man die richtige Gr\u00f6\u00dfe eines Badeanzugs f\u00fcr eine vollere Figur?<\/a><\/li>\n<li><a href=\"#9\">Sind einteilige Badeanz\u00fcge eine gute Wahl bei einem gr\u00f6\u00dferen Bauch?<\/a><\/li>\n<\/ul>\n<\/div>\n<h2 id=\"1\">Outfits f\u00fcr jede Figur<\/h2>\n<p>\nW\u00e4hlen Sie einen Badeanzug, der perfekt zu Ihrer Figur passt und alle Ihre Vorz\u00fcge unterstreicht. Im Shop KORNELIA RATAJ finden Sie in Polen hergestellte Badeanz\u00fcge f\u00fcr gro\u00dfe B\u00e4uche, die mit Blick auf Komfort und Stil entworfen wurden. Unser Angebot umfasst verschiedene Modelle, mit denen Sie sich unabh\u00e4ngig von der Situation und Ihrer Figur sicher f\u00fchlen k\u00f6nnen. W\u00e4hlen Sie aus einteiligen und zweiteiligen Modellen den Badeanzug, der Ihren Bed\u00fcrfnissen am besten entspricht. Jeder Badeanzug von KORNELIA RATAJ verbindet Funktionalit\u00e4t mit \u00c4sthetik. So k\u00f6nnen Sie Wassersportaktivit\u00e4ten genie\u00dfen, ohne sich Gedanken \u00fcber Komfort oder modisches Aussehen machen zu m\u00fcssen.\n<\/p>\n<p>\nWir sind ein polnisches Unternehmen, das auf jedes Detail achtet. Unsere Bademode wird aus Stoffen h\u00f6chster Qualit\u00e4t hergestellt, darunter auch aus recycelten Materialien. Dank dieser L\u00f6sungen betonen Sie nicht nur Ihre Figur, sondern tragen auch zum Schutz der Umwelt bei. Alle Produkte werden in unserem Familienatelier in Czernica in Niederschlesien hergestellt, was eine sorgf\u00e4ltige Verarbeitung und Liebe zum Detail garantiert. Nutzen Sie unser Angebot, das modernes Design mit traditioneller Qualit\u00e4t verbindet. Genie\u00dfen Sie den Sommer mit der Gewissheit, dass Ihr Badeanzug die beste Wahl ist!\n<\/p>\n<h2 id=\"2\">\u00dcbersicht \u00fcber das Angebot des Shops KORNELIA RATAJ<\/h2>\n<p>\nEntdecken Sie die gro\u00dfe Auswahl an Bademode im KORNELIA RATAJ Shop, die mit Blick auf Ihren Komfort und einen stilvollen Look entworfen wurde. Unser Angebot umfasst einzigartige Modelle, die sich perfekt an verschiedene Figurtypen anpassen und deren Vorz\u00fcge betonen. Dank der neuesten Trends und hochwertigen Materialien sind diese Badeanz\u00fcge ein echter Blickfang und bieten Komfort bei allen Sommeraktivit\u00e4ten. Nutzen Sie die Gelegenheit, einen Badeanzug zu kaufen, der modernes Design mit zuverl\u00e4ssiger Verarbeitung verbindet.\n<\/p>\n<p>\nDie bei uns erh\u00e4ltlichen Modelle werden mit gr\u00f6\u00dfter Sorgfalt bis ins kleinste Detail hergestellt, was sich in ihrer au\u00dfergew\u00f6hnlichen Qualit\u00e4t widerspiegelt. Wir versichern Ihnen, dass unser Angebot Ihren Erwartungen unabh\u00e4ngig von Ihren \u00e4sthetischen Vorlieben gerecht wird. Nutzen Sie unser Angebot und investieren Sie in einen Badeanzug, mit dem Sie sich diesen Sommer sicher f\u00fchlen k\u00f6nnen. Genie\u00dfen Sie jeden Moment am Strand oder am Pool und seien Sie sicher, dass Sie die beste Wahl getroffen haben!\n<\/p>\n<h2 id=\"3\">Wie w\u00e4hlt man den besten Badeanzug f\u00fcr das Schwimmbad und den Strand aus?<\/h2>\n<p>\nDie Wahl des richtigen Badeanzugs h\u00e4ngt davon ab, wo Sie ihn tragen m\u00f6chten. Wenn Sie Zeit am Pool verbringen m\u00f6chten, sollten Sie sich f\u00fcr ein Modell entscheiden, das Ihnen beim Schwimmen und anderen Wasseraktivit\u00e4ten Komfort bietet. Badeanz\u00fcge f\u00fcr den Pool zeichnen sich oft durch eine gute Passform aus, die Ihnen Bewegungsfreiheit im Wasser erm\u00f6glicht. F\u00fcr den Strand hingegen k\u00f6nnen Sie einen Badeanzug mit gr\u00f6\u00dferen Ausschnitten w\u00e4hlen, der nicht nur Ihre Figur betont, sondern Ihnen auch ein stilvolles Gef\u00fchl vermittelt. Unabh\u00e4ngig von der Jahreszeit bietet unser Unternehmen KORNELIA RATAJ Badeanz\u00fcge, die Ihren Erwartungen gerecht werden.\n<\/p>\n<p>\nDenken Sie daran, dass der Badeanzug an die Bedingungen angepasst sein sollte, unter denen Sie ihn verwenden m\u00f6chten. F\u00fcr den Strand sollten Sie Modelle mit tieferem Ausschnitt w\u00e4hlen, wenn Sie sich br\u00e4unen m\u00f6chten. Im Schwimmbad eignen sich hingegen eher einfache, funktionale Schnitte. In unserem Angebot finden Sie eine Vielzahl von Modellen, mit denen Sie jeden Moment am Wasser mit Komfort und Selbstvertrauen genie\u00dfen k\u00f6nnen. Schauen Sie sich unsere Angebote an und entscheiden Sie sich f\u00fcr den Badeanzug, der Ihren Bed\u00fcrfnissen am besten entspricht!\n<\/p>\n<h2 id=\"4\">Modische Accessoires f\u00fcr Badeanz\u00fcge \u2013 Stil und Funktionalit\u00e4t in einem<\/h2>\n<p>\nGut ausgew\u00e4hlte Accessoires zum Badeanzug k\u00f6nnen Ihr Sommeroutfit komplett ver\u00e4ndern und daf\u00fcr sorgen, dass Sie sich noch wohler f\u00fchlen \u2013 sowohl am Strand als auch am Pool. Im Angebot von KORNELIA RATAJ, einer polnischen Marke f\u00fcr Bademode, finden Sie nicht nur hochwertige Badeanz\u00fcge, sondern auch praktische Accessoires, die Ihren Sommerlook vervollst\u00e4ndigen.\n<\/p>\n<p>\nZu den angesagtesten Modellen f\u00fcr den Sommer z\u00e4hlen Bucket Hats, die einen wirksamen Sonnenschutz bieten und perfekt zu den aktuellen Trends passen. Sonnenbrillen sind ein weiteres funktionales Accessoire \u2013 sie sch\u00fctzen die Augen und verleihen jedem Strandlook einen stilvollen Touch.\n<\/p>\n<p>\nWenn Sie auf der Suche nach der perfekten Strandtasche sind, in der alles Platz findet, entscheiden Sie sich f\u00fcr unsere Strandtasche aus Baumwolle mit Rei\u00dfverschluss. Dank der zus\u00e4tzlichen Innentasche k\u00f6nnen Sie Kleinigkeiten, die Sie immer griffbereit haben m\u00f6chten, bequem verstauen. Die Tasche ist leicht, ger\u00e4umig und bequem \u2013 sie eignet sich nicht nur f\u00fcr den Strand, sondern auch f\u00fcr allt\u00e4gliche Sommerausfl\u00fcge.\n<\/p>\n<p>\nVergessen Sie nicht die praktischen Kleinigkeiten, die Ihren Stil unterstreichen k\u00f6nnen. Ein Scrunchie in der Farbe Ihres Badeanzugs ist ein weiches, bequemes Haargummi, das nicht zieht und Ihr Haar nicht besch\u00e4digt. Ein Stirnband sch\u00fctzt Ihre Kopfhaut wirksam vor der Sonne und an windigen Tagen bedeckt es Ihre Ohren und h\u00e4lt Ihr Haar an Ort und Stelle.\n<\/p>\n<p>\nDenken Sie auch an Strandaccessoires wie Schals und T\u00fccher, die als Pareo, leichte Schulterbedeckung oder Schutz vor Wind und Sonne dienen k\u00f6nnen. F\u00fcr Liebhaberinnen subtiler Akzente empfiehlt es sich, zarte Strandschmuckst\u00fccke wie Halsketten und Armb\u00e4nder hinzuzuf\u00fcgen, die dem gesamten Outfit Leichtigkeit und einen femininen Touch verleihen.\n<\/p>\n<p>\nErg\u00e4nzt wird das Ganze durch bequeme Flip-Flops oder Sandalen, die sich sowohl am Strand als auch in der Stadt bew\u00e4hren. Im Gesch\u00e4ft KORNELIA RATAJ finden Sie nicht nur modische Damenbademode, sondern auch Accessoires, mit denen Sie ein stimmiges und funktionales Sommeroutfit zusammenstellen k\u00f6nnen \u2013 ganz gleich, wo Sie Ihren Urlaub verbringen m\u00f6chten.\n<\/p>\n<h2 id=\"5\">Welcher Schnitt eines Badeanzugs kaschiert einen dicken Bauch am besten?<\/h2>\n<p>\nWenn Sie auf der Suche nach einem Badeanzug sind, der Ihre Figur subtil schlanker macht und einen gr\u00f6\u00dferen Bauch kaschiert, entscheiden Sie sich f\u00fcr Modelle mit hohem Bund und einer geraden, raffinierten Linie. Einteiliges Modell <em>Der Einfache<\/em> von KORNELIA RATAJ ist ein hervorragendes Beispiel f\u00fcr einen minimalistischen Schnitt, der die Silhouette gl\u00e4ttet und den K\u00f6rper optisch verl\u00e4ngert. Durch das Fehlen unn\u00f6tiger N\u00e4hte und den klassischen Ausschnitt wirkt das Kleidungsst\u00fcck wie eine zweite Haut \u2013 ohne zu dr\u00fccken, aber mit einem sanften Umh\u00fcllungseffekt.\n<\/p>\n<p>\nF\u00fcr Liebhaberinnen von zweiteiligen Badeanz\u00fcgen sind H\u00f6schen die ideale Wahl. <em>Hohe Taille<\/em> oder <em>Einfach<\/em>. Beide Modelle haben einen hohen Bund, der den unteren Bauchbereich formt und die Taille auf nat\u00fcrliche Weise betont, ohne die Silhouette einzuengen.\n<\/p>\n<p>\nAlle Bademoden der Marke KORNELIA RATAJ werden aus einem zweilagigen Material mit angenehmer Dicke hergestellt. Der Stoff sorgt f\u00fcr eine subtile Verschlankung, gute Passform und Komfort in jeder Situation \u2013 sowohl am Strand als auch im Schwimmbad.\n<\/p>\n<h2 id=\"6\">Welche Badeanz\u00fcge machen den Bauch schlanker und betonen die Taille?<\/h2>\n<p>\nBademode, die den Bauch schlanker macht und die Taille betont, sind Modelle, die Komfort mit einer subtilen Formung der Silhouette verbinden \u2013 ohne dabei an Bequemlichkeit einzub\u00fc\u00dfen oder den K\u00f6rper verstecken zu m\u00fcssen. Ein hoch geschnittener Unterteil, wie beispielsweise <em>Hohe Taille<\/em> von der polnischen Marke KORNELIA RATAJ betont wundersch\u00f6n die Taille, umh\u00fcllt sanft den Bauch und verl\u00e4ngert optisch die Beine. Einteiliger Badeanzug <em>Der Einfache<\/em> ist ein minimalistischer Schnitt, der sich geschmeidig an den K\u00f6rper anschmiegt, ohne ihn einzuengen, und dabei eine harmonische Silhouette schafft. Unter den zweiteiligen Modellen sind auch die H\u00f6schen <em>Einfach<\/em> oder <em>Sportarten<\/em> \u2013 Beide Schnitte sind so gestaltet, dass sie Komfort bieten und gleichzeitig die nat\u00fcrlichen Proportionen betonen.\n<\/p>\n<p>\nDie Wahl des richtigen Outfits sollte nicht darauf abzielen, etwas zu verbergen, sondern das zu betonen, was bereits sch\u00f6n ist. Hochwertige Stoffe, raffinierte Schnitte und Konstruktionen, die ein Gef\u00fchl von Freiheit vermitteln, sind heute Standard in der Bademode, die f\u00fcr unterschiedliche Figurtypen entworfen wird.\n<\/p>\n<h2 id=\"7\">Was sollte man bei der Auswahl eines Badeanzugs f\u00fcr einen gr\u00f6\u00dferen Bauch beachten?<\/h2>\n<p>\nBei der Auswahl von Bademode f\u00fcr Frauen mit einem gro\u00dfen Bauch sollten Sie einige wichtige Aspekte beachten, die Ihnen helfen, sich am Strand oder im Schwimmbad wohl und sicher zu f\u00fchlen. Vor allem sollte der Badeanzug einen geeigneten Schnitt haben, der die Vorz\u00fcge der Figur betont und gleichzeitig die Stellen kaschiert, die wir lieber verdecken m\u00f6chten. Modelle mit h\u00f6herem Bund sind eine ausgezeichnete Wahl, da sie diesen Teil des K\u00f6rpers optisch schlanker machen. Au\u00dferdem lohnt es sich, Badeanz\u00fcge aus einem festeren, elastischen Material zu w\u00e4hlen, das f\u00fcr den richtigen Halt sorgt. Auch die Farbgebung spielt eine Rolle: Dunklere T\u00f6ne wie ein schwarzer Badeanzug oder ein brauner Bikini lassen die Figur schlanker wirken. Der beste Badeanzug sollte auf die individuellen Bed\u00fcrfnisse jeder Frau zugeschnitten sein. Schauen Sie sich das Angebot unserer Firma KORNELIA RATAJ an und w\u00e4hlen Sie etwas f\u00fcr sich aus!\n<\/p>\n<h2 id=\"8\">Wie w\u00e4hlt man die richtige Gr\u00f6\u00dfe eines Badeanzugs f\u00fcr eine vollere Figur?<\/h2>\n<p>\nMessen Sie zun\u00e4chst Ihren Brustumfang, den Umfang unterhalb der Brust, Ihre Taille und Ihre H\u00fcften und vergleichen Sie diese Ma\u00dfe dann mit der Gr\u00f6\u00dfentabelle des Herstellers. F\u00fcr Plus-Size-Figuren eignen sich am besten Modelle mit breiten Tr\u00e4gern wie das Modell Tie, B\u00fcgel-Cups wie das Modell Shape und hoch geschnittene H\u00f6schen wie das Modell High Waist. Ein minimalistischer Einteiler wie The Simple One betont die Figur wundersch\u00f6n und bietet h\u00f6chsten Tragekomfort. Eine gut gew\u00e4hlte Gr\u00f6\u00dfe sorgt f\u00fcr Selbstvertrauen und Bewegungsfreiheit \u2013 unabh\u00e4ngig von der Figur.\n<\/p>\n<h2 id=\"9\">Sind einteilige Badeanz\u00fcge eine gute Wahl bei einem gr\u00f6\u00dferen Bauch?<\/h2>\n<p>\nEinteilige Badeanz\u00fcge sind eine beliebte Wahl bei Frauen, die sich selbstbewusst und wohlf\u00fchlen m\u00f6chten \u2013 auch mit einem volleren Bauch. Gut geschnittene Badeanz\u00fcge f\u00fcr einen gr\u00f6\u00dferen Bauch k\u00f6nnen die Silhouette sanft umh\u00fcllen, ihre nat\u00fcrlichen Proportionen betonen und dort Halt bieten, wo er am meisten ben\u00f6tigt wird. Viele Modelle verf\u00fcgen \u00fcber zus\u00e4tzliche Details wie Verst\u00e4rkungen, Futter oder Abn\u00e4her, die den K\u00f6rper nicht kaschieren, sondern seine sch\u00f6nsten Seiten betonen.\n<\/p>\n<p>\nDie Wahl des richtigen Badeanzugs sollte sich nach den individuellen Bed\u00fcrfnissen richten \u2013 nicht jede Frau m\u00f6chte ihren K\u00f6rper formen oder schlanker wirken lassen. F\u00fcr viele sind Komfort, Stoffqualit\u00e4t und ein Gef\u00fchl von Freiheit am wichtigsten. Bademode f\u00fcr vollere Figuren ist heute in vielen modernen Schnitten erh\u00e4ltlich, die nicht nur gut sitzen, sondern auch die Vielfalt der K\u00f6rperformen zelebrieren. Darunter finden Sie sowohl klassische, minimalistische Schnitte als auch solche mit interessanten Details, Ausschnitten oder Mustern. Unabh\u00e4ngig von der Gr\u00f6\u00dfe \u2013 ein gut ausgew\u00e4hlter Einteiler kann eine Quelle der Freude und des Selbstbewusstseins am Strand und im Alltag sein.<\/p>","protected":false},"excerpt":{"rendered":"<p>Zapoznaj si\u0119 z ofert\u0105 stroj\u00f3w k\u0105pielowych na du\u017cy brzuch dost\u0119pnych w sklepie KORNELIA RATAJ. Nasze stylowe i funkcjonalne modele pozwol\u0105 Ci cieszy\u0107 si\u0119 ka\u017cd\u0105 chwil\u0105 na pla\u017cy czy basenie. Odwied\u017a nasz sklep i znajd\u017a str\u00f3j dla siebie, aby poczu\u0107 si\u0119 pewnie oraz komfortowo w ka\u017cdej sytuacji. Z nami lato stanie si\u0119 jeszcze pi\u0119kniejsze! Opaski Tr\u00f3jk\u0105ty [&hellip;]<\/p>\n","protected":false},"author":7,"featured_media":0,"parent":0,"menu_order":0,"comment_status":"closed","ping_status":"closed","template":"","meta":{"footnotes":""},"class_list":["post-355075","page","type-page","status-publish","hentry"],"yoast_head":"<!-- This site is optimized with the Yoast SEO plugin v27.3 - https:\/\/yoast.com\/product\/yoast-seo-wordpress\/ -->\n<title>Stroje k\u0105pielowe na du\u017cy brzuch - Stroje K\u0105pielowe i Odzie\u017c Lniana Sklep Kornelia Rataj<\/title>\n<meta name=\"description\" content=\"Stroje k\u0105pielowe dla kobiet na du\u017cy brzuch. Modne, wygodne i kobiece rozwi\u0105zania. Wybierz idealny fason i poczuj si\u0119 pewnie nad wod\u0105 ju\u017c teraz!\" \/>\n<meta name=\"robots\" content=\"index, follow, max-snippet:-1, max-image-preview:large, max-video-preview:-1\" \/>\n<link rel=\"canonical\" href=\"https:\/\/korneliarataj.com\/de\/stroje-kapielowe-na-duzy-brzuch\/\" \/>\n<meta property=\"og:locale\" content=\"de_DE\" \/>\n<meta property=\"og:type\" content=\"article\" \/>\n<meta property=\"og:title\" content=\"Stroje k\u0105pielowe na du\u017cy brzuch - Stroje K\u0105pielowe i Odzie\u017c Lniana Sklep Kornelia Rataj\" \/>\n<meta property=\"og:description\" content=\"Stroje k\u0105pielowe dla kobiet na du\u017cy brzuch. Modne, wygodne i kobiece rozwi\u0105zania. Wybierz idealny fason i poczuj si\u0119 pewnie nad wod\u0105 ju\u017c teraz!\" \/>\n<meta property=\"og:url\" content=\"https:\/\/korneliarataj.com\/de\/stroje-kapielowe-na-duzy-brzuch\/\" \/>\n<meta property=\"og:site_name\" content=\"KORNELIARATAJ\" \/>\n<meta property=\"article:publisher\" content=\"http:\/\/www.facebook.com\/korneliaratajshop\" \/>\n<meta property=\"article:modified_time\" content=\"2026-02-15T00:31:44+00:00\" \/>\n<meta name=\"twitter:card\" content=\"summary_large_image\" \/>\n<meta name=\"twitter:label1\" content=\"Gesch\u00e4tzte Lesezeit\" \/>\n\t<meta name=\"twitter:data1\" content=\"10\u00a0Minuten\" \/>\n<script type=\"application\/ld+json\" class=\"yoast-schema-graph\">{\"@context\":\"https:\\\/\\\/schema.org\",\"@graph\":[{\"@type\":\"WebPage\",\"@id\":\"https:\\\/\\\/korneliarataj.com\\\/stroje-kapielowe-na-duzy-brzuch\\\/\",\"url\":\"https:\\\/\\\/korneliarataj.com\\\/stroje-kapielowe-na-duzy-brzuch\\\/\",\"name\":\"Stroje k\u0105pielowe na du\u017cy brzuch - Stroje K\u0105pielowe i Odzie\u017c Lniana Sklep Kornelia Rataj\",\"isPartOf\":{\"@id\":\"https:\\\/\\\/korneliarataj.com\\\/#website\"},\"datePublished\":\"2025-09-30T09:49:26+00:00\",\"dateModified\":\"2026-02-15T00:31:44+00:00\",\"description\":\"Stroje k\u0105pielowe dla kobiet na du\u017cy brzuch. Modne, wygodne i kobiece rozwi\u0105zania. Wybierz idealny fason i poczuj si\u0119 pewnie nad wod\u0105 ju\u017c teraz!\",\"breadcrumb\":{\"@id\":\"https:\\\/\\\/korneliarataj.com\\\/stroje-kapielowe-na-duzy-brzuch\\\/#breadcrumb\"},\"inLanguage\":\"de\",\"potentialAction\":[{\"@type\":\"ReadAction\",\"target\":[\"https:\\\/\\\/korneliarataj.com\\\/stroje-kapielowe-na-duzy-brzuch\\\/\"]}]},{\"@type\":\"BreadcrumbList\",\"@id\":\"https:\\\/\\\/korneliarataj.com\\\/stroje-kapielowe-na-duzy-brzuch\\\/#breadcrumb\",\"itemListElement\":[{\"@type\":\"ListItem\",\"position\":1,\"name\":\"HOME\",\"item\":\"https:\\\/\\\/korneliarataj.com\\\/\"},{\"@type\":\"ListItem\",\"position\":2,\"name\":\"Stroje k\u0105pielowe na du\u017cy brzuch\"}]},{\"@type\":\"WebSite\",\"@id\":\"https:\\\/\\\/korneliarataj.com\\\/#website\",\"url\":\"https:\\\/\\\/korneliarataj.com\\\/\",\"name\":\"Stroje K\u0105pielowe i Odzie\u017c Lniana Sklep Kornelia Rataj\",\"description\":\"swimwear stroje k\u0105pielowe ubrania len lniane\",\"publisher\":{\"@id\":\"https:\\\/\\\/korneliarataj.com\\\/#organization\"},\"potentialAction\":[{\"@type\":\"SearchAction\",\"target\":{\"@type\":\"EntryPoint\",\"urlTemplate\":\"https:\\\/\\\/korneliarataj.com\\\/?s={search_term_string}\"},\"query-input\":{\"@type\":\"PropertyValueSpecification\",\"valueRequired\":true,\"valueName\":\"search_term_string\"}}],\"inLanguage\":\"de\"},{\"@type\":\"Organization\",\"@id\":\"https:\\\/\\\/korneliarataj.com\\\/#organization\",\"name\":\"KORNELIARATAJ\",\"url\":\"https:\\\/\\\/korneliarataj.com\\\/\",\"logo\":{\"@type\":\"ImageObject\",\"inLanguage\":\"de\",\"@id\":\"https:\\\/\\\/korneliarataj.com\\\/#\\\/schema\\\/logo\\\/image\\\/\",\"url\":\"https:\\\/\\\/korneliarataj.com\\\/wp-content\\\/uploads\\\/2020\\\/07\\\/LOGO-KR.svg\",\"contentUrl\":\"https:\\\/\\\/korneliarataj.com\\\/wp-content\\\/uploads\\\/2020\\\/07\\\/LOGO-KR.svg\",\"width\":1024,\"height\":1024,\"caption\":\"KORNELIARATAJ\"},\"image\":{\"@id\":\"https:\\\/\\\/korneliarataj.com\\\/#\\\/schema\\\/logo\\\/image\\\/\"},\"sameAs\":[\"http:\\\/\\\/www.facebook.com\\\/korneliaratajshop\",\"http:\\\/\\\/www.instagram.com\\\/korneliarataj\"]}]}<\/script>\n<!-- \/ Yoast SEO plugin. -->","yoast_head_json":{"title":"Bademode f\u00fcr gro\u00dfe B\u00e4uche \u2013 Bademode und Leinenbekleidung Shop Kornelia Rataj","description":"Bademode f\u00fcr Frauen mit gro\u00dfem Bauch. Modische, bequeme und feminine L\u00f6sungen. W\u00e4hlen Sie den perfekten Schnitt und f\u00fchlen Sie sich jetzt am Wasser sicher!","robots":{"index":"index","follow":"follow","max-snippet":"max-snippet:-1","max-image-preview":"max-image-preview:large","max-video-preview":"max-video-preview:-1"},"canonical":"https:\/\/korneliarataj.com\/de\/stroje-kapielowe-na-duzy-brzuch\/","og_locale":"de_DE","og_type":"article","og_title":"Stroje k\u0105pielowe na du\u017cy brzuch - Stroje K\u0105pielowe i Odzie\u017c Lniana Sklep Kornelia Rataj","og_description":"Stroje k\u0105pielowe dla kobiet na du\u017cy brzuch. Modne, wygodne i kobiece rozwi\u0105zania. Wybierz idealny fason i poczuj si\u0119 pewnie nad wod\u0105 ju\u017c teraz!","og_url":"https:\/\/korneliarataj.com\/de\/stroje-kapielowe-na-duzy-brzuch\/","og_site_name":"KORNELIARATAJ","article_publisher":"http:\/\/www.facebook.com\/korneliaratajshop","article_modified_time":"2026-02-15T00:31:44+00:00","twitter_card":"summary_large_image","twitter_misc":{"Gesch\u00e4tzte Lesezeit":"10\u00a0Minuten"},"schema":{"@context":"https:\/\/schema.org","@graph":[{"@type":"WebPage","@id":"https:\/\/korneliarataj.com\/stroje-kapielowe-na-duzy-brzuch\/","url":"https:\/\/korneliarataj.com\/stroje-kapielowe-na-duzy-brzuch\/","name":"Bademode f\u00fcr gro\u00dfe B\u00e4uche \u2013 Bademode und Leinenbekleidung Shop Kornelia Rataj","isPartOf":{"@id":"https:\/\/korneliarataj.com\/#website"},"datePublished":"2025-09-30T09:49:26+00:00","dateModified":"2026-02-15T00:31:44+00:00","description":"Bademode f\u00fcr Frauen mit gro\u00dfem Bauch. Modische, bequeme und feminine L\u00f6sungen. W\u00e4hlen Sie den perfekten Schnitt und f\u00fchlen Sie sich jetzt am Wasser sicher!","breadcrumb":{"@id":"https:\/\/korneliarataj.com\/stroje-kapielowe-na-duzy-brzuch\/#breadcrumb"},"inLanguage":"de","potentialAction":[{"@type":"ReadAction","target":["https:\/\/korneliarataj.com\/stroje-kapielowe-na-duzy-brzuch\/"]}]},{"@type":"BreadcrumbList","@id":"https:\/\/korneliarataj.com\/stroje-kapielowe-na-duzy-brzuch\/#breadcrumb","itemListElement":[{"@type":"ListItem","position":1,"name":"HOME","item":"https:\/\/korneliarataj.com\/"},{"@type":"ListItem","position":2,"name":"Stroje k\u0105pielowe na du\u017cy brzuch"}]},{"@type":"WebSite","@id":"https:\/\/korneliarataj.com\/#website","url":"https:\/\/korneliarataj.com\/","name":"Bademode und Leinenbekleidung Shop Kornelia Rataj","description":"badebekleidung badebekleidung leinen leinenbekleidung","publisher":{"@id":"https:\/\/korneliarataj.com\/#organization"},"potentialAction":[{"@type":"SearchAction","target":{"@type":"EntryPoint","urlTemplate":"https:\/\/korneliarataj.com\/?s={search_term_string}"},"query-input":{"@type":"PropertyValueSpecification","valueRequired":true,"valueName":"search_term_string"}}],"inLanguage":"de"},{"@type":"Organization","@id":"https:\/\/korneliarataj.com\/#organization","name":"KORNELIARATAJ","url":"https:\/\/korneliarataj.com\/","logo":{"@type":"ImageObject","inLanguage":"de","@id":"https:\/\/korneliarataj.com\/#\/schema\/logo\/image\/","url":"https:\/\/korneliarataj.com\/wp-content\/uploads\/2020\/07\/LOGO-KR.svg","contentUrl":"https:\/\/korneliarataj.com\/wp-content\/uploads\/2020\/07\/LOGO-KR.svg","width":1024,"height":1024,"caption":"KORNELIARATAJ"},"image":{"@id":"https:\/\/korneliarataj.com\/#\/schema\/logo\/image\/"},"sameAs":["http:\/\/www.facebook.com\/korneliaratajshop","http:\/\/www.instagram.com\/korneliarataj"]}]}},"_links":{"self":[{"href":"https:\/\/korneliarataj.com\/de\/wp-json\/wp\/v2\/pages\/355075","targetHints":{"allow":["GET"]}}],"collection":[{"href":"https:\/\/korneliarataj.com\/de\/wp-json\/wp\/v2\/pages"}],"about":[{"href":"https:\/\/korneliarataj.com\/de\/wp-json\/wp\/v2\/types\/page"}],"author":[{"embeddable":true,"href":"https:\/\/korneliarataj.com\/de\/wp-json\/wp\/v2\/users\/7"}],"replies":[{"embeddable":true,"href":"https:\/\/korneliarataj.com\/de\/wp-json\/wp\/v2\/comments?post=355075"}],"version-history":[{"count":0,"href":"https:\/\/korneliarataj.com\/de\/wp-json\/wp\/v2\/pages\/355075\/revisions"}],"wp:attachment":[{"href":"https:\/\/korneliarataj.com\/de\/wp-json\/wp\/v2\/media?parent=355075"}],"curies":[{"name":"wp","href":"https:\/\/api.w.org\/{rel}","templated":true}]}}