{"id":336484,"date":"2025-07-15T07:20:58","date_gmt":"2025-07-15T05:20:58","guid":{"rendered":"https:\/\/korneliarataj.com\/?page_id=336484"},"modified":"2026-02-15T01:31:38","modified_gmt":"2026-02-15T00:31:38","slug":"stroje-kapielowe-kolory","status":"publish","type":"page","link":"https:\/\/korneliarataj.com\/de\/stroje-kapielowe-kolory\/","title":{"rendered":"Bademode Farben"},"content":{"rendered":"<div id=\"schemafaq\">\n<div class=\"tabs\">\n<div class=\"tab\">\n<p><input id=\"chck1\" type=\"checkbox\" \/><\/p>\n<h3><label class=\"tab-label\" for=\"chck1\">Bademode \u2013 w\u00e4hlen Sie Ihre Lieblingsfarbe<\/label><\/h3>\n<div class=\"tab-content\">\n<div>\n<p>Die Wahl der richtigen Farbe ist entscheidend. Sie ist das Erste, was ins Auge f\u00e4llt, noch bevor wir auf den Schnitt, die Passform oder die Details achten. Im Gesch\u00e4ft KORNELIA RATAJ finden Sie eine gro\u00dfe Auswahl an Badeanz\u00fcgen in verschiedenen Farben, mit denen Sie Ihren einzigartigen Stil zum Ausdruck bringen k\u00f6nnen. Klassisches Schwarz, energiegeladenes Rot, frisches Gr\u00fcn oder zarte Pastellt\u00f6ne \u2013 jede Farbe kann Ihre Pers\u00f6nlichkeit unterstreichen und Ihnen Selbstvertrauen verleihen. Dank der gro\u00dfen Auswahl finden Sie leichter Ihr ideales Modell.<\/p>\n<\/div>\n<\/div>\n<\/div>\n<div class=\"tab\">\n<p><input id=\"chck2\" type=\"checkbox\" \/><\/p>\n<h3><label class=\"tab-label\" for=\"chck2\">Einteiler oder Bikini? W\u00e4hlen Sie den perfekten Schnitt und die perfekte Farbe<\/label><\/h3>\n<div class=\"tab-content\">\n<div>\n<p>Die Wahl zwischen einem einteiligen und einem zweiteiligen Badeanzug h\u00e4ngt von Ihren individuellen Vorlieben und dem gew\u00fcnschten Effekt ab. Ein einteiliger Badeanzug in einer dunklen Farbe ist eine ausgezeichnete Wahl f\u00fcr Frauen, die ihre Figur schlanker wirken lassen oder ihre Proportionen ausgleichen m\u00f6chten. Dar\u00fcber hinaus sind Badeanz\u00fcge in klassischen, dunklen Farbt\u00f6nen vielseitig und elegant. Ein Bikini hingegen bietet mehr Freiheit bei der Auswahl von Farben und Schnitten, wodurch sich das Kleidungsst\u00fcck besser an die weibliche K\u00f6rperform anpassen l\u00e4sst. Das umfangreiche Angebot an Modellen bietet eine gro\u00dfe Auswahl f\u00fcr jeden Figurtyp und jede Farbvorliebe.<\/p>\n<\/div>\n<\/div>\n<\/div>\n<div class=\"tab\">\n<p><input id=\"chck3\" type=\"checkbox\" \/><\/p>\n<h3><label class=\"tab-label\" for=\"chck3\">Passen Sie die Farbe Ihres Outfits an Ihre Figur und Ihren Charakter an.<\/label><\/h3>\n<div class=\"tab-content\">\n<div>\n<p>Die Anpassung der Farbe des Badeanzugs an Ihre Figur unterstreicht Ihre nat\u00fcrliche Sch\u00f6nheit. Im Angebot des Shops KORNELIA RATAJ finden Sie Badeanz\u00fcge, die aktuelle Trends mit Klassik verbinden. Die Farben, die Sie ausw\u00e4hlen, sollten zu Ihrem Typ passen. Frauen mit einem warmen Teint sehen in Badeanz\u00fcgen in Gold-, Orange- oder Rott\u00f6nen umwerfend aus. F\u00fcr k\u00fchle Typen sind Farben wie Blau, Mint oder Violett ideal. Wir helfen Ihnen dabei, sich w\u00e4hrend Ihres Sommerurlaubs im Freien besonders zu f\u00fchlen!<\/p>\n<\/div>\n<\/div>\n<\/div>\n<div class=\"tab\">\n<p><input id=\"chck4\" type=\"checkbox\" \/><\/p>\n<h3><label class=\"tab-label\" for=\"chck4\">Wie w\u00e4hlt man die Farbe, die am besten zu einem passt?<\/label><\/h3>\n<div class=\"tab-content\">\n<div>\n<p>Die Wahl der Farbe, die Ihren Stil und Ihre Pers\u00f6nlichkeit am besten unterstreicht, h\u00e4ngt von vielen Faktoren ab. Ber\u00fccksichtigen Sie Ihre Vorlieben und das, worin Sie sich am wohlsten f\u00fchlen. Ber\u00fccksichtigen Sie auch Ihren Typ und Ihre Figur. Farben k\u00f6nnen Selbstvertrauen verleihen, daher ist es manchmal besser, auf energiegeladene Farben zu setzen. \u00dcberlegen Sie, ob Ihr Modell mit der Umgebung harmonieren oder sich deutlich abheben soll. Das reichhaltige Angebot unseres Shops erm\u00f6glicht es Ihnen, die Farben an Ihre aktuelle Stimmung und Ihre individuellen Bed\u00fcrfnisse anzupassen.<\/p>\n<\/div>\n<\/div>\n<\/div>\n<div class=\"tab\">\n<p><input id=\"chck5\" type=\"checkbox\" \/><\/p>\n<h3><label class=\"tab-label\" for=\"chck5\">Wei\u00df, Braun oder Buttergelb? Die Hits der Saison<\/label><\/h3>\n<div class=\"tab-content\">\n<div>\n<p>In der aktuellen Saison spielen Farben eine entscheidende Rolle. Das Sortiment des Gesch\u00e4fts KORNELIA RATAJ ist reich an Outfits, die selbst die anspruchsvollsten Damen zufriedenstellen werden. Buttergelb ist die angesagteste Farbe des Sommers 2025 \u2013 dieser zarte, warme Farbton dominiert die Urlaubslooks und aktuellen Modetrends. Ein wei\u00dfes Kost\u00fcm hingegen unterstreicht die Sommerbr\u00e4une auf wundersch\u00f6ne Weise und sorgt f\u00fcr einen frischen, leichten Look. Ein braunes Outfit ist eine gro\u00dfartige Wahl f\u00fcr Frauen, die ruhige Eleganz und zeitlosen Stil sch\u00e4tzen. Ebenso wie schwarze Modelle werden sie immer in Mode bleiben.<\/p>\n<\/div>\n<\/div>\n<\/div>\n<div class=\"tab\">\n<p><input id=\"chck6\" type=\"checkbox\" \/><\/p>\n<h3><label class=\"tab-label\" for=\"chck6\">Farben, die die Br\u00e4une betonen<\/label><\/h3>\n<div class=\"tab-content\">\n<div>\n<p>Die Wahl der richtigen Farben f\u00fcr Ihren Badeanzug ist der Schl\u00fcssel, um Ihre sch\u00f6ne Br\u00e4une am Strand zu betonen. Sie sollten Farben w\u00e4hlen, die einen Kontrast zu Ihrem goldenen Teint bilden. Ein klassischer wei\u00dfer Badeanzug betont Ihre Br\u00e4une wunderbar und sorgt f\u00fcr einen frischen Look, der perfekt zum Sonnenschein passt. Andere Farben wie T\u00fcrkis, Koralle oder Neonrosa sind ebenfalls eine gute Wahl. Es lohnt sich auch, \u00fcber einen Badeanzug in warmen Gelb- und Oranget\u00f6nen nachzudenken, die perfekt zur sommerlichen Atmosph\u00e4re am Strand oder am Pool passen.<\/p>\n<\/div>\n<\/div>\n<\/div>\n<div class=\"tab\">\n<p><input id=\"chck7\" type=\"checkbox\" \/><\/p>\n<h3><label class=\"tab-label\" for=\"chck7\">Welche Farben dominieren diesen Sommer an den Str\u00e4nden?<\/label><\/h3>\n<div class=\"tab-content\">\n<div>\n<p>In diesem Sommer dominieren an den Str\u00e4nden Farben, die jedem Outfit Energie verleihen. Die Saison 2025 ist reich an modischen und gewagten Farben, die die Aufmerksamkeit auf sich ziehen. Beliebt sind gelbe Farben, insbesondere helle Buttergelbt\u00f6ne, sowie braune, schwarze und wei\u00dfe Badeanz\u00fcge. Ein roter Badeanzug ist eine ausgezeichnete Wahl f\u00fcr Frauen, die sich am Strand von der Masse abheben m\u00f6chten \u2013 gewagt, sinnlich und inspiriert vom kultigen Stil von Pamela Anderson passt er perfekt zu den Sommertrends 2025. Bunte Bikinis in diesen Farbt\u00f6nen sind der Hit der Saison, unterstreichen die Individualit\u00e4t und verleihen Selbstvertrauen. Der Strand wird zu einem Ort, an dem wir mit leuchtenden Farben experimentieren und die angenehmen Sonnenstrahlen genie\u00dfen k\u00f6nnen.<\/p>\n<\/div>\n<\/div>\n<\/div>\n<\/div>\n<\/div>","protected":false},"excerpt":{"rendered":"<p>Stroje k\u0105pielowe \u2013 wybierz kolor dla siebie Wyb\u00f3r odpowiedniego koloru stroju ma kluczowe znaczenie. To w\u0142a\u015bnie on jako pierwszy przyci\u0105ga wzrok, zanim jeszcze zwr\u00f3cimy uwag\u0119 na fason, kr\u00f3j czy detal. W sklepie KORNELIA RATAJ znajdziesz szerok\u0105 ofert\u0119 kostium\u00f3w k\u0105pielowych w r\u00f3\u017cnorodnych barwach, kt\u00f3re pozwol\u0105 Ci wyrazi\u0107 sw\u00f3j unikalny styl. Klasyczna czer\u0144, energetyczna czerwie\u0144, \u015bwie\u017ca ziele\u0144 [&hellip;]<\/p>\n","protected":false},"author":7,"featured_media":0,"parent":0,"menu_order":0,"comment_status":"closed","ping_status":"closed","template":"","meta":{"footnotes":""},"class_list":["post-336484","page","type-page","status-publish","hentry"],"yoast_head":"<!-- This site is optimized with the Yoast SEO plugin v27.3 - https:\/\/yoast.com\/product\/yoast-seo-wordpress\/ -->\n<title>Stroje k\u0105pielowe kolory - Stroje K\u0105pielowe i Odzie\u017c Lniana Sklep Kornelia Rataj<\/title>\n<meta name=\"description\" content=\"Znajd\u017a idealny str\u00f3j k\u0105pielowy! Wybierz spo\u015br\u00f3d szerokiej gamy kolor\u00f3w i fason\u00f3w, kt\u00f3re podkre\u015bl\u0105 Tw\u00f3j styl i komfort na pla\u017cy oraz basenie. Zapraszamy!\" \/>\n<meta name=\"robots\" content=\"index, follow, max-snippet:-1, max-image-preview:large, max-video-preview:-1\" \/>\n<link rel=\"canonical\" href=\"https:\/\/korneliarataj.com\/de\/stroje-kapielowe-kolory\/\" \/>\n<meta property=\"og:locale\" content=\"de_DE\" \/>\n<meta property=\"og:type\" content=\"article\" \/>\n<meta property=\"og:title\" content=\"Stroje k\u0105pielowe kolory - Stroje K\u0105pielowe i Odzie\u017c Lniana Sklep Kornelia Rataj\" \/>\n<meta property=\"og:description\" content=\"Znajd\u017a idealny str\u00f3j k\u0105pielowy! Wybierz spo\u015br\u00f3d szerokiej gamy kolor\u00f3w i fason\u00f3w, kt\u00f3re podkre\u015bl\u0105 Tw\u00f3j styl i komfort na pla\u017cy oraz basenie. Zapraszamy!\" \/>\n<meta property=\"og:url\" content=\"https:\/\/korneliarataj.com\/de\/stroje-kapielowe-kolory\/\" \/>\n<meta property=\"og:site_name\" content=\"KORNELIARATAJ\" \/>\n<meta property=\"article:publisher\" content=\"http:\/\/www.facebook.com\/korneliaratajshop\" \/>\n<meta property=\"article:modified_time\" content=\"2026-02-15T00:31:38+00:00\" \/>\n<meta name=\"twitter:card\" content=\"summary_large_image\" \/>\n<meta name=\"twitter:label1\" content=\"Gesch\u00e4tzte Lesezeit\" \/>\n\t<meta name=\"twitter:data1\" content=\"4\u00a0Minuten\" \/>\n<script type=\"application\/ld+json\" class=\"yoast-schema-graph\">{\"@context\":\"https:\\\/\\\/schema.org\",\"@graph\":[{\"@type\":\"WebPage\",\"@id\":\"https:\\\/\\\/korneliarataj.com\\\/stroje-kapielowe-kolory\\\/\",\"url\":\"https:\\\/\\\/korneliarataj.com\\\/stroje-kapielowe-kolory\\\/\",\"name\":\"Stroje k\u0105pielowe kolory - Stroje K\u0105pielowe i Odzie\u017c Lniana Sklep Kornelia Rataj\",\"isPartOf\":{\"@id\":\"https:\\\/\\\/korneliarataj.com\\\/#website\"},\"datePublished\":\"2025-07-15T05:20:58+00:00\",\"dateModified\":\"2026-02-15T00:31:38+00:00\",\"description\":\"Znajd\u017a idealny str\u00f3j k\u0105pielowy! Wybierz spo\u015br\u00f3d szerokiej gamy kolor\u00f3w i fason\u00f3w, kt\u00f3re podkre\u015bl\u0105 Tw\u00f3j styl i komfort na pla\u017cy oraz basenie. Zapraszamy!\",\"breadcrumb\":{\"@id\":\"https:\\\/\\\/korneliarataj.com\\\/stroje-kapielowe-kolory\\\/#breadcrumb\"},\"inLanguage\":\"de\",\"potentialAction\":[{\"@type\":\"ReadAction\",\"target\":[\"https:\\\/\\\/korneliarataj.com\\\/stroje-kapielowe-kolory\\\/\"]}]},{\"@type\":\"BreadcrumbList\",\"@id\":\"https:\\\/\\\/korneliarataj.com\\\/stroje-kapielowe-kolory\\\/#breadcrumb\",\"itemListElement\":[{\"@type\":\"ListItem\",\"position\":1,\"name\":\"HOME\",\"item\":\"https:\\\/\\\/korneliarataj.com\\\/\"},{\"@type\":\"ListItem\",\"position\":2,\"name\":\"Stroje k\u0105pielowe kolory\"}]},{\"@type\":\"WebSite\",\"@id\":\"https:\\\/\\\/korneliarataj.com\\\/#website\",\"url\":\"https:\\\/\\\/korneliarataj.com\\\/\",\"name\":\"Stroje K\u0105pielowe i Odzie\u017c Lniana Sklep Kornelia Rataj\",\"description\":\"swimwear stroje k\u0105pielowe ubrania len lniane\",\"publisher\":{\"@id\":\"https:\\\/\\\/korneliarataj.com\\\/#organization\"},\"potentialAction\":[{\"@type\":\"SearchAction\",\"target\":{\"@type\":\"EntryPoint\",\"urlTemplate\":\"https:\\\/\\\/korneliarataj.com\\\/?s={search_term_string}\"},\"query-input\":{\"@type\":\"PropertyValueSpecification\",\"valueRequired\":true,\"valueName\":\"search_term_string\"}}],\"inLanguage\":\"de\"},{\"@type\":\"Organization\",\"@id\":\"https:\\\/\\\/korneliarataj.com\\\/#organization\",\"name\":\"KORNELIARATAJ\",\"url\":\"https:\\\/\\\/korneliarataj.com\\\/\",\"logo\":{\"@type\":\"ImageObject\",\"inLanguage\":\"de\",\"@id\":\"https:\\\/\\\/korneliarataj.com\\\/#\\\/schema\\\/logo\\\/image\\\/\",\"url\":\"https:\\\/\\\/korneliarataj.com\\\/wp-content\\\/uploads\\\/2020\\\/07\\\/LOGO-KR.svg\",\"contentUrl\":\"https:\\\/\\\/korneliarataj.com\\\/wp-content\\\/uploads\\\/2020\\\/07\\\/LOGO-KR.svg\",\"width\":1024,\"height\":1024,\"caption\":\"KORNELIARATAJ\"},\"image\":{\"@id\":\"https:\\\/\\\/korneliarataj.com\\\/#\\\/schema\\\/logo\\\/image\\\/\"},\"sameAs\":[\"http:\\\/\\\/www.facebook.com\\\/korneliaratajshop\",\"http:\\\/\\\/www.instagram.com\\\/korneliarataj\"]}]}<\/script>\n<!-- \/ Yoast SEO plugin. -->","yoast_head_json":{"title":"Bademode Farben \u2013 Bademode und Leinenbekleidung Shop Kornelia Rataj","description":"Finden Sie den perfekten Badeanzug! W\u00e4hlen Sie aus einer gro\u00dfen Auswahl an Farben und Schnitten, die Ihren Stil und Komfort am Strand und im Schwimmbad unterstreichen. Herzlich willkommen!","robots":{"index":"index","follow":"follow","max-snippet":"max-snippet:-1","max-image-preview":"max-image-preview:large","max-video-preview":"max-video-preview:-1"},"canonical":"https:\/\/korneliarataj.com\/de\/stroje-kapielowe-kolory\/","og_locale":"de_DE","og_type":"article","og_title":"Stroje k\u0105pielowe kolory - Stroje K\u0105pielowe i Odzie\u017c Lniana Sklep Kornelia Rataj","og_description":"Znajd\u017a idealny str\u00f3j k\u0105pielowy! Wybierz spo\u015br\u00f3d szerokiej gamy kolor\u00f3w i fason\u00f3w, kt\u00f3re podkre\u015bl\u0105 Tw\u00f3j styl i komfort na pla\u017cy oraz basenie. Zapraszamy!","og_url":"https:\/\/korneliarataj.com\/de\/stroje-kapielowe-kolory\/","og_site_name":"KORNELIARATAJ","article_publisher":"http:\/\/www.facebook.com\/korneliaratajshop","article_modified_time":"2026-02-15T00:31:38+00:00","twitter_card":"summary_large_image","twitter_misc":{"Gesch\u00e4tzte Lesezeit":"4\u00a0Minuten"},"schema":{"@context":"https:\/\/schema.org","@graph":[{"@type":"WebPage","@id":"https:\/\/korneliarataj.com\/stroje-kapielowe-kolory\/","url":"https:\/\/korneliarataj.com\/stroje-kapielowe-kolory\/","name":"Bademode Farben \u2013 Bademode und Leinenbekleidung Shop Kornelia Rataj","isPartOf":{"@id":"https:\/\/korneliarataj.com\/#website"},"datePublished":"2025-07-15T05:20:58+00:00","dateModified":"2026-02-15T00:31:38+00:00","description":"Finden Sie den perfekten Badeanzug! W\u00e4hlen Sie aus einer gro\u00dfen Auswahl an Farben und Schnitten, die Ihren Stil und Komfort am Strand und im Schwimmbad unterstreichen. Herzlich willkommen!","breadcrumb":{"@id":"https:\/\/korneliarataj.com\/stroje-kapielowe-kolory\/#breadcrumb"},"inLanguage":"de","potentialAction":[{"@type":"ReadAction","target":["https:\/\/korneliarataj.com\/stroje-kapielowe-kolory\/"]}]},{"@type":"BreadcrumbList","@id":"https:\/\/korneliarataj.com\/stroje-kapielowe-kolory\/#breadcrumb","itemListElement":[{"@type":"ListItem","position":1,"name":"HOME","item":"https:\/\/korneliarataj.com\/"},{"@type":"ListItem","position":2,"name":"Stroje k\u0105pielowe kolory"}]},{"@type":"WebSite","@id":"https:\/\/korneliarataj.com\/#website","url":"https:\/\/korneliarataj.com\/","name":"Bademode und Leinenbekleidung Shop Kornelia Rataj","description":"badebekleidung badebekleidung leinen leinenbekleidung","publisher":{"@id":"https:\/\/korneliarataj.com\/#organization"},"potentialAction":[{"@type":"SearchAction","target":{"@type":"EntryPoint","urlTemplate":"https:\/\/korneliarataj.com\/?s={search_term_string}"},"query-input":{"@type":"PropertyValueSpecification","valueRequired":true,"valueName":"search_term_string"}}],"inLanguage":"de"},{"@type":"Organization","@id":"https:\/\/korneliarataj.com\/#organization","name":"KORNELIARATAJ","url":"https:\/\/korneliarataj.com\/","logo":{"@type":"ImageObject","inLanguage":"de","@id":"https:\/\/korneliarataj.com\/#\/schema\/logo\/image\/","url":"https:\/\/korneliarataj.com\/wp-content\/uploads\/2020\/07\/LOGO-KR.svg","contentUrl":"https:\/\/korneliarataj.com\/wp-content\/uploads\/2020\/07\/LOGO-KR.svg","width":1024,"height":1024,"caption":"KORNELIARATAJ"},"image":{"@id":"https:\/\/korneliarataj.com\/#\/schema\/logo\/image\/"},"sameAs":["http:\/\/www.facebook.com\/korneliaratajshop","http:\/\/www.instagram.com\/korneliarataj"]}]}},"_links":{"self":[{"href":"https:\/\/korneliarataj.com\/de\/wp-json\/wp\/v2\/pages\/336484","targetHints":{"allow":["GET"]}}],"collection":[{"href":"https:\/\/korneliarataj.com\/de\/wp-json\/wp\/v2\/pages"}],"about":[{"href":"https:\/\/korneliarataj.com\/de\/wp-json\/wp\/v2\/types\/page"}],"author":[{"embeddable":true,"href":"https:\/\/korneliarataj.com\/de\/wp-json\/wp\/v2\/users\/7"}],"replies":[{"embeddable":true,"href":"https:\/\/korneliarataj.com\/de\/wp-json\/wp\/v2\/comments?post=336484"}],"version-history":[{"count":0,"href":"https:\/\/korneliarataj.com\/de\/wp-json\/wp\/v2\/pages\/336484\/revisions"}],"wp:attachment":[{"href":"https:\/\/korneliarataj.com\/de\/wp-json\/wp\/v2\/media?parent=336484"}],"curies":[{"name":"wp","href":"https:\/\/api.w.org\/{rel}","templated":true}]}}