{"id":316327,"date":"2025-04-07T11:16:33","date_gmt":"2025-04-07T09:16:33","guid":{"rendered":"https:\/\/korneliarataj.com\/?page_id=316327"},"modified":"2026-02-15T00:49:23","modified_gmt":"2026-02-14T23:49:23","slug":"gora-bikini-sportowe","status":"publish","type":"page","link":"https:\/\/korneliarataj.com\/de\/gora-bikini-sportowe\/","title":{"rendered":"Sportliches Bikinioberteil"},"content":{"rendered":"<p>Entdecken Sie eine erstaunliche Auswahl an Sport-Bikinioberteilen der polnischen Marke Kornelia Rataj. Diese Produkte werden in Polen, in einer Familienwerkstatt in Czernica, mit viel Liebe zum Detail hergestellt. Hochwertige Verarbeitung und Komfort sind garantiert. Entscheiden Sie sich f\u00fcr Stil und Komfort und w\u00e4hlen Sie aus den zahlreichen Modellen und Farben, die in unserem Shop erh\u00e4ltlich sind. Profitieren Sie von unserem breiten Angebot und finden Sie Ihren perfekten Badeanzug!<\/p>\n<div class=\"toc-wrapper\">\n<div class=\"toc-header\">\n    <span>Inhalts\u00fcbersicht<\/span><br \/>\n    <span class=\"arrow\">\u25b6<\/span>\n  <\/div>\n<ul class=\"toc-content\">\n<li><a href=\"#1\">Wie w\u00e4hlt man ein Bikinioberteil aus, das zur eigenen Figur passt?<\/a><\/li>\n<li><a href=\"#2\">Sportliches Bikini-Oberteil und -Unterteil - das perfekte Set<\/a><\/li>\n<li><a href=\"#3\">Modische Sport-Bikinioberteile - w\u00e4hlen Sie Ihren Typ<\/a><\/li>\n<\/ul>\n<\/div>\n<h2><strong>Wie w\u00e4hlt man ein Bikinioberteil aus, das zur eigenen Figur passt?<\/strong><\/h2>\n<p>Die Wahl des richtigen Bikinioberteils ist entscheidend f\u00fcr Komfort und Selbstvertrauen am Strand. F\u00fcr Frauen mit gr\u00f6\u00dferer Oberweite ist es wichtig, die Unterst\u00fctzung und Stabilit\u00e4t zu haben, die Sport-Badeanzugoberteile mit einem breiten Unterbrustband oder eingebauten B\u00fcgeln bieten. F\u00fcr Damen mit kleinerer Oberweite hingegen k\u00f6nnen Modelle mit extra Polsterung helfen, die Form sanft zu betonen. Im Shop von Kornelia Rataj finden Sie Damen-Bademode, die der Vielfalt der Silhouetten Rechnung tr\u00e4gt, so dass jede Frau das perfekte Sport-Badeanzug-Oberteil f\u00fcr ihre Bed\u00fcrfnisse ausw\u00e4hlen kann.<\/p>\n<p>Ein Sportbikini bietet nicht nur Komfort w\u00e4hrend der Aktivit\u00e4t, sondern erm\u00f6glicht es Ihnen auch, Ihren individuellen Stil zum Ausdruck zu bringen. Das Angebot des Kornelia Rataj Shops umfasst eine Vielzahl von Farben, die es Ihnen erm\u00f6glichen, einzigartige Styles zu kreieren. Ob Sie nun surfen gehen oder sich in der Sonne entspannen wollen, ein gut gew\u00e4hltes Bikinioberteil betont Ihre Figur und sorgt f\u00fcr Bewegungsfreiheit. So kann sich jede Frau selbstbewusst und stilvoll f\u00fchlen.<\/p>\n<h2><strong>Sportliches Bikini-Oberteil und -Unterteil - das perfekte Set<\/strong><\/h2>\n<p>Im Shop von Kornelia Rataj finden Sie eine Vielzahl von Modellen, die Sie nach Belieben kombinieren k\u00f6nnen, so dass jede Frau etwas f\u00fcr sich finden kann. Die Bademode f\u00fcr Damen in unserem Sortiment ist in vielen Farben erh\u00e4ltlich, so dass Sie einzigartige Kombinationen schaffen k\u00f6nnen. Das sportliche Bikini-Oberteil l\u00e4sst sich perfekt mit einer Vielzahl von Unterteilen kombinieren, um stilvolle Sets zu kreieren, die perfekt f\u00fcr den Strand oder den Pool sind.<\/p>\n<p>Haben Sie keine Angst vor Experimenten, wenn Sie Ihre Ausr\u00fcstung ausw\u00e4hlen - einzigartige Kombinationen sind der Schl\u00fcssel, um sich auszudr\u00fccken. Mit dem Angebot unseres Shops k\u00f6nnen Sie einen einzigartigen Badeanzug erwerben. Ein Bikini-Oberteil und ein passendes Unterteil ergeben nicht nur ein funktionelles, sondern auch ein modisches Set. Durch die Auswahl aus zahlreichen Modellen hat jede Frau die M\u00f6glichkeit, den perfekten Badeanzug zu finden, um ihre Vorz\u00fcge zu betonen und sich in jeder Situation sicher zu f\u00fchlen. Entdecken Sie unser Angebot und stellen Sie sich Ihr Traumset f\u00fcr den Sommer zusammen!<\/p>\n<h2><strong>Modische Sport-Bikinioberteile - w\u00e4hlen Sie Ihren Typ<\/strong><\/h2>\n<p>Trendige Sport-Bikinioberteile sind in dieser Saison ein Must-Have. Die trendigen Sportbikinis vereinen Komfort mit modernem Design. Die vorherrschenden Farben sind auff\u00e4llig und ein Blickfang am Strand und am Pool. T\u00fcrkis- und Korallent\u00f6ne sowie klassisches Schwarz und Wei\u00df sind in dieser Saison besonders beliebt.&nbsp;<\/p>\n<p>Polen <a href=\"https:\/\/korneliarataj.com\/de\/\">Marke KORNELIA RATAJ<\/a> zeichnet sich durch seine hochwertigen Produkte aus und bietet eine breite Palette von Sportbikinis an. Unsere Badeanz\u00fcge sind eine Garantie f\u00fcr Komfort, der sowohl im Schwimmbad als auch bei Strandaktivit\u00e4ten funktioniert. Sie werden unter Ber\u00fccksichtigung der neuesten Trends entworfen, so dass jedes Sportbikinioberteil modisch und funktionell ist. Au\u00dferdem setzen wir auf hochwertige Materialien, die resistent gegen Chlor und Sonneneinstrahlung sind. So k\u00f6nnen Sie sicher sein, dass das Modell, f\u00fcr das Sie sich entscheiden, Ihnen viele Saisons lang erhalten bleibt. Die aktuellen Aktionen und Ausverk\u00e4ufe sind die perfekte Gelegenheit, um einzigartige Modelle zu attraktiven Preisen zu erwerben und dabei von h\u00f6chster Qualit\u00e4t und modischem Stil zu profitieren.<\/p>","protected":false},"excerpt":{"rendered":"<p>Odkryj niesamowit\u0105 ofert\u0119 sportowych g\u00f3r bikini od polskiej marki Kornelia Rataj. Produkty te powstaj\u0105 w Polsce, w rodzinnej pracowni w Czernicy, z dba\u0142o\u015bci\u0105 o ka\u017cdy detal. Zapewniamy wysok\u0105 jako\u015b\u0107 wykonania oraz komfort. Postaw na styl i wygod\u0119, wybieraj\u0105c spo\u015br\u00f3d licznych modeli i kolor\u00f3w dost\u0119pnych w naszym sklepie. Skorzystaj z naszej szerokiej oferty i znajd\u017a idealny [&hellip;]<\/p>\n","protected":false},"author":7,"featured_media":0,"parent":0,"menu_order":0,"comment_status":"closed","ping_status":"closed","template":"","meta":{"footnotes":""},"class_list":["post-316327","page","type-page","status-publish","hentry"],"yoast_head":"<!-- This site is optimized with the Yoast SEO plugin v27.3 - https:\/\/yoast.com\/product\/yoast-seo-wordpress\/ -->\n<title>G\u00f3ra bikini sportowe - Stroje K\u0105pielowe i Odzie\u017c Lniana Sklep Kornelia Rataj<\/title>\n<meta name=\"description\" content=\"G\u00f3ra bikini sportowe w sklepie Kornelia Rataj \u0142\u0105czy styl i wygod\u0119. Idealne do aktywnego wypoczynku! Sprawd\u017a nasz\u0105 ofert\u0119 stroj\u00f3w k\u0105pielowych.\" \/>\n<meta name=\"robots\" content=\"index, follow, max-snippet:-1, max-image-preview:large, max-video-preview:-1\" \/>\n<link rel=\"canonical\" href=\"https:\/\/korneliarataj.com\/de\/gora-bikini-sportowe\/\" \/>\n<meta property=\"og:locale\" content=\"de_DE\" \/>\n<meta property=\"og:type\" content=\"article\" \/>\n<meta property=\"og:title\" content=\"G\u00f3ra bikini sportowe - Stroje K\u0105pielowe i Odzie\u017c Lniana Sklep Kornelia Rataj\" \/>\n<meta property=\"og:description\" content=\"G\u00f3ra bikini sportowe w sklepie Kornelia Rataj \u0142\u0105czy styl i wygod\u0119. Idealne do aktywnego wypoczynku! Sprawd\u017a nasz\u0105 ofert\u0119 stroj\u00f3w k\u0105pielowych.\" \/>\n<meta property=\"og:url\" content=\"https:\/\/korneliarataj.com\/de\/gora-bikini-sportowe\/\" \/>\n<meta property=\"og:site_name\" content=\"KORNELIARATAJ\" \/>\n<meta property=\"article:publisher\" content=\"http:\/\/www.facebook.com\/korneliaratajshop\" \/>\n<meta property=\"article:modified_time\" content=\"2026-02-14T23:49:23+00:00\" \/>\n<meta name=\"twitter:card\" content=\"summary_large_image\" \/>\n<meta name=\"twitter:label1\" content=\"Gesch\u00e4tzte Lesezeit\" \/>\n\t<meta name=\"twitter:data1\" content=\"4\u00a0Minuten\" \/>\n<script type=\"application\/ld+json\" class=\"yoast-schema-graph\">{\"@context\":\"https:\\\/\\\/schema.org\",\"@graph\":[{\"@type\":\"WebPage\",\"@id\":\"https:\\\/\\\/korneliarataj.com\\\/gora-bikini-sportowe\\\/\",\"url\":\"https:\\\/\\\/korneliarataj.com\\\/gora-bikini-sportowe\\\/\",\"name\":\"G\u00f3ra bikini sportowe - Stroje K\u0105pielowe i Odzie\u017c Lniana Sklep Kornelia Rataj\",\"isPartOf\":{\"@id\":\"https:\\\/\\\/korneliarataj.com\\\/#website\"},\"datePublished\":\"2025-04-07T09:16:33+00:00\",\"dateModified\":\"2026-02-14T23:49:23+00:00\",\"description\":\"G\u00f3ra bikini sportowe w sklepie Kornelia Rataj \u0142\u0105czy styl i wygod\u0119. Idealne do aktywnego wypoczynku! Sprawd\u017a nasz\u0105 ofert\u0119 stroj\u00f3w k\u0105pielowych.\",\"breadcrumb\":{\"@id\":\"https:\\\/\\\/korneliarataj.com\\\/gora-bikini-sportowe\\\/#breadcrumb\"},\"inLanguage\":\"de\",\"potentialAction\":[{\"@type\":\"ReadAction\",\"target\":[\"https:\\\/\\\/korneliarataj.com\\\/gora-bikini-sportowe\\\/\"]}]},{\"@type\":\"BreadcrumbList\",\"@id\":\"https:\\\/\\\/korneliarataj.com\\\/gora-bikini-sportowe\\\/#breadcrumb\",\"itemListElement\":[{\"@type\":\"ListItem\",\"position\":1,\"name\":\"HOME\",\"item\":\"https:\\\/\\\/korneliarataj.com\\\/\"},{\"@type\":\"ListItem\",\"position\":2,\"name\":\"G\u00f3ra bikini sportowe\"}]},{\"@type\":\"WebSite\",\"@id\":\"https:\\\/\\\/korneliarataj.com\\\/#website\",\"url\":\"https:\\\/\\\/korneliarataj.com\\\/\",\"name\":\"Stroje K\u0105pielowe i Odzie\u017c Lniana Sklep Kornelia Rataj\",\"description\":\"swimwear stroje k\u0105pielowe ubrania len lniane\",\"publisher\":{\"@id\":\"https:\\\/\\\/korneliarataj.com\\\/#organization\"},\"potentialAction\":[{\"@type\":\"SearchAction\",\"target\":{\"@type\":\"EntryPoint\",\"urlTemplate\":\"https:\\\/\\\/korneliarataj.com\\\/?s={search_term_string}\"},\"query-input\":{\"@type\":\"PropertyValueSpecification\",\"valueRequired\":true,\"valueName\":\"search_term_string\"}}],\"inLanguage\":\"de\"},{\"@type\":\"Organization\",\"@id\":\"https:\\\/\\\/korneliarataj.com\\\/#organization\",\"name\":\"KORNELIARATAJ\",\"url\":\"https:\\\/\\\/korneliarataj.com\\\/\",\"logo\":{\"@type\":\"ImageObject\",\"inLanguage\":\"de\",\"@id\":\"https:\\\/\\\/korneliarataj.com\\\/#\\\/schema\\\/logo\\\/image\\\/\",\"url\":\"https:\\\/\\\/korneliarataj.com\\\/wp-content\\\/uploads\\\/2020\\\/07\\\/LOGO-KR.svg\",\"contentUrl\":\"https:\\\/\\\/korneliarataj.com\\\/wp-content\\\/uploads\\\/2020\\\/07\\\/LOGO-KR.svg\",\"width\":1024,\"height\":1024,\"caption\":\"KORNELIARATAJ\"},\"image\":{\"@id\":\"https:\\\/\\\/korneliarataj.com\\\/#\\\/schema\\\/logo\\\/image\\\/\"},\"sameAs\":[\"http:\\\/\\\/www.facebook.com\\\/korneliaratajshop\",\"http:\\\/\\\/www.instagram.com\\\/korneliarataj\"]}]}<\/script>\n<!-- \/ Yoast SEO plugin. -->","yoast_head_json":{"title":"Sportliches Bikinioberteil - Bademode und W\u00e4sche Shop Kornelia Rataj","description":"Das sportliche Bikinioberteil aus dem Shop von Kornelia Rataj vereint Stil und Komfort. Ideal f\u00fcr die aktive Freizeit! Schauen Sie sich unser Bademodensortiment an.","robots":{"index":"index","follow":"follow","max-snippet":"max-snippet:-1","max-image-preview":"max-image-preview:large","max-video-preview":"max-video-preview:-1"},"canonical":"https:\/\/korneliarataj.com\/de\/gora-bikini-sportowe\/","og_locale":"de_DE","og_type":"article","og_title":"G\u00f3ra bikini sportowe - Stroje K\u0105pielowe i Odzie\u017c Lniana Sklep Kornelia Rataj","og_description":"G\u00f3ra bikini sportowe w sklepie Kornelia Rataj \u0142\u0105czy styl i wygod\u0119. Idealne do aktywnego wypoczynku! Sprawd\u017a nasz\u0105 ofert\u0119 stroj\u00f3w k\u0105pielowych.","og_url":"https:\/\/korneliarataj.com\/de\/gora-bikini-sportowe\/","og_site_name":"KORNELIARATAJ","article_publisher":"http:\/\/www.facebook.com\/korneliaratajshop","article_modified_time":"2026-02-14T23:49:23+00:00","twitter_card":"summary_large_image","twitter_misc":{"Gesch\u00e4tzte Lesezeit":"4\u00a0Minuten"},"schema":{"@context":"https:\/\/schema.org","@graph":[{"@type":"WebPage","@id":"https:\/\/korneliarataj.com\/gora-bikini-sportowe\/","url":"https:\/\/korneliarataj.com\/gora-bikini-sportowe\/","name":"Sportliches Bikinioberteil - Bademode und W\u00e4sche Shop Kornelia Rataj","isPartOf":{"@id":"https:\/\/korneliarataj.com\/#website"},"datePublished":"2025-04-07T09:16:33+00:00","dateModified":"2026-02-14T23:49:23+00:00","description":"Das sportliche Bikinioberteil aus dem Shop von Kornelia Rataj vereint Stil und Komfort. Ideal f\u00fcr die aktive Freizeit! Schauen Sie sich unser Bademodensortiment an.","breadcrumb":{"@id":"https:\/\/korneliarataj.com\/gora-bikini-sportowe\/#breadcrumb"},"inLanguage":"de","potentialAction":[{"@type":"ReadAction","target":["https:\/\/korneliarataj.com\/gora-bikini-sportowe\/"]}]},{"@type":"BreadcrumbList","@id":"https:\/\/korneliarataj.com\/gora-bikini-sportowe\/#breadcrumb","itemListElement":[{"@type":"ListItem","position":1,"name":"HOME","item":"https:\/\/korneliarataj.com\/"},{"@type":"ListItem","position":2,"name":"G\u00f3ra bikini sportowe"}]},{"@type":"WebSite","@id":"https:\/\/korneliarataj.com\/#website","url":"https:\/\/korneliarataj.com\/","name":"Bademode und Leinenbekleidung Shop Kornelia Rataj","description":"badebekleidung badebekleidung leinen leinenbekleidung","publisher":{"@id":"https:\/\/korneliarataj.com\/#organization"},"potentialAction":[{"@type":"SearchAction","target":{"@type":"EntryPoint","urlTemplate":"https:\/\/korneliarataj.com\/?s={search_term_string}"},"query-input":{"@type":"PropertyValueSpecification","valueRequired":true,"valueName":"search_term_string"}}],"inLanguage":"de"},{"@type":"Organization","@id":"https:\/\/korneliarataj.com\/#organization","name":"KORNELIARATAJ","url":"https:\/\/korneliarataj.com\/","logo":{"@type":"ImageObject","inLanguage":"de","@id":"https:\/\/korneliarataj.com\/#\/schema\/logo\/image\/","url":"https:\/\/korneliarataj.com\/wp-content\/uploads\/2020\/07\/LOGO-KR.svg","contentUrl":"https:\/\/korneliarataj.com\/wp-content\/uploads\/2020\/07\/LOGO-KR.svg","width":1024,"height":1024,"caption":"KORNELIARATAJ"},"image":{"@id":"https:\/\/korneliarataj.com\/#\/schema\/logo\/image\/"},"sameAs":["http:\/\/www.facebook.com\/korneliaratajshop","http:\/\/www.instagram.com\/korneliarataj"]}]}},"_links":{"self":[{"href":"https:\/\/korneliarataj.com\/de\/wp-json\/wp\/v2\/pages\/316327","targetHints":{"allow":["GET"]}}],"collection":[{"href":"https:\/\/korneliarataj.com\/de\/wp-json\/wp\/v2\/pages"}],"about":[{"href":"https:\/\/korneliarataj.com\/de\/wp-json\/wp\/v2\/types\/page"}],"author":[{"embeddable":true,"href":"https:\/\/korneliarataj.com\/de\/wp-json\/wp\/v2\/users\/7"}],"replies":[{"embeddable":true,"href":"https:\/\/korneliarataj.com\/de\/wp-json\/wp\/v2\/comments?post=316327"}],"version-history":[{"count":0,"href":"https:\/\/korneliarataj.com\/de\/wp-json\/wp\/v2\/pages\/316327\/revisions"}],"wp:attachment":[{"href":"https:\/\/korneliarataj.com\/de\/wp-json\/wp\/v2\/media?parent=316327"}],"curies":[{"name":"wp","href":"https:\/\/api.w.org\/{rel}","templated":true}]}}