{"id":315047,"date":"2025-03-20T16:37:19","date_gmt":"2025-03-20T15:37:19","guid":{"rendered":"https:\/\/korneliarataj.com\/?page_id=315047"},"modified":"2026-03-23T01:31:15","modified_gmt":"2026-03-23T00:31:15","slug":"spodnie-lniane","status":"publish","type":"page","link":"https:\/\/korneliarataj.com\/de\/spodnie-lniane\/","title":{"rendered":"Leinenhose"},"content":{"rendered":"<p>Die Leinenhosen der polnischen Marke KORNELIA RATAJ verbinden Tradition mit einem modernen Modekonzept. Sie werden in unserem Familienatelier in Czernica in Niederschlesien hergestellt, wo wir gro\u00dfen Wert auf die Qualit\u00e4t der Verarbeitung und die Details legen. Jeder Produktionsschritt findet unter Bedingungen statt, die nicht nur eine hervorragende Qualit\u00e4t gew\u00e4hrleisten, sondern auch eine einzigartige Energie und Atmosph\u00e4re schaffen, in der wir unsere Kleidung herstellen. Wir sind stolz darauf, dass der Leinenstoff, aus dem wir unsere Kleidung n\u00e4hen, von einem lokalen polnischen Hersteller stammt, was unser Engagement f\u00fcr die Unterst\u00fctzung der heimischen Industrie zus\u00e4tzlich unterstreicht.\n<\/p>\n<div class=\"woocommerce columns-2\"><\/div>\n<h2>Leinenhose mit polnischem Etikett<\/h2>\n<p>\nWenn Sie sich f\u00fcr unsere Leinenhosen entscheiden, erhalten Sie ein Produkt, das Tragekomfort mit Eleganz verbindet. Nutzen Sie unser Angebot und entdecken Sie, wie <a href=\"https:\/\/korneliarataj.com\/de\/linen\/\">Leinenkleidung<\/a> kann Ihre t\u00e4gliche Garderobe ver\u00e4ndern. Leinenhosen sind mehr als nur ein Kleidungsst\u00fcck \u2013 sie sind eine bewusste und \u00f6kologische Wahl, die Ihre Vorliebe f\u00fcr nat\u00fcrliche Materialien unterstreicht. Wir laden Sie ein, sich mit unserem gesamten Angebot an Leinenbekleidung vertraut zu machen, damit Sie Freude daran haben, Kleidung zu tragen, die mit Liebe und Leidenschaft hergestellt wurde.\n<\/p>\n<h2>Leinenhosen f\u00fcr Damen \u2013 Komfort und Eleganz f\u00fcr jeden Tag<\/h2>\n<p>\nDie Leinenhosen f\u00fcr Damen aus dem Angebot von KORNELIA RATAJ sind die perfekte Wahl f\u00fcr den Sommer und den Urlaub. Dank der Luftdurchl\u00e4ssigkeit des nat\u00fcrlichen Leinens k\u00f6nnen Sie auch an den hei\u00dfesten Tagen Komfort genie\u00dfen. Diese Hose eignet sich perfekt f\u00fcr verschiedene Outfits, sowohl f\u00fcr den Alltag als auch f\u00fcr formellere Anl\u00e4sse. Dank ihrer Vielseitigkeit l\u00e4sst sie sich problemlos mit verschiedenen Kleidungsst\u00fccken kombinieren, was sie zu einem unverzichtbaren Bestandteil Ihrer Sommergarderobe macht.\n<\/p>\n<p>\nWenn Sie sich f\u00fcr unsere Leinenhosen entscheiden, profitieren Sie von folgenden Vorteilen:\n<\/p>\n<ul>\n<li>au\u00dfergew\u00f6hnlicher Tragekomfort dank atmungsaktiver Materialien,<\/li>\n<li>elegant, aber l\u00e4ssig,<\/li>\n<li>Vielseitigkeit der Stylingm\u00f6glichkeiten f\u00fcr verschiedene Anl\u00e4sse.<\/li>\n<\/ul>\n<p>\nEntdecken Sie, wie Leinenkleidung Frische in Ihre t\u00e4gliche Garderobe bringen kann. Unsere Hosen sind nicht nur stilvoll, sondern auch funktional, was Sie jeden Tag zu sch\u00e4tzen wissen werden. Nutzen Sie unser Angebot und \u00fcberzeugen Sie sich selbst, wie einzigartig Ihre Sommeroutfits sein k\u00f6nnen.\n<\/p>\n<h2>Wie man Leinenhosen tr\u00e4gt \u2013 Styling-Inspirationen<\/h2>\n<p>\nLeinenhosen f\u00fcr Damen sind ein wichtiges Element der Sommergarderobe, mit dem sich verschiedene Outfits zusammenstellen lassen. Im Alltag kannst du sie mit einem schlichten T-Shirt und Sandalen kombinieren, um einen l\u00e4ssigen Look zu erzielen. Mit einem Baumwollhut dazu schaffst du das perfekte Outfit f\u00fcr einen Strandspaziergang oder ein Treffen mit Freunden. Wenn Sie einen eleganten Touch hinzuf\u00fcgen m\u00f6chten, kombinieren Sie die Leinenhose mit einem Leinenhemd und eleganten Mokassins. Dieses Outfit eignet sich perfekt f\u00fcr die Arbeit oder ein Abendessen im Restaurant.\n<\/p>\n<p>\nF\u00fcr formellere Anl\u00e4sse k\u00f6nnen Leinenhosen als Grundlage f\u00fcr ein Outfit mit Blazer und Lederschuhen dienen. Es lohnt sich auch, mit Accessoires wie Schmuck oder Handtaschen zu experimentieren, um dem Outfit eine pers\u00f6nliche Note zu verleihen. Entdecken Sie, wie Ihnen die Leinenkleidung aus dem Angebot von KORNELIA RATAJ dabei helfen kann, modische und bequeme Outfits f\u00fcr jeden Anlass zusammenzustellen. Nutzen Sie unser Angebot und \u00fcberzeugen Sie sich selbst davon, wie vielseitig Leinenhosen sein k\u00f6nnen.\n<\/p>\n<div id=\"schemafaq\">\n<div class=\"tabs\" itemscope itemtype=\"https:\/\/schema.org\/FAQPage\">\n<div class=\"tab\" itemscope itemprop=\"mainEntity\" itemtype=\"https:\/\/schema.org\/Question\">\n                    <input type=\"checkbox\" id=\"chck1\"><\/p>\n<h3>\n                      <label class=\"tab-label\" for=\"chck1\" itemprop=\"name\">Sind Leinenhosen strapazierf\u00e4hig?<\/label><br \/>\n                    <\/h3>\n<div class=\"tab-content\" itemscope itemprop=\"acceptedAnswer\" itemtype=\"https:\/\/schema.org\/Answer\">\n<div itemprop=\"text\">\n<p>Leinenhosen sind die perfekte Wahl f\u00fcr verschiedene Anl\u00e4sse, insbesondere f\u00fcr Sommerveranstaltungen und Alltagsoutfits. Der Stoff ist nicht nur luftig und ideal f\u00fcr warme Tage, sondern auch \u00fcberraschend strapazierf\u00e4hig. Obwohl sie eine schonende Pflege erfordern, k\u00f6nnen Leinenhosen bei richtiger W\u00e4sche und Lagerung viele Saisons lang getragen werden und behalten dabei ihr elegantes Aussehen und ihren Tragekomfort.\n<\/p>\n<\/p><\/div>\n<\/p><\/div>\n<\/p><\/div>\n<div class=\"tab\" itemscope itemprop=\"mainEntity\" itemtype=\"https:\/\/schema.org\/Question\">\n                    <input type=\"checkbox\" id=\"chck2\"><\/p>\n<h3>\n                      <label class=\"tab-label\" for=\"chck2\" itemprop=\"name\">Sind Leinenhosen f\u00fcr jede Jahreszeit geeignet?<\/label><br \/>\n                    <\/h3>\n<div class=\"tab-content\" itemscope itemprop=\"acceptedAnswer\" itemtype=\"https:\/\/schema.org\/Answer\">\n<div itemprop=\"text\">\n<p>Leinenhosen sind dank ihrer nat\u00fcrlichen Eigenschaften f\u00fcr jede Jahreszeit geeignet. Im Sommer sorgt das Material f\u00fcr Atmungsaktivit\u00e4t und thermischen Komfort, im Winter k\u00f6nnen sie mit zus\u00e4tzlichen Kleidungsschichten getragen werden. Sie sind strapazierf\u00e4hig und widerstandsf\u00e4hig im t\u00e4glichen Gebrauch, was sie zu einer praktischen Wahl f\u00fcr verschiedene Outfits macht. Leinenhosen verbinden Eleganz und Komfort und eignen sich perfekt f\u00fcr allt\u00e4gliche und formelle Anl\u00e4sse.\n<\/p>\n<\/p><\/div>\n<\/p><\/div>\n<\/p><\/div>\n<div class=\"tab\" itemscope itemprop=\"mainEntity\" itemtype=\"https:\/\/schema.org\/Question\">\n                    <input type=\"checkbox\" id=\"chck3\"><\/p>\n<h3>\n                      <label class=\"tab-label\" for=\"chck3\" itemprop=\"name\">Sind Leinenhosen allergieausl\u00f6send?<\/label><br \/>\n                    <\/h3>\n<div class=\"tab-content\" itemscope itemprop=\"acceptedAnswer\" itemtype=\"https:\/\/schema.org\/Answer\">\n<div itemprop=\"text\">\n<p>Die Leinenhosen von Kornelia Rataj werden aus nat\u00fcrlichem Leinen hergestellt, wodurch das Risiko von Allergien minimiert wird. Leinen ist ein atmungsaktiver, hypoallergener und hautfreundlicher Stoff. Menschen mit empfindlicher Haut w\u00e4hlen oft Leinenhosen, um unangenehme Reaktionen zu vermeiden.\n<\/p>\n<\/p><\/div>\n<\/p><\/div>\n<\/p><\/div>\n<div class=\"tab\" itemscope itemprop=\"mainEntity\" itemtype=\"https:\/\/schema.org\/Question\">\n                    <input type=\"checkbox\" id=\"chck4\"><\/p>\n<h3>\n                      <label class=\"tab-label\" for=\"chck4\" itemprop=\"name\">Welche Schuhe passen zu Leinenhosen?<\/label><br \/>\n                    <\/h3>\n<div class=\"tab-content\" itemscope itemprop=\"acceptedAnswer\" itemtype=\"https:\/\/schema.org\/Answer\">\n<div itemprop=\"text\">\n<p>Leinenhosen sind die perfekte Wahl f\u00fcr Sommertage, und die Auswahl der passenden Schuhe ist dabei entscheidend. Leichte Espadrilles, Schn\u00fcrsandalen oder schlichte Leder-Flip-Flops sind eine ausgezeichnete Wahl, die den sommerlichen Charakter des Outfits unterstreichen. An k\u00fchleren Tagen empfiehlt es sich, zu sportlichen Sneakers zu greifen, die ebenfalls hervorragend zu dem nat\u00fcrlichen Stoff Leinen passen und ein leicht sportliches und bequemes Outfit ergeben.\n<\/p>\n<\/p><\/div>\n<\/p><\/div>\n<\/p><\/div>\n<div class=\"tab\" itemscope itemprop=\"mainEntity\" itemtype=\"https:\/\/schema.org\/Question\">\n                    <input type=\"checkbox\" id=\"chck5\"><\/p>\n<h3>\n                      <label class=\"tab-label\" for=\"chck5\" itemprop=\"name\">Sind Leinenhosen f\u00fcr jede Figur geeignet?<\/label><br \/>\n                    <\/h3>\n<div class=\"tab-content\" itemscope itemprop=\"acceptedAnswer\" itemtype=\"https:\/\/schema.org\/Answer\">\n<div itemprop=\"text\">\n<p>Leinenhosen sind ein vielseitiges Kleidungsst\u00fcck, das sich ideal f\u00fcr warme Tage eignet. Dank der vielf\u00e4ltigen Schnitte und Modelle passen sie zu jeder Figur. Schlanke Personen k\u00f6nnen ihre Vorz\u00fcge betonen, indem sie Modelle mit hoher Taille w\u00e4hlen, w\u00e4hrend Modelle mit weiteren Beinen kleine Unvollkommenheiten hervorragend kaschieren. Tragekomfort und nat\u00fcrliche Luftdurchl\u00e4ssigkeit sind zus\u00e4tzliche Vorteile f\u00fcr jede Figur.\n<\/p>\n<\/p><\/div>\n<\/p><\/div>\n<\/p><\/div>\n<div class=\"tab\" itemscope itemprop=\"mainEntity\" itemtype=\"https:\/\/schema.org\/Question\">\n                    <input type=\"checkbox\" id=\"chck6\"><\/p>\n<h3>\n                      <label class=\"tab-label\" for=\"chck6\" itemprop=\"name\">Does linen stretch after washing?<\/label><br \/>\n                    <\/h3>\n<div class=\"tab-content\" itemscope itemprop=\"acceptedAnswer\" itemtype=\"https:\/\/schema.org\/Answer\">\n<div itemprop=\"text\">\n<p>Leinen ist ein nat\u00fcrliches Gewebe, das sich nach dem Waschen nicht wesentlich dehnt. Die Eigenschaften von Leinen sorgen daf\u00fcr, dass dieses Material formbest\u00e4ndig ist, was bedeutet, dass seine Struktur auch nach vielen Waschg\u00e4ngen stabil bleibt. Anstatt sich zu dehnen, kann Leinen leicht einlaufen. Daher sollten Sie die Empfehlungen des Herstellers zum Waschen und Trocknen befolgen, um seine Form und Eigenschaften zu erhalten.\n<\/p>\n<\/p><\/div>\n<\/p><\/div>\n<\/p><\/div>\n<div class=\"tab\" itemscope itemprop=\"mainEntity\" itemtype=\"https:\/\/schema.org\/Question\">\n                    <input type=\"checkbox\" id=\"chck7\"><\/p>\n<h3>\n                      <label class=\"tab-label\" for=\"chck7\" itemprop=\"name\">Warum Leinenhosen f\u00fcr den Sommer und hohe Temperaturen empfohlen werden<\/label><br \/>\n                    <\/h3>\n<div class=\"tab-content\" itemscope itemprop=\"acceptedAnswer\" itemtype=\"https:\/\/schema.org\/Answer\">\n<div itemprop=\"text\">\n<p>Leinenhosen sind ideal f\u00fcr den Sommer und hohe Temperaturen, da Leinen ein nat\u00fcrliches Material ist, das hervorragend atmungsaktiv ist. Dank seiner Struktur l\u00e4sst es die Haut frei atmen, was auch an hei\u00dfen Tagen f\u00fcr thermischen Komfort sorgt. Dar\u00fcber hinaus leitet Leinen Feuchtigkeit schnell ab, was den Tragekomfort zus\u00e4tzlich erh\u00f6ht. Daher ist die Wahl von Leinenhosen eine ausgezeichnete Entscheidung f\u00fcr Sommer- und Urlaubstage.\n<\/p>\n<\/p><\/div>\n<\/p><\/div>\n<\/p><\/div>\n<div class=\"tab\" itemscope itemprop=\"mainEntity\" itemtype=\"https:\/\/schema.org\/Question\">\n                    <input type=\"checkbox\" id=\"chck8\"><\/p>\n<h3>\n                      <label class=\"tab-label\" for=\"chck8\" itemprop=\"name\">Can linen trousers also be worn in elegant outfits?<\/label><br \/>\n                    <\/h3>\n<div class=\"tab-content\" itemscope itemprop=\"acceptedAnswer\" itemtype=\"https:\/\/schema.org\/Answer\">\n<div itemprop=\"text\">\n<p>Leinenhosen eignen sich perfekt f\u00fcr elegante Outfits, da sie Komfort und Chic vereinen. Dank ihrer Luftdurchl\u00e4ssigkeit sind sie die ideale Wahl f\u00fcr w\u00e4rmere Tage, und ihre nat\u00fcrliche Struktur verleiht dem Outfit einen Hauch von Luxus. In Kombination mit einem eleganten Hemd und klassischen Schuhen k\u00f6nnen Leinenhosen eine stilvolle Alternative zu traditionellen Anzughosen sein.\n<\/p>\n<\/p><\/div>\n<\/p><\/div>\n<\/p><\/div>\n<div class=\"tab\" itemscope itemprop=\"mainEntity\" itemtype=\"https:\/\/schema.org\/Question\">\n                    <input type=\"checkbox\" id=\"chck9\"><\/p>\n<h3>\n                      <label class=\"tab-label\" for=\"chck9\" itemprop=\"name\">Sind Leinenhosen sowohl f\u00fcr die Arbeit als auch f\u00fcr den Alltag geeignet?<\/label><br \/>\n                    <\/h3>\n<div class=\"tab-content\" itemscope itemprop=\"acceptedAnswer\" itemtype=\"https:\/\/schema.org\/Answer\">\n<div itemprop=\"text\">\n<p>Leinenhosen sind sowohl f\u00fcr die Arbeit als auch f\u00fcr den Alltag eine ausgezeichnete Wahl. Dank ihrer Vielseitigkeit und ihres eleganten Aussehens k\u00f6nnen sie insbesondere an Sommertagen Teil einer formellen Business-Kleidung sein. Gleichzeitig eignen sie sich aufgrund ihres leichten Materials und ihres Tragekomforts auch ideal f\u00fcr allt\u00e4gliche Aktivit\u00e4ten und sorgen in jeder Situation f\u00fcr Komfort und Stil.\n<\/p>\n<\/p><\/div>\n<\/p><\/div>\n<\/p><\/div>\n<div class=\"tab\" itemscope itemprop=\"mainEntity\" itemtype=\"https:\/\/schema.org\/Question\">\n                    <input type=\"checkbox\" id=\"chck10\"><\/p>\n<h3>\n                      <label class=\"tab-label\" for=\"chck10\" itemprop=\"name\">Welche Farben sind bei Leinenhosen am beliebtesten?<\/label><br \/>\n                    <\/h3>\n<div class=\"tab-content\" itemscope itemprop=\"acceptedAnswer\" itemtype=\"https:\/\/schema.org\/Answer\">\n<div itemprop=\"text\">\n<p>Leinenhosen erfreuen sich gro\u00dfer Beliebtheit bei Modefans, wobei die beliebtesten Farben Natur und Schwarz sind, die perfekt zu Sommeroutfits passen. Klassiker wie Wei\u00df gewinnen dank ihrer Zeitlosigkeit ebenfalls an Beliebtheit. Viele Kunden greifen zu saisonalen, beliebten Farben wie dem pastelligen Gelbton Butter Yellow.\n<\/p>\n<\/p><\/div>\n<\/p><\/div>\n<\/p><\/div>\n<div class=\"tab\" itemscope itemprop=\"mainEntity\" itemtype=\"https:\/\/schema.org\/Question\">\n                    <input type=\"checkbox\" id=\"chck11\"><\/p>\n<h3>\n                      <label class=\"tab-label\" for=\"chck11\" itemprop=\"name\">Sind Leinenhosen strapazierf\u00e4hig und widerstandsf\u00e4hig im t\u00e4glichen Gebrauch?<\/label><br \/>\n                    <\/h3>\n<div class=\"tab-content\" itemscope itemprop=\"acceptedAnswer\" itemtype=\"https:\/\/schema.org\/Answer\">\n<div itemprop=\"text\">\n<p>Leinenhosen sind zwar besonders luftig und bequem, aber m\u00f6glicherweise weniger abriebfest und strapazierf\u00e4hig als andere Materialien, wie z. B. Jeans. Sie sind jedoch eine ausgezeichnete Wahl f\u00fcr den Sommer, da sie eine hervorragende Luftzirkulation gew\u00e4hrleisten. Der Schl\u00fcssel zu ihrer Langlebigkeit ist die richtige Pflege, einschlie\u00dflich schonender W\u00e4sche und Vermeidung des Trocknens im W\u00e4schetrockner, was dazu beitr\u00e4gt, ihre Lebensdauer zu verl\u00e4ngern.\n<\/p>\n<\/p><\/div>\n<\/p><\/div>\n<\/p><\/div>\n<div class=\"tab\" itemscope itemprop=\"mainEntity\" itemtype=\"https:\/\/schema.org\/Question\">\n                    <input type=\"checkbox\" id=\"chck12\"><\/p>\n<h3>\n                      <label class=\"tab-label\" for=\"chck12\" itemprop=\"name\">F\u00fcr welche Anl\u00e4sse eignen sich Leinenhosen am besten?<\/label><br \/>\n                    <\/h3>\n<div class=\"tab-content\" itemscope itemprop=\"acceptedAnswer\" itemtype=\"https:\/\/schema.org\/Answer\">\n<div itemprop=\"text\">\n<p>Leinenhosen eignen sich perfekt f\u00fcr Sommer- und Urlaubstage, da sie leicht und luftig sind. Ideal f\u00fcr den Urlaub, Spazierg\u00e4nge am Strand und auch f\u00fcr informelle gesellschaftliche Anl\u00e4sse. Sie passen gut zu l\u00e4ssigen Outfits und verleihen ihnen mit minimalem Aufwand Eleganz. Wenn Sie sie f\u00fcr eine Gartenparty oder einen Grillabend w\u00e4hlen, gewinnen Sie an Stil und Komfort und bewahren gleichzeitig an warmen Tagen eine ungezwungene Eleganz.\n<\/p>\n<\/p><\/div>\n<\/p><\/div>\n<\/p><\/div>\n<div class=\"tab\" itemscope itemprop=\"mainEntity\" itemtype=\"https:\/\/schema.org\/Question\">\n                    <input type=\"checkbox\" id=\"chck13\"><\/p>\n<h3>\n                      <label class=\"tab-label\" for=\"chck13\" itemprop=\"name\">Leinenhosen vom polnischen Hersteller Kornelia Rataj<\/label><br \/>\n                    <\/h3>\n<div class=\"tab-content\" itemscope itemprop=\"acceptedAnswer\" itemtype=\"https:\/\/schema.org\/Answer\">\n<div itemprop=\"text\">\n<p>Leinenhosen vom polnischen Hersteller Kornelia Rataj sind die perfekte Wahl f\u00fcr alle, die Komfort und hochwertige Verarbeitung sch\u00e4tzen. Nat\u00fcrliche Stoffe sorgen f\u00fcr Atmungsaktivit\u00e4t und Bequemlichkeit, w\u00e4hrend die sorgf\u00e4ltige Verarbeitung eine lange Lebensdauer \u00fcber viele Saisons hinweg garantiert. Die Hosen sind in verschiedenen Farben und Schnitten erh\u00e4ltlich und passen perfekt zu jeder Garderobe, was sie zu einem \u00e4u\u00dferst vielseitigen Kleidungsst\u00fcck macht.\n<\/p>\n<\/p><\/div>\n<\/p><\/div>\n<\/p><\/div>\n<\/p><\/div>\n<\/p><\/div>","protected":false},"excerpt":{"rendered":"<p>Spodnie lniane oferowane przez polsk\u0105 mark\u0119 KORNELIA RATAJ to po\u0142\u0105czenie tradycji z nowoczesnym podej\u015bciem do mody. Powstaj\u0105 w naszej rodzinnej pracowni w Czernicy na Dolnym \u015al\u0105sku, gdzie przyk\u0142adamy ogromn\u0105 wag\u0119 do jako\u015bci wykonania oraz detali. Ka\u017cdy etap produkcji odbywa si\u0119 w warunkach, kt\u00f3re zapewniaj\u0105 nie tylko \u015bwietn\u0105 jako\u015b\u0107, ale tak\u017ce wyj\u0105tkow\u0105 energi\u0119 i klimat, w [&hellip;]<\/p>\n","protected":false},"author":1,"featured_media":0,"parent":0,"menu_order":0,"comment_status":"closed","ping_status":"closed","template":"","meta":{"footnotes":""},"class_list":["post-315047","page","type-page","status-publish","hentry"],"yoast_head":"<!-- This site is optimized with the Yoast SEO plugin v27.3 - https:\/\/yoast.com\/product\/yoast-seo-wordpress\/ -->\n<title>Spodnie lniane - Stroje K\u0105pielowe i Odzie\u017c Lniana Sklep Kornelia Rataj<\/title>\n<meta name=\"description\" content=\"Stylowe spodnie lniane na lato: przewiewno\u015b\u0107 i komfort. Tworzone w Polsce, z lnu od lokalnego producenta. Najwy\u017csza jako\u015b\u0107 i unikalny design.\" \/>\n<meta name=\"robots\" content=\"index, follow, max-snippet:-1, max-image-preview:large, max-video-preview:-1\" \/>\n<link rel=\"canonical\" href=\"https:\/\/korneliarataj.com\/de\/spodnie-lniane\/\" \/>\n<meta property=\"og:locale\" content=\"de_DE\" \/>\n<meta property=\"og:type\" content=\"article\" \/>\n<meta property=\"og:title\" content=\"Spodnie lniane - Stroje K\u0105pielowe i Odzie\u017c Lniana Sklep Kornelia Rataj\" \/>\n<meta property=\"og:description\" content=\"Stylowe spodnie lniane na lato: przewiewno\u015b\u0107 i komfort. Tworzone w Polsce, z lnu od lokalnego producenta. Najwy\u017csza jako\u015b\u0107 i unikalny design.\" \/>\n<meta property=\"og:url\" content=\"https:\/\/korneliarataj.com\/de\/spodnie-lniane\/\" \/>\n<meta property=\"og:site_name\" content=\"KORNELIARATAJ\" \/>\n<meta property=\"article:publisher\" content=\"http:\/\/www.facebook.com\/korneliaratajshop\" \/>\n<meta property=\"article:modified_time\" content=\"2026-03-23T00:31:15+00:00\" \/>\n<meta name=\"twitter:card\" content=\"summary_large_image\" \/>\n<meta name=\"twitter:label1\" content=\"Gesch\u00e4tzte Lesezeit\" \/>\n\t<meta name=\"twitter:data1\" content=\"8\u00a0Minuten\" \/>\n<script type=\"application\/ld+json\" class=\"yoast-schema-graph\">{\"@context\":\"https:\\\/\\\/schema.org\",\"@graph\":[{\"@type\":\"WebPage\",\"@id\":\"https:\\\/\\\/korneliarataj.com\\\/spodnie-lniane\\\/\",\"url\":\"https:\\\/\\\/korneliarataj.com\\\/spodnie-lniane\\\/\",\"name\":\"Spodnie lniane - Stroje K\u0105pielowe i Odzie\u017c Lniana Sklep Kornelia Rataj\",\"isPartOf\":{\"@id\":\"https:\\\/\\\/korneliarataj.com\\\/#website\"},\"datePublished\":\"2025-03-20T15:37:19+00:00\",\"dateModified\":\"2026-03-23T00:31:15+00:00\",\"description\":\"Stylowe spodnie lniane na lato: przewiewno\u015b\u0107 i komfort. Tworzone w Polsce, z lnu od lokalnego producenta. Najwy\u017csza jako\u015b\u0107 i unikalny design.\",\"breadcrumb\":{\"@id\":\"https:\\\/\\\/korneliarataj.com\\\/spodnie-lniane\\\/#breadcrumb\"},\"inLanguage\":\"de\",\"potentialAction\":[{\"@type\":\"ReadAction\",\"target\":[\"https:\\\/\\\/korneliarataj.com\\\/spodnie-lniane\\\/\"]}]},{\"@type\":\"BreadcrumbList\",\"@id\":\"https:\\\/\\\/korneliarataj.com\\\/spodnie-lniane\\\/#breadcrumb\",\"itemListElement\":[{\"@type\":\"ListItem\",\"position\":1,\"name\":\"HOME\",\"item\":\"https:\\\/\\\/korneliarataj.com\\\/\"},{\"@type\":\"ListItem\",\"position\":2,\"name\":\"Spodnie lniane\"}]},{\"@type\":\"WebSite\",\"@id\":\"https:\\\/\\\/korneliarataj.com\\\/#website\",\"url\":\"https:\\\/\\\/korneliarataj.com\\\/\",\"name\":\"Stroje K\u0105pielowe i Odzie\u017c Lniana Sklep Kornelia Rataj\",\"description\":\"swimwear stroje k\u0105pielowe ubrania len lniane\",\"publisher\":{\"@id\":\"https:\\\/\\\/korneliarataj.com\\\/#organization\"},\"potentialAction\":[{\"@type\":\"SearchAction\",\"target\":{\"@type\":\"EntryPoint\",\"urlTemplate\":\"https:\\\/\\\/korneliarataj.com\\\/?s={search_term_string}\"},\"query-input\":{\"@type\":\"PropertyValueSpecification\",\"valueRequired\":true,\"valueName\":\"search_term_string\"}}],\"inLanguage\":\"de\"},{\"@type\":\"Organization\",\"@id\":\"https:\\\/\\\/korneliarataj.com\\\/#organization\",\"name\":\"KORNELIARATAJ\",\"url\":\"https:\\\/\\\/korneliarataj.com\\\/\",\"logo\":{\"@type\":\"ImageObject\",\"inLanguage\":\"de\",\"@id\":\"https:\\\/\\\/korneliarataj.com\\\/#\\\/schema\\\/logo\\\/image\\\/\",\"url\":\"https:\\\/\\\/korneliarataj.com\\\/wp-content\\\/uploads\\\/2020\\\/07\\\/LOGO-KR.svg\",\"contentUrl\":\"https:\\\/\\\/korneliarataj.com\\\/wp-content\\\/uploads\\\/2020\\\/07\\\/LOGO-KR.svg\",\"width\":1024,\"height\":1024,\"caption\":\"KORNELIARATAJ\"},\"image\":{\"@id\":\"https:\\\/\\\/korneliarataj.com\\\/#\\\/schema\\\/logo\\\/image\\\/\"},\"sameAs\":[\"http:\\\/\\\/www.facebook.com\\\/korneliaratajshop\",\"http:\\\/\\\/www.instagram.com\\\/korneliarataj\"]}]}<\/script>\n<!-- \/ Yoast SEO plugin. -->","yoast_head_json":{"title":"Leinenhosen - Bademode und Leinenbekleidung Shop Kornelia Rataj","description":"Stilvolle Leinenhosen f\u00fcr den Sommer: luftig und bequem. Hergestellt in Polen aus Leinen eines lokalen Produzenten. H\u00f6chste Qualit\u00e4t und einzigartiges Design.","robots":{"index":"index","follow":"follow","max-snippet":"max-snippet:-1","max-image-preview":"max-image-preview:large","max-video-preview":"max-video-preview:-1"},"canonical":"https:\/\/korneliarataj.com\/de\/spodnie-lniane\/","og_locale":"de_DE","og_type":"article","og_title":"Spodnie lniane - Stroje K\u0105pielowe i Odzie\u017c Lniana Sklep Kornelia Rataj","og_description":"Stylowe spodnie lniane na lato: przewiewno\u015b\u0107 i komfort. Tworzone w Polsce, z lnu od lokalnego producenta. Najwy\u017csza jako\u015b\u0107 i unikalny design.","og_url":"https:\/\/korneliarataj.com\/de\/spodnie-lniane\/","og_site_name":"KORNELIARATAJ","article_publisher":"http:\/\/www.facebook.com\/korneliaratajshop","article_modified_time":"2026-03-23T00:31:15+00:00","twitter_card":"summary_large_image","twitter_misc":{"Gesch\u00e4tzte Lesezeit":"8\u00a0Minuten"},"schema":{"@context":"https:\/\/schema.org","@graph":[{"@type":"WebPage","@id":"https:\/\/korneliarataj.com\/spodnie-lniane\/","url":"https:\/\/korneliarataj.com\/spodnie-lniane\/","name":"Leinenhosen - Bademode und Leinenbekleidung Shop Kornelia Rataj","isPartOf":{"@id":"https:\/\/korneliarataj.com\/#website"},"datePublished":"2025-03-20T15:37:19+00:00","dateModified":"2026-03-23T00:31:15+00:00","description":"Stilvolle Leinenhosen f\u00fcr den Sommer: luftig und bequem. Hergestellt in Polen aus Leinen eines lokalen Produzenten. H\u00f6chste Qualit\u00e4t und einzigartiges Design.","breadcrumb":{"@id":"https:\/\/korneliarataj.com\/spodnie-lniane\/#breadcrumb"},"inLanguage":"de","potentialAction":[{"@type":"ReadAction","target":["https:\/\/korneliarataj.com\/spodnie-lniane\/"]}]},{"@type":"BreadcrumbList","@id":"https:\/\/korneliarataj.com\/spodnie-lniane\/#breadcrumb","itemListElement":[{"@type":"ListItem","position":1,"name":"HOME","item":"https:\/\/korneliarataj.com\/"},{"@type":"ListItem","position":2,"name":"Spodnie lniane"}]},{"@type":"WebSite","@id":"https:\/\/korneliarataj.com\/#website","url":"https:\/\/korneliarataj.com\/","name":"Bademode und Leinenbekleidung Shop Kornelia Rataj","description":"badebekleidung badebekleidung leinen leinenbekleidung","publisher":{"@id":"https:\/\/korneliarataj.com\/#organization"},"potentialAction":[{"@type":"SearchAction","target":{"@type":"EntryPoint","urlTemplate":"https:\/\/korneliarataj.com\/?s={search_term_string}"},"query-input":{"@type":"PropertyValueSpecification","valueRequired":true,"valueName":"search_term_string"}}],"inLanguage":"de"},{"@type":"Organization","@id":"https:\/\/korneliarataj.com\/#organization","name":"KORNELIARATAJ","url":"https:\/\/korneliarataj.com\/","logo":{"@type":"ImageObject","inLanguage":"de","@id":"https:\/\/korneliarataj.com\/#\/schema\/logo\/image\/","url":"https:\/\/korneliarataj.com\/wp-content\/uploads\/2020\/07\/LOGO-KR.svg","contentUrl":"https:\/\/korneliarataj.com\/wp-content\/uploads\/2020\/07\/LOGO-KR.svg","width":1024,"height":1024,"caption":"KORNELIARATAJ"},"image":{"@id":"https:\/\/korneliarataj.com\/#\/schema\/logo\/image\/"},"sameAs":["http:\/\/www.facebook.com\/korneliaratajshop","http:\/\/www.instagram.com\/korneliarataj"]}]}},"_links":{"self":[{"href":"https:\/\/korneliarataj.com\/de\/wp-json\/wp\/v2\/pages\/315047","targetHints":{"allow":["GET"]}}],"collection":[{"href":"https:\/\/korneliarataj.com\/de\/wp-json\/wp\/v2\/pages"}],"about":[{"href":"https:\/\/korneliarataj.com\/de\/wp-json\/wp\/v2\/types\/page"}],"author":[{"embeddable":true,"href":"https:\/\/korneliarataj.com\/de\/wp-json\/wp\/v2\/users\/1"}],"replies":[{"embeddable":true,"href":"https:\/\/korneliarataj.com\/de\/wp-json\/wp\/v2\/comments?post=315047"}],"version-history":[{"count":1,"href":"https:\/\/korneliarataj.com\/de\/wp-json\/wp\/v2\/pages\/315047\/revisions"}],"predecessor-version":[{"id":406727,"href":"https:\/\/korneliarataj.com\/de\/wp-json\/wp\/v2\/pages\/315047\/revisions\/406727"}],"wp:attachment":[{"href":"https:\/\/korneliarataj.com\/de\/wp-json\/wp\/v2\/media?parent=315047"}],"curies":[{"name":"wp","href":"https:\/\/api.w.org\/{rel}","templated":true}]}}