{"id":310365,"date":"2025-01-31T02:28:27","date_gmt":"2025-01-31T01:28:27","guid":{"rendered":"https:\/\/korneliarataj.com\/?page_id=310365"},"modified":"2026-01-08T13:42:22","modified_gmt":"2026-01-08T12:42:22","slug":"blog","status":"publish","type":"page","link":"https:\/\/korneliarataj.com\/de\/blog\/","title":{"rendered":"Blog"},"content":{"rendered":"<div data-elementor-type=\"wp-page\" data-elementor-id=\"310365\" class=\"elementor elementor-310365\" data-elementor-post-type=\"page\">\n\t\t\t\t<div class=\"elementor-element elementor-element-cd43f1d e-flex e-con-boxed e-con e-parent\" data-id=\"cd43f1d\" data-element_type=\"container\" data-e-type=\"container\">\n\t\t\t\t\t<div class=\"e-con-inner\">\n\t\t\t\t<div class=\"elementor-element elementor-element-2993516 elementor-grid-2 elementor-posts--align-left elementor-grid-tablet-2 elementor-grid-mobile-1 elementor-posts--thumbnail-top elementor-widget elementor-widget-posts\" data-id=\"2993516\" data-element_type=\"widget\" data-e-type=\"widget\" data-settings=\"{&quot;classic_columns&quot;:&quot;2&quot;,&quot;classic_row_gap&quot;:{&quot;unit&quot;:&quot;px&quot;,&quot;size&quot;:30,&quot;sizes&quot;:[]},&quot;classic_columns_tablet&quot;:&quot;2&quot;,&quot;classic_columns_mobile&quot;:&quot;1&quot;,&quot;classic_row_gap_tablet&quot;:{&quot;unit&quot;:&quot;px&quot;,&quot;size&quot;:&quot;&quot;,&quot;sizes&quot;:[]},&quot;classic_row_gap_mobile&quot;:{&quot;unit&quot;:&quot;px&quot;,&quot;size&quot;:&quot;&quot;,&quot;sizes&quot;:[]}}\" data-widget_type=\"posts.classic\">\n\t\t\t\t<div class=\"elementor-widget-container\">\n\t\t\t\t\t\t\t<div class=\"elementor-posts-container elementor-posts elementor-posts--skin-classic elementor-grid\" role=\"list\">\n\t\t\t\t<article class=\"elementor-post elementor-grid-item post-397235 post type-post status-publish format-standard has-post-thumbnail hentry category-bez-kategorii\" role=\"listitem\">\n\t\t\t\t<a class=\"elementor-post__thumbnail__link\" href=\"https:\/\/korneliarataj.com\/de\/modne-dodatki-do-strojow-kapielowych-na-plaze-i-basen\/\" tabindex=\"-1\" >\n\t\t\t<div class=\"elementor-post__thumbnail\"><img fetchpriority=\"high\" decoding=\"async\" width=\"800\" height=\"442\" src=\"https:\/\/korneliarataj.com\/wp-content\/uploads\/2026\/02\/blog1.jpeg\" class=\"attachment-large size-large wp-image-397236\" alt=\"Modne dodatki do stroj\u00f3w k\u0105pielowych na pla\u017c\u0119 i basen\" srcset=\"https:\/\/korneliarataj.com\/wp-content\/uploads\/2026\/02\/blog1.jpeg 1000w, https:\/\/korneliarataj.com\/wp-content\/uploads\/2026\/02\/blog1-300x166.jpeg 300w, https:\/\/korneliarataj.com\/wp-content\/uploads\/2026\/02\/blog1-768x424.jpeg 768w, https:\/\/korneliarataj.com\/wp-content\/uploads\/2026\/02\/blog1-18x10.jpeg 18w, https:\/\/korneliarataj.com\/wp-content\/uploads\/2026\/02\/blog1-600x331.jpeg 600w, https:\/\/korneliarataj.com\/wp-content\/uploads\/2026\/02\/blog1-200x110.jpeg 200w, https:\/\/korneliarataj.com\/wp-content\/uploads\/2026\/02\/blog1-163x90.jpeg 163w\" sizes=\"(max-width: 800px) 100vw, 800px\" \/><\/div>\n\t\t<\/a>\n\t\t\t\t<div class=\"elementor-post__text\">\n\t\t\t\t<h1 class=\"elementor-post__title\">\n\t\t\t<a href=\"https:\/\/korneliarataj.com\/de\/modne-dodatki-do-strojow-kapielowych-na-plaze-i-basen\/\" >\n\t\t\t\tModne dodatki do stroj\u00f3w k\u0105pielowych na pla\u017c\u0119 i basen\t\t\t<\/a>\n\t\t<\/h1>\n\t\t\t\t<div class=\"elementor-post__meta-data\">\n\t\t\t\t\t<span class=\"elementor-post-date\">\n\t\t\t17 Februar 2026\t\t<\/span>\n\t\t\t\t<\/div>\n\t\t\t\t<div class=\"elementor-post__excerpt\">\n\t\t\t<p>Dobre dodatki potrafi\u0105 wynie\u015b\u0107 nawet prosty str\u00f3j pla\u017cowy na wy\u017cszy poziom. To idealny wyb\u00f3r, by podkre\u015bli\u0107 sw\u00f3j styl, poprawi\u0107 komfort i zadba\u0107 o praktyczno\u015b\u0107 podczas<\/p>\n\t\t<\/div>\n\t\t\n\t\t<a class=\"elementor-post__read-more\" href=\"https:\/\/korneliarataj.com\/de\/modne-dodatki-do-strojow-kapielowych-na-plaze-i-basen\/\" aria-label=\"Mehr \u00fcber Modne dodatki do stroj\u00f3w k\u0105pielowych na pla\u017c\u0119 i basen\" tabindex=\"-1\" >\n\t\t\tMehr lesen \"\t\t<\/a>\n\n\t\t\t\t<\/div>\n\t\t\t\t<\/article>\n\t\t\t\t<article class=\"elementor-post elementor-grid-item post-397250 post type-post status-publish format-standard has-post-thumbnail hentry category-bez-kategorii\" role=\"listitem\">\n\t\t\t\t<a class=\"elementor-post__thumbnail__link\" href=\"https:\/\/korneliarataj.com\/de\/stroje-kapielowe-na-zimowe-wizyty-w-spa\/\" tabindex=\"-1\" >\n\t\t\t<div class=\"elementor-post__thumbnail\"><img decoding=\"async\" width=\"800\" height=\"534\" src=\"https:\/\/korneliarataj.com\/wp-content\/uploads\/2026\/02\/blog2.jpeg\" class=\"attachment-large size-large wp-image-397251\" alt=\"Stroje k\u0105pielowe na zimowe wizyty w SPA\" srcset=\"https:\/\/korneliarataj.com\/wp-content\/uploads\/2026\/02\/blog2.jpeg 1000w, https:\/\/korneliarataj.com\/wp-content\/uploads\/2026\/02\/blog2-300x200.jpeg 300w, https:\/\/korneliarataj.com\/wp-content\/uploads\/2026\/02\/blog2-768x512.jpeg 768w, https:\/\/korneliarataj.com\/wp-content\/uploads\/2026\/02\/blog2-18x12.jpeg 18w, https:\/\/korneliarataj.com\/wp-content\/uploads\/2026\/02\/blog2-600x400.jpeg 600w, https:\/\/korneliarataj.com\/wp-content\/uploads\/2026\/02\/blog2-200x133.jpeg 200w, https:\/\/korneliarataj.com\/wp-content\/uploads\/2026\/02\/blog2-135x90.jpeg 135w\" sizes=\"(max-width: 800px) 100vw, 800px\" \/><\/div>\n\t\t<\/a>\n\t\t\t\t<div class=\"elementor-post__text\">\n\t\t\t\t<h1 class=\"elementor-post__title\">\n\t\t\t<a href=\"https:\/\/korneliarataj.com\/de\/stroje-kapielowe-na-zimowe-wizyty-w-spa\/\" >\n\t\t\t\tStroje k\u0105pielowe na zimowe wizyty w SPA\t\t\t<\/a>\n\t\t<\/h1>\n\t\t\t\t<div class=\"elementor-post__meta-data\">\n\t\t\t\t\t<span class=\"elementor-post-date\">\n\t\t\t13 Februar 2026\t\t<\/span>\n\t\t\t\t<\/div>\n\t\t\t\t<div class=\"elementor-post__excerpt\">\n\t\t\t<p>Zimowy wyjazd do spa to idealna okazja na relaks w ch\u0142odne dni. Jest to jednak tak\u017ce pewne wyzwanie pod wzgl\u0119dem stroju &#8211; potrzebne jest po\u0142\u0105czenie<\/p>\n\t\t<\/div>\n\t\t\n\t\t<a class=\"elementor-post__read-more\" href=\"https:\/\/korneliarataj.com\/de\/stroje-kapielowe-na-zimowe-wizyty-w-spa\/\" aria-label=\"Mehr \u00fcber Stroje k\u0105pielowe na zimowe wizyty w SPA\" tabindex=\"-1\" >\n\t\t\tMehr lesen \"\t\t<\/a>\n\n\t\t\t\t<\/div>\n\t\t\t\t<\/article>\n\t\t\t\t<article class=\"elementor-post elementor-grid-item post-397306 post type-post status-publish format-standard has-post-thumbnail hentry category-bez-kategorii\" role=\"listitem\">\n\t\t\t\t<a class=\"elementor-post__thumbnail__link\" href=\"https:\/\/korneliarataj.com\/de\/jaki-kostium-kapielowy-do-opalania\/\" tabindex=\"-1\" >\n\t\t\t<div class=\"elementor-post__thumbnail\"><img decoding=\"async\" width=\"800\" height=\"436\" src=\"https:\/\/korneliarataj.com\/wp-content\/uploads\/2026\/02\/blog3.jpeg\" class=\"attachment-large size-large wp-image-397252\" alt=\"Jaki kostium k\u0105pielowy do opalania?\" srcset=\"https:\/\/korneliarataj.com\/wp-content\/uploads\/2026\/02\/blog3.jpeg 1000w, https:\/\/korneliarataj.com\/wp-content\/uploads\/2026\/02\/blog3-300x164.jpeg 300w, https:\/\/korneliarataj.com\/wp-content\/uploads\/2026\/02\/blog3-768x419.jpeg 768w, https:\/\/korneliarataj.com\/wp-content\/uploads\/2026\/02\/blog3-18x10.jpeg 18w, https:\/\/korneliarataj.com\/wp-content\/uploads\/2026\/02\/blog3-600x327.jpeg 600w, https:\/\/korneliarataj.com\/wp-content\/uploads\/2026\/02\/blog3-200x109.jpeg 200w, https:\/\/korneliarataj.com\/wp-content\/uploads\/2026\/02\/blog3-165x90.jpeg 165w\" sizes=\"(max-width: 800px) 100vw, 800px\" \/><\/div>\n\t\t<\/a>\n\t\t\t\t<div class=\"elementor-post__text\">\n\t\t\t\t<h1 class=\"elementor-post__title\">\n\t\t\t<a href=\"https:\/\/korneliarataj.com\/de\/jaki-kostium-kapielowy-do-opalania\/\" >\n\t\t\t\tJaki kostium k\u0105pielowy do opalania?\t\t\t<\/a>\n\t\t<\/h1>\n\t\t\t\t<div class=\"elementor-post__meta-data\">\n\t\t\t\t\t<span class=\"elementor-post-date\">\n\t\t\t11 Februar 2026\t\t<\/span>\n\t\t\t\t<\/div>\n\t\t\t\t<div class=\"elementor-post__excerpt\">\n\t\t\t<p>Wyb\u00f3r stroju do opalania to kwestia, kt\u00f3ra decyduje o komforcie, funkcjonalno\u015bci i efekcie opalenizny. Jak dobra\u0107 najlepszy kostium do opalania? Sprawd\u017a nasze wskaz\u00f3wki, dzi\u0119ki kt\u00f3rym<\/p>\n\t\t<\/div>\n\t\t\n\t\t<a class=\"elementor-post__read-more\" href=\"https:\/\/korneliarataj.com\/de\/jaki-kostium-kapielowy-do-opalania\/\" aria-label=\"Mehr \u00fcber Jaki kostium k\u0105pielowy do opalania?\" tabindex=\"-1\" >\n\t\t\tMehr lesen \"\t\t<\/a>\n\n\t\t\t\t<\/div>\n\t\t\t\t<\/article>\n\t\t\t\t<article class=\"elementor-post elementor-grid-item post-327628 post type-post status-publish format-standard has-post-thumbnail hentry category-bez-kategorii\" role=\"listitem\">\n\t\t\t\t<a class=\"elementor-post__thumbnail__link\" href=\"https:\/\/korneliarataj.com\/de\/len-naturalna-tkanina-idealna-na-lato-dlaczego-warto-postawic-na-ubrania-z-lnu\/\" tabindex=\"-1\" >\n\t\t\t<div class=\"elementor-post__thumbnail\"><img loading=\"lazy\" decoding=\"async\" width=\"566\" height=\"849\" src=\"https:\/\/korneliarataj.com\/wp-content\/uploads\/2025\/06\/len-naturalna-tkanina-idealna-na-lato-dlaczego-warto-postawic-na-ubrania-z-lnu.jpg\" class=\"attachment-large size-large wp-image-327632\" alt=\"Len \u2013 naturalna tkanina idealna na lato. Dlaczego warto postawi\u0107 na ubrania z lnu?\" srcset=\"https:\/\/korneliarataj.com\/wp-content\/uploads\/2025\/06\/len-naturalna-tkanina-idealna-na-lato-dlaczego-warto-postawic-na-ubrania-z-lnu.jpg 566w, https:\/\/korneliarataj.com\/wp-content\/uploads\/2025\/06\/len-naturalna-tkanina-idealna-na-lato-dlaczego-warto-postawic-na-ubrania-z-lnu-200x300.jpg 200w, https:\/\/korneliarataj.com\/wp-content\/uploads\/2025\/06\/len-naturalna-tkanina-idealna-na-lato-dlaczego-warto-postawic-na-ubrania-z-lnu-167x250.jpg 167w, https:\/\/korneliarataj.com\/wp-content\/uploads\/2025\/06\/len-naturalna-tkanina-idealna-na-lato-dlaczego-warto-postawic-na-ubrania-z-lnu-60x90.jpg 60w\" sizes=\"(max-width: 566px) 100vw, 566px\" \/><\/div>\n\t\t<\/a>\n\t\t\t\t<div class=\"elementor-post__text\">\n\t\t\t\t<h1 class=\"elementor-post__title\">\n\t\t\t<a href=\"https:\/\/korneliarataj.com\/de\/len-naturalna-tkanina-idealna-na-lato-dlaczego-warto-postawic-na-ubrania-z-lnu\/\" >\n\t\t\t\tLeinen - ein nat\u00fcrlicher Stoff, perfekt f\u00fcr den Sommer. Warum auf Leinenbekleidung setzen?\t\t\t<\/a>\n\t\t<\/h1>\n\t\t\t\t<div class=\"elementor-post__meta-data\">\n\t\t\t\t\t<span class=\"elementor-post-date\">\n\t\t\t16 Juni 2025\t\t<\/span>\n\t\t\t\t<\/div>\n\t\t\t\t<div class=\"elementor-post__excerpt\">\n\t\t\t<p>Im Zeitalter des bewussten Einkaufens greifen immer mehr Frauen im Sommer zu nat\u00fcrlichen Stoffen, die nicht nur sch\u00f6n, sondern auch praktisch sind. Leinen ist das perfekte<\/p>\n\t\t<\/div>\n\t\t\n\t\t<a class=\"elementor-post__read-more\" href=\"https:\/\/korneliarataj.com\/de\/len-naturalna-tkanina-idealna-na-lato-dlaczego-warto-postawic-na-ubrania-z-lnu\/\" aria-label=\"Mehr \u00fcber Len \u2013 naturalna tkanina idealna na lato. Dlaczego warto postawi\u0107 na ubrania z lnu?\" tabindex=\"-1\" >\n\t\t\tMehr lesen \"\t\t<\/a>\n\n\t\t\t\t<\/div>\n\t\t\t\t<\/article>\n\t\t\t\t<article class=\"elementor-post elementor-grid-item post-319464 post type-post status-publish format-standard has-post-thumbnail hentry category-stroje-kapielowe\" role=\"listitem\">\n\t\t\t\t<a class=\"elementor-post__thumbnail__link\" href=\"https:\/\/korneliarataj.com\/de\/jak-dbac-o-stroj-kapielowy-aby-sluzyl-jak-najdluzej\/\" tabindex=\"-1\" >\n\t\t\t<div class=\"elementor-post__thumbnail\"><img loading=\"lazy\" decoding=\"async\" width=\"667\" height=\"1000\" src=\"https:\/\/korneliarataj.com\/wp-content\/uploads\/2025\/05\/DSC_0037-2-1.jpg\" class=\"attachment-large size-large wp-image-319466\" alt=\"Jak dba\u0107 o str\u00f3j k\u0105pielowy, aby s\u0142u\u017cy\u0142 jak najd\u0142u\u017cej?\" srcset=\"https:\/\/korneliarataj.com\/wp-content\/uploads\/2025\/05\/DSC_0037-2-1.jpg 667w, https:\/\/korneliarataj.com\/wp-content\/uploads\/2025\/05\/DSC_0037-2-1-200x300.jpg 200w, https:\/\/korneliarataj.com\/wp-content\/uploads\/2025\/05\/DSC_0037-2-1-600x900.jpg 600w, https:\/\/korneliarataj.com\/wp-content\/uploads\/2025\/05\/DSC_0037-2-1-167x250.jpg 167w, https:\/\/korneliarataj.com\/wp-content\/uploads\/2025\/05\/DSC_0037-2-1-60x90.jpg 60w\" sizes=\"(max-width: 667px) 100vw, 667px\" \/><\/div>\n\t\t<\/a>\n\t\t\t\t<div class=\"elementor-post__text\">\n\t\t\t\t<h1 class=\"elementor-post__title\">\n\t\t\t<a href=\"https:\/\/korneliarataj.com\/de\/jak-dbac-o-stroj-kapielowy-aby-sluzyl-jak-najdluzej\/\" >\n\t\t\t\tWie pflegt man seine Badebekleidung, damit sie m\u00f6glichst lange h\u00e4lt?\t\t\t<\/a>\n\t\t<\/h1>\n\t\t\t\t<div class=\"elementor-post__meta-data\">\n\t\t\t\t\t<span class=\"elementor-post-date\">\n\t\t\t6 Mai 2025\t\t<\/span>\n\t\t\t\t<\/div>\n\t\t\t\t<div class=\"elementor-post__excerpt\">\n\t\t\t<p>Bademode ist nicht nur ein Teil der Garderobe - sie begleitet uns bei besonderen Anl\u00e4ssen: im Urlaub, an Wochenenden am Wasser und bei entspannenden Momenten im Spa. Damit das so bleibt<\/p>\n\t\t<\/div>\n\t\t\n\t\t<a class=\"elementor-post__read-more\" href=\"https:\/\/korneliarataj.com\/de\/jak-dbac-o-stroj-kapielowy-aby-sluzyl-jak-najdluzej\/\" aria-label=\"Mehr \u00fcber Jak dba\u0107 o str\u00f3j k\u0105pielowy, aby s\u0142u\u017cy\u0142 jak najd\u0142u\u017cej?\" tabindex=\"-1\" >\n\t\t\tMehr lesen \"\t\t<\/a>\n\n\t\t\t\t<\/div>\n\t\t\t\t<\/article>\n\t\t\t\t<article class=\"elementor-post elementor-grid-item post-310340 post type-post status-publish format-standard has-post-thumbnail hentry category-stroje-kapielowe\" role=\"listitem\">\n\t\t\t\t<a class=\"elementor-post__thumbnail__link\" href=\"https:\/\/korneliarataj.com\/de\/jak-dobrac-idealny-rozmiar-stroju-kapielowego\/\" tabindex=\"-1\" >\n\t\t\t<div class=\"elementor-post__thumbnail\"><img loading=\"lazy\" decoding=\"async\" width=\"683\" height=\"1024\" src=\"https:\/\/korneliarataj.com\/wp-content\/uploads\/2025\/01\/KR-GIRLS-DARIA-5-683x1024.jpg\" class=\"attachment-large size-large wp-image-309367\" alt=\"KR GIRLS DARIA\" srcset=\"https:\/\/korneliarataj.com\/wp-content\/uploads\/2025\/01\/KR-GIRLS-DARIA-5-683x1024.jpg 683w, https:\/\/korneliarataj.com\/wp-content\/uploads\/2025\/01\/KR-GIRLS-DARIA-5-scaled-600x900.jpg 600w, https:\/\/korneliarataj.com\/wp-content\/uploads\/2025\/01\/KR-GIRLS-DARIA-5-scaled-167x250.jpg 167w, https:\/\/korneliarataj.com\/wp-content\/uploads\/2025\/01\/KR-GIRLS-DARIA-5-scaled-1200x1800.jpg 1200w, https:\/\/korneliarataj.com\/wp-content\/uploads\/2025\/01\/KR-GIRLS-DARIA-5-200x300.jpg 200w, https:\/\/korneliarataj.com\/wp-content\/uploads\/2025\/01\/KR-GIRLS-DARIA-5-768x1152.jpg 768w, https:\/\/korneliarataj.com\/wp-content\/uploads\/2025\/01\/KR-GIRLS-DARIA-5-1024x1536.jpg 1024w, https:\/\/korneliarataj.com\/wp-content\/uploads\/2025\/01\/KR-GIRLS-DARIA-5-scaled.jpg 1365w, https:\/\/korneliarataj.com\/wp-content\/uploads\/2025\/01\/KR-GIRLS-DARIA-5-60x90.jpg 60w\" sizes=\"(max-width: 683px) 100vw, 683px\" \/><\/div>\n\t\t<\/a>\n\t\t\t\t<div class=\"elementor-post__text\">\n\t\t\t\t<h1 class=\"elementor-post__title\">\n\t\t\t<a href=\"https:\/\/korneliarataj.com\/de\/jak-dobrac-idealny-rozmiar-stroju-kapielowego\/\" >\n\t\t\t\tWie w\u00e4hlt man die perfekte Bademodengr\u00f6\u00dfe? Eine praktische Schritt-f\u00fcr-Schritt-Anleitung\t\t\t<\/a>\n\t\t<\/h1>\n\t\t\t\t<div class=\"elementor-post__meta-data\">\n\t\t\t\t\t<span class=\"elementor-post-date\">\n\t\t\t31. Januar 2025\t\t<\/span>\n\t\t\t\t<\/div>\n\t\t\t\t<div class=\"elementor-post__excerpt\">\n\t\t\t<p>Warum ist die Wahl der richtigen Bademode so wichtig? Die Wahl der perfekten Bademode ist eine ziemliche Herausforderung. Ein wichtiger Schritt besteht darin, Ihren K\u00f6rper genau zu vermessen. Dies wird<\/p>\n\t\t<\/div>\n\t\t\n\t\t<a class=\"elementor-post__read-more\" href=\"https:\/\/korneliarataj.com\/de\/jak-dobrac-idealny-rozmiar-stroju-kapielowego\/\" aria-label=\"Mehr \u00fcber Jak dobra\u0107 idealny rozmiar stroju k\u0105pielowego? Praktyczny przewodnik krok po kroku\" tabindex=\"-1\" >\n\t\t\tMehr lesen \"\t\t<\/a>\n\n\t\t\t\t<\/div>\n\t\t\t\t<\/article>\n\t\t\t\t<\/div>\n\t\t\n\t\t\t\t\t\t<\/div>\n\t\t\t\t<\/div>\n\t\t\t\t\t<\/div>\n\t\t\t\t<\/div>\n\t\t\t\t<\/div>","protected":false},"excerpt":{"rendered":"","protected":false},"author":1,"featured_media":0,"parent":0,"menu_order":0,"comment_status":"closed","ping_status":"closed","template":"","meta":{"footnotes":""},"class_list":["post-310365","page","type-page","status-publish","hentry"],"yoast_head":"<!-- This site is optimized with the Yoast SEO plugin v27.3 - https:\/\/yoast.com\/product\/yoast-seo-wordpress\/ -->\n<title>Blog - Stroje K\u0105pielowe i Odzie\u017c Lniana Sklep Kornelia Rataj<\/title>\n<meta name=\"description\" content=\"Blog Kornelia Rataj o strojach k\u0105pielowych i lnie. Porady zakupowe, piel\u0119gnacja tkanin i inspiracje do letnich stylizacji.\" \/>\n<meta name=\"robots\" content=\"index, follow, max-snippet:-1, max-image-preview:large, max-video-preview:-1\" \/>\n<link rel=\"canonical\" href=\"https:\/\/korneliarataj.com\/de\/blog\/\" \/>\n<meta property=\"og:locale\" content=\"de_DE\" \/>\n<meta property=\"og:type\" content=\"article\" \/>\n<meta property=\"og:title\" content=\"Blog - Stroje K\u0105pielowe i Odzie\u017c Lniana Sklep Kornelia Rataj\" \/>\n<meta property=\"og:description\" content=\"Blog Kornelia Rataj o strojach k\u0105pielowych i lnie. Porady zakupowe, piel\u0119gnacja tkanin i inspiracje do letnich stylizacji.\" \/>\n<meta property=\"og:url\" content=\"https:\/\/korneliarataj.com\/de\/blog\/\" \/>\n<meta property=\"og:site_name\" content=\"KORNELIARATAJ\" \/>\n<meta property=\"article:publisher\" content=\"http:\/\/www.facebook.com\/korneliaratajshop\" \/>\n<meta property=\"article:modified_time\" content=\"2026-01-08T12:42:22+00:00\" \/>\n<meta name=\"twitter:card\" content=\"summary_large_image\" \/>\n<script type=\"application\/ld+json\" class=\"yoast-schema-graph\">{\"@context\":\"https:\\\/\\\/schema.org\",\"@graph\":[{\"@type\":\"WebPage\",\"@id\":\"https:\\\/\\\/korneliarataj.com\\\/blog\\\/\",\"url\":\"https:\\\/\\\/korneliarataj.com\\\/blog\\\/\",\"name\":\"Blog - Stroje K\u0105pielowe i Odzie\u017c Lniana Sklep Kornelia Rataj\",\"isPartOf\":{\"@id\":\"https:\\\/\\\/korneliarataj.com\\\/#website\"},\"datePublished\":\"2025-01-31T01:28:27+00:00\",\"dateModified\":\"2026-01-08T12:42:22+00:00\",\"description\":\"Blog Kornelia Rataj o strojach k\u0105pielowych i lnie. Porady zakupowe, piel\u0119gnacja tkanin i inspiracje do letnich stylizacji.\",\"breadcrumb\":{\"@id\":\"https:\\\/\\\/korneliarataj.com\\\/blog\\\/#breadcrumb\"},\"inLanguage\":\"de\",\"potentialAction\":[{\"@type\":\"ReadAction\",\"target\":[\"https:\\\/\\\/korneliarataj.com\\\/blog\\\/\"]}]},{\"@type\":\"BreadcrumbList\",\"@id\":\"https:\\\/\\\/korneliarataj.com\\\/blog\\\/#breadcrumb\",\"itemListElement\":[{\"@type\":\"ListItem\",\"position\":1,\"name\":\"HOME\",\"item\":\"https:\\\/\\\/korneliarataj.com\\\/\"},{\"@type\":\"ListItem\",\"position\":2,\"name\":\"Blog\"}]},{\"@type\":\"WebSite\",\"@id\":\"https:\\\/\\\/korneliarataj.com\\\/#website\",\"url\":\"https:\\\/\\\/korneliarataj.com\\\/\",\"name\":\"Stroje K\u0105pielowe i Odzie\u017c Lniana Sklep Kornelia Rataj\",\"description\":\"swimwear stroje k\u0105pielowe ubrania len lniane\",\"publisher\":{\"@id\":\"https:\\\/\\\/korneliarataj.com\\\/#organization\"},\"potentialAction\":[{\"@type\":\"SearchAction\",\"target\":{\"@type\":\"EntryPoint\",\"urlTemplate\":\"https:\\\/\\\/korneliarataj.com\\\/?s={search_term_string}\"},\"query-input\":{\"@type\":\"PropertyValueSpecification\",\"valueRequired\":true,\"valueName\":\"search_term_string\"}}],\"inLanguage\":\"de\"},{\"@type\":\"Organization\",\"@id\":\"https:\\\/\\\/korneliarataj.com\\\/#organization\",\"name\":\"KORNELIARATAJ\",\"url\":\"https:\\\/\\\/korneliarataj.com\\\/\",\"logo\":{\"@type\":\"ImageObject\",\"inLanguage\":\"de\",\"@id\":\"https:\\\/\\\/korneliarataj.com\\\/#\\\/schema\\\/logo\\\/image\\\/\",\"url\":\"https:\\\/\\\/korneliarataj.com\\\/wp-content\\\/uploads\\\/2020\\\/07\\\/LOGO-KR.svg\",\"contentUrl\":\"https:\\\/\\\/korneliarataj.com\\\/wp-content\\\/uploads\\\/2020\\\/07\\\/LOGO-KR.svg\",\"width\":1024,\"height\":1024,\"caption\":\"KORNELIARATAJ\"},\"image\":{\"@id\":\"https:\\\/\\\/korneliarataj.com\\\/#\\\/schema\\\/logo\\\/image\\\/\"},\"sameAs\":[\"http:\\\/\\\/www.facebook.com\\\/korneliaratajshop\",\"http:\\\/\\\/www.instagram.com\\\/korneliarataj\"]}]}<\/script>\n<!-- \/ Yoast SEO plugin. -->","yoast_head_json":{"title":"Blog - Bademode und W\u00e4sche Shop Kornelia Rataj","description":"Kornelia Ratajs Blog \u00fcber Bademode und Leinen. Einkaufstipps, Stoffpflege und Inspirationen f\u00fcr das Sommer-Styling.","robots":{"index":"index","follow":"follow","max-snippet":"max-snippet:-1","max-image-preview":"max-image-preview:large","max-video-preview":"max-video-preview:-1"},"canonical":"https:\/\/korneliarataj.com\/de\/blog\/","og_locale":"de_DE","og_type":"article","og_title":"Blog - Stroje K\u0105pielowe i Odzie\u017c Lniana Sklep Kornelia Rataj","og_description":"Blog Kornelia Rataj o strojach k\u0105pielowych i lnie. Porady zakupowe, piel\u0119gnacja tkanin i inspiracje do letnich stylizacji.","og_url":"https:\/\/korneliarataj.com\/de\/blog\/","og_site_name":"KORNELIARATAJ","article_publisher":"http:\/\/www.facebook.com\/korneliaratajshop","article_modified_time":"2026-01-08T12:42:22+00:00","twitter_card":"summary_large_image","schema":{"@context":"https:\/\/schema.org","@graph":[{"@type":"WebPage","@id":"https:\/\/korneliarataj.com\/blog\/","url":"https:\/\/korneliarataj.com\/blog\/","name":"Blog - Bademode und W\u00e4sche Shop Kornelia Rataj","isPartOf":{"@id":"https:\/\/korneliarataj.com\/#website"},"datePublished":"2025-01-31T01:28:27+00:00","dateModified":"2026-01-08T12:42:22+00:00","description":"Kornelia Ratajs Blog \u00fcber Bademode und Leinen. Einkaufstipps, Stoffpflege und Inspirationen f\u00fcr das Sommer-Styling.","breadcrumb":{"@id":"https:\/\/korneliarataj.com\/blog\/#breadcrumb"},"inLanguage":"de","potentialAction":[{"@type":"ReadAction","target":["https:\/\/korneliarataj.com\/blog\/"]}]},{"@type":"BreadcrumbList","@id":"https:\/\/korneliarataj.com\/blog\/#breadcrumb","itemListElement":[{"@type":"ListItem","position":1,"name":"HOME","item":"https:\/\/korneliarataj.com\/"},{"@type":"ListItem","position":2,"name":"Blog"}]},{"@type":"WebSite","@id":"https:\/\/korneliarataj.com\/#website","url":"https:\/\/korneliarataj.com\/","name":"Bademode und Leinenbekleidung Shop Kornelia Rataj","description":"badebekleidung badebekleidung leinen leinenbekleidung","publisher":{"@id":"https:\/\/korneliarataj.com\/#organization"},"potentialAction":[{"@type":"SearchAction","target":{"@type":"EntryPoint","urlTemplate":"https:\/\/korneliarataj.com\/?s={search_term_string}"},"query-input":{"@type":"PropertyValueSpecification","valueRequired":true,"valueName":"search_term_string"}}],"inLanguage":"de"},{"@type":"Organization","@id":"https:\/\/korneliarataj.com\/#organization","name":"KORNELIARATAJ","url":"https:\/\/korneliarataj.com\/","logo":{"@type":"ImageObject","inLanguage":"de","@id":"https:\/\/korneliarataj.com\/#\/schema\/logo\/image\/","url":"https:\/\/korneliarataj.com\/wp-content\/uploads\/2020\/07\/LOGO-KR.svg","contentUrl":"https:\/\/korneliarataj.com\/wp-content\/uploads\/2020\/07\/LOGO-KR.svg","width":1024,"height":1024,"caption":"KORNELIARATAJ"},"image":{"@id":"https:\/\/korneliarataj.com\/#\/schema\/logo\/image\/"},"sameAs":["http:\/\/www.facebook.com\/korneliaratajshop","http:\/\/www.instagram.com\/korneliarataj"]}]}},"_links":{"self":[{"href":"https:\/\/korneliarataj.com\/de\/wp-json\/wp\/v2\/pages\/310365","targetHints":{"allow":["GET"]}}],"collection":[{"href":"https:\/\/korneliarataj.com\/de\/wp-json\/wp\/v2\/pages"}],"about":[{"href":"https:\/\/korneliarataj.com\/de\/wp-json\/wp\/v2\/types\/page"}],"author":[{"embeddable":true,"href":"https:\/\/korneliarataj.com\/de\/wp-json\/wp\/v2\/users\/1"}],"replies":[{"embeddable":true,"href":"https:\/\/korneliarataj.com\/de\/wp-json\/wp\/v2\/comments?post=310365"}],"version-history":[{"count":0,"href":"https:\/\/korneliarataj.com\/de\/wp-json\/wp\/v2\/pages\/310365\/revisions"}],"wp:attachment":[{"href":"https:\/\/korneliarataj.com\/de\/wp-json\/wp\/v2\/media?parent=310365"}],"curies":[{"name":"wp","href":"https:\/\/api.w.org\/{rel}","templated":true}]}}