{"id":219,"date":"2020-07-24T18:05:38","date_gmt":"2020-07-24T16:05:38","guid":{"rendered":"https:\/\/korneliaratajtest.com\/?page_id=219"},"modified":"2026-03-23T01:13:48","modified_gmt":"2026-03-23T00:13:48","slug":"karty-podarunkowe","status":"publish","type":"page","link":"https:\/\/korneliarataj.com\/de\/karty-podarunkowe\/","title":{"rendered":"Geschenkkarten"},"content":{"rendered":"<div class=\"woocommerce columns-3\"><div class=\"woocommerce-notices-wrapper\"><\/div><p class=\"woocommerce-result-count\" role=\"alert\" aria-relevant=\"all\" >\n\tAlle 2\u00a0Ergebnisse werden angezeigt<\/p>\n<form class=\"woocommerce-ordering\" method=\"get\" action=\"\">\n\t\t<select\n\t\tname=\"orderby\"\n\t\tclass=\"orderby\"\n\t\t\t\t\taria-label=\"Shop-Reihenfolge\" data-no-translation-aria-label=\"\"\n\t\t\t>\n\t\t\t\t\t<option value=\"price\" data-no-translation=\"\" data-trp-gettext=\"\" >Sortierung nach Preis: niedrig bis hoch<\/option>\n\t\t\t\t\t<option value=\"price-desc\" data-no-translation=\"\" data-trp-gettext=\"\" >Sortierung nach Preis: hoch bis niedrig<\/option>\n\t\t\t\t\t<option value=\"sku-asc\"  selected='selected'>Standard-Sortierung<\/option>\n\t\t\t\t\t<option value=\"alphabetical\" >Sort by name: A to Z<\/option>\n\t\t\t\t\t<option value=\"reverse_alpha\" >Sort by name: Z to A<\/option>\n\t\t\t<\/select>\n\t<input type=\"hidden\" name=\"paged\" value=\"1\" \/>\n\t<input type=\"hidden\" name=\"trp-form-language\" value=\"de\"\/><\/form>\n<ul class=\"products columns-3\">\n<li class=\"flv-has-gallery product type-product post-162896 status-publish first instock product_cat-kartapodarunkowa has-post-thumbnail taxable shipping-taxable purchasable product-type-variable has-default-attributes\">\n\t<a href=\"https:\/\/korneliarataj.com\/de\/produkt\/e-voucher\/\" class=\"woocommerce-LoopProduct-link woocommerce-loop-product__link\"><img fetchpriority=\"high\" decoding=\"async\" width=\"600\" height=\"900\" src=\"https:\/\/korneliarataj.com\/wp-content\/uploads\/2021\/04\/KR-GIFT-CARD-683x1024.jpg\" class=\"attachment-woocommerce_thumbnail size-woocommerce_thumbnail\" alt=\"E-VOUCHER\" srcset=\"https:\/\/korneliarataj.com\/wp-content\/uploads\/2021\/04\/KR-GIFT-CARD-683x1024.jpg 683w, https:\/\/korneliarataj.com\/wp-content\/uploads\/2021\/04\/KR-GIFT-CARD-200x300.jpg 200w, https:\/\/korneliarataj.com\/wp-content\/uploads\/2021\/04\/KR-GIFT-CARD-768x1152.jpg 768w, https:\/\/korneliarataj.com\/wp-content\/uploads\/2021\/04\/KR-GIFT-CARD-1024x1536.jpg 1024w, https:\/\/korneliarataj.com\/wp-content\/uploads\/2021\/04\/KR-GIFT-CARD-scaled.jpg 1365w, https:\/\/korneliarataj.com\/wp-content\/uploads\/2021\/04\/KR-GIFT-CARD-350x525.jpg 350w, https:\/\/korneliarataj.com\/wp-content\/uploads\/2021\/04\/KR-GIFT-CARD-1200x1800.jpg 1200w, https:\/\/korneliarataj.com\/wp-content\/uploads\/2021\/04\/KR-GIFT-CARD-scaled-167x250.jpg 167w\" sizes=\"(max-width: 600px) 100vw, 600px\" \/><img decoding=\"async\" width=\"350\" height=\"525\" src=\"https:\/\/korneliarataj.com\/wp-content\/uploads\/2021\/04\/KR-GIFT-CARD-350x525.jpg\" class=\"flv_second_img attachment-shop-catalog\" alt=\"\" srcset=\"https:\/\/korneliarataj.com\/wp-content\/uploads\/2021\/04\/KR-GIFT-CARD-350x525.jpg 350w, https:\/\/korneliarataj.com\/wp-content\/uploads\/2021\/04\/KR-GIFT-CARD-200x300.jpg 200w, https:\/\/korneliarataj.com\/wp-content\/uploads\/2021\/04\/KR-GIFT-CARD-683x1024.jpg 683w, https:\/\/korneliarataj.com\/wp-content\/uploads\/2021\/04\/KR-GIFT-CARD-768x1152.jpg 768w, https:\/\/korneliarataj.com\/wp-content\/uploads\/2021\/04\/KR-GIFT-CARD-1024x1536.jpg 1024w, https:\/\/korneliarataj.com\/wp-content\/uploads\/2021\/04\/KR-GIFT-CARD-scaled.jpg 1365w, https:\/\/korneliarataj.com\/wp-content\/uploads\/2021\/04\/KR-GIFT-CARD-1200x1800.jpg 1200w, https:\/\/korneliarataj.com\/wp-content\/uploads\/2021\/04\/KR-GIFT-CARD-scaled-167x250.jpg 167w\" sizes=\"(max-width: 350px) 100vw, 350px\" \/><h2 class=\"woocommerce-loop-product__title\">E-VOUCHER<\/h2>\n\t<span class=\"price\"><span class=\"woocommerce-Price-amount amount\" aria-hidden=\"true\"><bdi>100,00&nbsp;<span class=\"woocommerce-Price-currencySymbol\">PLN<\/span><\/bdi><\/span> <span aria-hidden=\"true\"> \u2013 <\/span> <span class=\"woocommerce-Price-amount amount\" aria-hidden=\"true\"><bdi>1000,00&nbsp;<span class=\"woocommerce-Price-currencySymbol\">PLN<\/span><\/bdi><\/span><span class=\"screen-reader-text\" data-no-translation=\"\" data-trp-gettext=\"\">Preisspanne: 100,00&nbsp;PLN bis 1000,00&nbsp;PLN<\/span><\/span>\n<\/a><a href=\"https:\/\/korneliarataj.com\/de\/produkt\/e-voucher\/\" aria-describedby=\"woocommerce_loop_add_to_cart_link_describedby_162896\" data-quantity=\"1\" class=\"button product_type_variable add_to_cart_button\" data-product_id=\"162896\" data-product_sku=\"e-voucher\" aria-label=\"Optionen ausw\u00e4hlen f\u00fcr &quot;E-VOUCHER&quot;.\" rel=\"nofollow\" data-no-translation=\"\" data-trp-gettext=\"\" data-no-translation-aria-label=\"\">Optionen ausw\u00e4hlen<\/a>\t<span id=\"woocommerce_loop_add_to_cart_link_describedby_162896\" class=\"screen-reader-text\">\n\t\tDieses Produkt hat mehrere Varianten. Die Optionen k\u00f6nnen auf der Produktseite ausgew\u00e4hlt werden\t<\/span>\n<span class=\"gtm4wp_productdata\" style=\"display:none; visibility:hidden;\" data-gtm4wp_product_data=\"{&quot;internal_id&quot;:162896,&quot;item_id&quot;:162896,&quot;item_name&quot;:&quot;E-VOUCHER&quot;,&quot;sku&quot;:&quot;e-voucher&quot;,&quot;price&quot;:100,&quot;stocklevel&quot;:null,&quot;stockstatus&quot;:&quot;instock&quot;,&quot;google_business_vertical&quot;:&quot;retail&quot;,&quot;item_category&quot;:&quot;KARTAPODARUNKOWA&quot;,&quot;id&quot;:162896,&quot;productlink&quot;:&quot;https:\\\/\\\/korneliarataj.com\\\/de\\\/produkt\\\/e-voucher\\\/&quot;,&quot;item_list_name&quot;:&quot;General Product List&quot;,&quot;index&quot;:1,&quot;product_type&quot;:&quot;variable&quot;,&quot;item_brand&quot;:&quot;&quot;}\"><\/span><\/li>\n<li class=\"flv-has-gallery product type-product post-389 status-publish instock product_cat-kartapodarunkowa has-post-thumbnail taxable shipping-taxable purchasable product-type-variable has-default-attributes\">\n\t<a href=\"https:\/\/korneliarataj.com\/de\/produkt\/karta-podarunkowa\/\" class=\"woocommerce-LoopProduct-link woocommerce-loop-product__link\"><img decoding=\"async\" width=\"600\" height=\"900\" src=\"https:\/\/korneliarataj.com\/wp-content\/uploads\/2021\/04\/KR-GIFT-CARD-683x1024.jpg\" class=\"attachment-woocommerce_thumbnail size-woocommerce_thumbnail\" alt=\"KARTA PODARUNKOWA\" srcset=\"https:\/\/korneliarataj.com\/wp-content\/uploads\/2021\/04\/KR-GIFT-CARD-683x1024.jpg 683w, https:\/\/korneliarataj.com\/wp-content\/uploads\/2021\/04\/KR-GIFT-CARD-200x300.jpg 200w, https:\/\/korneliarataj.com\/wp-content\/uploads\/2021\/04\/KR-GIFT-CARD-768x1152.jpg 768w, https:\/\/korneliarataj.com\/wp-content\/uploads\/2021\/04\/KR-GIFT-CARD-1024x1536.jpg 1024w, https:\/\/korneliarataj.com\/wp-content\/uploads\/2021\/04\/KR-GIFT-CARD-scaled.jpg 1365w, https:\/\/korneliarataj.com\/wp-content\/uploads\/2021\/04\/KR-GIFT-CARD-350x525.jpg 350w, https:\/\/korneliarataj.com\/wp-content\/uploads\/2021\/04\/KR-GIFT-CARD-1200x1800.jpg 1200w, https:\/\/korneliarataj.com\/wp-content\/uploads\/2021\/04\/KR-GIFT-CARD-scaled-167x250.jpg 167w\" sizes=\"(max-width: 600px) 100vw, 600px\" \/><img decoding=\"async\" width=\"350\" height=\"525\" src=\"https:\/\/korneliarataj.com\/wp-content\/uploads\/2021\/04\/KR-GIFT-CARD-350x525.jpg\" class=\"flv_second_img attachment-shop-catalog\" alt=\"\" srcset=\"https:\/\/korneliarataj.com\/wp-content\/uploads\/2021\/04\/KR-GIFT-CARD-350x525.jpg 350w, https:\/\/korneliarataj.com\/wp-content\/uploads\/2021\/04\/KR-GIFT-CARD-200x300.jpg 200w, https:\/\/korneliarataj.com\/wp-content\/uploads\/2021\/04\/KR-GIFT-CARD-683x1024.jpg 683w, https:\/\/korneliarataj.com\/wp-content\/uploads\/2021\/04\/KR-GIFT-CARD-768x1152.jpg 768w, https:\/\/korneliarataj.com\/wp-content\/uploads\/2021\/04\/KR-GIFT-CARD-1024x1536.jpg 1024w, https:\/\/korneliarataj.com\/wp-content\/uploads\/2021\/04\/KR-GIFT-CARD-scaled.jpg 1365w, https:\/\/korneliarataj.com\/wp-content\/uploads\/2021\/04\/KR-GIFT-CARD-1200x1800.jpg 1200w, https:\/\/korneliarataj.com\/wp-content\/uploads\/2021\/04\/KR-GIFT-CARD-scaled-167x250.jpg 167w\" sizes=\"(max-width: 350px) 100vw, 350px\" \/><h2 class=\"woocommerce-loop-product__title\">GESCHENKKKARTE<\/h2>\n\t<span class=\"price\"><span class=\"woocommerce-Price-amount amount\" aria-hidden=\"true\"><bdi>100,00&nbsp;<span class=\"woocommerce-Price-currencySymbol\">PLN<\/span><\/bdi><\/span> <span aria-hidden=\"true\"> \u2013 <\/span> <span class=\"woocommerce-Price-amount amount\" aria-hidden=\"true\"><bdi>1000,00&nbsp;<span class=\"woocommerce-Price-currencySymbol\">PLN<\/span><\/bdi><\/span><span class=\"screen-reader-text\" data-no-translation=\"\" data-trp-gettext=\"\">Preisspanne: 100,00&nbsp;PLN bis 1000,00&nbsp;PLN<\/span><\/span>\n<\/a><a href=\"https:\/\/korneliarataj.com\/de\/produkt\/karta-podarunkowa\/\" aria-describedby=\"woocommerce_loop_add_to_cart_link_describedby_389\" data-quantity=\"1\" class=\"button product_type_variable add_to_cart_button\" data-product_id=\"389\" data-product_sku=\"karta\" aria-label=\"Optionen ausw\u00e4hlen f\u00fcr &quot;KARTA PODARUNKOWA&quot;.\" rel=\"nofollow\" data-no-translation=\"\" data-trp-gettext=\"\" data-no-translation-aria-label=\"\">Optionen ausw\u00e4hlen<\/a>\t<span id=\"woocommerce_loop_add_to_cart_link_describedby_389\" class=\"screen-reader-text\">\n\t\tDieses Produkt hat mehrere Varianten. Die Optionen k\u00f6nnen auf der Produktseite ausgew\u00e4hlt werden\t<\/span>\n<span class=\"gtm4wp_productdata\" style=\"display:none; visibility:hidden;\" data-gtm4wp_product_data=\"{&quot;internal_id&quot;:389,&quot;item_id&quot;:389,&quot;item_name&quot;:&quot;KARTA PODARUNKOWA&quot;,&quot;sku&quot;:&quot;karta&quot;,&quot;price&quot;:100,&quot;stocklevel&quot;:null,&quot;stockstatus&quot;:&quot;instock&quot;,&quot;google_business_vertical&quot;:&quot;retail&quot;,&quot;item_category&quot;:&quot;KARTAPODARUNKOWA&quot;,&quot;id&quot;:389,&quot;productlink&quot;:&quot;https:\\\/\\\/korneliarataj.com\\\/de\\\/produkt\\\/karta-podarunkowa\\\/&quot;,&quot;item_list_name&quot;:&quot;General Product List&quot;,&quot;index&quot;:2,&quot;product_type&quot;:&quot;variable&quot;,&quot;item_brand&quot;:&quot;&quot;}\"><\/span><\/li>\n<\/ul>\n<\/div>","protected":false},"excerpt":{"rendered":"","protected":false},"author":1,"featured_media":0,"parent":0,"menu_order":0,"comment_status":"closed","ping_status":"closed","template":"","meta":{"footnotes":""},"class_list":["post-219","page","type-page","status-publish","hentry"],"yoast_head":"<!-- This site is optimized with the Yoast SEO plugin v27.3 - https:\/\/yoast.com\/product\/yoast-seo-wordpress\/ -->\n<title>Karty podarunkowe - Stroje K\u0105pielowe i Odzie\u017c Lniana Sklep Kornelia Rataj<\/title>\n<meta name=\"description\" content=\"Karty podarunkowe Kornelia Rataj. Uniwersalny prezent umo\u017cliwiaj\u0105cy wyb\u00f3r stroj\u00f3w k\u0105pielowych i odzie\u017cy lnianej.\" \/>\n<meta name=\"robots\" content=\"index, follow, max-snippet:-1, max-image-preview:large, max-video-preview:-1\" \/>\n<link rel=\"canonical\" href=\"https:\/\/korneliarataj.com\/de\/karty-podarunkowe\/\" \/>\n<meta property=\"og:locale\" content=\"de_DE\" \/>\n<meta property=\"og:type\" content=\"article\" \/>\n<meta property=\"og:title\" content=\"Karty podarunkowe - Stroje K\u0105pielowe i Odzie\u017c Lniana Sklep Kornelia Rataj\" \/>\n<meta property=\"og:description\" content=\"Karty podarunkowe Kornelia Rataj. Uniwersalny prezent umo\u017cliwiaj\u0105cy wyb\u00f3r stroj\u00f3w k\u0105pielowych i odzie\u017cy lnianej.\" \/>\n<meta property=\"og:url\" content=\"https:\/\/korneliarataj.com\/de\/karty-podarunkowe\/\" \/>\n<meta property=\"og:site_name\" content=\"KORNELIARATAJ\" \/>\n<meta property=\"article:publisher\" content=\"http:\/\/www.facebook.com\/korneliaratajshop\" \/>\n<meta property=\"article:modified_time\" content=\"2026-03-23T00:13:48+00:00\" \/>\n<meta name=\"twitter:card\" content=\"summary_large_image\" \/>\n<script type=\"application\/ld+json\" class=\"yoast-schema-graph\">{\"@context\":\"https:\\\/\\\/schema.org\",\"@graph\":[{\"@type\":\"WebPage\",\"@id\":\"https:\\\/\\\/korneliarataj.com\\\/karty-podarunkowe\\\/\",\"url\":\"https:\\\/\\\/korneliarataj.com\\\/karty-podarunkowe\\\/\",\"name\":\"Karty podarunkowe - Stroje K\u0105pielowe i Odzie\u017c Lniana Sklep Kornelia Rataj\",\"isPartOf\":{\"@id\":\"https:\\\/\\\/korneliarataj.com\\\/#website\"},\"datePublished\":\"2020-07-24T16:05:38+00:00\",\"dateModified\":\"2026-03-23T00:13:48+00:00\",\"description\":\"Karty podarunkowe Kornelia Rataj. Uniwersalny prezent umo\u017cliwiaj\u0105cy wyb\u00f3r stroj\u00f3w k\u0105pielowych i odzie\u017cy lnianej.\",\"breadcrumb\":{\"@id\":\"https:\\\/\\\/korneliarataj.com\\\/karty-podarunkowe\\\/#breadcrumb\"},\"inLanguage\":\"de\",\"potentialAction\":[{\"@type\":\"ReadAction\",\"target\":[\"https:\\\/\\\/korneliarataj.com\\\/karty-podarunkowe\\\/\"]}]},{\"@type\":\"BreadcrumbList\",\"@id\":\"https:\\\/\\\/korneliarataj.com\\\/karty-podarunkowe\\\/#breadcrumb\",\"itemListElement\":[{\"@type\":\"ListItem\",\"position\":1,\"name\":\"HOME\",\"item\":\"https:\\\/\\\/korneliarataj.com\\\/\"},{\"@type\":\"ListItem\",\"position\":2,\"name\":\"Karty podarunkowe\"}]},{\"@type\":\"WebSite\",\"@id\":\"https:\\\/\\\/korneliarataj.com\\\/#website\",\"url\":\"https:\\\/\\\/korneliarataj.com\\\/\",\"name\":\"Stroje K\u0105pielowe i Odzie\u017c Lniana Sklep Kornelia Rataj\",\"description\":\"swimwear stroje k\u0105pielowe ubrania len lniane\",\"publisher\":{\"@id\":\"https:\\\/\\\/korneliarataj.com\\\/#organization\"},\"potentialAction\":[{\"@type\":\"SearchAction\",\"target\":{\"@type\":\"EntryPoint\",\"urlTemplate\":\"https:\\\/\\\/korneliarataj.com\\\/?s={search_term_string}\"},\"query-input\":{\"@type\":\"PropertyValueSpecification\",\"valueRequired\":true,\"valueName\":\"search_term_string\"}}],\"inLanguage\":\"de\"},{\"@type\":\"Organization\",\"@id\":\"https:\\\/\\\/korneliarataj.com\\\/#organization\",\"name\":\"KORNELIARATAJ\",\"url\":\"https:\\\/\\\/korneliarataj.com\\\/\",\"logo\":{\"@type\":\"ImageObject\",\"inLanguage\":\"de\",\"@id\":\"https:\\\/\\\/korneliarataj.com\\\/#\\\/schema\\\/logo\\\/image\\\/\",\"url\":\"https:\\\/\\\/korneliarataj.com\\\/wp-content\\\/uploads\\\/2020\\\/07\\\/LOGO-KR.svg\",\"contentUrl\":\"https:\\\/\\\/korneliarataj.com\\\/wp-content\\\/uploads\\\/2020\\\/07\\\/LOGO-KR.svg\",\"width\":1024,\"height\":1024,\"caption\":\"KORNELIARATAJ\"},\"image\":{\"@id\":\"https:\\\/\\\/korneliarataj.com\\\/#\\\/schema\\\/logo\\\/image\\\/\"},\"sameAs\":[\"http:\\\/\\\/www.facebook.com\\\/korneliaratajshop\",\"http:\\\/\\\/www.instagram.com\\\/korneliarataj\"]}]}<\/script>\n<!-- \/ Yoast SEO plugin. -->","yoast_head_json":{"title":"Geschenkkarten - Bademode und W\u00e4sche Shop Kornelia Rataj","description":"Kornelia Rataj Geschenkkarten. Ein vielseitiges Geschenk, das eine Auswahl an Bademoden und Leinenbekleidung erm\u00f6glicht.","robots":{"index":"index","follow":"follow","max-snippet":"max-snippet:-1","max-image-preview":"max-image-preview:large","max-video-preview":"max-video-preview:-1"},"canonical":"https:\/\/korneliarataj.com\/de\/karty-podarunkowe\/","og_locale":"de_DE","og_type":"article","og_title":"Karty podarunkowe - Stroje K\u0105pielowe i Odzie\u017c Lniana Sklep Kornelia Rataj","og_description":"Karty podarunkowe Kornelia Rataj. Uniwersalny prezent umo\u017cliwiaj\u0105cy wyb\u00f3r stroj\u00f3w k\u0105pielowych i odzie\u017cy lnianej.","og_url":"https:\/\/korneliarataj.com\/de\/karty-podarunkowe\/","og_site_name":"KORNELIARATAJ","article_publisher":"http:\/\/www.facebook.com\/korneliaratajshop","article_modified_time":"2026-03-23T00:13:48+00:00","twitter_card":"summary_large_image","schema":{"@context":"https:\/\/schema.org","@graph":[{"@type":"WebPage","@id":"https:\/\/korneliarataj.com\/karty-podarunkowe\/","url":"https:\/\/korneliarataj.com\/karty-podarunkowe\/","name":"Geschenkkarten - Bademode und W\u00e4sche Shop Kornelia Rataj","isPartOf":{"@id":"https:\/\/korneliarataj.com\/#website"},"datePublished":"2020-07-24T16:05:38+00:00","dateModified":"2026-03-23T00:13:48+00:00","description":"Kornelia Rataj Geschenkkarten. Ein vielseitiges Geschenk, das eine Auswahl an Bademoden und Leinenbekleidung erm\u00f6glicht.","breadcrumb":{"@id":"https:\/\/korneliarataj.com\/karty-podarunkowe\/#breadcrumb"},"inLanguage":"de","potentialAction":[{"@type":"ReadAction","target":["https:\/\/korneliarataj.com\/karty-podarunkowe\/"]}]},{"@type":"BreadcrumbList","@id":"https:\/\/korneliarataj.com\/karty-podarunkowe\/#breadcrumb","itemListElement":[{"@type":"ListItem","position":1,"name":"HOME","item":"https:\/\/korneliarataj.com\/"},{"@type":"ListItem","position":2,"name":"Karty podarunkowe"}]},{"@type":"WebSite","@id":"https:\/\/korneliarataj.com\/#website","url":"https:\/\/korneliarataj.com\/","name":"Bademode und Leinenbekleidung Shop Kornelia Rataj","description":"badebekleidung badebekleidung leinen leinenbekleidung","publisher":{"@id":"https:\/\/korneliarataj.com\/#organization"},"potentialAction":[{"@type":"SearchAction","target":{"@type":"EntryPoint","urlTemplate":"https:\/\/korneliarataj.com\/?s={search_term_string}"},"query-input":{"@type":"PropertyValueSpecification","valueRequired":true,"valueName":"search_term_string"}}],"inLanguage":"de"},{"@type":"Organization","@id":"https:\/\/korneliarataj.com\/#organization","name":"KORNELIARATAJ","url":"https:\/\/korneliarataj.com\/","logo":{"@type":"ImageObject","inLanguage":"de","@id":"https:\/\/korneliarataj.com\/#\/schema\/logo\/image\/","url":"https:\/\/korneliarataj.com\/wp-content\/uploads\/2020\/07\/LOGO-KR.svg","contentUrl":"https:\/\/korneliarataj.com\/wp-content\/uploads\/2020\/07\/LOGO-KR.svg","width":1024,"height":1024,"caption":"KORNELIARATAJ"},"image":{"@id":"https:\/\/korneliarataj.com\/#\/schema\/logo\/image\/"},"sameAs":["http:\/\/www.facebook.com\/korneliaratajshop","http:\/\/www.instagram.com\/korneliarataj"]}]}},"_links":{"self":[{"href":"https:\/\/korneliarataj.com\/de\/wp-json\/wp\/v2\/pages\/219","targetHints":{"allow":["GET"]}}],"collection":[{"href":"https:\/\/korneliarataj.com\/de\/wp-json\/wp\/v2\/pages"}],"about":[{"href":"https:\/\/korneliarataj.com\/de\/wp-json\/wp\/v2\/types\/page"}],"author":[{"embeddable":true,"href":"https:\/\/korneliarataj.com\/de\/wp-json\/wp\/v2\/users\/1"}],"replies":[{"embeddable":true,"href":"https:\/\/korneliarataj.com\/de\/wp-json\/wp\/v2\/comments?post=219"}],"version-history":[{"count":1,"href":"https:\/\/korneliarataj.com\/de\/wp-json\/wp\/v2\/pages\/219\/revisions"}],"predecessor-version":[{"id":406659,"href":"https:\/\/korneliarataj.com\/de\/wp-json\/wp\/v2\/pages\/219\/revisions\/406659"}],"wp:attachment":[{"href":"https:\/\/korneliarataj.com\/de\/wp-json\/wp\/v2\/media?parent=219"}],"curies":[{"name":"wp","href":"https:\/\/api.w.org\/{rel}","templated":true}]}}