{"id":148,"date":"2020-07-24T13:17:40","date_gmt":"2020-07-24T11:17:40","guid":{"rendered":"https:\/\/korneliaratajtest.com\/?page_id=148"},"modified":"2026-02-15T01:26:47","modified_gmt":"2026-02-15T00:26:47","slug":"o-nas","status":"publish","type":"page","link":"https:\/\/korneliarataj.com\/de\/o-nas\/","title":{"rendered":"\u00dcber uns"},"content":{"rendered":"<div data-elementor-type=\"wp-page\" data-elementor-id=\"148\" class=\"elementor elementor-148\" data-elementor-post-type=\"page\">\n\t\t\t\t<div class=\"elementor-element elementor-element-59dd5c5 e-flex e-con-boxed e-con e-parent\" data-id=\"59dd5c5\" data-element_type=\"container\" data-e-type=\"container\">\n\t\t\t\t\t<div class=\"e-con-inner\">\n\t\t\t\t<div class=\"elementor-element elementor-element-7b18ed3 elementor-widget elementor-widget-heading\" data-id=\"7b18ed3\" data-element_type=\"widget\" data-e-type=\"widget\" data-widget_type=\"heading.default\">\n\t\t\t\t<div class=\"elementor-widget-container\">\n\t\t\t\t\t<h2 class=\"elementor-heading-title elementor-size-default\">\u00dcber uns, mit den Worten der Designerin Kornelia Rataj<\/h2>\t\t\t\t<\/div>\n\t\t\t\t<\/div>\n\t\t\t\t\t<\/div>\n\t\t\t\t<\/div>\n\t\t<div class=\"elementor-element elementor-element-bfbe9c3 e-grid elementor-hidden-tablet elementor-hidden-mobile e-con-boxed e-con e-parent\" data-id=\"bfbe9c3\" data-element_type=\"container\" data-e-type=\"container\">\n\t\t\t\t\t<div class=\"e-con-inner\">\n\t\t\t\t<div class=\"elementor-element elementor-element-0d9c0d0 elementor-widget elementor-widget-image\" data-id=\"0d9c0d0\" data-element_type=\"widget\" data-e-type=\"widget\" data-widget_type=\"image.default\">\n\t\t\t\t<div class=\"elementor-widget-container\">\n\t\t\t\t\t\t\t\t\t\t\t\t\t\t\t<img fetchpriority=\"high\" decoding=\"async\" width=\"683\" height=\"1024\" src=\"https:\/\/korneliarataj.com\/wp-content\/uploads\/2024\/04\/O-NAS-1-683x1024.jpg\" class=\"attachment-large size-large wp-image-200257\" alt=\"\" srcset=\"https:\/\/korneliarataj.com\/wp-content\/uploads\/2024\/04\/O-NAS-1-683x1024.jpg 683w, https:\/\/korneliarataj.com\/wp-content\/uploads\/2024\/04\/O-NAS-1-200x300.jpg 200w, https:\/\/korneliarataj.com\/wp-content\/uploads\/2024\/04\/O-NAS-1-768x1151.jpg 768w, https:\/\/korneliarataj.com\/wp-content\/uploads\/2024\/04\/O-NAS-1-1025x1536.jpg 1025w, https:\/\/korneliarataj.com\/wp-content\/uploads\/2024\/04\/O-NAS-1-scaled.jpg 1366w, https:\/\/korneliarataj.com\/wp-content\/uploads\/2024\/04\/O-NAS-1-350x525.jpg 350w, https:\/\/korneliarataj.com\/wp-content\/uploads\/2024\/04\/O-NAS-1-1200x1799.jpg 1200w, https:\/\/korneliarataj.com\/wp-content\/uploads\/2024\/04\/O-NAS-1-scaled-167x250.jpg 167w, https:\/\/korneliarataj.com\/wp-content\/uploads\/2024\/04\/O-NAS-1-64x96.jpg 64w, https:\/\/korneliarataj.com\/wp-content\/uploads\/2024\/04\/O-NAS-1-60x90.jpg 60w\" sizes=\"(max-width: 683px) 100vw, 683px\" \/>\t\t\t\t\t\t\t\t\t\t\t\t\t\t\t<\/div>\n\t\t\t\t<\/div>\n\t\t\t\t<div class=\"elementor-element elementor-element-47c240a elementor-widget elementor-widget-text-editor\" data-id=\"47c240a\" data-element_type=\"widget\" data-e-type=\"widget\" data-widget_type=\"text-editor.default\">\n\t\t\t\t<div class=\"elementor-widget-container\">\n\t\t\t\t\t\t\t\t\t<p>Moja przygoda z mod\u0105 zacz\u0119\u0142a si\u0119 bardzo wcze\u015bnie. od najm\u0142odszych lat obserwowa\u0142am moj\u0105 mam\u0119 szyj\u0105c\u0105 odzie\u017c na domowej maszynie. Pasj\u0119 do tworzenia odzie\u017cy zakorzenion\u0105 w dzieci\u0144stwie realizowa\u0142am przez ca\u0142e \u017cycie. W 2017 roku uko\u0144czy\u0142am mi\u0119dzynarodow\u0105 szko\u0142\u0119 kostiumografii i projektowania ubioru, kierunek projektowanie ubioru.<\/p><p>Jeszcze w trakcie nauki w 2016 roku spe\u0142ni\u0142am swoje najwi\u0119ksze marzenie &#8211; za\u0142o\u017cy\u0142am swoj\u0105 firm\u0119 pod nazw\u0105 KORNELIARATAJ. Marka powsta\u0142a z \u017cyciowych marze\u0144 o tworzeniu, z ogromnego pragnienia kreowania pi\u0119kna dla kobiet, b\u0119d\u0105cego odzwierciedleniem mojego wyczucia formy, stylu i estetyki.<\/p><p>I tak w 10 m2 pokoju w mieszkaniu moich rodzic\u00f3w powstawa\u0142y pierwsze produkty naszej marki szyte w ca\u0142o\u015bci przez moj\u0105 mam\u0119.<\/p><p>W 2018 roku pracowni\u0119 przenie\u015bli\u015bmy do 40m2, gdzie mie\u015bci\u0142 si\u0119 nasz magazyn, tam te\u017c projektowa\u0142am i tworzone by\u0142y pierwowzory, a nasze kolekcje powstawa\u0142y wtedy w zewn\u0119trznej zaprzyja\u017anionej szwalni w Legnicy.<\/p>\t\t\t\t\t\t\t\t<\/div>\n\t\t\t\t<\/div>\n\t\t\t\t\t<\/div>\n\t\t\t\t<\/div>\n\t\t<div class=\"elementor-element elementor-element-48a5b46 e-grid elementor-hidden-tablet elementor-hidden-mobile e-con-boxed e-con e-parent\" data-id=\"48a5b46\" data-element_type=\"container\" data-e-type=\"container\">\n\t\t\t\t\t<div class=\"e-con-inner\">\n\t\t\t\t<div class=\"elementor-element elementor-element-cb41599 elementor-widget elementor-widget-text-editor\" data-id=\"cb41599\" data-element_type=\"widget\" data-e-type=\"widget\" data-widget_type=\"text-editor.default\">\n\t\t\t\t<div class=\"elementor-widget-container\">\n\t\t\t\t\t\t\t\t\t<p>W 2023 roku pracowni\u0119 przenie\u015bli\u015bmy do odnalezionego kilka lat wcze\u015bniej wiejskiego raju w Czernicy pod Jeleni\u0105 G\u00f3r\u0105, spe\u0142niaj\u0105c jednocze\u015bnie marzenie mojej najbli\u017cszej rodziny, kt\u00f3ra od pocz\u0105tku jest nieod\u0142\u0105czn\u0105 cz\u0119\u015bci\u0105 marki. Po ogromnym remoncie starej stodo\u0142y, rozpocz\u0119li\u015bmy prac\u0119 w blisko 300m2 pracowni, a co za tym idzie otworzyli\u015bmy w\u0142asn\u0105 szwalni\u0119.<\/p><p>Od po\u0142owy 2023 roku wszystkie produkty z kolekcji swimwear oraz linen produkujemy w naszej rodzinnej pracowni w Czernicy.<\/p><p>Nowa przestrze\u0144, kt\u00f3ra jest spe\u0142nieniem moich marze\u0144, da\u0142a nam mo\u017cliwo\u015b\u0107 powi\u0119kszenia naszego niewielkiego teamu. Na naszej drodze pojawili si\u0119 prawdziwie wspaniali ludzie, za co jestem ogromnie wdzi\u0119czna ka\u017cdego dnia.<\/p><p>Dzi\u0119kuj\u0119 im za ich zaanga\u017cowanie w nasz rozw\u00f3j, w codzienn\u0105 prac\u0119, w nowe projekty. Ka\u017cdy z nich to aktualnie nieod\u0142\u0105czna cz\u0119\u015b\u0107 tego co mo\u017cecie obserwowa\u0107, zam\u00f3wi\u0107, dotkn\u0105\u0107, u\u017cytkowa\u0107. Ten produkt, ta jako\u015b\u0107, to konsekwencja pasji i mi\u0142o\u015bci, jak\u0105 wsp\u00f3lnie wk\u0142adamy w nasz\u0105 prac\u0119 na ka\u017cdym etapie.<\/p><p>Made with care, just for You<br \/><img decoding=\"async\" src=\"https:\/\/korneliarataj.com\/wp-content\/uploads\/2020\/09\/SIGNATURE.png\" height=\"80\" \/><\/p>\t\t\t\t\t\t\t\t<\/div>\n\t\t\t\t<\/div>\n\t\t\t\t<div class=\"elementor-element elementor-element-67fbe04 elementor-widget elementor-widget-video\" data-id=\"67fbe04\" data-element_type=\"widget\" data-e-type=\"widget\" data-settings=\"{&quot;youtube_url&quot;:&quot;https:\\\/\\\/youtube.com\\\/embed\\\/M29PbI7yJ3Q&quot;,&quot;video_type&quot;:&quot;youtube&quot;,&quot;controls&quot;:&quot;yes&quot;}\" data-widget_type=\"video.default\">\n\t\t\t\t<div class=\"elementor-widget-container\">\n\t\t\t\t\t\t\t<div class=\"elementor-wrapper elementor-open-inline\">\n\t\t\t<div class=\"elementor-video\"><\/div>\t\t<\/div>\n\t\t\t\t\t\t<\/div>\n\t\t\t\t<\/div>\n\t\t\t\t\t<\/div>\n\t\t\t\t<\/div>\n\t\t<div class=\"elementor-element elementor-element-a82420b elementor-hidden-desktop e-flex e-con-boxed e-con e-parent\" data-id=\"a82420b\" data-element_type=\"container\" data-e-type=\"container\">\n\t\t\t\t\t<div class=\"e-con-inner\">\n\t\t\t\t<div class=\"elementor-element elementor-element-33e4069 elementor-widget elementor-widget-image\" data-id=\"33e4069\" data-element_type=\"widget\" data-e-type=\"widget\" data-widget_type=\"image.default\">\n\t\t\t\t<div class=\"elementor-widget-container\">\n\t\t\t\t\t\t\t\t\t\t\t\t\t\t\t<img fetchpriority=\"high\" decoding=\"async\" width=\"683\" height=\"1024\" src=\"https:\/\/korneliarataj.com\/wp-content\/uploads\/2024\/04\/O-NAS-1-683x1024.jpg\" class=\"attachment-large size-large wp-image-200257\" alt=\"\" srcset=\"https:\/\/korneliarataj.com\/wp-content\/uploads\/2024\/04\/O-NAS-1-683x1024.jpg 683w, https:\/\/korneliarataj.com\/wp-content\/uploads\/2024\/04\/O-NAS-1-200x300.jpg 200w, https:\/\/korneliarataj.com\/wp-content\/uploads\/2024\/04\/O-NAS-1-768x1151.jpg 768w, https:\/\/korneliarataj.com\/wp-content\/uploads\/2024\/04\/O-NAS-1-1025x1536.jpg 1025w, https:\/\/korneliarataj.com\/wp-content\/uploads\/2024\/04\/O-NAS-1-scaled.jpg 1366w, https:\/\/korneliarataj.com\/wp-content\/uploads\/2024\/04\/O-NAS-1-350x525.jpg 350w, https:\/\/korneliarataj.com\/wp-content\/uploads\/2024\/04\/O-NAS-1-1200x1799.jpg 1200w, https:\/\/korneliarataj.com\/wp-content\/uploads\/2024\/04\/O-NAS-1-scaled-167x250.jpg 167w, https:\/\/korneliarataj.com\/wp-content\/uploads\/2024\/04\/O-NAS-1-64x96.jpg 64w, https:\/\/korneliarataj.com\/wp-content\/uploads\/2024\/04\/O-NAS-1-60x90.jpg 60w\" sizes=\"(max-width: 683px) 100vw, 683px\" \/>\t\t\t\t\t\t\t\t\t\t\t\t\t\t\t<\/div>\n\t\t\t\t<\/div>\n\t\t\t\t<div class=\"elementor-element elementor-element-a91ed54 elementor-widget elementor-widget-text-editor\" data-id=\"a91ed54\" data-element_type=\"widget\" data-e-type=\"widget\" data-widget_type=\"text-editor.default\">\n\t\t\t\t<div class=\"elementor-widget-container\">\n\t\t\t\t\t\t\t\t\t<p>Moja przygoda z mod\u0105 zacz\u0119\u0142a si\u0119 bardzo wcze\u015bnie. Od najm\u0142odszych lat obserwowa\u0142am moj\u0105 mam\u0119 szyj\u0105c\u0105 odzie\u017c na domowej maszynie. pasj\u0119 do tworzenia odzie\u017cy zakorzenion\u0105 w dzieci\u0144stwie realizowa\u0142am przez ca\u0142e \u017cycie. W 2017 roku uko\u0144czy\u0142am mi\u0119dzynarodow\u0105 szko\u0142\u0119 kostiumografii i projektowania ubioru, kierunek projektowanie ubioru.<\/p><p>Jeszcze w trakcie nauki w 2016 roku spe\u0142ni\u0142am swoje najwi\u0119ksze marzenie &#8211; za\u0142o\u017cy\u0142am swoj\u0105 firm\u0119 pod nazw\u0105 KORNELIARATAJ. Marka powsta\u0142a z \u017cyciowych marze\u0144 o tworzeniu, z ogromnego pragnienia kreowania pi\u0119kna dla kobiet, b\u0119d\u0105cego odzwierciedleniem mojego wyczucia formy, stylu i estetyki.<\/p><p>I tak w 10 m2 pokoju w mieszkaniu moich rodzic\u00f3w powstawa\u0142y pierwsze produkty naszej marki szyte w ca\u0142o\u015bci przez moj\u0105 mam\u0119.<\/p><p>W 2018 roku pracowni\u0119 przenie\u015bli\u015bmy do 40m2, gdzie mie\u015bci\u0142 si\u0119 nasz magazyn, tam te\u017c projektowa\u0142am i tworzone by\u0142y pierwowzory, a nasze kolekcje powstawa\u0142y wtedy w zewn\u0119trznej zaprzyja\u017anionej szwalni w Legnicy.<\/p>\t\t\t\t\t\t\t\t<\/div>\n\t\t\t\t<\/div>\n\t\t\t\t\t<\/div>\n\t\t\t\t<\/div>\n\t\t<div class=\"elementor-element elementor-element-96893af elementor-hidden-desktop e-flex e-con-boxed e-con e-parent\" data-id=\"96893af\" data-element_type=\"container\" data-e-type=\"container\">\n\t\t\t\t\t<div class=\"e-con-inner\">\n\t\t\t\t<div class=\"elementor-element elementor-element-6cc0ee6 elementor-widget elementor-widget-text-editor\" data-id=\"6cc0ee6\" data-element_type=\"widget\" data-e-type=\"widget\" data-widget_type=\"text-editor.default\">\n\t\t\t\t<div class=\"elementor-widget-container\">\n\t\t\t\t\t\t\t\t\t<p>W 2023 roku pracowni\u0119 przenie\u015bli\u015bmy do odnalezionego kilka lat wcze\u015bniej wiejskiego raju w Czernicy pod Jeleni\u0105 G\u00f3r\u0105, spe\u0142niaj\u0105c jednocze\u015bnie marzenie mojej najbli\u017cszej rodziny, kt\u00f3ra od pocz\u0105tku jest nieod\u0142\u0105czn\u0105 cz\u0119\u015bci\u0105 marki. Po ogromnym remoncie starej stodo\u0142y, rozpocz\u0119li\u015bmy prac\u0119 w blisko 300m2 pracowni, a co za tym idzie otworzyli\u015bmy w\u0142asn\u0105 szwalni\u0119.<\/p><p>Od po\u0142owy 2023 roku wszystkie produkty z kolekcji swimwear oraz linen produkujemy w naszej rodzinnej pracowni w Czernicy.<\/p><p>Nowa przestrze\u0144, kt\u00f3ra jest spe\u0142nieniem moich marze\u0144, da\u0142a nam mo\u017cliwo\u015b\u0107 powi\u0119kszenia naszego niewielkiego teamu. Na naszej drodze pojawili si\u0119 prawdziwie wspaniali ludzie, za co jestem ogromnie wdzi\u0119czna ka\u017cdego dnia.<\/p><p>Dzi\u0119kuj\u0119 im za ich zaanga\u017cowanie w nasz rozw\u00f3j, w codzienn\u0105 prac\u0119, w nowe projekty. Ka\u017cdy z nich to aktualnie nieod\u0142\u0105czna cz\u0119\u015b\u0107 tego co mo\u017cecie obserwowa\u0107, zam\u00f3wi\u0107, dotkn\u0105\u0107, u\u017cytkowa\u0107. Ten produkt, ta jako\u015b\u0107, to konsekwencja pasji i mi\u0142o\u015bci, jak\u0105 wsp\u00f3lnie wk\u0142adamy w nasz\u0105 prac\u0119 na ka\u017cdym etapie.<\/p><p>Made with care, just for You<br \/><img decoding=\"async\" src=\"https:\/\/korneliarataj.com\/wp-content\/uploads\/2020\/09\/SIGNATURE.png\" height=\"80\" \/><\/p>\t\t\t\t\t\t\t\t<\/div>\n\t\t\t\t<\/div>\n\t\t\t\t<div class=\"elementor-element elementor-element-5297210 elementor-widget elementor-widget-video\" data-id=\"5297210\" data-element_type=\"widget\" data-e-type=\"widget\" data-settings=\"{&quot;youtube_url&quot;:&quot;https:\\\/\\\/youtube.com\\\/embed\\\/M29PbI7yJ3Q&quot;,&quot;video_type&quot;:&quot;youtube&quot;,&quot;controls&quot;:&quot;yes&quot;}\" data-widget_type=\"video.default\">\n\t\t\t\t<div class=\"elementor-widget-container\">\n\t\t\t\t\t\t\t<div class=\"elementor-wrapper elementor-open-inline\">\n\t\t\t<div class=\"elementor-video\"><\/div>\t\t<\/div>\n\t\t\t\t\t\t<\/div>\n\t\t\t\t<\/div>\n\t\t\t\t\t<\/div>\n\t\t\t\t<\/div>\n\t\t\t\t<\/div>","protected":false},"excerpt":{"rendered":"<p>o nas, s\u0142owami projektantki kornelii rataj Moja przygoda z mod\u0105 zacz\u0119\u0142a si\u0119 bardzo wcze\u015bnie. od najm\u0142odszych lat obserwowa\u0142am moj\u0105 mam\u0119 szyj\u0105c\u0105 odzie\u017c na domowej maszynie. Pasj\u0119 do tworzenia odzie\u017cy zakorzenion\u0105 w dzieci\u0144stwie realizowa\u0142am przez ca\u0142e \u017cycie. W 2017 roku uko\u0144czy\u0142am mi\u0119dzynarodow\u0105 szko\u0142\u0119 kostiumografii i projektowania ubioru, kierunek projektowanie ubioru. Jeszcze w trakcie nauki w 2016 [&hellip;]<\/p>\n","protected":false},"author":1,"featured_media":0,"parent":0,"menu_order":0,"comment_status":"closed","ping_status":"closed","template":"","meta":{"footnotes":""},"class_list":["post-148","page","type-page","status-publish","hentry"],"yoast_head":"<!-- This site is optimized with the Yoast SEO plugin v27.4 - https:\/\/yoast.com\/product\/yoast-seo-wordpress\/ -->\n<title>O nas - Stroje K\u0105pielowe i Odzie\u017c Lniana Sklep Kornelia Rataj<\/title>\n<meta name=\"description\" content=\"O marce Kornelia Rataj. Minimalistyczne podej\u015bcie do projektowania, r\u0119czne szycie i konsekwentna dba\u0142o\u015b\u0107 o jako\u015b\u0107.\" \/>\n<meta name=\"robots\" content=\"index, follow, max-snippet:-1, max-image-preview:large, max-video-preview:-1\" \/>\n<link rel=\"canonical\" href=\"https:\/\/korneliarataj.com\/de\/o-nas\/\" \/>\n<meta property=\"og:locale\" content=\"de_DE\" \/>\n<meta property=\"og:type\" content=\"article\" \/>\n<meta property=\"og:title\" content=\"O nas - Stroje K\u0105pielowe i Odzie\u017c Lniana Sklep Kornelia Rataj\" \/>\n<meta property=\"og:description\" content=\"O marce Kornelia Rataj. Minimalistyczne podej\u015bcie do projektowania, r\u0119czne szycie i konsekwentna dba\u0142o\u015b\u0107 o jako\u015b\u0107.\" \/>\n<meta property=\"og:url\" content=\"https:\/\/korneliarataj.com\/de\/o-nas\/\" \/>\n<meta property=\"og:site_name\" content=\"KORNELIARATAJ\" \/>\n<meta property=\"article:publisher\" content=\"http:\/\/www.facebook.com\/korneliaratajshop\" \/>\n<meta property=\"article:modified_time\" content=\"2026-02-15T00:26:47+00:00\" \/>\n<meta property=\"og:image\" content=\"https:\/\/korneliarataj.com\/wp-content\/uploads\/2024\/04\/O-NAS-1-scaled.jpg\" \/>\n\t<meta property=\"og:image:width\" content=\"1366\" \/>\n\t<meta property=\"og:image:height\" content=\"2048\" \/>\n\t<meta property=\"og:image:type\" content=\"image\/jpeg\" \/>\n<meta name=\"twitter:card\" content=\"summary_large_image\" \/>\n<meta name=\"twitter:label1\" content=\"Gesch\u00e4tzte Lesezeit\" \/>\n\t<meta name=\"twitter:data1\" content=\"5\u00a0Minuten\" \/>\n<script type=\"application\/ld+json\" class=\"yoast-schema-graph\">{\"@context\":\"https:\\\/\\\/schema.org\",\"@graph\":[{\"@type\":\"WebPage\",\"@id\":\"https:\\\/\\\/korneliarataj.com\\\/o-nas\\\/\",\"url\":\"https:\\\/\\\/korneliarataj.com\\\/o-nas\\\/\",\"name\":\"O nas - Stroje K\u0105pielowe i Odzie\u017c Lniana Sklep Kornelia Rataj\",\"isPartOf\":{\"@id\":\"https:\\\/\\\/korneliarataj.com\\\/#website\"},\"primaryImageOfPage\":{\"@id\":\"https:\\\/\\\/korneliarataj.com\\\/o-nas\\\/#primaryimage\"},\"image\":{\"@id\":\"https:\\\/\\\/korneliarataj.com\\\/o-nas\\\/#primaryimage\"},\"thumbnailUrl\":\"https:\\\/\\\/korneliarataj.com\\\/wp-content\\\/uploads\\\/2024\\\/04\\\/O-NAS-1-683x1024.jpg\",\"datePublished\":\"2020-07-24T11:17:40+00:00\",\"dateModified\":\"2026-02-15T00:26:47+00:00\",\"description\":\"O marce Kornelia Rataj. Minimalistyczne podej\u015bcie do projektowania, r\u0119czne szycie i konsekwentna dba\u0142o\u015b\u0107 o jako\u015b\u0107.\",\"breadcrumb\":{\"@id\":\"https:\\\/\\\/korneliarataj.com\\\/o-nas\\\/#breadcrumb\"},\"inLanguage\":\"de\",\"potentialAction\":[{\"@type\":\"ReadAction\",\"target\":[\"https:\\\/\\\/korneliarataj.com\\\/o-nas\\\/\"]}]},{\"@type\":\"ImageObject\",\"inLanguage\":\"de\",\"@id\":\"https:\\\/\\\/korneliarataj.com\\\/o-nas\\\/#primaryimage\",\"url\":\"https:\\\/\\\/korneliarataj.com\\\/wp-content\\\/uploads\\\/2024\\\/04\\\/O-NAS-1-683x1024.jpg\",\"contentUrl\":\"https:\\\/\\\/korneliarataj.com\\\/wp-content\\\/uploads\\\/2024\\\/04\\\/O-NAS-1-683x1024.jpg\"},{\"@type\":\"BreadcrumbList\",\"@id\":\"https:\\\/\\\/korneliarataj.com\\\/o-nas\\\/#breadcrumb\",\"itemListElement\":[{\"@type\":\"ListItem\",\"position\":1,\"name\":\"HOME\",\"item\":\"https:\\\/\\\/korneliarataj.com\\\/\"},{\"@type\":\"ListItem\",\"position\":2,\"name\":\"O nas\"}]},{\"@type\":\"WebSite\",\"@id\":\"https:\\\/\\\/korneliarataj.com\\\/#website\",\"url\":\"https:\\\/\\\/korneliarataj.com\\\/\",\"name\":\"Stroje K\u0105pielowe i Odzie\u017c Lniana Sklep Kornelia Rataj\",\"description\":\"swimwear stroje k\u0105pielowe ubrania len lniane\",\"publisher\":{\"@id\":\"https:\\\/\\\/korneliarataj.com\\\/#organization\"},\"potentialAction\":[{\"@type\":\"SearchAction\",\"target\":{\"@type\":\"EntryPoint\",\"urlTemplate\":\"https:\\\/\\\/korneliarataj.com\\\/?s={search_term_string}\"},\"query-input\":{\"@type\":\"PropertyValueSpecification\",\"valueRequired\":true,\"valueName\":\"search_term_string\"}}],\"inLanguage\":\"de\"},{\"@type\":\"Organization\",\"@id\":\"https:\\\/\\\/korneliarataj.com\\\/#organization\",\"name\":\"KORNELIARATAJ\",\"url\":\"https:\\\/\\\/korneliarataj.com\\\/\",\"logo\":{\"@type\":\"ImageObject\",\"inLanguage\":\"de\",\"@id\":\"https:\\\/\\\/korneliarataj.com\\\/#\\\/schema\\\/logo\\\/image\\\/\",\"url\":\"https:\\\/\\\/korneliarataj.com\\\/wp-content\\\/uploads\\\/2020\\\/07\\\/LOGO-KR.svg\",\"contentUrl\":\"https:\\\/\\\/korneliarataj.com\\\/wp-content\\\/uploads\\\/2020\\\/07\\\/LOGO-KR.svg\",\"width\":1024,\"height\":1024,\"caption\":\"KORNELIARATAJ\"},\"image\":{\"@id\":\"https:\\\/\\\/korneliarataj.com\\\/#\\\/schema\\\/logo\\\/image\\\/\"},\"sameAs\":[\"http:\\\/\\\/www.facebook.com\\\/korneliaratajshop\",\"http:\\\/\\\/www.instagram.com\\\/korneliarataj\"]}]}<\/script>\n<!-- \/ Yoast SEO plugin. -->","yoast_head_json":{"title":"\u00dcber uns \u2013 Bademode und Leinenbekleidung Shop Kornelia Rataj","description":"\u00dcber die Marke Kornelia Rataj. Minimalistisches Design, Handn\u00e4herei und konsequente Qualit\u00e4tsorientierung.","robots":{"index":"index","follow":"follow","max-snippet":"max-snippet:-1","max-image-preview":"max-image-preview:large","max-video-preview":"max-video-preview:-1"},"canonical":"https:\/\/korneliarataj.com\/de\/o-nas\/","og_locale":"de_DE","og_type":"article","og_title":"O nas - Stroje K\u0105pielowe i Odzie\u017c Lniana Sklep Kornelia Rataj","og_description":"O marce Kornelia Rataj. Minimalistyczne podej\u015bcie do projektowania, r\u0119czne szycie i konsekwentna dba\u0142o\u015b\u0107 o jako\u015b\u0107.","og_url":"https:\/\/korneliarataj.com\/de\/o-nas\/","og_site_name":"KORNELIARATAJ","article_publisher":"http:\/\/www.facebook.com\/korneliaratajshop","article_modified_time":"2026-02-15T00:26:47+00:00","og_image":[{"width":1366,"height":2048,"url":"https:\/\/korneliarataj.com\/wp-content\/uploads\/2024\/04\/O-NAS-1-scaled.jpg","type":"image\/jpeg"}],"twitter_card":"summary_large_image","twitter_misc":{"Gesch\u00e4tzte Lesezeit":"5\u00a0Minuten"},"schema":{"@context":"https:\/\/schema.org","@graph":[{"@type":"WebPage","@id":"https:\/\/korneliarataj.com\/o-nas\/","url":"https:\/\/korneliarataj.com\/o-nas\/","name":"\u00dcber uns \u2013 Bademode und Leinenbekleidung Shop Kornelia Rataj","isPartOf":{"@id":"https:\/\/korneliarataj.com\/#website"},"primaryImageOfPage":{"@id":"https:\/\/korneliarataj.com\/o-nas\/#primaryimage"},"image":{"@id":"https:\/\/korneliarataj.com\/o-nas\/#primaryimage"},"thumbnailUrl":"https:\/\/korneliarataj.com\/wp-content\/uploads\/2024\/04\/O-NAS-1-683x1024.jpg","datePublished":"2020-07-24T11:17:40+00:00","dateModified":"2026-02-15T00:26:47+00:00","description":"\u00dcber die Marke Kornelia Rataj. Minimalistisches Design, Handn\u00e4herei und konsequente Qualit\u00e4tsorientierung.","breadcrumb":{"@id":"https:\/\/korneliarataj.com\/o-nas\/#breadcrumb"},"inLanguage":"de","potentialAction":[{"@type":"ReadAction","target":["https:\/\/korneliarataj.com\/o-nas\/"]}]},{"@type":"ImageObject","inLanguage":"de","@id":"https:\/\/korneliarataj.com\/o-nas\/#primaryimage","url":"https:\/\/korneliarataj.com\/wp-content\/uploads\/2024\/04\/O-NAS-1-683x1024.jpg","contentUrl":"https:\/\/korneliarataj.com\/wp-content\/uploads\/2024\/04\/O-NAS-1-683x1024.jpg"},{"@type":"BreadcrumbList","@id":"https:\/\/korneliarataj.com\/o-nas\/#breadcrumb","itemListElement":[{"@type":"ListItem","position":1,"name":"HOME","item":"https:\/\/korneliarataj.com\/"},{"@type":"ListItem","position":2,"name":"O nas"}]},{"@type":"WebSite","@id":"https:\/\/korneliarataj.com\/#website","url":"https:\/\/korneliarataj.com\/","name":"Bademode und Leinenbekleidung Shop Kornelia Rataj","description":"badebekleidung badebekleidung leinen leinenbekleidung","publisher":{"@id":"https:\/\/korneliarataj.com\/#organization"},"potentialAction":[{"@type":"SearchAction","target":{"@type":"EntryPoint","urlTemplate":"https:\/\/korneliarataj.com\/?s={search_term_string}"},"query-input":{"@type":"PropertyValueSpecification","valueRequired":true,"valueName":"search_term_string"}}],"inLanguage":"de"},{"@type":"Organization","@id":"https:\/\/korneliarataj.com\/#organization","name":"KORNELIARATAJ","url":"https:\/\/korneliarataj.com\/","logo":{"@type":"ImageObject","inLanguage":"de","@id":"https:\/\/korneliarataj.com\/#\/schema\/logo\/image\/","url":"https:\/\/korneliarataj.com\/wp-content\/uploads\/2020\/07\/LOGO-KR.svg","contentUrl":"https:\/\/korneliarataj.com\/wp-content\/uploads\/2020\/07\/LOGO-KR.svg","width":1024,"height":1024,"caption":"KORNELIARATAJ"},"image":{"@id":"https:\/\/korneliarataj.com\/#\/schema\/logo\/image\/"},"sameAs":["http:\/\/www.facebook.com\/korneliaratajshop","http:\/\/www.instagram.com\/korneliarataj"]}]}},"_links":{"self":[{"href":"https:\/\/korneliarataj.com\/de\/wp-json\/wp\/v2\/pages\/148","targetHints":{"allow":["GET"]}}],"collection":[{"href":"https:\/\/korneliarataj.com\/de\/wp-json\/wp\/v2\/pages"}],"about":[{"href":"https:\/\/korneliarataj.com\/de\/wp-json\/wp\/v2\/types\/page"}],"author":[{"embeddable":true,"href":"https:\/\/korneliarataj.com\/de\/wp-json\/wp\/v2\/users\/1"}],"replies":[{"embeddable":true,"href":"https:\/\/korneliarataj.com\/de\/wp-json\/wp\/v2\/comments?post=148"}],"version-history":[{"count":0,"href":"https:\/\/korneliarataj.com\/de\/wp-json\/wp\/v2\/pages\/148\/revisions"}],"wp:attachment":[{"href":"https:\/\/korneliarataj.com\/de\/wp-json\/wp\/v2\/media?parent=148"}],"curies":[{"name":"wp","href":"https:\/\/api.w.org\/{rel}","templated":true}]}}