{"id":105196,"date":"2021-11-21T12:45:55","date_gmt":"2021-11-21T11:45:55","guid":{"rendered":"https:\/\/korneliarataj.com\/?page_id=105196"},"modified":"2026-02-15T00:46:09","modified_gmt":"2026-02-14T23:46:09","slug":"dostawa-i-zwroty","status":"publish","type":"page","link":"https:\/\/korneliarataj.com\/de\/dostawa-i-zwroty\/","title":{"rendered":"Lieferung und R\u00fcckgabe"},"content":{"rendered":"<p class=\"font_8\" style=\"text-align: center;\">Lieferung und R\u00fcckgabe<\/p>\n<p class=\"font_8\" style=\"text-align: center;\">Dostawa<\/p>\n<p>Zam\u00f3wienia wysy\u0142amy w ci\u0105gu 1-7 dni roboczych.<br \/>\nZazwyczaj realizowane s\u0105 w ci\u0105gu 24h.<br \/>\nW wyj\u0105tkowych sytuacjach czas realizacji mo\u017ce si\u0119 wyd\u0142u\u017cy\u0107, poinformujemy ci\u0119 o tym mailowo.<\/p>\n<p>Je\u015bli zale\u017cy Ci na szybkiej dostawie twojego zam\u00f3wienia, napisz do nas <a href=\"mailto:shop@korneliarataj.com\">shop@korneliarataj.com<\/a> oder rufen Sie an <a href=\"tel:+48730007475\" data-content=\"+48730007475\" data-type=\"phone\">+48 730 007 475<\/a> (08:00-14:00)<br \/>\nStaramy si\u0119 wysy\u0142a\u0107 zam\u00f3wienia jak najszybciej i bra\u0107 pod uwag\u0119 indywidualne pro\u015bby.<\/p>\n<p>Wysy\u0142ka zam\u00f3wie\u0144 przekraczaj\u0105cych 600z\u0142 na terenie Polski jest DARMOWA.<br \/>\nKoszt wysy\u0142ki zam\u00f3wie\u0144 poni\u017cej 600z\u0142:<br \/>\n12 PLN ORLEN Parzelle<br \/>\n15z\u0142 Paczkomat inpost (przedp\u0142ata)<br \/>\n15z\u0142 Kurier inpost (przedp\u0142ata)<br \/>\n19z\u0142 Paczkomat inpost (pobranie)<br \/>\n19z\u0142 Kurier inpost (pobranie).<\/p>\n<p>Wir versenden Bestellungen in die folgenden L\u00e4nder:<br \/>\nDeutschland, die Niederlande, Italien, Rum\u00e4nien, Belgien und die Tschechische Republik.<br \/>\nKoszt wysy\u0142ki zagranicznej: 30z\u0142<br \/>\nPrzesy\u0142ki wysy\u0142amy za po\u015brednictwem firmy kurierskiej DPD lub Poczty polskiej<\/p>\n<p>Do zam\u00f3wie\u0144 o warto\u015bci minimum 359 z\u0142, zawieraj\u0105cych wy\u0142\u0105cznie produkty z kolekcji regularnej \u2013 stroje k\u0105pielowe (nie dotyczy akcesori\u00f3w, takich jak gumki czy opaski), do\u0142\u0105czamy Bawe\u0142niany worek w cenie promocyjnej 0,01 z\u0142 (dodawane w koszyku z mo\u017cliwo\u015bci\u0105 rezygnacji). Promocja nie dotyczy produkt\u00f3w obj\u0119tych wyprzeda\u017c\u0105.<\/p>\n<p class=\"font_8\" style=\"text-align: center;\">Zwroty<\/p>\n<div id=\"ak_returns_banner_c7de7d32-7d17-40e1-8fb9-63447bb74fa8\"><\/div>\n<p>Sie haben 14 Tage nach Erhalt Ihrer Bestellung Zeit, vom Kaufvertrag zur\u00fcckzutreten.<\/p>\n<p>&#8211; Przy zwrocie cz\u0119\u015bciowym zam\u00f3wienia Bawe\u0142niany worek pozostaje u Ciebie.<br \/>\n&#8211; Przy zwrocie ca\u0142o\u015bci zam\u00f3wienia prosimy o odes\u0142anie Bawe\u0142nianego worka razem z produktami.<br \/>\n&#8211; Je\u015bli Bawe\u0142niany worek nie zostanie zwr\u00f3cony, kwota zwrotu zostanie pomniejszona o jego warto\u015b\u0107 regularn\u0105 \u2013 28,99 z\u0142.<\/p>\n<p>(1) F\u00fcllen Sie das Widerrufsformular aus (wenn Sie nicht die M\u00f6glichkeit haben, das Formular auszudrucken, schreiben Sie es handschriftlich auf der unten beigef\u00fcgten Vorlage. Denken Sie daran, alle Angaben zu machen).<\/p>\n<p style=\"text-align: center;\"><a href=\"https:\/\/korneliarataj.com\/wp-content\/uploads\/2025\/07\/FORMULARZ-ZWROTU-KORNELIARATAJ-2025.pdf\"><button type=\"button\">DOWNLOAD PRODUKTR\u00dcCKGABEFORMULAR<\/button><\/a><\/p>\n<p>2. verpacken Sie die Produkte, die Sie zur\u00fcckgeben m\u00f6chten.<br \/>\nJe\u015bli zwracasz wszystkie produkty z zam\u00f3wienia, do przesy\u0142ki do\u0142\u0105cz formularz odst\u0105pienia od umowy oraz <a href=\"https:\/\/korneliarataj.com\/de\/produkt\/bawelniany-worek-ochronny-na-odziez-z-logo-kr\/\" target=\"_blank\" rel=\"noopener noreferrer\"><u>Baumwoll-Kleiderschutzsack mit Logo KORNELIA RATAJ<\/u><\/a> \u2013 o ile zosta\u0142 on do\u0142\u0105czony do zam\u00f3wienia (dotyczy zam\u00f3wie\u0144 zawieraj\u0105cych produkty z kolekcji regularnej swimwear). Produkty nale\u017cy odpowiednio zabezpieczy\u0107 na czas transportu.<\/p>\n<p><strong>W przypadku zwrotu ca\u0142o\u015bci zam\u00f3wienia, brak zwrotu bawe\u0142nianego woreczka skutkuje pomniejszeniem kwoty zwrotu o jego warto\u015b\u0107 regularn\u0105 \u2013 28,99 z\u0142.<\/strong><\/p>\n<p>3. senden Sie Ihr Paket \u00fcber Convenient Returns.<br \/>\nWeiter zur Seite <u>BEQUEME RETOUREN<\/u>wohin Sie Ihr Paket schicken. Sie erhalten einen R\u00fccksendecode oder Versandpapiere. Sie k\u00f6nnen Ihr Paket mit der Paketpost oder anderen Kurierdiensten verschicken.<\/p>\n<p>4. auf eine Erstattung warten.<br \/>\nWir erstatten Ihnen Ihr Geld innerhalb von 14 Tagen nach Erhalt Ihrer R\u00fccksendung. Die R\u00fcckerstattung erfolgt in der gleichen Zahlungsform, die Sie beim Kauf verwendet haben. Wenn Sie sich f\u00fcr die Zahlung per Nachnahme entschieden haben, denken Sie bitte daran, Ihre Kontonummer auf dem R\u00fccknahmeformular anzugeben.<\/p>\n<p>WICHTIGE INFORMATIONEN \u00dcBER R\u00dcCKSENDUNGEN:<br \/>\nI. Alle Produkte k\u00f6nnen innerhalb von 14 Kalendertagen nach Erhalt per Post an die unten auf der Seite angegebene Adresse zur\u00fcckgeschickt werden.<br \/>\nII. Der Kurierumschlag, in dem Sie Ihre Bestellung erhalten, ist mit einem doppelten Klebestreifen versehen und kann f\u00fcr die R\u00fccksendung Ihrer Bestellung verwendet werden.<br \/>\nIII. Die Kosten der R\u00fccksendung der Ware tr\u00e4gt der Kunde.<br \/>\nIV. Mehrere Bestellungen k\u00f6nnen in einer Sendung zur\u00fcckgeschickt werden. Bitte legen Sie jeder R\u00fccksendung eine separate schriftliche Notiz bei <u>R\u00fcckgabeformular<\/u>.<br \/>\nV. Das zur\u00fcckgegebene Produkt darf keine Gebrauchsspuren aufweisen:<br \/>\n- Schmutz, Staub, Ger\u00fcche, W\u00e4sche;<br \/>\n- Besch\u00e4digung;<br \/>\n- Wenn Sie einen Artikel aus der Bademodenkollektion zur\u00fccksenden, muss das Produkt <strong>Unversehrte Schutzfolieneinlage<\/strong>.<br \/>\nVI. Wir versenden keine E-Mail-Benachrichtigungen \u00fcber den Erhalt der R\u00fccksendung - bitte bewahren Sie die Tracking-Nummer des Pakets auf.<br \/>\nVII. Wir werden die Kaution innerhalb von 14 Tagen nach Annahme der R\u00fccksendung zur\u00fcckerstatten.<br \/>\nVIII. Die Form der Erstattung entspricht der Form der geleisteten Zahlung.<br \/>\nIX. Wenn eine R\u00fccksendung abgelehnt wird (weil das Produkt besch\u00e4digt oder verschmutzt ist, Gebrauchs- oder Waschspuren aufweist oder nach Ablauf der gesetzlichen Frist zur\u00fcckgeschickt wird), informieren wir Sie per E-Mail an die in Ihrer Bestellung angegebene E-Mail-Adresse, dass wir die R\u00fccksendung des Produkts nicht akzeptieren.<br \/>\nX. Das Produkt wird innerhalb von 7 Arbeitstagen an die angegebene R\u00fccksendeadresse zur\u00fcckgeschickt, nachdem der Kunde die Versandkosten auf das in der E-Mail angegebene Bankkonto \u00fcberwiesen hat.<br \/>\nXI. Wir akzeptieren keine R\u00fccksendungen per Nachnahme oder pers\u00f6nliche \u00dcbergabe.<br \/>\nXII. In unserem Online-Shop gekaufte Produkte k\u00f6nnen nicht an station\u00e4re Gesch\u00e4fte zur\u00fcckgegeben werden, in denen unsere Produkte erh\u00e4ltlich sind.<\/p>\n<p><strong>R\u00fccksendungen richten Sie bitte an:<\/strong><\/p>\n<p>KORNELIA RATAJ<br \/>\nCzernica 49<br \/>\n<strong>58-521<\/strong> Czernica<\/p>\n<p><a href=\"tel:+48730007475\" data-content=\"+48730007475\" data-type=\"phone\">+48 730 007 475<\/a><br \/>\n<a href=\"mailto:shop@korneliarataj.com\">shop@korneliarataj.com<\/a><\/p>","protected":false},"excerpt":{"rendered":"<p>Dostawa i zwroty Dostawa Zam\u00f3wienia wysy\u0142amy w ci\u0105gu 1-7 dni roboczych. Zazwyczaj realizowane s\u0105 w ci\u0105gu 24h. W wyj\u0105tkowych sytuacjach czas realizacji mo\u017ce si\u0119 wyd\u0142u\u017cy\u0107, poinformujemy ci\u0119 o tym mailowo. Je\u015bli zale\u017cy Ci na szybkiej dostawie twojego zam\u00f3wienia, napisz do nas shop@korneliarataj.com lub zadzwo\u0144 +48 730 007 475 (08:00-14:00) Staramy si\u0119 wysy\u0142a\u0107 zam\u00f3wienia jak najszybciej [&hellip;]<\/p>\n","protected":false},"author":1,"featured_media":0,"parent":0,"menu_order":0,"comment_status":"closed","ping_status":"closed","template":"","meta":{"footnotes":""},"class_list":["post-105196","page","type-page","status-publish","hentry"],"yoast_head":"<!-- This site is optimized with the Yoast SEO plugin v27.3 - https:\/\/yoast.com\/product\/yoast-seo-wordpress\/ -->\n<title>Dostawa i zwroty - Stroje K\u0105pielowe i Odzie\u017c Lniana Sklep Kornelia Rataj<\/title>\n<meta name=\"description\" content=\"Kornelia Rataj. Minimalist Women&#039;s Collection, Basic, Swimwear. HANDMADE IN POLAND WITH LOVE.\" \/>\n<meta name=\"robots\" content=\"index, follow, max-snippet:-1, max-image-preview:large, max-video-preview:-1\" \/>\n<link rel=\"canonical\" href=\"https:\/\/korneliarataj.com\/de\/dostawa-i-zwroty\/\" \/>\n<meta property=\"og:locale\" content=\"de_DE\" \/>\n<meta property=\"og:type\" content=\"article\" \/>\n<meta property=\"og:title\" content=\"Dostawa i zwroty - Stroje K\u0105pielowe i Odzie\u017c Lniana Sklep Kornelia Rataj\" \/>\n<meta property=\"og:description\" content=\"Kornelia Rataj. Minimalist Women&#039;s Collection, Basic, Swimwear. HANDMADE IN POLAND WITH LOVE.\" \/>\n<meta property=\"og:url\" content=\"https:\/\/korneliarataj.com\/de\/dostawa-i-zwroty\/\" \/>\n<meta property=\"og:site_name\" content=\"KORNELIARATAJ\" \/>\n<meta property=\"article:publisher\" content=\"http:\/\/www.facebook.com\/korneliaratajshop\" \/>\n<meta property=\"article:modified_time\" content=\"2026-02-14T23:46:09+00:00\" \/>\n<meta name=\"twitter:card\" content=\"summary_large_image\" \/>\n<meta name=\"twitter:label1\" content=\"Gesch\u00e4tzte Lesezeit\" \/>\n\t<meta name=\"twitter:data1\" content=\"4\u00a0Minuten\" \/>\n<script type=\"application\/ld+json\" class=\"yoast-schema-graph\">{\"@context\":\"https:\\\/\\\/schema.org\",\"@graph\":[{\"@type\":\"WebPage\",\"@id\":\"https:\\\/\\\/korneliarataj.com\\\/dostawa-i-zwroty\\\/\",\"url\":\"https:\\\/\\\/korneliarataj.com\\\/dostawa-i-zwroty\\\/\",\"name\":\"Dostawa i zwroty - Stroje K\u0105pielowe i Odzie\u017c Lniana Sklep Kornelia Rataj\",\"isPartOf\":{\"@id\":\"https:\\\/\\\/korneliarataj.com\\\/#website\"},\"datePublished\":\"2021-11-21T11:45:55+00:00\",\"dateModified\":\"2026-02-14T23:46:09+00:00\",\"description\":\"Kornelia Rataj. Minimalist Women's Collection, Basic, Swimwear. HANDMADE IN POLAND WITH LOVE.\",\"breadcrumb\":{\"@id\":\"https:\\\/\\\/korneliarataj.com\\\/dostawa-i-zwroty\\\/#breadcrumb\"},\"inLanguage\":\"de\",\"potentialAction\":[{\"@type\":\"ReadAction\",\"target\":[\"https:\\\/\\\/korneliarataj.com\\\/dostawa-i-zwroty\\\/\"]}]},{\"@type\":\"BreadcrumbList\",\"@id\":\"https:\\\/\\\/korneliarataj.com\\\/dostawa-i-zwroty\\\/#breadcrumb\",\"itemListElement\":[{\"@type\":\"ListItem\",\"position\":1,\"name\":\"HOME\",\"item\":\"https:\\\/\\\/korneliarataj.com\\\/\"},{\"@type\":\"ListItem\",\"position\":2,\"name\":\"Dostawa i zwroty\"}]},{\"@type\":\"WebSite\",\"@id\":\"https:\\\/\\\/korneliarataj.com\\\/#website\",\"url\":\"https:\\\/\\\/korneliarataj.com\\\/\",\"name\":\"Stroje K\u0105pielowe i Odzie\u017c Lniana Sklep Kornelia Rataj\",\"description\":\"swimwear stroje k\u0105pielowe ubrania len lniane\",\"publisher\":{\"@id\":\"https:\\\/\\\/korneliarataj.com\\\/#organization\"},\"potentialAction\":[{\"@type\":\"SearchAction\",\"target\":{\"@type\":\"EntryPoint\",\"urlTemplate\":\"https:\\\/\\\/korneliarataj.com\\\/?s={search_term_string}\"},\"query-input\":{\"@type\":\"PropertyValueSpecification\",\"valueRequired\":true,\"valueName\":\"search_term_string\"}}],\"inLanguage\":\"de\"},{\"@type\":\"Organization\",\"@id\":\"https:\\\/\\\/korneliarataj.com\\\/#organization\",\"name\":\"KORNELIARATAJ\",\"url\":\"https:\\\/\\\/korneliarataj.com\\\/\",\"logo\":{\"@type\":\"ImageObject\",\"inLanguage\":\"de\",\"@id\":\"https:\\\/\\\/korneliarataj.com\\\/#\\\/schema\\\/logo\\\/image\\\/\",\"url\":\"https:\\\/\\\/korneliarataj.com\\\/wp-content\\\/uploads\\\/2020\\\/07\\\/LOGO-KR.svg\",\"contentUrl\":\"https:\\\/\\\/korneliarataj.com\\\/wp-content\\\/uploads\\\/2020\\\/07\\\/LOGO-KR.svg\",\"width\":1024,\"height\":1024,\"caption\":\"KORNELIARATAJ\"},\"image\":{\"@id\":\"https:\\\/\\\/korneliarataj.com\\\/#\\\/schema\\\/logo\\\/image\\\/\"},\"sameAs\":[\"http:\\\/\\\/www.facebook.com\\\/korneliaratajshop\",\"http:\\\/\\\/www.instagram.com\\\/korneliarataj\"]}]}<\/script>\n<!-- \/ Yoast SEO plugin. -->","yoast_head_json":{"title":"Liefer- und Versandkosten - Bademode &amp; Leinenbekleidung Shop Kornelia Rataj","description":"Kornelia Rataj. Minimalistische Damenkollektion, Basic, Bademode. HANDGEMACHT IN POLEN MIT LIEBE.","robots":{"index":"index","follow":"follow","max-snippet":"max-snippet:-1","max-image-preview":"max-image-preview:large","max-video-preview":"max-video-preview:-1"},"canonical":"https:\/\/korneliarataj.com\/de\/dostawa-i-zwroty\/","og_locale":"de_DE","og_type":"article","og_title":"Dostawa i zwroty - Stroje K\u0105pielowe i Odzie\u017c Lniana Sklep Kornelia Rataj","og_description":"Kornelia Rataj. Minimalist Women's Collection, Basic, Swimwear. HANDMADE IN POLAND WITH LOVE.","og_url":"https:\/\/korneliarataj.com\/de\/dostawa-i-zwroty\/","og_site_name":"KORNELIARATAJ","article_publisher":"http:\/\/www.facebook.com\/korneliaratajshop","article_modified_time":"2026-02-14T23:46:09+00:00","twitter_card":"summary_large_image","twitter_misc":{"Gesch\u00e4tzte Lesezeit":"4\u00a0Minuten"},"schema":{"@context":"https:\/\/schema.org","@graph":[{"@type":"WebPage","@id":"https:\/\/korneliarataj.com\/dostawa-i-zwroty\/","url":"https:\/\/korneliarataj.com\/dostawa-i-zwroty\/","name":"Liefer- und Versandkosten - Bademode &amp; Leinenbekleidung Shop Kornelia Rataj","isPartOf":{"@id":"https:\/\/korneliarataj.com\/#website"},"datePublished":"2021-11-21T11:45:55+00:00","dateModified":"2026-02-14T23:46:09+00:00","description":"Kornelia Rataj. Minimalistische Damenkollektion, Basic, Bademode. HANDGEMACHT IN POLEN MIT LIEBE.","breadcrumb":{"@id":"https:\/\/korneliarataj.com\/dostawa-i-zwroty\/#breadcrumb"},"inLanguage":"de","potentialAction":[{"@type":"ReadAction","target":["https:\/\/korneliarataj.com\/dostawa-i-zwroty\/"]}]},{"@type":"BreadcrumbList","@id":"https:\/\/korneliarataj.com\/dostawa-i-zwroty\/#breadcrumb","itemListElement":[{"@type":"ListItem","position":1,"name":"HOME","item":"https:\/\/korneliarataj.com\/"},{"@type":"ListItem","position":2,"name":"Dostawa i zwroty"}]},{"@type":"WebSite","@id":"https:\/\/korneliarataj.com\/#website","url":"https:\/\/korneliarataj.com\/","name":"Bademode und Leinenbekleidung Shop Kornelia Rataj","description":"badebekleidung badebekleidung leinen leinenbekleidung","publisher":{"@id":"https:\/\/korneliarataj.com\/#organization"},"potentialAction":[{"@type":"SearchAction","target":{"@type":"EntryPoint","urlTemplate":"https:\/\/korneliarataj.com\/?s={search_term_string}"},"query-input":{"@type":"PropertyValueSpecification","valueRequired":true,"valueName":"search_term_string"}}],"inLanguage":"de"},{"@type":"Organization","@id":"https:\/\/korneliarataj.com\/#organization","name":"KORNELIARATAJ","url":"https:\/\/korneliarataj.com\/","logo":{"@type":"ImageObject","inLanguage":"de","@id":"https:\/\/korneliarataj.com\/#\/schema\/logo\/image\/","url":"https:\/\/korneliarataj.com\/wp-content\/uploads\/2020\/07\/LOGO-KR.svg","contentUrl":"https:\/\/korneliarataj.com\/wp-content\/uploads\/2020\/07\/LOGO-KR.svg","width":1024,"height":1024,"caption":"KORNELIARATAJ"},"image":{"@id":"https:\/\/korneliarataj.com\/#\/schema\/logo\/image\/"},"sameAs":["http:\/\/www.facebook.com\/korneliaratajshop","http:\/\/www.instagram.com\/korneliarataj"]}]}},"_links":{"self":[{"href":"https:\/\/korneliarataj.com\/de\/wp-json\/wp\/v2\/pages\/105196","targetHints":{"allow":["GET"]}}],"collection":[{"href":"https:\/\/korneliarataj.com\/de\/wp-json\/wp\/v2\/pages"}],"about":[{"href":"https:\/\/korneliarataj.com\/de\/wp-json\/wp\/v2\/types\/page"}],"author":[{"embeddable":true,"href":"https:\/\/korneliarataj.com\/de\/wp-json\/wp\/v2\/users\/1"}],"replies":[{"embeddable":true,"href":"https:\/\/korneliarataj.com\/de\/wp-json\/wp\/v2\/comments?post=105196"}],"version-history":[{"count":0,"href":"https:\/\/korneliarataj.com\/de\/wp-json\/wp\/v2\/pages\/105196\/revisions"}],"wp:attachment":[{"href":"https:\/\/korneliarataj.com\/de\/wp-json\/wp\/v2\/media?parent=105196"}],"curies":[{"name":"wp","href":"https:\/\/api.w.org\/{rel}","templated":true}]}}